{"id":33313,"date":"2022-11-09T08:53:10","date_gmt":"2022-11-09T08:53:10","guid":{"rendered":"https:\/\/www.carmatec.com\/?page_id=33313"},"modified":"2022-11-14T12:53:34","modified_gmt":"2022-11-14T12:53:34","slug":"feedback-tack","status":"publish","type":"page","link":"https:\/\/www.carmatec.com\/sv\/feedback-thank-you\/","title":{"rendered":"Feedback Tack"},"content":{"rendered":"<div data-elementor-type=\"wp-page\" data-elementor-id=\"33313\" class=\"elementor elementor-33313\" data-elementor-post-type=\"page\">\n\t\t\t\t\t\t<section class=\"elementor-section elementor-top-section elementor-element elementor-element-7808e151 elementor-section-content-middle elementor-section-boxed elementor-section-height-default elementor-section-height-default\" data-id=\"7808e151\" data-element_type=\"section\" data-e-type=\"section\">\n\t\t\t\t\t\t<div class=\"elementor-container elementor-column-gap-no\">\n\t\t\t\t\t<div class=\"elementor-column elementor-col-100 elementor-top-column elementor-element elementor-element-b63cf7c\" data-id=\"b63cf7c\" data-element_type=\"column\" data-e-type=\"column\">\n\t\t\t<div class=\"elementor-widget-wrap elementor-element-populated\">\n\t\t\t\t\t\t<div class=\"elementor-element elementor-element-f75000e elementor-widget elementor-widget-heading\" data-id=\"f75000e\" data-element_type=\"widget\" data-e-type=\"widget\" data-widget_type=\"heading.default\">\n\t\t\t\t\t<h1 class=\"elementor-heading-title elementor-size-default\">Tack!<\/h1>\t\t\t\t<\/div>\n\t\t\t\t<section class=\"elementor-section elementor-inner-section elementor-element elementor-element-2557c432 elementor-section-boxed elementor-section-height-default elementor-section-height-default\" data-id=\"2557c432\" data-element_type=\"section\" data-e-type=\"section\">\n\t\t\t\t\t\t<div class=\"elementor-container elementor-column-gap-default\">\n\t\t\t\t\t<div class=\"elementor-column elementor-col-100 elementor-inner-column elementor-element elementor-element-69c8fdd7\" data-id=\"69c8fdd7\" data-element_type=\"column\" data-e-type=\"column\">\n\t\t\t<div class=\"elementor-widget-wrap elementor-element-populated\">\n\t\t\t\t\t\t<div class=\"elementor-element elementor-element-c6322d4 elementor-widget elementor-widget-text-editor\" data-id=\"c6322d4\" data-element_type=\"widget\" data-e-type=\"widget\" data-widget_type=\"text-editor.default\">\n\t\t\t\t\t\t\t\t\t<p>Tack f\u00f6r att du tog dig tid att fylla i v\u00e5rt feedbackformul\u00e4r. Vi, som din partner f\u00f6r digital transformation och utveckling, \u00e4r alltid glada att hj\u00e4lpa dig och hj\u00e4lpa ditt f\u00f6retag att v\u00e4xa.<\/p>\t\t\t\t\t\t\t\t<\/div>\n\t\t\t\t\t<\/div>\n\t\t<\/div>\n\t\t\t\t\t<\/div>\n\t\t<\/section>\n\t\t\t\t\t<\/div>\n\t\t<\/div>\n\t\t\t\t\t<\/div>\n\t\t<\/section>\n\t\t\t\t<\/div>","protected":false},"excerpt":{"rendered":"<p>Thank You! Thank you for taking out time to fill out our feedback form. We, as your Digital Transformation and Development partner, are always happy to serve you and help your business grow.<\/p>","protected":false},"author":1,"featured_media":0,"parent":0,"menu_order":0,"comment_status":"closed","ping_status":"closed","template":"","meta":{"footnotes":""},"class_list":["post-33313","page","type-page","status-publish","hentry"],"_links":{"self":[{"href":"https:\/\/www.carmatec.com\/sv\/wp-json\/wp\/v2\/pages\/33313","targetHints":{"allow":["GET"]}}],"collection":[{"href":"https:\/\/www.carmatec.com\/sv\/wp-json\/wp\/v2\/pages"}],"about":[{"href":"https:\/\/www.carmatec.com\/sv\/wp-json\/wp\/v2\/types\/page"}],"author":[{"embeddable":true,"href":"https:\/\/www.carmatec.com\/sv\/wp-json\/wp\/v2\/users\/1"}],"replies":[{"embeddable":true,"href":"https:\/\/www.carmatec.com\/sv\/wp-json\/wp\/v2\/comments?post=33313"}],"version-history":[{"count":0,"href":"https:\/\/www.carmatec.com\/sv\/wp-json\/wp\/v2\/pages\/33313\/revisions"}],"wp:attachment":[{"href":"https:\/\/www.carmatec.com\/sv\/wp-json\/wp\/v2\/media?parent=33313"}],"curies":[{"name":"wp","href":"https:\/\/api.w.org\/{rel}","templated":true}]}}