{"id":33278,"date":"2022-11-09T08:03:45","date_gmt":"2022-11-09T08:03:45","guid":{"rendered":"https:\/\/www.carmatec.com\/?page_id=33278"},"modified":"2024-04-03T04:23:52","modified_gmt":"2024-04-03T04:23:52","slug":"aterkoppling","status":"publish","type":"page","link":"https:\/\/www.carmatec.com\/sv\/feedback\/","title":{"rendered":"\u00c5terkoppling"},"content":{"rendered":"<div data-elementor-type=\"wp-page\" data-elementor-id=\"33278\" class=\"elementor elementor-33278\" data-elementor-post-type=\"page\">\n\t\t\t\t\t\t<section class=\"elementor-section elementor-top-section elementor-element elementor-element-118f4d16 elementor-section-boxed elementor-section-height-default elementor-section-height-default\" data-id=\"118f4d16\" data-element_type=\"section\" data-e-type=\"section\">\n\t\t\t\t\t\t<div class=\"elementor-container elementor-column-gap-default\">\n\t\t\t\t\t<div class=\"elementor-column elementor-col-100 elementor-top-column elementor-element elementor-element-6ae39a46\" data-id=\"6ae39a46\" data-element_type=\"column\" data-e-type=\"column\">\n\t\t\t<div class=\"elementor-widget-wrap elementor-element-populated\">\n\t\t\t\t\t\t<div class=\"elementor-element elementor-element-79c1ef6f elementor-hidden-mobile elementor-widget elementor-widget-heading\" data-id=\"79c1ef6f\" data-element_type=\"widget\" data-e-type=\"widget\" data-widget_type=\"heading.default\">\n\t\t\t\t\t<h1 class=\"elementor-heading-title elementor-size-default\">\u00c5terkoppling\n<\/h1>\t\t\t\t<\/div>\n\t\t\t\t<div class=\"elementor-element elementor-element-794d39ee elementor-widget elementor-widget-text-editor\" data-id=\"794d39ee\" data-element_type=\"widget\" data-e-type=\"widget\" data-widget_type=\"text-editor.default\">\n\t\t\t\t\t\t\t\t\t<p>Tack s\u00e5 mycket f\u00f6r att du har valt v\u00e5r organisation som din f\u00f6redragna partner f\u00f6r ditt projekt. Vi str\u00e4var st\u00e4ndigt efter att f\u00f6rse v\u00e5ra kunder med b\u00e4sta m\u00f6jliga service och produkter eftersom vi tror att v\u00e5r framg\u00e5ng endast kan m\u00e4tas genom v\u00e5ra kunders framg\u00e5ng. Hj\u00e4lp oss att f\u00f6rb\u00e4ttra v\u00e5ra tj\u00e4nster genom att svara p\u00e5 den h\u00e4r snabba 5-minutersunders\u00f6kningen.<\/p>\t\t\t\t\t\t\t\t<\/div>\n\t\t\t\t<div class=\"elementor-element elementor-element-e6de68b elementor-widget__width-inherit elementor-widget elementor-widget-shortcode\" data-id=\"e6de68b\" data-element_type=\"widget\" data-e-type=\"widget\" data-widget_type=\"shortcode.default\">\n\t\t\t\t\t\t\t<div class=\"elementor-shortcode\">\n<div class=\"wpcf7 no-js\" id=\"wpcf7-f33284-o1\" lang=\"en-US\" dir=\"ltr\" data-wpcf7-id=\"33284\">\n<div class=\"screen-reader-response\"><p role=\"status\" aria-live=\"polite\" aria-atomic=\"true\"><\/p> <ul><\/ul><\/div>\n<form action=\"\/sv\/wp-json\/wp\/v2\/pages\/33278#wpcf7-f33284-o1\" method=\"post\" class=\"wpcf7-form init\" aria-label=\"Contact form\" novalidate=\"novalidate\" data-status=\"init\" data-trp-original-action=\"\/sv\/wp-json\/wp\/v2\/pages\/33278#wpcf7-f33284-o1\">\n<fieldset class=\"hidden-fields-container\"><input type=\"hidden\" name=\"_wpcf7\" value=\"33284\" \/><input type=\"hidden\" name=\"_wpcf7_version\" value=\"6.1.5\" \/><input type=\"hidden\" name=\"_wpcf7_locale\" value=\"en_US\" \/><input type=\"hidden\" name=\"_wpcf7_unit_tag\" value=\"wpcf7-f33284-o1\" \/><input type=\"hidden\" name=\"_wpcf7_container_post\" value=\"0\" \/><input type=\"hidden\" name=\"_wpcf7_posted_data_hash\" value=\"\" \/>\n<\/fieldset>\n<p><label>namn<span style=\"color:#b71c1c;\">*<\/span><\/label>\n<\/p>\n<p><span class=\"wpcf7-form-control-wrap\" data-name=\"text-588\"><input size=\"40\" maxlength=\"400\" class=\"wpcf7-form-control wpcf7-text wpcf7-validates-as-required\" aria-required=\"true\" aria-invalid=\"false\" value=\"\" type=\"text\" name=\"text-588\" \/><\/span>\n<\/p>\n<p><label>Projektets namn<span style=\"color:#b71c1c;\">*<\/span><\/label>\n<\/p>\n<p><span class=\"wpcf7-form-control-wrap\" data-name=\"text-589\"><input size=\"40\" maxlength=\"400\" class=\"wpcf7-form-control wpcf7-text wpcf7-validates-as-required\" aria-required=\"true\" aria-invalid=\"false\" value=\"\" type=\"text\" name=\"text-589\" \/><\/span>\n<\/p>\n<p><label>F\u00f6retagets namn<span style=\"color:#b71c1c;\">*<\/span><\/label>\n<\/p>\n<p><span class=\"wpcf7-form-control-wrap\" data-name=\"text-590\"><input size=\"40\" maxlength=\"400\" class=\"wpcf7-form-control wpcf7-text wpcf7-validates-as-required\" aria-required=\"true\" aria-invalid=\"false\" value=\"\" type=\"text\" name=\"text-590\" \/><\/span>\n<\/p>\n<p><label>1. Hur n\u00f6jd \u00e4r du med v\u00e5rt f\u00f6retag som en v\u00e4rdeadderande aff\u00e4rspartner?<span style=\"color:#b71c1c;\">*<\/span><\/label>\n<\/p>\n<p><span class=\"wpcf7-form-control-wrap\" data-name=\"radio-910\"><span class=\"wpcf7-form-control wpcf7-radio\"><span class=\"wpcf7-list-item first\"><label><input type=\"radio\" name=\"radio-910\" value=\"To Very Great Extent\" checked=\"checked\" \/><span class=\"wpcf7-list-item-label\">I mycket stor utstr\u00e4ckning<\/span><\/label><\/span><span class=\"wpcf7-list-item\"><label><input type=\"radio\" name=\"radio-910\" value=\"To Great Extent\" \/><span class=\"wpcf7-list-item-label\">I stor utstr\u00e4ckning<\/span><\/label><\/span><span class=\"wpcf7-list-item\"><label><input type=\"radio\" name=\"radio-910\" value=\"To Some Extent\" \/><span class=\"wpcf7-list-item-label\">I viss utstr\u00e4ckning<\/span><\/label><\/span><span class=\"wpcf7-list-item\"><label><input type=\"radio\" name=\"radio-910\" value=\"To Little Extent\" \/><span class=\"wpcf7-list-item-label\">I liten utstr\u00e4ckning<\/span><\/label><\/span><span class=\"wpcf7-list-item last\"><label><input type=\"radio\" name=\"radio-910\" value=\"To Very Little Extent\" \/><span class=\"wpcf7-list-item-label\">I mycket liten utstr\u00e4ckning<\/span><\/label><\/span><\/span><\/span>\n<\/p>\n<p><label>2. Levererade projektgruppen de resultat och den kvalitet som utlovades?<span style=\"color:#b71c1c;\">*<\/span><\/label>\n<\/p>\n<p><span class=\"wpcf7-form-control-wrap\" data-name=\"radio-911\"><span class=\"wpcf7-form-control wpcf7-radio\"><span class=\"wpcf7-list-item first\"><label><input type=\"radio\" name=\"radio-911\" value=\"Less than expected\" \/><span class=\"wpcf7-list-item-label\">Mindre \u00e4n f\u00f6rv\u00e4ntat<\/span><\/label><\/span><span class=\"wpcf7-list-item\"><label><input type=\"radio\" name=\"radio-911\" value=\"As expected\" \/><span class=\"wpcf7-list-item-label\">Som f\u00f6rv\u00e4ntat<\/span><\/label><\/span><span class=\"wpcf7-list-item\"><label><input type=\"radio\" name=\"radio-911\" value=\"More than expected\" \/><span class=\"wpcf7-list-item-label\">Mer \u00e4n f\u00f6rv\u00e4ntat<\/span><\/label><\/span><span class=\"wpcf7-list-item last\"><label><input type=\"radio\" name=\"radio-911\" value=\"Consistently more\" checked=\"checked\" \/><span class=\"wpcf7-list-item-label\">Genomg\u00e5ende mer<\/span><\/label><\/span><\/span><\/span>\n<\/p>\n<p><label>3. Hur skulle du bed\u00f6ma din erfarenhet av projektledaren p\u00e5 en skala fr\u00e5n 1 (d\u00e5lig) till 5 (bra)?<\/label>\n<\/p>\n<p><span class=\"wpcf7-form-control-wrap\" data-name=\"radio-916\"><span class=\"wpcf7-form-control wpcf7-radio\"><span class=\"wpcf7-list-item first\"><label><input type=\"radio\" name=\"radio-916\" value=\"1\" \/><span class=\"wpcf7-list-item-label\">1<\/span><\/label><\/span><span class=\"wpcf7-list-item\"><label><input type=\"radio\" name=\"radio-916\" value=\"2\" \/><span class=\"wpcf7-list-item-label\">2<\/span><\/label><\/span><span class=\"wpcf7-list-item\"><label><input type=\"radio\" name=\"radio-916\" value=\"3\" \/><span class=\"wpcf7-list-item-label\">3<\/span><\/label><\/span><span class=\"wpcf7-list-item\"><label><input type=\"radio\" name=\"radio-916\" value=\"4\" \/><span class=\"wpcf7-list-item-label\">4<\/span><\/label><\/span><span class=\"wpcf7-list-item last\"><label><input type=\"radio\" name=\"radio-916\" value=\"5\" checked=\"checked\" \/><span class=\"wpcf7-list-item-label\">5<\/span><\/label><\/span><\/span><\/span>\n<\/p>\n<p>4. Hur skulle du bed\u00f6ma din erfarenhet av de utvecklare som arbetar i projektet p\u00e5 en skala fr\u00e5n 1 (d\u00e5lig) till 5 (bra)?\n<\/p>\n<p><span class=\"wpcf7-form-control-wrap\" data-name=\"radio-917\"><span class=\"wpcf7-form-control wpcf7-radio\"><span class=\"wpcf7-list-item first\"><label><input type=\"radio\" name=\"radio-917\" value=\"1\" \/><span class=\"wpcf7-list-item-label\">1<\/span><\/label><\/span><span class=\"wpcf7-list-item\"><label><input type=\"radio\" name=\"radio-917\" value=\"2\" \/><span class=\"wpcf7-list-item-label\">2<\/span><\/label><\/span><span class=\"wpcf7-list-item\"><label><input type=\"radio\" name=\"radio-917\" value=\"3\" \/><span class=\"wpcf7-list-item-label\">3<\/span><\/label><\/span><span class=\"wpcf7-list-item\"><label><input type=\"radio\" name=\"radio-917\" value=\"4\" \/><span class=\"wpcf7-list-item-label\">4<\/span><\/label><\/span><span class=\"wpcf7-list-item last\"><label><input type=\"radio\" name=\"radio-917\" value=\"5\" checked=\"checked\" \/><span class=\"wpcf7-list-item-label\">5<\/span><\/label><\/span><\/span><\/span>\n<\/p>\n<p>5. Hur skulle du bed\u00f6ma deras tekniska kompetens och know-how p\u00e5 en skala fr\u00e5n 1 (d\u00e5lig) till 5 (bra)?\n<\/p>\n<p><span class=\"wpcf7-form-control-wrap\" data-name=\"radio-918\"><span class=\"wpcf7-form-control wpcf7-radio\"><span class=\"wpcf7-list-item first\"><label><input type=\"radio\" name=\"radio-918\" value=\"1\" \/><span class=\"wpcf7-list-item-label\">1<\/span><\/label><\/span><span class=\"wpcf7-list-item\"><label><input type=\"radio\" name=\"radio-918\" value=\"2\" \/><span class=\"wpcf7-list-item-label\">2<\/span><\/label><\/span><span class=\"wpcf7-list-item\"><label><input type=\"radio\" name=\"radio-918\" value=\"3\" \/><span class=\"wpcf7-list-item-label\">3<\/span><\/label><\/span><span class=\"wpcf7-list-item\"><label><input type=\"radio\" name=\"radio-918\" value=\"4\" \/><span class=\"wpcf7-list-item-label\">4<\/span><\/label><\/span><span class=\"wpcf7-list-item last\"><label><input type=\"radio\" name=\"radio-918\" value=\"5\" checked=\"checked\" \/><span class=\"wpcf7-list-item-label\">5<\/span><\/label><\/span><\/span><\/span>\n<\/p>\n<p>6. Hur skulle du bed\u00f6ma deras lyh\u00f6rdhet och \u00e4garskap p\u00e5 en skala fr\u00e5n 1 (d\u00e5lig) till 5 (bra)?\n<\/p>\n<p><span class=\"wpcf7-form-control-wrap\" data-name=\"radio-919\"><span class=\"wpcf7-form-control wpcf7-radio\"><span class=\"wpcf7-list-item first\"><label><input type=\"radio\" name=\"radio-919\" value=\"1\" \/><span class=\"wpcf7-list-item-label\">1<\/span><\/label><\/span><span class=\"wpcf7-list-item\"><label><input type=\"radio\" name=\"radio-919\" value=\"2\" \/><span class=\"wpcf7-list-item-label\">2<\/span><\/label><\/span><span class=\"wpcf7-list-item\"><label><input type=\"radio\" name=\"radio-919\" value=\"3\" \/><span class=\"wpcf7-list-item-label\">3<\/span><\/label><\/span><span class=\"wpcf7-list-item\"><label><input type=\"radio\" name=\"radio-919\" value=\"4\" \/><span class=\"wpcf7-list-item-label\">4<\/span><\/label><\/span><span class=\"wpcf7-list-item last\"><label><input type=\"radio\" name=\"radio-919\" value=\"5\" checked=\"checked\" \/><span class=\"wpcf7-list-item-label\">5<\/span><\/label><\/span><\/span><\/span>\n<\/p>\n<p><label>7. Tillhandah\u00f6lls konsekvent disciplin och v\u00e4gledning om tillv\u00e4gag\u00e5ngss\u00e4tt, omfattning och tidsplan?<span style=\"color:#b71c1c;\">*<\/span><\/label>\n<\/p>\n<p><span class=\"wpcf7-form-control-wrap\" data-name=\"radio-913\"><span class=\"wpcf7-form-control wpcf7-radio\"><span class=\"wpcf7-list-item first\"><label><input type=\"radio\" name=\"radio-913\" value=\"Less than expected\" \/><span class=\"wpcf7-list-item-label\">Mindre \u00e4n f\u00f6rv\u00e4ntat<\/span><\/label><\/span><span class=\"wpcf7-list-item\"><label><input type=\"radio\" name=\"radio-913\" value=\"As expected\" \/><span class=\"wpcf7-list-item-label\">Som f\u00f6rv\u00e4ntat<\/span><\/label><\/span><span class=\"wpcf7-list-item\"><label><input type=\"radio\" name=\"radio-913\" value=\"More than expected\" \/><span class=\"wpcf7-list-item-label\">Mer \u00e4n f\u00f6rv\u00e4ntat<\/span><\/label><\/span><span class=\"wpcf7-list-item last\"><label><input type=\"radio\" name=\"radio-913\" value=\"Consistently more\" checked=\"checked\" \/><span class=\"wpcf7-list-item-label\">Genomg\u00e5ende mer<\/span><\/label><\/span><\/span><\/span>\n<\/p>\n<p><label>8. Var projektgruppen kreativ och flexibel i sitt s\u00e4tt att uppfylla m\u00e5len?<span style=\"color:#b71c1c;\">*<\/span><\/label>\n<\/p>\n<p><span class=\"wpcf7-form-control-wrap\" data-name=\"radio-914\"><span class=\"wpcf7-form-control wpcf7-radio\"><span class=\"wpcf7-list-item first\"><label><input type=\"radio\" name=\"radio-914\" value=\"Less than expected\" \/><span class=\"wpcf7-list-item-label\">Mindre \u00e4n f\u00f6rv\u00e4ntat<\/span><\/label><\/span><span class=\"wpcf7-list-item\"><label><input type=\"radio\" name=\"radio-914\" value=\"As expected\" \/><span class=\"wpcf7-list-item-label\">Som f\u00f6rv\u00e4ntat<\/span><\/label><\/span><span class=\"wpcf7-list-item\"><label><input type=\"radio\" name=\"radio-914\" value=\"More than expected\" \/><span class=\"wpcf7-list-item-label\">Mer \u00e4n f\u00f6rv\u00e4ntat<\/span><\/label><\/span><span class=\"wpcf7-list-item last\"><label><input type=\"radio\" name=\"radio-914\" value=\"Consistently more\" checked=\"checked\" \/><span class=\"wpcf7-list-item-label\">Genomg\u00e5ende mer<\/span><\/label><\/span><\/span><\/span>\n<\/p>\n<p><label>9. P\u00e5 en skala fr\u00e5n 0-10, hur sannolikt \u00e4r det att du skulle rekommendera oss till en kollega eller v\u00e4n?<span style=\"color:#b71c1c;\">*<\/span><\/label>\n<\/p>\n<p><span class=\"wpcf7-form-control-wrap\" data-name=\"radio-915\"><span class=\"wpcf7-form-control wpcf7-radio\"><span class=\"wpcf7-list-item first\"><label><input type=\"radio\" name=\"radio-915\" value=\"0 - 6\" \/><span class=\"wpcf7-list-item-label\">0 - 6<\/span><\/label><\/span><span class=\"wpcf7-list-item\"><label><input type=\"radio\" name=\"radio-915\" value=\"7 - 8\" \/><span class=\"wpcf7-list-item-label\">7 - 8<\/span><\/label><\/span><span class=\"wpcf7-list-item last\"><label><input type=\"radio\" name=\"radio-915\" value=\"9 - 10\" checked=\"checked\" \/><span class=\"wpcf7-list-item-label\">9 - 10<\/span><\/label><\/span><\/span><\/span>\n<\/p>\n<p><label>Kommentarer \/ Vittnesm\u00e5l<span style=\"color:#b71c1c;\">*<\/span><\/label>\n<\/p>\n<p><span class=\"wpcf7-form-control-wrap\" data-name=\"textarea-706\"><textarea cols=\"40\" rows=\"10\" maxlength=\"2000\" class=\"wpcf7-form-control wpcf7-textarea wpcf7-validates-as-required\" aria-required=\"true\" aria-invalid=\"false\" name=\"textarea-706\"><\/textarea><\/span>\n<\/p>\n<p><label>V\u00e4nligen dela med dig av din feedback om hur vi kan f\u00f6rb\u00e4ttra v\u00e5r service\/engagemang i projektet<\/label>\n<\/p>\n<p><span class=\"wpcf7-form-control-wrap\" data-name=\"textarea-707\"><textarea cols=\"40\" rows=\"10\" maxlength=\"2000\" class=\"wpcf7-form-control wpcf7-textarea wpcf7-validates-as-required\" aria-required=\"true\" aria-invalid=\"false\" name=\"textarea-707\"><\/textarea><\/span>\n<\/p>\n<p><span class=\"wpcf7-form-control-wrap\" data-name=\"checkbox-483\"><span class=\"wpcf7-form-control wpcf7-checkbox wpcf7-validates-as-required\"><span class=\"wpcf7-list-item first\"><input type=\"checkbox\" name=\"checkbox-483[]\" value=\"Please check this box to grant us permission to use your company logo and testimonial on our website or in our future marketing efforts.\" \/><span class=\"wpcf7-list-item-label\">V\u00e4nligen kryssa i denna ruta f\u00f6r att ge oss tillst\u00e5nd att anv\u00e4nda din f\u00f6retagslogotyp och vittnesm\u00e5l p\u00e5 v\u00e5r webbplats eller i v\u00e5ra framtida marknadsf\u00f6ringsinsatser.<\/span><\/span><span class=\"wpcf7-list-item last\"><input type=\"checkbox\" name=\"checkbox-483[]\" value=\"Please check this box if you are willing to act as a reference for our company in the future.\" \/><span class=\"wpcf7-list-item-label\">V\u00e4nligen kryssa i denna ruta om du \u00e4r villig att fungera som referens f\u00f6r v\u00e5rt f\u00f6retag i framtiden.<\/span><\/span><\/span><\/span>\n<\/p>\n<p><div class=\"cf7-cf-turnstile\" style=\"margin-top: 0px; margin-bottom: -15px;\"> <div id=\"cf-turnstile-cf7-3805713056\" class=\"cf-turnstile\" data-sitekey=\"0x4AAAAAAA8O2el6VVevz810\" data-theme=\"light\" data-language=\"auto\" data-size=\"normal\" data-retry=\"auto\" data-retry-interval=\"1000\" data-refresh-expired=\"auto\" data-refresh-timeout=\"auto\" data-action=\"contact-form-7\" data-callback=\"turnstileCF7Callback\" data-appearance=\"always\"><\/div> <script>document.addEventListener(\"DOMContentLoaded\", function() { setTimeout(function(){ var e=document.getElementById(\"cf-turnstile-cf7-3805713056\"); if(e&&!e.innerHTML.trim()){turnstile.render(e, {sitekey:\"0x4AAAAAAA8O2el6VVevz810\"});} }, 200); });<\/script> <br class=\"cf-turnstile-br cf-turnstile-br-cf7-3805713056\"> <style>#cf-turnstile-cf7-3805713056 { margin-left: -15px; }<\/style> <script>document.addEventListener(\"DOMContentLoaded\",function(){document.querySelectorAll('.wpcf7-form').forEach(function(e){e.addEventListener('submit',function(){if(document.getElementById('cf-turnstile-cf7-3805713056')){setTimeout(function(){turnstile.reset('#cf-turnstile-cf7-3805713056');},1000)}})})});<\/script> <\/div><br\/><input class=\"wpcf7-form-control wpcf7-submit has-spinner\" type=\"submit\" value=\"SKICKA IN\" \/>\n<\/p><div class=\"wpcf7-response-output\" aria-hidden=\"true\"><\/div>\n<input type=\"hidden\" name=\"trp-form-language\" value=\"sv\"\/><\/form>\n<\/div>\n<\/div>\n\t\t\t\t\t\t<\/div>\n\t\t\t\t\t<\/div>\n\t\t<\/div>\n\t\t\t\t\t<\/div>\n\t\t<\/section>\n\t\t\t\t<\/div>","protected":false},"excerpt":{"rendered":"<p>Feedback Thanks a lot for selecting our organization as your preferred partner for your project. We constantly strive to provide our customers with the best possible service and products as we believe our success can only be measured by our clients\u2019 success. Please help us improve our services by taking this quick 5-minute survey.<\/p>","protected":false},"author":1,"featured_media":0,"parent":0,"menu_order":0,"comment_status":"closed","ping_status":"closed","template":"","meta":{"footnotes":""},"class_list":["post-33278","page","type-page","status-publish","hentry"],"_links":{"self":[{"href":"https:\/\/www.carmatec.com\/sv\/wp-json\/wp\/v2\/pages\/33278","targetHints":{"allow":["GET"]}}],"collection":[{"href":"https:\/\/www.carmatec.com\/sv\/wp-json\/wp\/v2\/pages"}],"about":[{"href":"https:\/\/www.carmatec.com\/sv\/wp-json\/wp\/v2\/types\/page"}],"author":[{"embeddable":true,"href":"https:\/\/www.carmatec.com\/sv\/wp-json\/wp\/v2\/users\/1"}],"replies":[{"embeddable":true,"href":"https:\/\/www.carmatec.com\/sv\/wp-json\/wp\/v2\/comments?post=33278"}],"version-history":[{"count":0,"href":"https:\/\/www.carmatec.com\/sv\/wp-json\/wp\/v2\/pages\/33278\/revisions"}],"wp:attachment":[{"href":"https:\/\/www.carmatec.com\/sv\/wp-json\/wp\/v2\/media?parent=33278"}],"curies":[{"name":"wp","href":"https:\/\/api.w.org\/{rel}","templated":true}]}}