{"id":26143,"date":"2022-02-08T07:33:41","date_gmt":"2022-02-08T07:33:41","guid":{"rendered":"https:\/\/new.carmatec.com\/?page_id=26143"},"modified":"2026-04-17T06:29:42","modified_gmt":"2026-04-17T06:29:42","slug":"lokalt-seo-tjansteforetag-i-bangalore","status":"publish","type":"page","link":"https:\/\/www.carmatec.com\/sv\/search-engine-optimization-services\/local-seo-services-company-in-bangalore\/","title":{"rendered":"Lokala SEO-tj\u00e4nster i Bangalore"},"content":{"rendered":"<div data-elementor-type=\"wp-page\" data-elementor-id=\"26143\" class=\"elementor elementor-26143\" data-elementor-post-type=\"page\">\n\t\t\t\t\t\t<section class=\"elementor-section elementor-top-section elementor-element elementor-element-5fcb4226 elementor-section-height-min-height elementor-section-boxed elementor-section-height-default elementor-section-items-middle\" data-id=\"5fcb4226\" data-element_type=\"section\" data-e-type=\"section\" data-settings=\"{&quot;background_background&quot;:&quot;classic&quot;,&quot;shape_divider_bottom&quot;:&quot;waves&quot;}\">\n\t\t\t\t\t<div class=\"elementor-shape elementor-shape-bottom\" aria-hidden=\"true\" data-negative=\"false\">\n\t\t\t<svg xmlns=\"http:\/\/www.w3.org\/2000\/svg\" viewbox=\"0 0 1000 100\" preserveaspectratio=\"none\">\n\t<path class=\"elementor-shape-fill\" d=\"M421.9,6.5c22.6-2.5,51.5,0.4,75.5,5.3c23.6,4.9,70.9,23.5,100.5,35.7c75.8,32.2,133.7,44.5,192.6,49.7\tc23.6,2.1,48.7,3.5,103.4-2.5c54.7-6,106.2-25.6,106.2-25.6V0H0v30.3c0,0,72,32.6,158.4,30.5c39.2-0.7,92.8-6.7,134-22.4\tc21.2-8.1,52.2-18.2,79.7-24.2C399.3,7.9,411.6,7.5,421.9,6.5z\"\/>\n<\/svg>\t\t<\/div>\n\t\t\t\t\t<div class=\"elementor-container elementor-column-gap-default\">\n\t\t\t\t\t<div class=\"elementor-column elementor-col-50 elementor-top-column elementor-element elementor-element-7a4f5ed0\" data-id=\"7a4f5ed0\" data-element_type=\"column\" data-e-type=\"column\">\n\t\t\t<div class=\"elementor-widget-wrap elementor-element-populated\">\n\t\t\t\t\t\t<div class=\"elementor-element elementor-element-3ee8ef7f elementor-widget elementor-widget-heading\" data-id=\"3ee8ef7f\" data-element_type=\"widget\" data-e-type=\"widget\" data-widget_type=\"heading.default\">\n\t\t\t\t\t<h1 class=\"elementor-heading-title elementor-size-default\">LOKALA SEO-TJ\u00c4NSTER I BANGALORE<\/h1>\t\t\t\t<\/div>\n\t\t\t\t<div class=\"elementor-element elementor-element-6f0ea78b elementor-widget elementor-widget-heading\" data-id=\"6f0ea78b\" data-element_type=\"widget\" data-e-type=\"widget\" data-widget_type=\"heading.default\">\n\t\t\t\t\t<p class=\"elementor-heading-title elementor-size-default\">Letar du efter de lokala SEO-TJ\u00c4NSTERNA I BANGALORE? Lokal SEO rekommenderas exceptionellt f\u00f6r b\u00e5de sm\u00e5 f\u00f6retag och organisationer med flera platser.<\/p>\t\t\t\t<\/div>\n\t\t\t\t<div class=\"elementor-element elementor-element-27ae4868 elementor-align-left elementor-mobile-align-left elementor-widget__width-auto elementor-invisible elementor-widget elementor-widget-button\" data-id=\"27ae4868\" data-element_type=\"widget\" data-e-type=\"widget\" data-settings=\"{&quot;_animation&quot;:&quot;zoomIn&quot;}\" data-widget_type=\"button.default\">\n\t\t\t\t\t\t\t\t\t\t<a class=\"elementor-button elementor-button-link elementor-size-sm\" href=\"https:\/\/www.carmatec.com\/sv\/kontakta-oss\/\">\n\t\t\t\t\t\t<span class=\"elementor-button-content-wrapper\">\n\t\t\t\t\t\t\t\t\t<span class=\"elementor-button-text\">Kontakta oss<\/span>\n\t\t\t\t\t<\/span>\n\t\t\t\t\t<\/a>\n\t\t\t\t\t\t\t\t<\/div>\n\t\t\t\t\t<\/div>\n\t\t<\/div>\n\t\t\t\t<div class=\"elementor-column elementor-col-50 elementor-top-column elementor-element elementor-element-5b91be61 elementor-hidden-mobile\" data-id=\"5b91be61\" data-element_type=\"column\" data-e-type=\"column\">\n\t\t\t<div class=\"elementor-widget-wrap\">\n\t\t\t\t\t\t\t<\/div>\n\t\t<\/div>\n\t\t\t\t\t<\/div>\n\t\t<\/section>\n\t\t\t\t<section class=\"elementor-section elementor-inner-section elementor-element elementor-element-127c0e8b elementor-section-content-top elementor-section-boxed elementor-section-height-default elementor-section-height-default\" data-id=\"127c0e8b\" data-element_type=\"section\" data-e-type=\"section\">\n\t\t\t\t\t\t<div class=\"elementor-container elementor-column-gap-default\">\n\t\t\t\t\t<div class=\"elementor-column elementor-col-100 elementor-inner-column elementor-element elementor-element-6ae4947c\" data-id=\"6ae4947c\" data-element_type=\"column\" data-e-type=\"column\">\n\t\t\t<div class=\"elementor-widget-wrap elementor-element-populated\">\n\t\t\t\t\t\t<div class=\"elementor-element elementor-element-d4431ca elementor-invisible elementor-widget elementor-widget-heading\" data-id=\"d4431ca\" data-element_type=\"widget\" data-e-type=\"widget\" data-settings=\"{&quot;_animation&quot;:&quot;fadeInDown&quot;}\" data-widget_type=\"heading.default\">\n\t\t\t\t\t<h2 class=\"elementor-heading-title elementor-size-default\">Mest p\u00e5litliga lokala SEO-tj\u00e4nster i Bangalore<\/h2>\t\t\t\t<\/div>\n\t\t\t\t<div class=\"elementor-element elementor-element-2cf1403f elementor-invisible elementor-widget elementor-widget-text-editor\" data-id=\"2cf1403f\" data-element_type=\"widget\" data-e-type=\"widget\" data-settings=\"{&quot;_animation&quot;:&quot;fadeInDown&quot;}\" data-widget_type=\"text-editor.default\">\n\t\t\t\t\t\t\t\t\t<p>Lokala s\u00f6koptimeringstj\u00e4nster (Local SEO Services) hj\u00e4lper till att \u00f6ka synligheten och r\u00e4ckvidden f\u00f6r ditt f\u00f6retag genom att driva din m\u00e5lgrupp via lokala listor. Om du har ett lokalt f\u00f6retag och du beh\u00f6ver en lokal relevant trafik till din webbplats via lokala rankingtermer som kommer att placera ditt f\u00f6retag inom r\u00e4ckh\u00e5ll f\u00f6r den lokala m\u00e5lkunden p\u00e5 din marknad.<\/p><p>Med v\u00e5rt tillv\u00e4gag\u00e5ngss\u00e4tt kommer din webbplats att vara korrekt inriktad enligt din m\u00e5lgrupp, vilket ytterligare f\u00f6rb\u00e4ttrar din synlighet och r\u00e4ckvidd. V\u00e5rt SEO-team h\u00e5ller dina f\u00f6retagsuppgifter online korrekta och optimerade f\u00f6r potentiella kunder och ger enkel tillg\u00e5ng till din information och din f\u00f6retagsplats.<\/p><p>Som Toppen\u00a0<strong><a href=\"https:\/\/www.carmatec.com\/sv\/sokmotoroptimeringstjanster\/seo-foretag-i-bangalore\/\">SEO-f\u00f6retag i Bangalore<\/a><\/strong>\u00a0vi ser ocks\u00e5 till att ditt f\u00f6retag inte bara visas p\u00e5 station\u00e4ra datorer utan \u00e4ven p\u00e5 mobila enheter. V\u00e5rt m\u00e5l \u00e4r att f\u00e5 enast\u00e5ende lokal trafik till dina listor ut\u00f6ver dina lokala trafikkonkurrenter. Med v\u00e5rt tillv\u00e4gag\u00e5ngss\u00e4tt kommer din webbplats korrekt inriktad enligt din m\u00e5lgrupp, vilket avsev\u00e4rt kommer att \u00f6ka ditt varum\u00e4rkes synlighet.<\/p>\t\t\t\t\t\t\t\t<\/div>\n\t\t\t\t\t<\/div>\n\t\t<\/div>\n\t\t\t\t\t<\/div>\n\t\t<\/section>\n\t\t\t\t<section class=\"elementor-section elementor-top-section elementor-element elementor-element-489c6dcf elementor-section-boxed elementor-section-height-default elementor-section-height-default\" data-id=\"489c6dcf\" data-element_type=\"section\" data-e-type=\"section\" data-settings=\"{&quot;background_background&quot;:&quot;classic&quot;}\">\n\t\t\t\t\t\t<div class=\"elementor-container elementor-column-gap-default\">\n\t\t\t\t\t<div class=\"elementor-column elementor-col-100 elementor-top-column elementor-element elementor-element-18331a0f\" data-id=\"18331a0f\" data-element_type=\"column\" data-e-type=\"column\">\n\t\t\t<div class=\"elementor-widget-wrap elementor-element-populated\">\n\t\t\t\t\t\t<div class=\"elementor-element elementor-element-7cbefd4f elementor-invisible elementor-widget elementor-widget-heading\" data-id=\"7cbefd4f\" data-element_type=\"widget\" data-e-type=\"widget\" data-settings=\"{&quot;_animation&quot;:&quot;fadeInDown&quot;}\" data-widget_type=\"heading.default\">\n\t\t\t\t\t<h2 class=\"elementor-heading-title elementor-size-default\">V\u00e5ra lokala SEO-tj\u00e4nster i Bangalore inkluderar<\/h2>\t\t\t\t<\/div>\n\t\t\t\t<div class=\"elementor-element elementor-element-0f144ea elementor-invisible elementor-widget elementor-widget-text-editor\" data-id=\"0f144ea\" data-element_type=\"widget\" data-e-type=\"widget\" data-settings=\"{&quot;_animation&quot;:&quot;fadeInDown&quot;}\" data-widget_type=\"text-editor.default\">\n\t\t\t\t\t\t\t\t\t<p>Det som skiljer v\u00e5ra lokala SEO-tj\u00e4nster fr\u00e5n de andra varum\u00e4rkena \u00e4r v\u00e5rt ansvar att ge 100% skr\u00e4ddarsydda svar f\u00f6r var och en av v\u00e5ra kunders fr\u00e5gor relaterade till deras prestanda f\u00f6r lokala listor. L\u00e5ngt fr\u00e5n off-the-rack SEO-id\u00e9er g\u00f6r vi allt f\u00f6r att m\u00f6ta v\u00e5ra kunders krav.<\/p>\t\t\t\t\t\t\t\t<\/div>\n\t\t\t\t<section class=\"elementor-section elementor-inner-section elementor-element elementor-element-6622b62e elementor-section-boxed elementor-section-height-default elementor-section-height-default\" data-id=\"6622b62e\" data-element_type=\"section\" data-e-type=\"section\">\n\t\t\t\t\t\t<div class=\"elementor-container elementor-column-gap-default\">\n\t\t\t\t\t<div class=\"elementor-column elementor-col-33 elementor-inner-column elementor-element elementor-element-6040df20\" data-id=\"6040df20\" data-element_type=\"column\" data-e-type=\"column\">\n\t\t\t<div class=\"elementor-widget-wrap elementor-element-populated\">\n\t\t\t\t\t\t<div class=\"elementor-element elementor-element-fdce292 elementor-position-top elementor-widget elementor-widget-image-box\" data-id=\"fdce292\" data-element_type=\"widget\" data-e-type=\"widget\" data-widget_type=\"image-box.default\">\n\t\t\t\t\t<div class=\"elementor-image-box-wrapper\"><figure class=\"elementor-image-box-img\"><img decoding=\"async\" width=\"200\" height=\"150\" src=\"https:\/\/www.carmatec.com\/wp-content\/uploads\/2022\/01\/career1.png\" class=\"attachment-full size-full wp-image-22427\" alt=\"ikon\" \/><\/figure><div class=\"elementor-image-box-content\"><h3 class=\"elementor-image-box-title\">Google Maps-listor<\/h3><p class=\"elementor-image-box-description\">Min lista p\u00e5 Google maps garanterar de mest kvalificerade potentiella kunderna, vilket kan hj\u00e4lpa till med varum\u00e4rkets synlighet och som i sin tur f\u00f6rb\u00e4ttrar avkastningen p\u00e5 investeringen.<\/p><\/div><\/div>\t\t\t\t<\/div>\n\t\t\t\t\t<\/div>\n\t\t<\/div>\n\t\t\t\t<div class=\"elementor-column elementor-col-33 elementor-inner-column elementor-element elementor-element-1a16785b\" data-id=\"1a16785b\" data-element_type=\"column\" data-e-type=\"column\">\n\t\t\t<div class=\"elementor-widget-wrap elementor-element-populated\">\n\t\t\t\t\t\t<div class=\"elementor-element elementor-element-74116952 elementor-position-top elementor-widget elementor-widget-image-box\" data-id=\"74116952\" data-element_type=\"widget\" data-e-type=\"widget\" data-widget_type=\"image-box.default\">\n\t\t\t\t\t<div class=\"elementor-image-box-wrapper\"><figure class=\"elementor-image-box-img\"><img decoding=\"async\" width=\"200\" height=\"150\" src=\"https:\/\/www.carmatec.com\/wp-content\/uploads\/2022\/01\/career_3.png\" class=\"attachment-full size-full wp-image-22431\" alt=\"ikon\" \/><\/figure><div class=\"elementor-image-box-content\"><h3 class=\"elementor-image-box-title\">Lokaliseringstj\u00e4nster<\/h3><p class=\"elementor-image-box-description\">Vi tenderar att f\u00f6rb\u00e4ttra varje del av dina webbsidor med referenser till och meddelanden som du v\u00e4ljer.<\/p><\/div><\/div>\t\t\t\t<\/div>\n\t\t\t\t\t<\/div>\n\t\t<\/div>\n\t\t\t\t<div class=\"elementor-column elementor-col-33 elementor-inner-column elementor-element elementor-element-6d5c8b4e\" data-id=\"6d5c8b4e\" data-element_type=\"column\" data-e-type=\"column\">\n\t\t\t<div class=\"elementor-widget-wrap elementor-element-populated\">\n\t\t\t\t\t\t<div class=\"elementor-element elementor-element-d1776c4 elementor-position-top elementor-widget elementor-widget-image-box\" data-id=\"d1776c4\" data-element_type=\"widget\" data-e-type=\"widget\" data-widget_type=\"image-box.default\">\n\t\t\t\t\t<div class=\"elementor-image-box-wrapper\"><figure class=\"elementor-image-box-img\"><img decoding=\"async\" width=\"512\" height=\"512\" src=\"https:\/\/www.carmatec.com\/wp-content\/uploads\/2022\/01\/Carmatec-01.svg\" class=\"attachment-full size-full wp-image-21781\" alt=\"Ikon f\u00f6r mobilapputveckling\" \/><\/figure><div class=\"elementor-image-box-content\"><h3 class=\"elementor-image-box-title\">Rekommendationer och recensioner<\/h3><p class=\"elementor-image-box-description\">Social bekr\u00e4ftelse kan anv\u00e4ndas f\u00f6r att skapa en positiv uppfattning om ditt f\u00f6retag och f\u00f6rb\u00e4ttra dina SEO-prestationer.<\/p><\/div><\/div>\t\t\t\t<\/div>\n\t\t\t\t\t<\/div>\n\t\t<\/div>\n\t\t\t\t\t<\/div>\n\t\t<\/section>\n\t\t\t\t<section class=\"elementor-section elementor-inner-section elementor-element elementor-element-73c838e5 elementor-section-boxed elementor-section-height-default elementor-section-height-default\" data-id=\"73c838e5\" data-element_type=\"section\" data-e-type=\"section\">\n\t\t\t\t\t\t<div class=\"elementor-container elementor-column-gap-default\">\n\t\t\t\t\t<div class=\"elementor-column elementor-col-50 elementor-inner-column elementor-element elementor-element-367c1f18\" data-id=\"367c1f18\" data-element_type=\"column\" data-e-type=\"column\">\n\t\t\t<div class=\"elementor-widget-wrap elementor-element-populated\">\n\t\t\t\t\t\t<div class=\"elementor-element elementor-element-4e7d339f elementor-position-top elementor-widget elementor-widget-image-box\" data-id=\"4e7d339f\" data-element_type=\"widget\" data-e-type=\"widget\" data-widget_type=\"image-box.default\">\n\t\t\t\t\t<div class=\"elementor-image-box-wrapper\"><figure class=\"elementor-image-box-img\"><img decoding=\"async\" width=\"150\" height=\"150\" src=\"https:\/\/www.carmatec.com\/wp-content\/uploads\/2022\/02\/portability-1499938-1270899-150x150-1.png\" class=\"attachment-full size-full wp-image-25931\" alt=\"ikon\" \/><\/figure><div class=\"elementor-image-box-content\"><h3 class=\"elementor-image-box-title\">Citat och omn\u00e4mnanden<\/h3><p class=\"elementor-image-box-description\">Varje g\u00e5ng din bild eller ditt f\u00f6retag refereras till n\u00e5gon annanstans, skjuter din trov\u00e4rdighet och synlighet i h\u00f6jden.<\/p><\/div><\/div>\t\t\t\t<\/div>\n\t\t\t\t\t<\/div>\n\t\t<\/div>\n\t\t\t\t<div class=\"elementor-column elementor-col-50 elementor-inner-column elementor-element elementor-element-5eae317b\" data-id=\"5eae317b\" data-element_type=\"column\" data-e-type=\"column\">\n\t\t\t<div class=\"elementor-widget-wrap elementor-element-populated\">\n\t\t\t\t\t\t<div class=\"elementor-element elementor-element-1efc9ea5 elementor-position-top elementor-widget elementor-widget-image-box\" data-id=\"1efc9ea5\" data-element_type=\"widget\" data-e-type=\"widget\" data-widget_type=\"image-box.default\">\n\t\t\t\t\t<div class=\"elementor-image-box-wrapper\"><figure class=\"elementor-image-box-img\"><img decoding=\"async\" width=\"150\" height=\"150\" src=\"https:\/\/www.carmatec.com\/wp-content\/uploads\/2022\/02\/1004765-150x150-1.png\" class=\"attachment-full size-full wp-image-25947\" alt=\"ikon\" \/><\/figure><div class=\"elementor-image-box-content\"><h3 class=\"elementor-image-box-title\">L\u00e4nkbyggnad<\/h3><p class=\"elementor-image-box-description\">P\u00e5 samma s\u00e4tt kan bak\u00e5tl\u00e4nkar p\u00e5 auktoritetswebbplatser avsev\u00e4rt f\u00f6rb\u00e4ttra dina webbsidors SEO-profil och auktoritet.<\/p><\/div><\/div>\t\t\t\t<\/div>\n\t\t\t\t\t<\/div>\n\t\t<\/div>\n\t\t\t\t\t<\/div>\n\t\t<\/section>\n\t\t\t\t<div class=\"elementor-element elementor-element-770d476c elementor-hidden-mobile elementor-widget elementor-widget-spacer\" data-id=\"770d476c\" data-element_type=\"widget\" data-e-type=\"widget\" data-widget_type=\"spacer.default\">\n\t\t\t\t\t\t\t<div class=\"elementor-spacer\">\n\t\t\t<div class=\"elementor-spacer-inner\"><\/div>\n\t\t<\/div>\n\t\t\t\t\t\t<\/div>\n\t\t\t\t\t<\/div>\n\t\t<\/div>\n\t\t\t\t\t<\/div>\n\t\t<\/section>\n\t\t\t\t<\/div>","protected":false},"excerpt":{"rendered":"<p>LOCAL SEO SERVICES IN BANGALORE Looking for the Local SEO SERVICES IN BANGALORE? Local SEO is exceptionally advised for both small companies as well as multi-location organizations. Contact us Most Trusted Local SEO Services in Bangalore Local Search Optimization Services (Local SEO Services) helps in increasing the visibility and reach of your business by driving [&hellip;]<\/p>\n","protected":false},"author":1,"featured_media":0,"parent":24279,"menu_order":0,"comment_status":"closed","ping_status":"closed","template":"","meta":{"footnotes":""},"class_list":["post-26143","page","type-page","status-publish","hentry"],"_links":{"self":[{"href":"https:\/\/www.carmatec.com\/sv\/wp-json\/wp\/v2\/pages\/26143","targetHints":{"allow":["GET"]}}],"collection":[{"href":"https:\/\/www.carmatec.com\/sv\/wp-json\/wp\/v2\/pages"}],"about":[{"href":"https:\/\/www.carmatec.com\/sv\/wp-json\/wp\/v2\/types\/page"}],"author":[{"embeddable":true,"href":"https:\/\/www.carmatec.com\/sv\/wp-json\/wp\/v2\/users\/1"}],"replies":[{"embeddable":true,"href":"https:\/\/www.carmatec.com\/sv\/wp-json\/wp\/v2\/comments?post=26143"}],"version-history":[{"count":4,"href":"https:\/\/www.carmatec.com\/sv\/wp-json\/wp\/v2\/pages\/26143\/revisions"}],"predecessor-version":[{"id":52289,"href":"https:\/\/www.carmatec.com\/sv\/wp-json\/wp\/v2\/pages\/26143\/revisions\/52289"}],"up":[{"embeddable":true,"href":"https:\/\/www.carmatec.com\/sv\/wp-json\/wp\/v2\/pages\/24279"}],"wp:attachment":[{"href":"https:\/\/www.carmatec.com\/sv\/wp-json\/wp\/v2\/media?parent=26143"}],"curies":[{"name":"wp","href":"https:\/\/api.w.org\/{rel}","templated":true}]}}