{"id":26239,"date":"2022-02-13T08:02:39","date_gmt":"2022-02-13T08:02:39","guid":{"rendered":"https:\/\/new.carmatec.com\/?page_id=26239"},"modified":"2026-02-17T04:46:24","modified_gmt":"2026-02-17T04:46:24","slug":"societa-di-web-design-creativa-a-dallas-texas","status":"publish","type":"page","link":"https:\/\/www.carmatec.com\/it_it\/creative-web-design-company-in-dallas-tx\/","title":{"rendered":"Azienda di web design creativa a Dallas, Texas"},"content":{"rendered":"<div data-elementor-type=\"wp-page\" data-elementor-id=\"26239\" class=\"elementor elementor-26239\" data-elementor-post-type=\"page\">\n\t\t\t\t\t\t<section class=\"elementor-section elementor-top-section elementor-element elementor-element-5eb8bbc0 elementor-section-height-min-height elementor-section-boxed elementor-section-height-default elementor-section-items-middle\" data-id=\"5eb8bbc0\" data-element_type=\"section\" data-e-type=\"section\" data-settings=\"{&quot;background_background&quot;:&quot;classic&quot;,&quot;shape_divider_bottom&quot;:&quot;waves&quot;}\">\n\t\t\t\t\t<div class=\"elementor-shape elementor-shape-bottom\" aria-hidden=\"true\" data-negative=\"false\">\n\t\t\t<svg xmlns=\"http:\/\/www.w3.org\/2000\/svg\" viewbox=\"0 0 1000 100\" preserveaspectratio=\"none\">\n\t<path class=\"elementor-shape-fill\" d=\"M421.9,6.5c22.6-2.5,51.5,0.4,75.5,5.3c23.6,4.9,70.9,23.5,100.5,35.7c75.8,32.2,133.7,44.5,192.6,49.7\tc23.6,2.1,48.7,3.5,103.4-2.5c54.7-6,106.2-25.6,106.2-25.6V0H0v30.3c0,0,72,32.6,158.4,30.5c39.2-0.7,92.8-6.7,134-22.4\tc21.2-8.1,52.2-18.2,79.7-24.2C399.3,7.9,411.6,7.5,421.9,6.5z\"\/>\n<\/svg>\t\t<\/div>\n\t\t\t\t\t<div class=\"elementor-container elementor-column-gap-default\">\n\t\t\t\t\t<div class=\"elementor-column elementor-col-50 elementor-top-column elementor-element elementor-element-193a2ac5\" data-id=\"193a2ac5\" data-element_type=\"column\" data-e-type=\"column\">\n\t\t\t<div class=\"elementor-widget-wrap elementor-element-populated\">\n\t\t\t\t\t\t<div class=\"elementor-element elementor-element-99f1e53 elementor-widget elementor-widget-heading\" data-id=\"99f1e53\" data-element_type=\"widget\" data-e-type=\"widget\" data-widget_type=\"heading.default\">\n\t\t\t\t\t<h1 class=\"elementor-heading-title elementor-size-default\">Azienda di web design creativa a Dallas, Texas<\/h1>\t\t\t\t<\/div>\n\t\t\t\t<div class=\"elementor-element elementor-element-13f5cfed elementor-widget elementor-widget-heading\" data-id=\"13f5cfed\" data-element_type=\"widget\" data-e-type=\"widget\" data-widget_type=\"heading.default\">\n\t\t\t\t\t<p class=\"elementor-heading-title elementor-size-default\">Ottieni progetti web ottimizzati per i dispositivi mobili con un approccio incentrato sull&#039;esperienza dell&#039;utente. Contattaci oggi!<\/p>\t\t\t\t<\/div>\n\t\t\t\t\t<\/div>\n\t\t<\/div>\n\t\t\t\t<div class=\"elementor-column elementor-col-50 elementor-top-column elementor-element elementor-element-2ca0e52b elementor-hidden-mobile\" data-id=\"2ca0e52b\" data-element_type=\"column\" data-e-type=\"column\">\n\t\t\t<div class=\"elementor-widget-wrap\">\n\t\t\t\t\t\t\t<\/div>\n\t\t<\/div>\n\t\t\t\t\t<\/div>\n\t\t<\/section>\n\t\t\t\t<section class=\"elementor-section elementor-top-section elementor-element elementor-element-735d0761 elementor-section-content-middle elementor-section-boxed elementor-section-height-default elementor-section-height-default\" data-id=\"735d0761\" data-element_type=\"section\" data-e-type=\"section\">\n\t\t\t\t\t\t<div class=\"elementor-container elementor-column-gap-default\">\n\t\t\t\t\t<div class=\"elementor-column elementor-col-100 elementor-top-column elementor-element elementor-element-4e2f83c4\" data-id=\"4e2f83c4\" data-element_type=\"column\" data-e-type=\"column\">\n\t\t\t<div class=\"elementor-widget-wrap elementor-element-populated\">\n\t\t\t\t\t\t<section class=\"elementor-section elementor-inner-section elementor-element elementor-element-11d48b5 elementor-section-content-middle elementor-section-boxed elementor-section-height-default elementor-section-height-default\" data-id=\"11d48b5\" data-element_type=\"section\" data-e-type=\"section\">\n\t\t\t\t\t\t<div class=\"elementor-container elementor-column-gap-default\">\n\t\t\t\t\t<div class=\"elementor-column elementor-col-50 elementor-inner-column elementor-element elementor-element-390b078\" data-id=\"390b078\" data-element_type=\"column\" data-e-type=\"column\">\n\t\t\t<div class=\"elementor-widget-wrap elementor-element-populated\">\n\t\t\t\t\t\t<div class=\"elementor-element elementor-element-242b10a0 elementor-invisible elementor-widget elementor-widget-heading\" data-id=\"242b10a0\" data-element_type=\"widget\" data-e-type=\"widget\" data-settings=\"{&quot;_animation&quot;:&quot;fadeInDown&quot;}\" data-widget_type=\"heading.default\">\n\t\t\t\t\t<h2 class=\"elementor-heading-title elementor-size-default\">Eccellenza nella progettazione di siti Web fornita da uno dei migliori negozi di sviluppo di Dallas<\/h2>\t\t\t\t<\/div>\n\t\t\t\t<div class=\"elementor-element elementor-element-5afd4e5c elementor-invisible elementor-widget elementor-widget-text-editor\" data-id=\"5afd4e5c\" data-element_type=\"widget\" data-e-type=\"widget\" data-settings=\"{&quot;_animation&quot;:&quot;fadeInDown&quot;}\" data-widget_type=\"text-editor.default\">\n\t\t\t\t\t\t\t\t\t<p>Carmatec Inc \u00e8 una societ\u00e0 di web design che opera a Dallas, Texas, che offre un portafoglio di servizi completo di progettazione e sviluppo di presenza web e mobile per aziende, cloud, servizi IT gestiti, marketing su Internet e automazione del marketing ad aziende di tutte le dimensioni che operano in tutti i settori.<\/p><p>Indipendentemente dalla fase operativa della tua attivit\u00e0, il nostro team di esperti web designer e operatori di marketing su Internet ti fornisce progetti web unici basati su pratiche di marketing di grande impatto per portare la tua presenza sul web a un livello superiore. Ci\u00f2 non solo ti aiuta efficacemente ad aumentare la base clienti della tua attivit\u00e0, ma ti aiuta anche a costruire una presenza memorabile sul Web che porta a un ricordo pi\u00f9 forte per il tuo marchio.<\/p>\t\t\t\t\t\t\t\t<\/div>\n\t\t\t\t\t<\/div>\n\t\t<\/div>\n\t\t\t\t<div class=\"elementor-column elementor-col-50 elementor-inner-column elementor-element elementor-element-6ead5a8\" data-id=\"6ead5a8\" data-element_type=\"column\" data-e-type=\"column\">\n\t\t\t<div class=\"elementor-widget-wrap elementor-element-populated\">\n\t\t\t\t\t\t<div class=\"elementor-element elementor-element-984a085 elementor-invisible elementor-widget elementor-widget-image\" data-id=\"984a085\" data-element_type=\"widget\" data-e-type=\"widget\" data-settings=\"{&quot;_animation&quot;:&quot;zoomIn&quot;}\" data-widget_type=\"image.default\">\n\t\t\t\t\t\t\t\t\t\t\t\t\t\t\t<img decoding=\"async\" width=\"675\" height=\"635\" src=\"https:\/\/www.carmatec.com\/wp-content\/uploads\/2022\/02\/types-course-1.jpg\" class=\"attachment-large size-large wp-image-26241\" alt=\"tipi-corso-1\" srcset=\"https:\/\/www.carmatec.com\/wp-content\/uploads\/2022\/02\/types-course-1.jpg 675w, https:\/\/www.carmatec.com\/wp-content\/uploads\/2022\/02\/types-course-1-300x282.jpg 300w\" sizes=\"(max-width: 675px) 100vw, 675px\" \/>\t\t\t\t\t\t\t\t\t\t\t\t\t\t\t<\/div>\n\t\t\t\t\t<\/div>\n\t\t<\/div>\n\t\t\t\t\t<\/div>\n\t\t<\/section>\n\t\t\t\t<div class=\"elementor-element elementor-element-ed99c83 elementor-widget-divider--view-line elementor-widget elementor-widget-divider\" data-id=\"ed99c83\" data-element_type=\"widget\" data-e-type=\"widget\" data-widget_type=\"divider.default\">\n\t\t\t\t\t\t\t<div class=\"elementor-divider\">\n\t\t\t<span class=\"elementor-divider-separator\">\n\t\t\t\t\t\t<\/span>\n\t\t<\/div>\n\t\t\t\t\t\t<\/div>\n\t\t\t\t<section class=\"elementor-section elementor-inner-section elementor-element elementor-element-8ef114e elementor-section-content-middle elementor-section-boxed elementor-section-height-default elementor-section-height-default\" data-id=\"8ef114e\" data-element_type=\"section\" data-e-type=\"section\">\n\t\t\t\t\t\t<div class=\"elementor-container elementor-column-gap-default\">\n\t\t\t\t\t<div class=\"elementor-column elementor-col-50 elementor-inner-column elementor-element elementor-element-38a74f8\" data-id=\"38a74f8\" data-element_type=\"column\" data-e-type=\"column\">\n\t\t\t<div class=\"elementor-widget-wrap elementor-element-populated\">\n\t\t\t\t\t\t<div class=\"elementor-element elementor-element-ee41f5c elementor-invisible elementor-widget elementor-widget-image\" data-id=\"ee41f5c\" data-element_type=\"widget\" data-e-type=\"widget\" data-settings=\"{&quot;_animation&quot;:&quot;zoomIn&quot;}\" data-widget_type=\"image.default\">\n\t\t\t\t\t\t\t\t\t\t\t\t\t\t\t<img decoding=\"async\" width=\"400\" height=\"400\" src=\"https:\/\/www.carmatec.com\/wp-content\/uploads\/2022\/02\/IT_ecom.png\" class=\"attachment-large size-large wp-image-26242\" alt=\"icone\" srcset=\"https:\/\/www.carmatec.com\/wp-content\/uploads\/2022\/02\/IT_ecom.png 400w, https:\/\/www.carmatec.com\/wp-content\/uploads\/2022\/02\/IT_ecom-300x300.png 300w, https:\/\/www.carmatec.com\/wp-content\/uploads\/2022\/02\/IT_ecom-150x150.png 150w\" sizes=\"(max-width: 400px) 100vw, 400px\" \/>\t\t\t\t\t\t\t\t\t\t\t\t\t\t\t<\/div>\n\t\t\t\t\t<\/div>\n\t\t<\/div>\n\t\t\t\t<div class=\"elementor-column elementor-col-50 elementor-inner-column elementor-element elementor-element-b45019d\" data-id=\"b45019d\" data-element_type=\"column\" data-e-type=\"column\">\n\t\t\t<div class=\"elementor-widget-wrap elementor-element-populated\">\n\t\t\t\t\t\t<div class=\"elementor-element elementor-element-e46dc4a elementor-invisible elementor-widget elementor-widget-heading\" data-id=\"e46dc4a\" data-element_type=\"widget\" data-e-type=\"widget\" data-settings=\"{&quot;_animation&quot;:&quot;fadeInDown&quot;}\" data-widget_type=\"heading.default\">\n\t\t\t\t\t<h2 class=\"elementor-heading-title elementor-size-default\">Guidiamo il tuo successo digitale<\/h2>\t\t\t\t<\/div>\n\t\t\t\t<div class=\"elementor-element elementor-element-be0678c elementor-invisible elementor-widget elementor-widget-text-editor\" data-id=\"be0678c\" data-element_type=\"widget\" data-e-type=\"widget\" data-settings=\"{&quot;_animation&quot;:&quot;fadeInDown&quot;}\" data-widget_type=\"text-editor.default\">\n\t\t\t\t\t\t\t\t\t<p>Carmatec \u00e8 una consolidata societ\u00e0 di web design che vanta anni di esperienza nell&#039;esecuzione di un numero infinito di progetti di web design con sede a Dallas. Comprendiamo che ogni azienda \u00e8 unica e lo sono anche le sue esigenze. Il nostro team, pertanto, non crede in un approccio unico per tutti i suoi progetti. Dai piccoli negozi locali ai pi\u00f9 grandi marchi globali, vantiamo l&#039;esperienza nella progettazione di presenza web personalizzata per aziende praticamente in ogni settore. I nostri specialisti di dominio del settore forniscono consulenza strategica sugli aspetti tecnologici e commerciali della tua attivit\u00e0 per guidarti attraverso il successo commerciale del tuo progetto di presenza sul web.<\/p><p>Le soluzioni che forniamo comprendono tutto, dal design web e mobile allo sviluppo web e mobile, dal cloud al marketing su Internet e tutto ci\u00f2 a cui la tua azienda pu\u00f2 pensare mentre attraversa ogni fase di costruzione della propria presenza sul web da zero.<\/p>\t\t\t\t\t\t\t\t<\/div>\n\t\t\t\t\t<\/div>\n\t\t<\/div>\n\t\t\t\t\t<\/div>\n\t\t<\/section>\n\t\t\t\t\t<\/div>\n\t\t<\/div>\n\t\t\t\t\t<\/div>\n\t\t<\/section>\n\t\t\t\t<section class=\"elementor-section elementor-top-section elementor-element elementor-element-cfce1f6 elementor-section-content-middle elementor-section-boxed elementor-section-height-default elementor-section-height-default\" data-id=\"cfce1f6\" data-element_type=\"section\" data-e-type=\"section\" data-settings=\"{&quot;background_background&quot;:&quot;classic&quot;}\">\n\t\t\t\t\t\t<div class=\"elementor-container elementor-column-gap-default\">\n\t\t\t\t\t<div class=\"elementor-column elementor-col-100 elementor-top-column elementor-element elementor-element-a1829e3\" data-id=\"a1829e3\" data-element_type=\"column\" data-e-type=\"column\">\n\t\t\t<div class=\"elementor-widget-wrap elementor-element-populated\">\n\t\t\t\t\t\t<div class=\"elementor-element elementor-element-3d0a7b6 elementor-invisible elementor-widget elementor-widget-heading\" data-id=\"3d0a7b6\" data-element_type=\"widget\" data-e-type=\"widget\" data-settings=\"{&quot;_animation&quot;:&quot;fadeInDown&quot;}\" data-widget_type=\"heading.default\">\n\t\t\t\t\t<h2 class=\"elementor-heading-title elementor-size-default\">Perch\u00e9 Carmatec come azienda di web design preferita a Dallas<\/h2>\t\t\t\t<\/div>\n\t\t\t\t<div class=\"elementor-element elementor-element-92cc6c3 elementor-invisible elementor-widget elementor-widget-text-editor\" data-id=\"92cc6c3\" data-element_type=\"widget\" data-e-type=\"widget\" data-settings=\"{&quot;_animation&quot;:&quot;fadeIn&quot;}\" data-widget_type=\"text-editor.default\">\n\t\t\t\t\t\t\t\t\t<p>Carmatec \u00e8 una societ\u00e0 di web design che punta all&#039;innovazione nei design che non hanno solo un fascino creativo ma sono anche altamente utilizzabili. Le consegne dei nostri progetti sono altamente professionali e i nostri servizi sono guidati dal pi\u00f9 alto livello di standard di servizio al cliente.<\/p><p>Mentre viviamo in un mondo inanimato che sta diventando sempre pi\u00f9 dipendente dalla tecnologia, la parte migliore dell&#039;offerta di Carmatec \u00e8 che ti fornisce una fornitura personalizzata delle sue soluzioni tecnologiche e aziendali intelligenti costruite su misura per soddisfare le tue esigenze. In Carmatec, mentre comprendiamo l&#039;importanza dei servizi di web design di qualit\u00e0 abbinati al marketing efficace della presenza sul web di un&#039;azienda, apprezziamo ugualmente l&#039;importanza di un forte servizio e supporto al cliente. E questo si riflette chiaramente nella nostra offerta di servizi<\/p><p><b>Lascia che ti aiutiamo a ottenere di pi\u00f9!<\/b>In qualit\u00e0 di azienda di web design preferita dai nostri clienti a Dallas, lavoriamo a stretto contatto con loro per ottenere di pi\u00f9 in termini di presenza online e sviluppare per loro una base di clienti online pi\u00f9 ampia in questo modo. Pi\u00f9 che essere semplicemente un&#039;azienda creativa e professionale, operiamo come partner della vostra presenza sul web che comprendono la vostra attivit\u00e0 dentro e fuori, le sue persone, i suoi processi, le sue esigenze e i suoi obiettivi. Questo \u00e8 il motivo per cui i nostri clienti a Dallas garantiscono i nostri servizi e il valore continuo che abbiamo generato per le aziende in quest&#039;area. Recentemente siamo stati riconosciuti come uno dei migliori sviluppatori web a Dallas, in Texas.<\/p><p><b>Portare le idee nella realt\u00e0 creativa!<\/b>In Carmatec, ci impegniamo a fornire ai nostri clienti soluzioni personalizzate che li aiutino a creare impressioni indimenticabili nella mente del loro pubblico. Sebbene soddisfiamo le loro esigenze rispettando il budget, la qualit\u00e0 delle nostre offerte non ha eguali nel settore, creando un valore significativo per i nostri clienti. Pi\u00f9 che un semplice professionista di soluzioni di design, lavoriamo per loro come partner strategici in cui ci assicuriamo che, mentre i nostri design riflettono realisticamente l&#039;immagine del loro marchio, la copia del contenuto che accompagna il design riflette perfettamente la voce del loro marchio. Mentre lavoriamo per aiutarli a ottenere una maggiore visibilit\u00e0 online con una forte presenza sui motori di ricerca e pi\u00f9 traffico e visite sul sito web e sulle pagine dei social media, il nostro obiettivo \u00e8 generare un ritorno maggiore sul loro investimento digitale. La conclusione \u00e8 che mentre diamo le ali della creativit\u00e0 ai loro progetti e alla presenza complessiva sul web, ci assicuriamo anche che il progetto rimanga anche sulla realt\u00e0 del raggiungimento del successo commerciale rimanendo redditizio.<\/p><p>In termini pi\u00f9 semplici, noi, come societ\u00e0 di web design, aiutiamo le aziende di Dallas a ottenere progetti visivamente impressionanti, efficacemente ottimizzati per i motori di ricerca e commercializzati con successo per ottenere rendimenti complessivi elevati.<\/p>\t\t\t\t\t\t\t\t<\/div>\n\t\t\t\t\t<\/div>\n\t\t<\/div>\n\t\t\t\t\t<\/div>\n\t\t<\/section>\n\t\t\t\t<section class=\"elementor-section elementor-top-section elementor-element elementor-element-b6ca3d6 elementor-section-content-middle elementor-section-boxed elementor-section-height-default elementor-section-height-default\" data-id=\"b6ca3d6\" data-element_type=\"section\" data-e-type=\"section\">\n\t\t\t\t\t\t<div class=\"elementor-container elementor-column-gap-default\">\n\t\t\t\t\t<div class=\"elementor-column elementor-col-100 elementor-top-column elementor-element elementor-element-feb4812\" data-id=\"feb4812\" data-element_type=\"column\" data-e-type=\"column\">\n\t\t\t<div class=\"elementor-widget-wrap elementor-element-populated\">\n\t\t\t\t\t\t<div class=\"elementor-element elementor-element-0564f72 elementor-invisible elementor-widget elementor-widget-text-editor\" data-id=\"0564f72\" data-element_type=\"widget\" data-e-type=\"widget\" data-settings=\"{&quot;_animation&quot;:&quot;fadeIn&quot;}\" data-widget_type=\"text-editor.default\">\n\t\t\t\t\t\t\t\t\t<p>Essendo una delle societ\u00e0 di web design pi\u00f9 ricercate a Dallas, Texas, forniamo alle aziende con sede a Dallas soluzioni di presenza web end-to-end a tariffe altamente convenienti. Da oltre 15 anni lavoriamo su migliaia di progetti di web design per aziende che operano praticamente in ogni settore. Avendo accumulato una cos\u00ec vasta esperienza, abbiamo anche una solida base nel marketing efficace della tua attivit\u00e0 online. Ci ha anche portato ad ampliare i nostri servizi sia in termini qualitativi che economici.<\/p><p>Sfoglia il nostro sito Web e prenditi del tempo per esaminare il nostro portfolio di lavori, esaminare le testimonianze dei nostri clienti ed esplorare l&#039;ampia gamma di web design e i servizi correlati di presenza sul Web con cui possiamo aiutarti. Poich\u00e9 il nostro team comprende la tua attivit\u00e0 e ascolta pazientemente le specifiche delle tue esigenze, le nostre offerte sono destinate a stupirti per il modo in cui colpiscono immediatamente il tuo pubblico target. Contattaci o fatti contattare da noi per condividere i dettagli del tuo progetto e i nostri esperti saranno pi\u00f9 che felici di guidarti nei passaggi successivi.<\/p>\t\t\t\t\t\t\t\t<\/div>\n\t\t\t\t\t<\/div>\n\t\t<\/div>\n\t\t\t\t\t<\/div>\n\t\t<\/section>\n\t\t\t\t<\/div>","protected":false},"excerpt":{"rendered":"<p>Creative Web Design Company In Dallas, Tx Get mobile friendly web designs with a user experience centric approach. Contact us today! Website Design excellence delivered by one of Dallas Top Dev Shops Carmatec Inc is a web design company operating in Dallas, Tx that offers full-service portfolio of design and development of web and mobile [&hellip;]<\/p>\n","protected":false},"author":1,"featured_media":0,"parent":0,"menu_order":0,"comment_status":"closed","ping_status":"closed","template":"","meta":{"footnotes":""},"class_list":["post-26239","page","type-page","status-publish","hentry"],"_links":{"self":[{"href":"https:\/\/www.carmatec.com\/it_it\/wp-json\/wp\/v2\/pages\/26239","targetHints":{"allow":["GET"]}}],"collection":[{"href":"https:\/\/www.carmatec.com\/it_it\/wp-json\/wp\/v2\/pages"}],"about":[{"href":"https:\/\/www.carmatec.com\/it_it\/wp-json\/wp\/v2\/types\/page"}],"author":[{"embeddable":true,"href":"https:\/\/www.carmatec.com\/it_it\/wp-json\/wp\/v2\/users\/1"}],"replies":[{"embeddable":true,"href":"https:\/\/www.carmatec.com\/it_it\/wp-json\/wp\/v2\/comments?post=26239"}],"version-history":[{"count":3,"href":"https:\/\/www.carmatec.com\/it_it\/wp-json\/wp\/v2\/pages\/26239\/revisions"}],"predecessor-version":[{"id":50623,"href":"https:\/\/www.carmatec.com\/it_it\/wp-json\/wp\/v2\/pages\/26239\/revisions\/50623"}],"wp:attachment":[{"href":"https:\/\/www.carmatec.com\/it_it\/wp-json\/wp\/v2\/media?parent=26239"}],"curies":[{"name":"wp","href":"https:\/\/api.w.org\/{rel}","templated":true}]}}