{"id":33278,"date":"2022-11-09T08:03:45","date_gmt":"2022-11-09T08:03:45","guid":{"rendered":"https:\/\/www.carmatec.com\/?page_id=33278"},"modified":"2024-04-03T04:23:52","modified_gmt":"2024-04-03T04:23:52","slug":"retour","status":"publish","type":"page","link":"https:\/\/www.carmatec.com\/fr_fr\/feedback\/","title":{"rendered":"Retour"},"content":{"rendered":"<div data-elementor-type=\"wp-page\" data-elementor-id=\"33278\" class=\"elementor elementor-33278\" data-elementor-post-type=\"page\">\n\t\t\t\t\t\t<section class=\"elementor-section elementor-top-section elementor-element elementor-element-118f4d16 elementor-section-boxed elementor-section-height-default elementor-section-height-default\" data-id=\"118f4d16\" data-element_type=\"section\" data-e-type=\"section\">\n\t\t\t\t\t\t<div class=\"elementor-container elementor-column-gap-default\">\n\t\t\t\t\t<div class=\"elementor-column elementor-col-100 elementor-top-column elementor-element elementor-element-6ae39a46\" data-id=\"6ae39a46\" data-element_type=\"column\" data-e-type=\"column\">\n\t\t\t<div class=\"elementor-widget-wrap elementor-element-populated\">\n\t\t\t\t\t\t<div class=\"elementor-element elementor-element-79c1ef6f elementor-hidden-mobile elementor-widget elementor-widget-heading\" data-id=\"79c1ef6f\" data-element_type=\"widget\" data-e-type=\"widget\" data-widget_type=\"heading.default\">\n\t\t\t\t\t<h1 class=\"elementor-heading-title elementor-size-default\">Retour\n<\/h1>\t\t\t\t<\/div>\n\t\t\t\t<div class=\"elementor-element elementor-element-794d39ee elementor-widget elementor-widget-text-editor\" data-id=\"794d39ee\" data-element_type=\"widget\" data-e-type=\"widget\" data-widget_type=\"text-editor.default\">\n\t\t\t\t\t\t\t\t\t<p>Merci beaucoup d&#039;avoir choisi notre organisation comme partenaire privil\u00e9gi\u00e9 pour votre projet. Nous nous effor\u00e7ons constamment de fournir \u00e0 nos clients le meilleur service et les meilleurs produits possibles, car nous pensons que notre succ\u00e8s ne peut \u00eatre mesur\u00e9 que par celui de nos clients. Aidez-nous \u00e0 am\u00e9liorer nos services en r\u00e9pondant \u00e0 cette enqu\u00eate rapide de 5 minutes.<\/p>\t\t\t\t\t\t\t\t<\/div>\n\t\t\t\t<div class=\"elementor-element elementor-element-e6de68b elementor-widget__width-inherit elementor-widget elementor-widget-shortcode\" data-id=\"e6de68b\" data-element_type=\"widget\" data-e-type=\"widget\" data-widget_type=\"shortcode.default\">\n\t\t\t\t\t\t\t<div class=\"elementor-shortcode\">\n<div class=\"wpcf7 no-js\" id=\"wpcf7-f33284-o1\" lang=\"en-US\" dir=\"ltr\" data-wpcf7-id=\"33284\">\n<div class=\"screen-reader-response\"><p role=\"status\" aria-live=\"polite\" aria-atomic=\"true\"><\/p> <ul><\/ul><\/div>\n<form action=\"\/fr_fr\/wp-json\/wp\/v2\/pages\/33278#wpcf7-f33284-o1\" method=\"post\" class=\"wpcf7-form init\" aria-label=\"Contact form\" novalidate=\"novalidate\" data-status=\"init\" data-trp-original-action=\"\/fr_fr\/wp-json\/wp\/v2\/pages\/33278#wpcf7-f33284-o1\">\n<fieldset class=\"hidden-fields-container\"><input type=\"hidden\" name=\"_wpcf7\" value=\"33284\" \/><input type=\"hidden\" name=\"_wpcf7_version\" value=\"6.1.5\" \/><input type=\"hidden\" name=\"_wpcf7_locale\" value=\"en_US\" \/><input type=\"hidden\" name=\"_wpcf7_unit_tag\" value=\"wpcf7-f33284-o1\" \/><input type=\"hidden\" name=\"_wpcf7_container_post\" value=\"0\" \/><input type=\"hidden\" name=\"_wpcf7_posted_data_hash\" value=\"\" \/>\n<\/fieldset>\n<p><label>Nom<span style=\"color:#b71c1c;\">*<\/span><\/label>\n<\/p>\n<p><span class=\"wpcf7-form-control-wrap\" data-name=\"text-588\"><input size=\"40\" maxlength=\"400\" class=\"wpcf7-form-control wpcf7-text wpcf7-validates-as-required\" aria-required=\"true\" aria-invalid=\"false\" value=\"\" type=\"text\" name=\"text-588\" \/><\/span>\n<\/p>\n<p><label>nom du projet<span style=\"color:#b71c1c;\">*<\/span><\/label>\n<\/p>\n<p><span class=\"wpcf7-form-control-wrap\" data-name=\"text-589\"><input size=\"40\" maxlength=\"400\" class=\"wpcf7-form-control wpcf7-text wpcf7-validates-as-required\" aria-required=\"true\" aria-invalid=\"false\" value=\"\" type=\"text\" name=\"text-589\" \/><\/span>\n<\/p>\n<p><label>Nom de l&#039;entreprise<span style=\"color:#b71c1c;\">*<\/span><\/label>\n<\/p>\n<p><span class=\"wpcf7-form-control-wrap\" data-name=\"text-590\"><input size=\"40\" maxlength=\"400\" class=\"wpcf7-form-control wpcf7-text wpcf7-validates-as-required\" aria-required=\"true\" aria-invalid=\"false\" value=\"\" type=\"text\" name=\"text-590\" \/><\/span>\n<\/p>\n<p><label>1. Dans quelle mesure \u00eates-vous satisfait de notre entreprise en tant que partenaire commercial \u00e0 valeur ajout\u00e9e\u00a0?<span style=\"color:#b71c1c;\">*<\/span><\/label>\n<\/p>\n<p><span class=\"wpcf7-form-control-wrap\" data-name=\"radio-910\"><span class=\"wpcf7-form-control wpcf7-radio\"><span class=\"wpcf7-list-item first\"><label><input type=\"radio\" name=\"radio-910\" value=\"To Very Great Extent\" checked=\"checked\" \/><span class=\"wpcf7-list-item-label\">Dans une tr\u00e8s large mesure<\/span><\/label><\/span><span class=\"wpcf7-list-item\"><label><input type=\"radio\" name=\"radio-910\" value=\"To Great Extent\" \/><span class=\"wpcf7-list-item-label\">Dans une large mesure<\/span><\/label><\/span><span class=\"wpcf7-list-item\"><label><input type=\"radio\" name=\"radio-910\" value=\"To Some Extent\" \/><span class=\"wpcf7-list-item-label\">Dans une certaine mesure<\/span><\/label><\/span><span class=\"wpcf7-list-item\"><label><input type=\"radio\" name=\"radio-910\" value=\"To Little Extent\" \/><span class=\"wpcf7-list-item-label\">Dans une faible mesure<\/span><\/label><\/span><span class=\"wpcf7-list-item last\"><label><input type=\"radio\" name=\"radio-910\" value=\"To Very Little Extent\" \/><span class=\"wpcf7-list-item-label\">Dans une tr\u00e8s faible mesure<\/span><\/label><\/span><\/span><\/span>\n<\/p>\n<p><label>2. L&#039;\u00e9quipe du projet a-t-elle fourni les r\u00e9sultats et la qualit\u00e9 promis\u00a0?<span style=\"color:#b71c1c;\">*<\/span><\/label>\n<\/p>\n<p><span class=\"wpcf7-form-control-wrap\" data-name=\"radio-911\"><span class=\"wpcf7-form-control wpcf7-radio\"><span class=\"wpcf7-list-item first\"><label><input type=\"radio\" name=\"radio-911\" value=\"Less than expected\" \/><span class=\"wpcf7-list-item-label\">Moins que pr\u00e9vu<\/span><\/label><\/span><span class=\"wpcf7-list-item\"><label><input type=\"radio\" name=\"radio-911\" value=\"As expected\" \/><span class=\"wpcf7-list-item-label\">Comme pr\u00e9vu<\/span><\/label><\/span><span class=\"wpcf7-list-item\"><label><input type=\"radio\" name=\"radio-911\" value=\"More than expected\" \/><span class=\"wpcf7-list-item-label\">Plus que pr\u00e9vu<\/span><\/label><\/span><span class=\"wpcf7-list-item last\"><label><input type=\"radio\" name=\"radio-911\" value=\"Consistently more\" checked=\"checked\" \/><span class=\"wpcf7-list-item-label\">Toujours plus<\/span><\/label><\/span><\/span><\/span>\n<\/p>\n<p><label>3. Comment \u00e9valueriez-vous votre exp\u00e9rience avec le chef de projet sur une \u00e9chelle de 1 (m\u00e9diocre) \u00e0 5 (bonne)\u00a0?<\/label>\n<\/p>\n<p><span class=\"wpcf7-form-control-wrap\" data-name=\"radio-916\"><span class=\"wpcf7-form-control wpcf7-radio\"><span class=\"wpcf7-list-item first\"><label><input type=\"radio\" name=\"radio-916\" value=\"1\" \/><span class=\"wpcf7-list-item-label\">1<\/span><\/label><\/span><span class=\"wpcf7-list-item\"><label><input type=\"radio\" name=\"radio-916\" value=\"2\" \/><span class=\"wpcf7-list-item-label\">2<\/span><\/label><\/span><span class=\"wpcf7-list-item\"><label><input type=\"radio\" name=\"radio-916\" value=\"3\" \/><span class=\"wpcf7-list-item-label\">3<\/span><\/label><\/span><span class=\"wpcf7-list-item\"><label><input type=\"radio\" name=\"radio-916\" value=\"4\" \/><span class=\"wpcf7-list-item-label\">4<\/span><\/label><\/span><span class=\"wpcf7-list-item last\"><label><input type=\"radio\" name=\"radio-916\" value=\"5\" checked=\"checked\" \/><span class=\"wpcf7-list-item-label\">5<\/span><\/label><\/span><\/span><\/span>\n<\/p>\n<p>4. Comment \u00e9valueriez-vous votre exp\u00e9rience avec les d\u00e9veloppeurs travaillant sur le projet sur une \u00e9chelle de 1 (m\u00e9diocre) \u00e0 5 (bonne)\u00a0?\n<\/p>\n<p><span class=\"wpcf7-form-control-wrap\" data-name=\"radio-917\"><span class=\"wpcf7-form-control wpcf7-radio\"><span class=\"wpcf7-list-item first\"><label><input type=\"radio\" name=\"radio-917\" value=\"1\" \/><span class=\"wpcf7-list-item-label\">1<\/span><\/label><\/span><span class=\"wpcf7-list-item\"><label><input type=\"radio\" name=\"radio-917\" value=\"2\" \/><span class=\"wpcf7-list-item-label\">2<\/span><\/label><\/span><span class=\"wpcf7-list-item\"><label><input type=\"radio\" name=\"radio-917\" value=\"3\" \/><span class=\"wpcf7-list-item-label\">3<\/span><\/label><\/span><span class=\"wpcf7-list-item\"><label><input type=\"radio\" name=\"radio-917\" value=\"4\" \/><span class=\"wpcf7-list-item-label\">4<\/span><\/label><\/span><span class=\"wpcf7-list-item last\"><label><input type=\"radio\" name=\"radio-917\" value=\"5\" checked=\"checked\" \/><span class=\"wpcf7-list-item-label\">5<\/span><\/label><\/span><\/span><\/span>\n<\/p>\n<p>5. Comment \u00e9valueriez-vous leur expertise technique et leur savoir-faire sur une \u00e9chelle de 1 (m\u00e9diocre) \u00e0 5 (bon)\u00a0?\n<\/p>\n<p><span class=\"wpcf7-form-control-wrap\" data-name=\"radio-918\"><span class=\"wpcf7-form-control wpcf7-radio\"><span class=\"wpcf7-list-item first\"><label><input type=\"radio\" name=\"radio-918\" value=\"1\" \/><span class=\"wpcf7-list-item-label\">1<\/span><\/label><\/span><span class=\"wpcf7-list-item\"><label><input type=\"radio\" name=\"radio-918\" value=\"2\" \/><span class=\"wpcf7-list-item-label\">2<\/span><\/label><\/span><span class=\"wpcf7-list-item\"><label><input type=\"radio\" name=\"radio-918\" value=\"3\" \/><span class=\"wpcf7-list-item-label\">3<\/span><\/label><\/span><span class=\"wpcf7-list-item\"><label><input type=\"radio\" name=\"radio-918\" value=\"4\" \/><span class=\"wpcf7-list-item-label\">4<\/span><\/label><\/span><span class=\"wpcf7-list-item last\"><label><input type=\"radio\" name=\"radio-918\" value=\"5\" checked=\"checked\" \/><span class=\"wpcf7-list-item-label\">5<\/span><\/label><\/span><\/span><\/span>\n<\/p>\n<p>6. Comment \u00e9valueriez-vous leur r\u00e9activit\u00e9 et leur appropriation sur une \u00e9chelle de 1 (m\u00e9diocre) \u00e0 5 (bon)\u00a0?\n<\/p>\n<p><span class=\"wpcf7-form-control-wrap\" data-name=\"radio-919\"><span class=\"wpcf7-form-control wpcf7-radio\"><span class=\"wpcf7-list-item first\"><label><input type=\"radio\" name=\"radio-919\" value=\"1\" \/><span class=\"wpcf7-list-item-label\">1<\/span><\/label><\/span><span class=\"wpcf7-list-item\"><label><input type=\"radio\" name=\"radio-919\" value=\"2\" \/><span class=\"wpcf7-list-item-label\">2<\/span><\/label><\/span><span class=\"wpcf7-list-item\"><label><input type=\"radio\" name=\"radio-919\" value=\"3\" \/><span class=\"wpcf7-list-item-label\">3<\/span><\/label><\/span><span class=\"wpcf7-list-item\"><label><input type=\"radio\" name=\"radio-919\" value=\"4\" \/><span class=\"wpcf7-list-item-label\">4<\/span><\/label><\/span><span class=\"wpcf7-list-item last\"><label><input type=\"radio\" name=\"radio-919\" value=\"5\" checked=\"checked\" \/><span class=\"wpcf7-list-item-label\">5<\/span><\/label><\/span><\/span><\/span>\n<\/p>\n<p><label>7. Une discipline et des directives coh\u00e9rentes ont-elles \u00e9t\u00e9 fournies concernant l&#039;approche, la port\u00e9e et le calendrier\u00a0?<span style=\"color:#b71c1c;\">*<\/span><\/label>\n<\/p>\n<p><span class=\"wpcf7-form-control-wrap\" data-name=\"radio-913\"><span class=\"wpcf7-form-control wpcf7-radio\"><span class=\"wpcf7-list-item first\"><label><input type=\"radio\" name=\"radio-913\" value=\"Less than expected\" \/><span class=\"wpcf7-list-item-label\">Moins que pr\u00e9vu<\/span><\/label><\/span><span class=\"wpcf7-list-item\"><label><input type=\"radio\" name=\"radio-913\" value=\"As expected\" \/><span class=\"wpcf7-list-item-label\">Comme pr\u00e9vu<\/span><\/label><\/span><span class=\"wpcf7-list-item\"><label><input type=\"radio\" name=\"radio-913\" value=\"More than expected\" \/><span class=\"wpcf7-list-item-label\">Plus que pr\u00e9vu<\/span><\/label><\/span><span class=\"wpcf7-list-item last\"><label><input type=\"radio\" name=\"radio-913\" value=\"Consistently more\" checked=\"checked\" \/><span class=\"wpcf7-list-item-label\">Toujours plus<\/span><\/label><\/span><\/span><\/span>\n<\/p>\n<p><label>8. L&#039;\u00e9quipe du projet a-t-elle \u00e9t\u00e9 cr\u00e9ative et flexible dans son approche pour atteindre les objectifs\u00a0?<span style=\"color:#b71c1c;\">*<\/span><\/label>\n<\/p>\n<p><span class=\"wpcf7-form-control-wrap\" data-name=\"radio-914\"><span class=\"wpcf7-form-control wpcf7-radio\"><span class=\"wpcf7-list-item first\"><label><input type=\"radio\" name=\"radio-914\" value=\"Less than expected\" \/><span class=\"wpcf7-list-item-label\">Moins que pr\u00e9vu<\/span><\/label><\/span><span class=\"wpcf7-list-item\"><label><input type=\"radio\" name=\"radio-914\" value=\"As expected\" \/><span class=\"wpcf7-list-item-label\">Comme pr\u00e9vu<\/span><\/label><\/span><span class=\"wpcf7-list-item\"><label><input type=\"radio\" name=\"radio-914\" value=\"More than expected\" \/><span class=\"wpcf7-list-item-label\">Plus que pr\u00e9vu<\/span><\/label><\/span><span class=\"wpcf7-list-item last\"><label><input type=\"radio\" name=\"radio-914\" value=\"Consistently more\" checked=\"checked\" \/><span class=\"wpcf7-list-item-label\">Toujours plus<\/span><\/label><\/span><\/span><\/span>\n<\/p>\n<p><label>9. Sur une \u00e9chelle de 0 \u00e0 10, dans quelle mesure seriez-vous susceptible de nous recommander \u00e0 un coll\u00e8gue ou un ami\u00a0?<span style=\"color:#b71c1c;\">*<\/span><\/label>\n<\/p>\n<p><span class=\"wpcf7-form-control-wrap\" data-name=\"radio-915\"><span class=\"wpcf7-form-control wpcf7-radio\"><span class=\"wpcf7-list-item first\"><label><input type=\"radio\" name=\"radio-915\" value=\"0 - 6\" \/><span class=\"wpcf7-list-item-label\">0 - 6<\/span><\/label><\/span><span class=\"wpcf7-list-item\"><label><input type=\"radio\" name=\"radio-915\" value=\"7 - 8\" \/><span class=\"wpcf7-list-item-label\">7 - 8<\/span><\/label><\/span><span class=\"wpcf7-list-item last\"><label><input type=\"radio\" name=\"radio-915\" value=\"9 - 10\" checked=\"checked\" \/><span class=\"wpcf7-list-item-label\">9 - 10<\/span><\/label><\/span><\/span><\/span>\n<\/p>\n<p><label>Commentaires \/ T\u00e9moignage<span style=\"color:#b71c1c;\">*<\/span><\/label>\n<\/p>\n<p><span class=\"wpcf7-form-control-wrap\" data-name=\"textarea-706\"><textarea cols=\"40\" rows=\"10\" maxlength=\"2000\" class=\"wpcf7-form-control wpcf7-textarea wpcf7-validates-as-required\" aria-required=\"true\" aria-invalid=\"false\" name=\"textarea-706\"><\/textarea><\/span>\n<\/p>\n<p><label>Veuillez partager vos commentaires sur la fa\u00e7on dont nous pouvons am\u00e9liorer notre service\/engagement sur le projet<\/label>\n<\/p>\n<p><span class=\"wpcf7-form-control-wrap\" data-name=\"textarea-707\"><textarea cols=\"40\" rows=\"10\" maxlength=\"2000\" class=\"wpcf7-form-control wpcf7-textarea wpcf7-validates-as-required\" aria-required=\"true\" aria-invalid=\"false\" name=\"textarea-707\"><\/textarea><\/span>\n<\/p>\n<p><span class=\"wpcf7-form-control-wrap\" data-name=\"checkbox-483\"><span class=\"wpcf7-form-control wpcf7-checkbox wpcf7-validates-as-required\"><span class=\"wpcf7-list-item first\"><input type=\"checkbox\" name=\"checkbox-483[]\" value=\"Please check this box to grant us permission to use your company logo and testimonial on our website or in our future marketing efforts.\" \/><span class=\"wpcf7-list-item-label\">Veuillez cocher cette case pour nous accorder la permission d&#039;utiliser le logo et le t\u00e9moignage de votre entreprise sur notre site Web ou dans nos futurs efforts de marketing.<\/span><\/span><span class=\"wpcf7-list-item last\"><input type=\"checkbox\" name=\"checkbox-483[]\" value=\"Please check this box if you are willing to act as a reference for our company in the future.\" \/><span class=\"wpcf7-list-item-label\">Veuillez cocher cette case si vous souhaitez servir de r\u00e9f\u00e9rence pour notre entreprise \u00e0 l&#039;avenir.<\/span><\/span><\/span><\/span>\n<\/p>\n<p><div class=\"cf7-cf-turnstile\" style=\"margin-top: 0px; margin-bottom: -15px;\"> <div id=\"cf-turnstile-cf7-3420478274\" class=\"cf-turnstile\" data-sitekey=\"0x4AAAAAAA8O2el6VVevz810\" data-theme=\"light\" data-language=\"auto\" data-size=\"normal\" data-retry=\"auto\" data-retry-interval=\"1000\" data-refresh-expired=\"auto\" data-refresh-timeout=\"auto\" data-action=\"contact-form-7\" data-callback=\"turnstileCF7Callback\" data-appearance=\"always\"><\/div> <script>document.addEventListener(\"DOMContentLoaded\", function() { setTimeout(function(){ var e=document.getElementById(\"cf-turnstile-cf7-3420478274\"); if(e&&!e.innerHTML.trim()){turnstile.render(e, {sitekey:\"0x4AAAAAAA8O2el6VVevz810\"});} }, 200); });<\/script> <br class=\"cf-turnstile-br cf-turnstile-br-cf7-3420478274\"> <style>#cf-turnstile-cf7-3420478274 { margin-left: -15px; }<\/style> <script>document.addEventListener(\"DOMContentLoaded\",function(){document.querySelectorAll('.wpcf7-form').forEach(function(e){e.addEventListener('submit',function(){if(document.getElementById('cf-turnstile-cf7-3420478274')){setTimeout(function(){turnstile.reset('#cf-turnstile-cf7-3420478274');},1000)}})})});<\/script> <\/div><br\/><input class=\"wpcf7-form-control wpcf7-submit has-spinner\" type=\"submit\" value=\"SOUMETTRE\" \/>\n<\/p><div class=\"wpcf7-response-output\" aria-hidden=\"true\"><\/div>\n<input type=\"hidden\" name=\"trp-form-language\" value=\"fr_fr\"\/><\/form>\n<\/div>\n<\/div>\n\t\t\t\t\t\t<\/div>\n\t\t\t\t\t<\/div>\n\t\t<\/div>\n\t\t\t\t\t<\/div>\n\t\t<\/section>\n\t\t\t\t<\/div>","protected":false},"excerpt":{"rendered":"<p>Feedback Thanks a lot for selecting our organization as your preferred partner for your project. We constantly strive to provide our customers with the best possible service and products as we believe our success can only be measured by our clients\u2019 success. Please help us improve our services by taking this quick 5-minute survey.<\/p>","protected":false},"author":1,"featured_media":0,"parent":0,"menu_order":0,"comment_status":"closed","ping_status":"closed","template":"","meta":{"footnotes":""},"class_list":["post-33278","page","type-page","status-publish","hentry"],"_links":{"self":[{"href":"https:\/\/www.carmatec.com\/fr_fr\/wp-json\/wp\/v2\/pages\/33278","targetHints":{"allow":["GET"]}}],"collection":[{"href":"https:\/\/www.carmatec.com\/fr_fr\/wp-json\/wp\/v2\/pages"}],"about":[{"href":"https:\/\/www.carmatec.com\/fr_fr\/wp-json\/wp\/v2\/types\/page"}],"author":[{"embeddable":true,"href":"https:\/\/www.carmatec.com\/fr_fr\/wp-json\/wp\/v2\/users\/1"}],"replies":[{"embeddable":true,"href":"https:\/\/www.carmatec.com\/fr_fr\/wp-json\/wp\/v2\/comments?post=33278"}],"version-history":[{"count":0,"href":"https:\/\/www.carmatec.com\/fr_fr\/wp-json\/wp\/v2\/pages\/33278\/revisions"}],"wp:attachment":[{"href":"https:\/\/www.carmatec.com\/fr_fr\/wp-json\/wp\/v2\/media?parent=33278"}],"curies":[{"name":"wp","href":"https:\/\/api.w.org\/{rel}","templated":true}]}}