{"id":30601,"date":"2022-08-27T10:11:17","date_gmt":"2022-08-27T10:11:17","guid":{"rendered":"https:\/\/new.carmatec.com\/?page_id=30601"},"modified":"2026-02-17T04:42:23","modified_gmt":"2026-02-17T04:42:23","slug":"developpement-dapplications-agiles","status":"publish","type":"page","link":"https:\/\/www.carmatec.com\/fr_fr\/agile-application-development\/","title":{"rendered":"D\u00e9veloppement d&#039;applications agiles"},"content":{"rendered":"<div data-elementor-type=\"wp-page\" data-elementor-id=\"30601\" class=\"elementor elementor-30601\" data-elementor-post-type=\"page\">\n\t\t\t\t\t\t<section class=\"elementor-section elementor-top-section elementor-element elementor-element-7c909139 elementor-section-height-min-height elementor-section-boxed elementor-section-height-default elementor-section-items-middle\" data-id=\"7c909139\" data-element_type=\"section\" data-e-type=\"section\" data-settings=\"{&quot;background_background&quot;:&quot;classic&quot;,&quot;shape_divider_bottom&quot;:&quot;waves&quot;}\">\n\t\t\t\t\t<div class=\"elementor-shape elementor-shape-bottom\" aria-hidden=\"true\" data-negative=\"false\">\n\t\t\t<svg xmlns=\"http:\/\/www.w3.org\/2000\/svg\" viewbox=\"0 0 1000 100\" preserveaspectratio=\"none\">\n\t<path class=\"elementor-shape-fill\" d=\"M421.9,6.5c22.6-2.5,51.5,0.4,75.5,5.3c23.6,4.9,70.9,23.5,100.5,35.7c75.8,32.2,133.7,44.5,192.6,49.7\tc23.6,2.1,48.7,3.5,103.4-2.5c54.7-6,106.2-25.6,106.2-25.6V0H0v30.3c0,0,72,32.6,158.4,30.5c39.2-0.7,92.8-6.7,134-22.4\tc21.2-8.1,52.2-18.2,79.7-24.2C399.3,7.9,411.6,7.5,421.9,6.5z\"\/>\n<\/svg>\t\t<\/div>\n\t\t\t\t\t<div class=\"elementor-container elementor-column-gap-default\">\n\t\t\t\t\t<div class=\"elementor-column elementor-col-50 elementor-top-column elementor-element elementor-element-64160c3\" data-id=\"64160c3\" data-element_type=\"column\" data-e-type=\"column\">\n\t\t\t<div class=\"elementor-widget-wrap elementor-element-populated\">\n\t\t\t\t\t\t<div class=\"elementor-element elementor-element-75d9b839 elementor-widget elementor-widget-heading\" data-id=\"75d9b839\" data-element_type=\"widget\" data-e-type=\"widget\" data-widget_type=\"heading.default\">\n\t\t\t\t\t<h2 class=\"elementor-heading-title elementor-size-default\">D\u00e9veloppement d&#039;applications agiles<\/h2>\t\t\t\t<\/div>\n\t\t\t\t<div class=\"elementor-element elementor-element-13a61744 elementor-widget elementor-widget-heading\" data-id=\"13a61744\" data-element_type=\"widget\" data-e-type=\"widget\" data-widget_type=\"heading.default\">\n\t\t\t\t\t<p class=\"elementor-heading-title elementor-size-default\">Construisez avec nous des solutions commerciales robustes et \u00e9volutives<\/p>\t\t\t\t<\/div>\n\t\t\t\t\t<\/div>\n\t\t<\/div>\n\t\t\t\t<div class=\"elementor-column elementor-col-50 elementor-top-column elementor-element elementor-element-525f1055 elementor-hidden-mobile\" data-id=\"525f1055\" data-element_type=\"column\" data-e-type=\"column\">\n\t\t\t<div class=\"elementor-widget-wrap\">\n\t\t\t\t\t\t\t<\/div>\n\t\t<\/div>\n\t\t\t\t\t<\/div>\n\t\t<\/section>\n\t\t\t\t<section class=\"elementor-section elementor-top-section elementor-element elementor-element-afba1a2 elementor-section-content-middle elementor-section-boxed elementor-section-height-default elementor-section-height-default\" data-id=\"afba1a2\" data-element_type=\"section\" data-e-type=\"section\">\n\t\t\t\t\t\t<div class=\"elementor-container elementor-column-gap-default\">\n\t\t\t\t\t<div class=\"elementor-column elementor-col-33 elementor-top-column elementor-element elementor-element-2611fc3\" data-id=\"2611fc3\" data-element_type=\"column\" data-e-type=\"column\">\n\t\t\t<div class=\"elementor-widget-wrap elementor-element-populated\">\n\t\t\t\t\t\t<div class=\"elementor-element elementor-element-0400011 elementor-invisible elementor-widget elementor-widget-heading\" data-id=\"0400011\" data-element_type=\"widget\" data-e-type=\"widget\" data-settings=\"{&quot;_animation&quot;:&quot;fadeInDown&quot;}\" data-widget_type=\"heading.default\">\n\t\t\t\t\t<h1 class=\"elementor-heading-title elementor-size-default\">D\u00e9veloppement d&#039;applications agiles<\/h1>\t\t\t\t<\/div>\n\t\t\t\t<div class=\"elementor-element elementor-element-d2f0e1b elementor-invisible elementor-widget elementor-widget-text-editor\" data-id=\"d2f0e1b\" data-element_type=\"widget\" data-e-type=\"widget\" data-settings=\"{&quot;_animation&quot;:&quot;fadeInDown&quot;}\" data-widget_type=\"text-editor.default\">\n\t\t\t\t\t\t\t\t\t<p>Con\u00e7u pour le monde d&#039;aujourd&#039;hui, centr\u00e9 sur l&#039;acheteur et hautement comp\u00e9titif, ax\u00e9 sur le march\u00e9, le d\u00e9veloppement Agile fournit essentiellement un cadre agile, avec un environnement technique et fonctionnel en constante \u00e9volution et une concentration sur la fourniture rapide de valeur commerciale. Dans un environnement commercial en \u00e9volution rapide, il ne fait aucun doute qu\u2019Agile est la voie \u00e0 suivre. L&#039;\u00e9volution rapide des conditions du march\u00e9 oblige les entreprises \u00e0 raccourcir les cycles de livraison et \u00e0 devenir plus r\u00e9actives aux attentes des clients. Le processus Agile int\u00e8gre de mani\u00e8re transparente le d\u00e9veloppement de logiciels pour s&#039;adapter \u00e0 ce mod\u00e8le, planifier des cycles de sprint et de vie des produits plus courts. Les sprints de 1 \u00e0 4 semaines, les stand-ups quotidiens, la planification continue des sprints, les r\u00e9visions et les commentaires rendent le processus de d\u00e9veloppement logiciel tr\u00e8s efficace, productif et \u00e9troitement contr\u00f4l\u00e9. Notre\u00a0<em>services de d\u00e9veloppement d&#039;applications agiles<\/em>\u00a0apportent visibilit\u00e9, meilleurs revenus, rapidit\u00e9 de mise sur le march\u00e9, meilleure gestion des risques, flexibilit\u00e9, contr\u00f4le des co\u00fbts et satisfaction client.<\/p>\t\t\t\t\t\t\t\t<\/div>\n\t\t\t\t\t<\/div>\n\t\t<\/div>\n\t\t\t\t<div class=\"elementor-column elementor-col-33 elementor-top-column elementor-element elementor-element-520eabb\" data-id=\"520eabb\" data-element_type=\"column\" data-e-type=\"column\">\n\t\t\t<div class=\"elementor-widget-wrap\">\n\t\t\t\t\t\t\t<\/div>\n\t\t<\/div>\n\t\t\t\t<div class=\"elementor-column elementor-col-33 elementor-top-column elementor-element elementor-element-f88bea6\" data-id=\"f88bea6\" data-element_type=\"column\" data-e-type=\"column\">\n\t\t\t<div class=\"elementor-widget-wrap elementor-element-populated\">\n\t\t\t\t\t\t<div class=\"elementor-element elementor-element-784c883 elementor-widget elementor-widget-image\" data-id=\"784c883\" data-element_type=\"widget\" data-e-type=\"widget\" data-widget_type=\"image.default\">\n\t\t\t\t\t\t\t\t\t\t\t\t\t\t\t<img decoding=\"async\" width=\"320\" height=\"234\" src=\"https:\/\/www.carmatec.com\/wp-content\/uploads\/2022\/08\/agile_benefits.png\" class=\"attachment-large size-large wp-image-30609\" alt=\"agile_avantages\" srcset=\"https:\/\/www.carmatec.com\/wp-content\/uploads\/2022\/08\/agile_benefits.png 320w, https:\/\/www.carmatec.com\/wp-content\/uploads\/2022\/08\/agile_benefits-300x219.png 300w\" sizes=\"(max-width: 320px) 100vw, 320px\" \/>\t\t\t\t\t\t\t\t\t\t\t\t\t\t\t<\/div>\n\t\t\t\t\t<\/div>\n\t\t<\/div>\n\t\t\t\t\t<\/div>\n\t\t<\/section>\n\t\t\t\t<section class=\"elementor-section elementor-top-section elementor-element elementor-element-c75b2ea elementor-section-boxed elementor-section-height-default elementor-section-height-default\" data-id=\"c75b2ea\" data-element_type=\"section\" data-e-type=\"section\">\n\t\t\t\t\t\t<div class=\"elementor-container elementor-column-gap-default\">\n\t\t\t\t\t<div class=\"elementor-column elementor-col-100 elementor-top-column elementor-element elementor-element-1e65850\" data-id=\"1e65850\" data-element_type=\"column\" data-e-type=\"column\">\n\t\t\t<div class=\"elementor-widget-wrap elementor-element-populated\">\n\t\t\t\t\t\t<div class=\"elementor-element elementor-element-e0c5024 elementor-invisible elementor-widget elementor-widget-heading\" data-id=\"e0c5024\" data-element_type=\"widget\" data-e-type=\"widget\" data-settings=\"{&quot;_animation&quot;:&quot;fadeInDown&quot;}\" data-widget_type=\"heading.default\">\n\t\t\t\t\t<h2 class=\"elementor-heading-title elementor-size-default\">Comment nous augmentons les avantages de votre entreprise gr\u00e2ce au mod\u00e8le Agile<\/h2>\t\t\t\t<\/div>\n\t\t\t\t<section class=\"elementor-section elementor-inner-section elementor-element elementor-element-e6b5141 elementor-section-boxed elementor-section-height-default elementor-section-height-default\" data-id=\"e6b5141\" data-element_type=\"section\" data-e-type=\"section\">\n\t\t\t\t\t\t<div class=\"elementor-container elementor-column-gap-default\">\n\t\t\t\t\t<div class=\"elementor-column elementor-col-50 elementor-inner-column elementor-element elementor-element-d016ae6\" data-id=\"d016ae6\" data-element_type=\"column\" data-e-type=\"column\">\n\t\t\t<div class=\"elementor-widget-wrap elementor-element-populated\">\n\t\t\t\t\t\t<div class=\"elementor-element elementor-element-42505a0 elementor-position-left elementor-vertical-align-top elementor-widget elementor-widget-image-box\" data-id=\"42505a0\" data-element_type=\"widget\" data-e-type=\"widget\" data-widget_type=\"image-box.default\">\n\t\t\t\t\t<div class=\"elementor-image-box-wrapper\"><figure class=\"elementor-image-box-img\"><img decoding=\"async\" width=\"72\" height=\"72\" src=\"https:\/\/www.carmatec.com\/wp-content\/uploads\/2022\/08\/icons_internet-marketing7.png\" class=\"attachment-full size-full wp-image-30610\" alt=\"ic\u00f4nes_internet-marketing7\" \/><\/figure><div class=\"elementor-image-box-content\"><h3 class=\"elementor-image-box-title\">G\u00e9n\u00e9ration de revenus \u2013 <\/h3><p class=\"elementor-image-box-description\">Le cycle de g\u00e9n\u00e9ration de revenus commence d\u00e8s que vous pouvez commercialiser le produit. Plus vite vous lancez, plus vite vous commencez \u00e0 g\u00e9n\u00e9rer des revenus. \u00c9tant donn\u00e9 que les fonctions Agile se concentrent sur la fourniture rapide et fr\u00e9quente de solutions commerciales, les organisations peuvent commencer \u00e0 fournir des solutions utiles imm\u00e9diatement, contrairement aux m\u00e9thodes traditionnelles. La r\u00e9duction des d\u00e9lais de mise sur le march\u00e9 augmente vos b\u00e9n\u00e9fices.<\/p><\/div><\/div>\t\t\t\t<\/div>\n\t\t\t\t<div class=\"elementor-element elementor-element-a947c1c elementor-position-left elementor-vertical-align-top elementor-widget elementor-widget-image-box\" data-id=\"a947c1c\" data-element_type=\"widget\" data-e-type=\"widget\" data-widget_type=\"image-box.default\">\n\t\t\t\t\t<div class=\"elementor-image-box-wrapper\"><figure class=\"elementor-image-box-img\"><img decoding=\"async\" width=\"72\" height=\"72\" src=\"https:\/\/www.carmatec.com\/wp-content\/uploads\/2022\/08\/icons_internet-marketing7.png\" class=\"attachment-full size-full wp-image-30610\" alt=\"ic\u00f4nes_internet-marketing7\" \/><\/figure><div class=\"elementor-image-box-content\"><h3 class=\"elementor-image-box-title\">Visibilit\u00e9\/Transparence \u2013<\/h3><p class=\"elementor-image-box-description\">Agile favorise une meilleure visibilit\u00e9 car les parties prenantes sont impliqu\u00e9es tout au long du processus de livraison. Cela permet un niveau plus \u00e9lev\u00e9 de participation du client \u00e0 la planification du projet. Ce processus garantit \u00e9galement que les clients sont continuellement en contact avec le produit alors qu&#039;il s&#039;agit d&#039;un travail en cours favorisant la transparence.<\/p><\/div><\/div>\t\t\t\t<\/div>\n\t\t\t\t<div class=\"elementor-element elementor-element-f5f05af elementor-position-left elementor-vertical-align-top elementor-widget elementor-widget-image-box\" data-id=\"f5f05af\" data-element_type=\"widget\" data-e-type=\"widget\" data-widget_type=\"image-box.default\">\n\t\t\t\t\t<div class=\"elementor-image-box-wrapper\"><figure class=\"elementor-image-box-img\"><img decoding=\"async\" width=\"72\" height=\"72\" src=\"https:\/\/www.carmatec.com\/wp-content\/uploads\/2022\/08\/icons_internet-marketing7.png\" class=\"attachment-full size-full wp-image-30610\" alt=\"ic\u00f4nes_internet-marketing7\" \/><\/figure><div class=\"elementor-image-box-content\"><h3 class=\"elementor-image-box-title\">Contr\u00f4le des co\u00fbts - <\/h3><p class=\"elementor-image-box-description\">Le co\u00fbt de mise \u00e0 l\u2019\u00e9chelle et d\u2019am\u00e9lioration peut \u00eatre contr\u00f4l\u00e9 progressivement, ce qui facilite l\u2019investissement dans l\u2019entreprise.<\/p><\/div><\/div>\t\t\t\t<\/div>\n\t\t\t\t<div class=\"elementor-element elementor-element-4febd26 elementor-position-left elementor-vertical-align-top elementor-widget elementor-widget-image-box\" data-id=\"4febd26\" data-element_type=\"widget\" data-e-type=\"widget\" data-widget_type=\"image-box.default\">\n\t\t\t\t\t<div class=\"elementor-image-box-wrapper\"><figure class=\"elementor-image-box-img\"><img decoding=\"async\" width=\"72\" height=\"72\" src=\"https:\/\/www.carmatec.com\/wp-content\/uploads\/2022\/08\/icons_internet-marketing7.png\" class=\"attachment-full size-full wp-image-30610\" alt=\"ic\u00f4nes_internet-marketing7\" \/><\/figure><div class=\"elementor-image-box-content\"><h3 class=\"elementor-image-box-title\">Satisfaction du client - <\/h3><p class=\"elementor-image-box-description\">L&#039;implication active du propri\u00e9taire de l&#039;entreprise augmente la satisfaction du client et garantit \u00e9galement une boucle de r\u00e9troaction continue. Du c\u00f4t\u00e9 des entreprises, les commentaires des clients peuvent \u00eatre rapidement int\u00e9gr\u00e9s \u00e0 la plateforme ou pris en compte, aidant ainsi les entreprises \u00e0 rester tr\u00e8s r\u00e9actives.<\/p><\/div><\/div>\t\t\t\t<\/div>\n\t\t\t\t\t<\/div>\n\t\t<\/div>\n\t\t\t\t<div class=\"elementor-column elementor-col-50 elementor-inner-column elementor-element elementor-element-227b049\" data-id=\"227b049\" data-element_type=\"column\" data-e-type=\"column\">\n\t\t\t<div class=\"elementor-widget-wrap elementor-element-populated\">\n\t\t\t\t\t\t<div class=\"elementor-element elementor-element-c68b12d elementor-position-left elementor-vertical-align-top elementor-widget elementor-widget-image-box\" data-id=\"c68b12d\" data-element_type=\"widget\" data-e-type=\"widget\" data-widget_type=\"image-box.default\">\n\t\t\t\t\t<div class=\"elementor-image-box-wrapper\"><figure class=\"elementor-image-box-img\"><img decoding=\"async\" width=\"72\" height=\"72\" src=\"https:\/\/www.carmatec.com\/wp-content\/uploads\/2022\/08\/icons_internet-marketing7.png\" class=\"attachment-full size-full wp-image-30610\" alt=\"ic\u00f4nes_internet-marketing7\" \/><\/figure><div class=\"elementor-image-box-content\"><h3 class=\"elementor-image-box-title\">Aller au march\u00e9 - <\/h3><p class=\"elementor-image-box-description\">Si vous souhaitez devenir leader sur le march\u00e9 de votre entreprise, le temps devient un facteur crucial. Un mod\u00e8le de livraison incr\u00e9mentiel est possible avec le d\u00e9veloppement Agile et vous arrivez plus rapidement sur le march\u00e9.<\/p><\/div><\/div>\t\t\t\t<\/div>\n\t\t\t\t<div class=\"elementor-element elementor-element-11e625e elementor-position-left elementor-vertical-align-top elementor-widget elementor-widget-image-box\" data-id=\"11e625e\" data-element_type=\"widget\" data-e-type=\"widget\" data-widget_type=\"image-box.default\">\n\t\t\t\t\t<div class=\"elementor-image-box-wrapper\"><figure class=\"elementor-image-box-img\"><img decoding=\"async\" width=\"72\" height=\"72\" src=\"https:\/\/www.carmatec.com\/wp-content\/uploads\/2022\/08\/icons_internet-marketing7.png\" class=\"attachment-full size-full wp-image-30610\" alt=\"ic\u00f4nes_internet-marketing7\" \/><\/figure><div class=\"elementor-image-box-content\"><h3 class=\"elementor-image-box-title\">Flexibilit\u00e9\/Agilit\u00e9 \u2013<\/h3><p class=\"elementor-image-box-description\">Le mod\u00e8le agile est bas\u00e9 sur ces concepts et permet aux entreprises de rester agiles face aux besoins des clients. Le projet est termin\u00e9 en parties pr\u00e9d\u00e9termin\u00e9es qui sont ensuite examin\u00e9es avec les clients avant de passer \u00e0 l&#039;\u00e9tape suivante de la solution, offrant ainsi une plus grande flexibilit\u00e9 lorsqu&#039;il s&#039;agit de faire pivoter un projet dans une autre direction ou de corriger le cap si quelque chose ne va pas.<\/p><\/div><\/div>\t\t\t\t<\/div>\n\t\t\t\t<div class=\"elementor-element elementor-element-7017014 elementor-position-left elementor-vertical-align-top elementor-widget elementor-widget-image-box\" data-id=\"7017014\" data-element_type=\"widget\" data-e-type=\"widget\" data-widget_type=\"image-box.default\">\n\t\t\t\t\t<div class=\"elementor-image-box-wrapper\"><figure class=\"elementor-image-box-img\"><img decoding=\"async\" width=\"72\" height=\"72\" src=\"https:\/\/www.carmatec.com\/wp-content\/uploads\/2022\/08\/icons_internet-marketing7.png\" class=\"attachment-full size-full wp-image-30610\" alt=\"ic\u00f4nes_internet-marketing7\" \/><\/figure><div class=\"elementor-image-box-content\"><h3 class=\"elementor-image-box-title\">Gestion des risques - <\/h3><p class=\"elementor-image-box-description\">La visibilit\u00e9 accrue, la pr\u00e9visibilit\u00e9, l&#039;engagement des parties prenantes et les avantages financiers d&#039;Agile contribuent consid\u00e9rablement \u00e0 att\u00e9nuer les risques commerciaux.<\/p><\/div><\/div>\t\t\t\t<\/div>\n\t\t\t\t<div class=\"elementor-element elementor-element-4fa4385 elementor-position-left elementor-vertical-align-top elementor-widget elementor-widget-image-box\" data-id=\"4fa4385\" data-element_type=\"widget\" data-e-type=\"widget\" data-widget_type=\"image-box.default\">\n\t\t\t\t\t<div class=\"elementor-image-box-wrapper\"><figure class=\"elementor-image-box-img\"><img decoding=\"async\" width=\"72\" height=\"72\" src=\"https:\/\/www.carmatec.com\/wp-content\/uploads\/2022\/08\/icons_internet-marketing7.png\" class=\"attachment-full size-full wp-image-30610\" alt=\"ic\u00f4nes_internet-marketing7\" \/><\/figure><div class=\"elementor-image-box-content\"><h3 class=\"elementor-image-box-title\">Contr\u00f4le de qualit\u00e9<\/h3><p class=\"elementor-image-box-description\">L&#039;un des principes cl\u00e9s d&#039;Agile est que les tests sont int\u00e9gr\u00e9s tout au long du cycle de vie, permettant une inspection r\u00e9guli\u00e8re du produit et son alignement sur les besoins du client. Les lacunes peuvent \u00eatre d\u00e9tect\u00e9es et trait\u00e9es plus t\u00f4t que pr\u00e9vu.<\/p><\/div><\/div>\t\t\t\t<\/div>\n\t\t\t\t\t<\/div>\n\t\t<\/div>\n\t\t\t\t\t<\/div>\n\t\t<\/section>\n\t\t\t\t\t<\/div>\n\t\t<\/div>\n\t\t\t\t\t<\/div>\n\t\t<\/section>\n\t\t\t\t<section class=\"elementor-section elementor-top-section elementor-element elementor-element-27b4417 elementor-section-boxed elementor-section-height-default elementor-section-height-default\" data-id=\"27b4417\" data-element_type=\"section\" data-e-type=\"section\">\n\t\t\t\t\t\t<div class=\"elementor-container elementor-column-gap-default\">\n\t\t\t\t\t<div class=\"elementor-column elementor-col-50 elementor-top-column elementor-element elementor-element-7c4a391\" data-id=\"7c4a391\" data-element_type=\"column\" data-e-type=\"column\">\n\t\t\t<div class=\"elementor-widget-wrap elementor-element-populated\">\n\t\t\t\t\t\t<div class=\"elementor-element elementor-element-bf12c9c elementor-invisible elementor-widget elementor-widget-heading\" data-id=\"bf12c9c\" data-element_type=\"widget\" data-e-type=\"widget\" data-settings=\"{&quot;_animation&quot;:&quot;fadeInDown&quot;}\" data-widget_type=\"heading.default\">\n\t\t\t\t\t<h2 class=\"elementor-heading-title elementor-size-default\">Cycle de vie du projet agile<\/h2>\t\t\t\t<\/div>\n\t\t\t\t<div class=\"elementor-element elementor-element-7c70990 elementor-widget elementor-widget-image\" data-id=\"7c70990\" data-element_type=\"widget\" data-e-type=\"widget\" data-widget_type=\"image.default\">\n\t\t\t\t\t\t\t\t\t\t\t\t\t\t\t<img decoding=\"async\" width=\"510\" height=\"434\" src=\"https:\/\/www.carmatec.com\/wp-content\/uploads\/2022\/08\/agile_workflow1.png\" class=\"attachment-large size-large wp-image-30614\" alt=\"agile_workflow1\" srcset=\"https:\/\/www.carmatec.com\/wp-content\/uploads\/2022\/08\/agile_workflow1.png 510w, https:\/\/www.carmatec.com\/wp-content\/uploads\/2022\/08\/agile_workflow1-300x255.png 300w\" sizes=\"(max-width: 510px) 100vw, 510px\" \/>\t\t\t\t\t\t\t\t\t\t\t\t\t\t\t<\/div>\n\t\t\t\t<div class=\"elementor-element elementor-element-691f082 elementor-widget elementor-widget-spacer\" data-id=\"691f082\" data-element_type=\"widget\" data-e-type=\"widget\" data-widget_type=\"spacer.default\">\n\t\t\t\t\t\t\t<div class=\"elementor-spacer\">\n\t\t\t<div class=\"elementor-spacer-inner\"><\/div>\n\t\t<\/div>\n\t\t\t\t\t\t<\/div>\n\t\t\t\t<div class=\"elementor-element elementor-element-bfcb89b elementor-widget elementor-widget-image\" data-id=\"bfcb89b\" data-element_type=\"widget\" data-e-type=\"widget\" data-widget_type=\"image.default\">\n\t\t\t\t\t\t\t\t\t\t\t\t\t\t\t\t<a href=\"https:\/\/www.carmatec.com\/fr_fr\/portefeuille\/\">\n\t\t\t\t\t\t\t<img decoding=\"async\" width=\"510\" height=\"100\" src=\"https:\/\/www.carmatec.com\/wp-content\/uploads\/2022\/08\/view-portfolio.jpg\" class=\"attachment-full size-full wp-image-30617\" alt=\"voir le portefeuille\" srcset=\"https:\/\/www.carmatec.com\/wp-content\/uploads\/2022\/08\/view-portfolio.jpg 510w, https:\/\/www.carmatec.com\/wp-content\/uploads\/2022\/08\/view-portfolio-300x59.jpg 300w\" sizes=\"(max-width: 510px) 100vw, 510px\" \/>\t\t\t\t\t\t\t\t<\/a>\n\t\t\t\t\t\t\t\t\t\t\t\t\t\t\t<\/div>\n\t\t\t\t\t<\/div>\n\t\t<\/div>\n\t\t\t\t<div class=\"elementor-column elementor-col-50 elementor-top-column elementor-element elementor-element-9a118b2\" data-id=\"9a118b2\" data-element_type=\"column\" data-e-type=\"column\">\n\t\t\t<div class=\"elementor-widget-wrap elementor-element-populated\">\n\t\t\t\t\t\t<div class=\"elementor-element elementor-element-8c07843 elementor-invisible elementor-widget elementor-widget-heading\" data-id=\"8c07843\" data-element_type=\"widget\" data-e-type=\"widget\" data-settings=\"{&quot;_animation&quot;:&quot;fadeInDown&quot;}\" data-widget_type=\"heading.default\">\n\t\t\t\t\t<h2 class=\"elementor-heading-title elementor-size-default\">Comparaison<\/h2>\t\t\t\t<\/div>\n\t\t\t\t<div class=\"elementor-element elementor-element-df7c2d9 elementor-widget elementor-widget-image\" data-id=\"df7c2d9\" data-element_type=\"widget\" data-e-type=\"widget\" data-widget_type=\"image.default\">\n\t\t\t\t\t\t\t\t\t\t\t\t\t\t\t<img decoding=\"async\" width=\"510\" height=\"500\" src=\"https:\/\/www.carmatec.com\/wp-content\/uploads\/2022\/08\/agile_comparision.png\" class=\"attachment-large size-large wp-image-30616\" alt=\"comparaison_agile\" srcset=\"https:\/\/www.carmatec.com\/wp-content\/uploads\/2022\/08\/agile_comparision.png 510w, https:\/\/www.carmatec.com\/wp-content\/uploads\/2022\/08\/agile_comparision-300x294.png 300w\" sizes=\"(max-width: 510px) 100vw, 510px\" \/>\t\t\t\t\t\t\t\t\t\t\t\t\t\t\t<\/div>\n\t\t\t\t<div class=\"elementor-element elementor-element-824cee8 elementor-widget elementor-widget-image\" data-id=\"824cee8\" data-element_type=\"widget\" data-e-type=\"widget\" data-widget_type=\"image.default\">\n\t\t\t\t\t\t\t\t\t\t\t\t\t\t\t\t<a href=\"https:\/\/www.carmatec.com\/fr_fr\/etude-de-cas\/\">\n\t\t\t\t\t\t\t<img decoding=\"async\" width=\"510\" height=\"100\" src=\"https:\/\/www.carmatec.com\/wp-content\/uploads\/2022\/08\/view-casestudy.jpg\" class=\"attachment-large size-large wp-image-30624\" alt=\"voir l&#039;\u00e9tude de cas\" srcset=\"https:\/\/www.carmatec.com\/wp-content\/uploads\/2022\/08\/view-casestudy.jpg 510w, https:\/\/www.carmatec.com\/wp-content\/uploads\/2022\/08\/view-casestudy-300x59.jpg 300w\" sizes=\"(max-width: 510px) 100vw, 510px\" \/>\t\t\t\t\t\t\t\t<\/a>\n\t\t\t\t\t\t\t\t\t\t\t\t\t\t\t<\/div>\n\t\t\t\t\t<\/div>\n\t\t<\/div>\n\t\t\t\t\t<\/div>\n\t\t<\/section>\n\t\t\t\t<\/div>","protected":false},"excerpt":{"rendered":"<p>Agile Application Development Build robust and scalable business solutions with us Agile Application Development Designed for today\u2019s buyer-centric, highly competitive market-driven world, Agile development, essentially, provide a nimble framework, with continually developing technical and functional setting and focus on the rapid delivery of business value. In a fast changing business environment, there is no doubt [&hellip;]<\/p>\n","protected":false},"author":1,"featured_media":0,"parent":0,"menu_order":0,"comment_status":"closed","ping_status":"closed","template":"","meta":{"footnotes":""},"class_list":["post-30601","page","type-page","status-publish","hentry"],"_links":{"self":[{"href":"https:\/\/www.carmatec.com\/fr_fr\/wp-json\/wp\/v2\/pages\/30601","targetHints":{"allow":["GET"]}}],"collection":[{"href":"https:\/\/www.carmatec.com\/fr_fr\/wp-json\/wp\/v2\/pages"}],"about":[{"href":"https:\/\/www.carmatec.com\/fr_fr\/wp-json\/wp\/v2\/types\/page"}],"author":[{"embeddable":true,"href":"https:\/\/www.carmatec.com\/fr_fr\/wp-json\/wp\/v2\/users\/1"}],"replies":[{"embeddable":true,"href":"https:\/\/www.carmatec.com\/fr_fr\/wp-json\/wp\/v2\/comments?post=30601"}],"version-history":[{"count":3,"href":"https:\/\/www.carmatec.com\/fr_fr\/wp-json\/wp\/v2\/pages\/30601\/revisions"}],"predecessor-version":[{"id":50602,"href":"https:\/\/www.carmatec.com\/fr_fr\/wp-json\/wp\/v2\/pages\/30601\/revisions\/50602"}],"wp:attachment":[{"href":"https:\/\/www.carmatec.com\/fr_fr\/wp-json\/wp\/v2\/media?parent=30601"}],"curies":[{"name":"wp","href":"https:\/\/api.w.org\/{rel}","templated":true}]}}