{"id":3,"date":"2021-12-10T06:19:44","date_gmt":"2021-12-10T06:19:44","guid":{"rendered":"https:\/\/new.carmatec.com\/?page_id=3"},"modified":"2023-07-28T13:39:44","modified_gmt":"2023-07-28T13:39:44","slug":"politique-de-confidentialite","status":"publish","type":"page","link":"https:\/\/www.carmatec.com\/fr_fr\/privacy-policy\/","title":{"rendered":"politique de confidentialit\u00e9"},"content":{"rendered":"<div data-elementor-type=\"wp-page\" data-elementor-id=\"3\" class=\"elementor elementor-3\" data-elementor-post-type=\"page\">\n\t\t\t\t\t\t<section class=\"elementor-section elementor-top-section elementor-element elementor-element-2d503556 elementor-section-height-min-height elementor-section-boxed elementor-section-height-default elementor-section-items-middle\" data-id=\"2d503556\" data-element_type=\"section\" data-e-type=\"section\" data-settings=\"{&quot;background_background&quot;:&quot;classic&quot;,&quot;shape_divider_bottom&quot;:&quot;waves&quot;}\">\n\t\t\t\t\t<div class=\"elementor-shape elementor-shape-bottom\" aria-hidden=\"true\" data-negative=\"false\">\n\t\t\t<svg xmlns=\"http:\/\/www.w3.org\/2000\/svg\" viewbox=\"0 0 1000 100\" preserveaspectratio=\"none\">\n\t<path class=\"elementor-shape-fill\" d=\"M421.9,6.5c22.6-2.5,51.5,0.4,75.5,5.3c23.6,4.9,70.9,23.5,100.5,35.7c75.8,32.2,133.7,44.5,192.6,49.7\tc23.6,2.1,48.7,3.5,103.4-2.5c54.7-6,106.2-25.6,106.2-25.6V0H0v30.3c0,0,72,32.6,158.4,30.5c39.2-0.7,92.8-6.7,134-22.4\tc21.2-8.1,52.2-18.2,79.7-24.2C399.3,7.9,411.6,7.5,421.9,6.5z\"\/>\n<\/svg>\t\t<\/div>\n\t\t\t\t\t<div class=\"elementor-container elementor-column-gap-default\">\n\t\t\t\t\t<div class=\"elementor-column elementor-col-50 elementor-top-column elementor-element elementor-element-46c0a86e\" data-id=\"46c0a86e\" data-element_type=\"column\" data-e-type=\"column\">\n\t\t\t<div class=\"elementor-widget-wrap elementor-element-populated\">\n\t\t\t\t\t\t<div class=\"elementor-element elementor-element-27ffc72e elementor-widget elementor-widget-heading\" data-id=\"27ffc72e\" data-element_type=\"widget\" data-e-type=\"widget\" data-widget_type=\"heading.default\">\n\t\t\t\t\t<h1 class=\"elementor-heading-title elementor-size-default\">POLITIQUE DE CONFIDENTIALIT\u00c9<\/h1>\t\t\t\t<\/div>\n\t\t\t\t\t<\/div>\n\t\t<\/div>\n\t\t\t\t<div class=\"elementor-column elementor-col-50 elementor-top-column elementor-element elementor-element-4efa979e elementor-hidden-mobile\" data-id=\"4efa979e\" data-element_type=\"column\" data-e-type=\"column\">\n\t\t\t<div class=\"elementor-widget-wrap\">\n\t\t\t\t\t\t\t<\/div>\n\t\t<\/div>\n\t\t\t\t\t<\/div>\n\t\t<\/section>\n\t\t\t\t<section class=\"elementor-section elementor-top-section elementor-element elementor-element-61248af2 elementor-section-boxed elementor-section-height-default elementor-section-height-default\" data-id=\"61248af2\" data-element_type=\"section\" data-e-type=\"section\">\n\t\t\t\t\t\t<div class=\"elementor-container elementor-column-gap-default\">\n\t\t\t\t\t<div class=\"elementor-column elementor-col-100 elementor-top-column elementor-element elementor-element-5f5ae431\" data-id=\"5f5ae431\" data-element_type=\"column\" data-e-type=\"column\">\n\t\t\t<div class=\"elementor-widget-wrap elementor-element-populated\">\n\t\t\t\t\t\t<div class=\"elementor-element elementor-element-7517073c elementor-widget elementor-widget-text-editor\" data-id=\"7517073c\" data-element_type=\"widget\" data-e-type=\"widget\" data-widget_type=\"text-editor.default\">\n\t\t\t\t\t\t\t\t\t<p><\/p>\n<div>\n<h2 class=\"wp-block-heading\">Notre engagement envers la confidentialit\u00e9.<\/h2>\n<p>Bienvenue sur le site Web de Carmatec (le \u00ab\u00a0Site\u00a0\u00bb). Aux fins de la pr\u00e9sente Politique, les termes \u00ab nous \u00bb, \u00ab notre \u00bb, \u00ab Soci\u00e9t\u00e9 \u00bb et \u00ab Soci\u00e9t\u00e9 \u00bb font r\u00e9f\u00e9rence \u00e0 Carmatec et \u00e0 toutes nos soci\u00e9t\u00e9s affili\u00e9es. \u00ab\u00a0Vous\u00a0\u00bb fait r\u00e9f\u00e9rence \u00e0 vous, en tant qu&#039;utilisateur de ce site. Cette section explique notre politique concernant toute information personnelle que vous pourriez nous fournir lorsque vous visitez notre (nos) site (s) Web. Notre politique de confidentialit\u00e9 (la \u00ab\u00a0Politique\u00a0\u00bb) a \u00e9t\u00e9 d\u00e9velopp\u00e9e dans le prolongement de notre engagement \u00e0 combiner des produits et services de la plus haute qualit\u00e9 avec le plus haut niveau d&#039;int\u00e9grit\u00e9 dans nos relations avec nos clients et partenaires. Cette politique est con\u00e7ue pour vous aider \u00e0 comprendre comment nous collectons, utilisons et prot\u00e9geons les informations personnelles que vous nous fournissez et pour vous aider \u00e0 prendre des d\u00e9cisions \u00e9clair\u00e9es lors de l&#039;utilisation de notre site et de nos produits et services. Cette d\u00e9claration sera continuellement \u00e9valu\u00e9e par rapport aux nouvelles technologies, aux pratiques commerciales et aux besoins de nos clients.<\/p>\n<\/div>\n<div>\n<h2>Votre consentement.<\/h2>\n<p>En utilisant ce site, vous consentez \u00e0 notre collecte et \u00e0 notre utilisation de vos informations personnelles comme d\u00e9crit dans la pr\u00e9sente politique de confidentialit\u00e9. La politique de confidentialit\u00e9 de la soci\u00e9t\u00e9 s&#039;applique aux individus et nous nous r\u00e9servons le droit de modifier cette politique de confidentialit\u00e9, ainsi que les proc\u00e9dures associ\u00e9es, \u00e0 tout moment.<\/p>\n<\/div>\n<div>\n<h2>Collecte, utilisation et conservation des informations client.<\/h2>\n<p>Lorsque vous visitez notre Site, vous pouvez nous fournir deux types d&#039;informations :<br \/><b>1)<\/b>\u00a0les informations personnelles que vous choisissez sciemment de divulguer et qui sont collect\u00e9es sur une base individuelle\u00a0; et<br \/><b>2)\u00a0<\/b>Le site Web utilise les informations collect\u00e9es de mani\u00e8re globale lorsque vous et d\u2019autres naviguez sur notre site.<\/p>\n<\/div>\n<div>\n<div>\n<h2>S\u00e9curit\u00e9 des informations :<\/h2>\n<p>Nous assurerons la s\u00e9curit\u00e9 de vos informations en les conservant dans des environnements tr\u00e8s s\u00e9curis\u00e9s qui sont prot\u00e9g\u00e9s par des proc\u00e9dures de s\u00e9curit\u00e9 robustes.<\/p>\n<h3>1. Informations personnelles \u2013 Notre utilisation des informations que vous nous fournissez.<\/h3>\n<h4>A. Politique g\u00e9n\u00e9rale<\/h4>\n<p>D&#039;une mani\u00e8re g\u00e9n\u00e9rale, nous utilisons les informations personnelles dans le but d&#039;administrer nos activit\u00e9s commerciales, de fournir un service client et de mettre d&#039;autres produits et services \u00e0 la disposition de nos clients et clients potentiels. Occasionnellement, nous pouvons \u00e9galement utiliser les informations que nous collectons pour vous informer de modifications importantes apport\u00e9es \u00e0 notre site, de nouveaux services et d&#039;offres sp\u00e9ciales que nous pensons susceptibles de vous int\u00e9resser. Les listes utilis\u00e9es pour vous envoyer des offres de produits et de services sont d\u00e9velopp\u00e9es et g\u00e9r\u00e9es selon nos normes d&#039;entreprise traditionnelles con\u00e7ues pour prot\u00e9ger la s\u00e9curit\u00e9 et la confidentialit\u00e9 des informations personnelles de nos clients. Si vous souhaitez ne pas recevoir ces offres, veuillez envoyer un mail \u00e0 unsubscribe@carmatec.com.<\/p>\n<h4><b>B.<\/b>\u00a0Informations sur la carte de cr\u00e9dit<\/h4>\n<p>Si vous choisissez d&#039;acheter des produits ou des services aupr\u00e8s de la Soci\u00e9t\u00e9 ou de nos partenaires, vous devrez peut-\u00eatre fournir des informations personnelles et une autorisation pour obtenir des informations aupr\u00e8s de divers services de cr\u00e9dit. Par exemple, vous devrez peut-\u00eatre fournir les informations suivantes\u00a0:<\/p>\n<p>Nom<br \/>Adresse postale<br \/>Adresse e-mail<br \/>Num\u00e9ro de Carte de Cr\u00e9dit<br \/>Num\u00e9ro de t\u00e9l\u00e9phone personnel et\/ou professionnel Autres informations personnelles<br \/>Informations par courrier \u00e9lectronique<\/p>\n<h4><b>C.<\/b>\u00a0E-mail.<\/h4>\n<p>Si vous choisissez de correspondre avec nous par courrier \u00e9lectronique, nous pouvons conserver le contenu de votre courrier \u00e9lectronique et notre r\u00e9ponse afin de pouvoir traiter plus efficacement toutes vos questions compl\u00e9mentaires.<\/p>\n<h4><b>D.<\/b>\u00a0Candidatures en ligne.<\/h4>\n<p>Lorsque vous postulez sur le Site pour des comptes ou des services, vous fournissez les informations personnelles qui nous sont n\u00e9cessaires pour traiter votre candidature. La soci\u00e9t\u00e9, ainsi que nos soci\u00e9t\u00e9s affili\u00e9es, peuvent conserver les informations que vous nous fournissez, ainsi que les informations que nous collectons aupr\u00e8s de sources externes, afin que nous puissions vous proposer des comptes et des services li\u00e9s \u00e0 vos besoins financiers.<\/p>\n<h4><b>E.\u00a0<\/b>Enqu\u00eates en ligne.<\/h4>\n<p>Les informations que vous fournissez \u00e0 la Soci\u00e9t\u00e9 via des enqu\u00eates en ligne et des promotions sur le Site seront utilis\u00e9es \u00e0 des fins de marketing interne, notamment pour le d\u00e9veloppement de nouveaux services et informations sur le Site.<\/p>\n<h3><b>2.<\/b>\u00a0Informations sur l&#039;utilisation du site Web.<\/h3>\n<p>Semblable \u00e0 d&#039;autres sites Web commerciaux, notre site utilise une technologie standard appel\u00e9e \u00ab cookies \u00bb et des journaux de serveur Web pour collecter des informations sur la fa\u00e7on dont notre site est utilis\u00e9.<\/p>\n<h4><b>UN.<\/b>\u00a0Que sont les cookies ?<\/h4>\n<p>Les \u00ab cookies \u00bb sont une fonctionnalit\u00e9 d&#039;un logiciel de navigation Web qui permet aux serveurs Web de reconna\u00eetre l&#039;ordinateur utilis\u00e9 pour acc\u00e9der \u00e0 un site Web. Il s&#039;agit de petits \u00e9l\u00e9ments de donn\u00e9es stock\u00e9s par le navigateur Web d&#039;un utilisateur sur le disque dur de l&#039;utilisateur. Les informations recueillies via les cookies et les journaux du serveur Web peuvent inclure des informations telles que la date et l&#039;heure des visites, les pages consult\u00e9es, le temps pass\u00e9 sur le Site et les sites Web visit\u00e9s juste avant et juste apr\u00e8s notre Site. Les cookies peuvent m\u00e9moriser les informations auxquelles un utilisateur acc\u00e8de sur une page Web pour simplifier les interactions ult\u00e9rieures avec ce site Web par le m\u00eame utilisateur ou pour utiliser ces informations pour rationaliser les transactions de l&#039;utilisateur sur des pages Web associ\u00e9es. Cela permet \u00e0 un utilisateur de passer plus facilement d&#039;une page Web \u00e0 une autre et d&#039;effectuer des transactions commerciales sur Internet. Les cookies devraient rendre votre exp\u00e9rience en ligne plus facile et plus personnalis\u00e9e.<\/p>\n<h4><b>B.<\/b>\u00a0Comment nous utilisons les informations que nous collectons \u00e0 partir des cookies.<\/h4>\n<p>Nous utilisons des outils logiciels de navigation sur le site Web tels que les cookies et les journaux du serveur Web pour recueillir des informations sur les activit\u00e9s de navigation des utilisateurs de notre site afin d&#039;am\u00e9liorer constamment notre site et de mieux servir nos clients. Ces informations nous aident \u00e0 concevoir et \u00e0 organiser nos pages Web de la mani\u00e8re la plus conviviale possible et \u00e0 am\u00e9liorer continuellement notre site pour mieux r\u00e9pondre aux besoins de nos clients et clients potentiels. Nous n&#039;utilisons pas ces technologies pour capturer votre adresse e-mail individuelle ou toute information d&#039;identification personnelle vous concernant, bien qu&#039;elles nous permettent de vous envoyer des banni\u00e8res publicitaires en ligne cibl\u00e9es ou d&#039;autres r\u00e9ponses similaires.<\/p>\n<h3>3. Divulgation d&#039;informations.<\/h3>\n<h4><b>UN.<\/b>\u00a0En g\u00e9n\u00e9ral<\/h4>\n<p>Nous pouvons fournir des informations globales sur nos clients, nos ventes, les mod\u00e8les de trafic sur le Site et les informations associ\u00e9es sur le Site \u00e0 nos soci\u00e9t\u00e9s affili\u00e9es ou \u00e0 des tiers r\u00e9put\u00e9s, mais ces informations n&#039;incluront pas de donn\u00e9es d&#039;identification personnelle, sauf indication contraire dans la pr\u00e9sente Politique de confidentialit\u00e9.<\/p>\n<h4><b>B.<\/b>\u00a0Divulgation d\u2019informations l\u00e9galement oblig\u00e9e.<\/h4>\n<p>Nous pouvons divulguer des informations lorsque nous y sommes l\u00e9galement oblig\u00e9s, c&#039;est-\u00e0-dire lorsque nous pensons, de bonne foi, que la loi l&#039;exige ou pour la protection de nos droits l\u00e9gaux.<\/p>\n<h4><b>C.\u00a0<\/b>Partager des informations avec les affili\u00e9s.<\/h4>\n<p>De temps en temps, vous remarquerez peut-\u00eatre des offres de soci\u00e9t\u00e9s ext\u00e9rieures annonc\u00e9es sur notre site. Nous prenons des mesures pour s\u00e9lectionner des fournisseurs de produits ou de services responsables et offrant une protection de la vie priv\u00e9e \u00e0 leurs clients. Cependant, nous ne pouvons faire et ne faisons aucune d\u00e9claration concernant les pratiques et politiques de ces soci\u00e9t\u00e9s.<\/p>\n<p><em>Nous travaillons en partenariat avec Microsoft Clarity et Microsoft Advertising pour capturer la fa\u00e7on dont vous utilisez et interagissez avec notre site Web gr\u00e2ce \u00e0 des mesures comportementales, des cartes thermiques et une relecture de session afin d&#039;am\u00e9liorer et de commercialiser nos produits\/services. Les donn\u00e9es d&#039;utilisation du site Web sont captur\u00e9es \u00e0 l&#039;aide de cookies propri\u00e9taires et tiers et d&#039;autres technologies de suivi pour d\u00e9terminer la popularit\u00e9 des produits\/services et de l&#039;activit\u00e9 en ligne. De plus, nous utilisons ces informations \u00e0 des fins d&#039;optimisation du site, \u00e0 des fins de fraude\/s\u00e9curit\u00e9 et de publicit\u00e9.<\/em><\/p>\n<h4><b>D.<\/b>\u00a0Partager des informations avec des partenaires strat\u00e9giques.<\/h4>\n<p>Nous pouvons conclure des alliances ou des partenariats de marketing strat\u00e9gique avec des tiers qui peuvent avoir acc\u00e8s \u00e0 des informations personnelles, notamment votre nom, votre adresse, votre num\u00e9ro de t\u00e9l\u00e9phone et votre adresse \u00e9lectronique, dans le but de vous fournir des informations sur les produits et services qui, selon nous, pourraient vous int\u00e9resser. pour vous. Dans le cadre d\u2019alliances ou de partenariats marketing strat\u00e9giques, nous conserverons tous les droits de propri\u00e9t\u00e9 sur les informations et nous ne partagerons aucune information concernant vos donn\u00e9es financi\u00e8res personnelles.\u00a0<\/p>\n<h3>4. Acc\u00e8s, formation et attentes des employ\u00e9s.<\/h3>\n<p>Nos valeurs d\u2019entreprise, nos normes \u00e9thiques, nos politiques et nos pratiques s\u2019engagent \u00e0 prot\u00e9ger les informations des clients. En g\u00e9n\u00e9ral, nos pratiques commerciales limitent l&#039;acc\u00e8s des employ\u00e9s aux informations confidentielles et limitent l&#039;utilisation et la divulgation de ces informations aux personnes, processus et transactions autoris\u00e9s.<\/p>\n<h3><b>5.<\/b>\u00a0Autres sites Web li\u00e9s \u00e0 notre site.<\/h3>\n<p>Nous ne sommes pas responsables des pratiques employ\u00e9es par les sites Web li\u00e9s \u00e0 ou depuis notre site ni des informations ou du contenu qui y sont contenus. Souvent, les liens vers d&#039;autres sites Web sont fournis uniquement \u00e0 titre de pointeurs vers des informations sur des sujets pouvant \u00eatre utiles aux utilisateurs de notre site.<\/p>\n<p>N&#039;oubliez pas que lorsque vous utilisez un lien pour passer de notre site \u00e0 un autre site Web, notre politique de confidentialit\u00e9 n&#039;est plus en vigueur. Votre navigation et vos interactions sur tout autre site Web, y compris les sites Web comportant un lien vers notre Site, sont soumises aux r\u00e8gles et politiques de ce site Web. Veuillez lire ces r\u00e9glements avant de continuer.<\/p>\n<h3><b>6.<\/b>\u00a0Confidentialit\u00e9 des enfants.<\/h3>\n<p>Notre Site n&#039;est pas destin\u00e9 \u00e0 l&#039;usage des enfants. Nous ne commercialisons pas sciemment des donn\u00e9es aupr\u00e8s des enfants et ne leur sollicitons pas de donn\u00e9es.<\/p>\n<p>Pour plus d&#039;informations sur les conditions r\u00e9gissant l&#039;utilisation de ce site, consultez l&#039;accord sur les conditions d&#039;utilisation de la SOCI\u00c9T\u00c9.<\/p>\n<\/div>\n<\/div>\n<p><\/p>\t\t\t\t\t\t\t\t<\/div>\n\t\t\t\t\t<\/div>\n\t\t<\/div>\n\t\t\t\t\t<\/div>\n\t\t<\/section>\n\t\t\t\t<\/div>","protected":false},"excerpt":{"rendered":"<p>PRIVACY POLICY Our Commitment to Privacy. Welcome to Carmatec\u00a0website (the \u201dSite\u201d). For the purposes of this Policy, the terms \u201cwe\u201d, \u201cus\u201d, \u201cour\u201d, \u201cCompany\u201d and, \u201cCompany\u201d refer to Carmatec, and all of our affiliates. \u201dYou\u201d refers to you, as a user of this site. Explained in this section is our policy regarding any personal information you [&hellip;]<\/p>\n","protected":false},"author":1,"featured_media":0,"parent":0,"menu_order":0,"comment_status":"closed","ping_status":"closed","template":"","meta":{"footnotes":""},"class_list":["post-3","page","type-page","status-publish","hentry"],"_links":{"self":[{"href":"https:\/\/www.carmatec.com\/fr_fr\/wp-json\/wp\/v2\/pages\/3","targetHints":{"allow":["GET"]}}],"collection":[{"href":"https:\/\/www.carmatec.com\/fr_fr\/wp-json\/wp\/v2\/pages"}],"about":[{"href":"https:\/\/www.carmatec.com\/fr_fr\/wp-json\/wp\/v2\/types\/page"}],"author":[{"embeddable":true,"href":"https:\/\/www.carmatec.com\/fr_fr\/wp-json\/wp\/v2\/users\/1"}],"replies":[{"embeddable":true,"href":"https:\/\/www.carmatec.com\/fr_fr\/wp-json\/wp\/v2\/comments?post=3"}],"version-history":[{"count":1,"href":"https:\/\/www.carmatec.com\/fr_fr\/wp-json\/wp\/v2\/pages\/3\/revisions"}],"predecessor-version":[{"id":52019,"href":"https:\/\/www.carmatec.com\/fr_fr\/wp-json\/wp\/v2\/pages\/3\/revisions\/52019"}],"wp:attachment":[{"href":"https:\/\/www.carmatec.com\/fr_fr\/wp-json\/wp\/v2\/media?parent=3"}],"curies":[{"name":"wp","href":"https:\/\/api.w.org\/{rel}","templated":true}]}}