{"id":26239,"date":"2022-02-13T08:02:39","date_gmt":"2022-02-13T08:02:39","guid":{"rendered":"https:\/\/new.carmatec.com\/?page_id=26239"},"modified":"2026-02-17T04:46:24","modified_gmt":"2026-02-17T04:46:24","slug":"entreprise-de-conception-de-sites-web-creative-a-dallas-texas","status":"publish","type":"page","link":"https:\/\/www.carmatec.com\/fr_fr\/creative-web-design-company-in-dallas-tx\/","title":{"rendered":"Entreprise de conception de sites Web cr\u00e9atifs \u00e0 Dallas, Texas"},"content":{"rendered":"<div data-elementor-type=\"wp-page\" data-elementor-id=\"26239\" class=\"elementor elementor-26239\" data-elementor-post-type=\"page\">\n\t\t\t\t\t\t<section class=\"elementor-section elementor-top-section elementor-element elementor-element-5eb8bbc0 elementor-section-height-min-height elementor-section-boxed elementor-section-height-default elementor-section-items-middle\" data-id=\"5eb8bbc0\" data-element_type=\"section\" data-e-type=\"section\" data-settings=\"{&quot;background_background&quot;:&quot;classic&quot;,&quot;shape_divider_bottom&quot;:&quot;waves&quot;}\">\n\t\t\t\t\t<div class=\"elementor-shape elementor-shape-bottom\" aria-hidden=\"true\" data-negative=\"false\">\n\t\t\t<svg xmlns=\"http:\/\/www.w3.org\/2000\/svg\" viewbox=\"0 0 1000 100\" preserveaspectratio=\"none\">\n\t<path class=\"elementor-shape-fill\" d=\"M421.9,6.5c22.6-2.5,51.5,0.4,75.5,5.3c23.6,4.9,70.9,23.5,100.5,35.7c75.8,32.2,133.7,44.5,192.6,49.7\tc23.6,2.1,48.7,3.5,103.4-2.5c54.7-6,106.2-25.6,106.2-25.6V0H0v30.3c0,0,72,32.6,158.4,30.5c39.2-0.7,92.8-6.7,134-22.4\tc21.2-8.1,52.2-18.2,79.7-24.2C399.3,7.9,411.6,7.5,421.9,6.5z\"\/>\n<\/svg>\t\t<\/div>\n\t\t\t\t\t<div class=\"elementor-container elementor-column-gap-default\">\n\t\t\t\t\t<div class=\"elementor-column elementor-col-50 elementor-top-column elementor-element elementor-element-193a2ac5\" data-id=\"193a2ac5\" data-element_type=\"column\" data-e-type=\"column\">\n\t\t\t<div class=\"elementor-widget-wrap elementor-element-populated\">\n\t\t\t\t\t\t<div class=\"elementor-element elementor-element-99f1e53 elementor-widget elementor-widget-heading\" data-id=\"99f1e53\" data-element_type=\"widget\" data-e-type=\"widget\" data-widget_type=\"heading.default\">\n\t\t\t\t\t<h1 class=\"elementor-heading-title elementor-size-default\">Entreprise de conception de sites Web cr\u00e9atifs \u00e0 Dallas, Texas<\/h1>\t\t\t\t<\/div>\n\t\t\t\t<div class=\"elementor-element elementor-element-13f5cfed elementor-widget elementor-widget-heading\" data-id=\"13f5cfed\" data-element_type=\"widget\" data-e-type=\"widget\" data-widget_type=\"heading.default\">\n\t\t\t\t\t<p class=\"elementor-heading-title elementor-size-default\">Obtenez des conceptions Web adapt\u00e9es aux appareils mobiles avec une approche centr\u00e9e sur l&#039;exp\u00e9rience utilisateur. Contactez-nous d\u00e8s aujourd&#039;hui\u00a0!<\/p>\t\t\t\t<\/div>\n\t\t\t\t\t<\/div>\n\t\t<\/div>\n\t\t\t\t<div class=\"elementor-column elementor-col-50 elementor-top-column elementor-element elementor-element-2ca0e52b elementor-hidden-mobile\" data-id=\"2ca0e52b\" data-element_type=\"column\" data-e-type=\"column\">\n\t\t\t<div class=\"elementor-widget-wrap\">\n\t\t\t\t\t\t\t<\/div>\n\t\t<\/div>\n\t\t\t\t\t<\/div>\n\t\t<\/section>\n\t\t\t\t<section class=\"elementor-section elementor-top-section elementor-element elementor-element-735d0761 elementor-section-content-middle elementor-section-boxed elementor-section-height-default elementor-section-height-default\" data-id=\"735d0761\" data-element_type=\"section\" data-e-type=\"section\">\n\t\t\t\t\t\t<div class=\"elementor-container elementor-column-gap-default\">\n\t\t\t\t\t<div class=\"elementor-column elementor-col-100 elementor-top-column elementor-element elementor-element-4e2f83c4\" data-id=\"4e2f83c4\" data-element_type=\"column\" data-e-type=\"column\">\n\t\t\t<div class=\"elementor-widget-wrap elementor-element-populated\">\n\t\t\t\t\t\t<section class=\"elementor-section elementor-inner-section elementor-element elementor-element-11d48b5 elementor-section-content-middle elementor-section-boxed elementor-section-height-default elementor-section-height-default\" data-id=\"11d48b5\" data-element_type=\"section\" data-e-type=\"section\">\n\t\t\t\t\t\t<div class=\"elementor-container elementor-column-gap-default\">\n\t\t\t\t\t<div class=\"elementor-column elementor-col-50 elementor-inner-column elementor-element elementor-element-390b078\" data-id=\"390b078\" data-element_type=\"column\" data-e-type=\"column\">\n\t\t\t<div class=\"elementor-widget-wrap elementor-element-populated\">\n\t\t\t\t\t\t<div class=\"elementor-element elementor-element-242b10a0 elementor-invisible elementor-widget elementor-widget-heading\" data-id=\"242b10a0\" data-element_type=\"widget\" data-e-type=\"widget\" data-settings=\"{&quot;_animation&quot;:&quot;fadeInDown&quot;}\" data-widget_type=\"heading.default\">\n\t\t\t\t\t<h2 class=\"elementor-heading-title elementor-size-default\">Excellence de la conception de sites Web fournie par l&#039;un des meilleurs magasins de d\u00e9veloppement de Dallas<\/h2>\t\t\t\t<\/div>\n\t\t\t\t<div class=\"elementor-element elementor-element-5afd4e5c elementor-invisible elementor-widget elementor-widget-text-editor\" data-id=\"5afd4e5c\" data-element_type=\"widget\" data-e-type=\"widget\" data-settings=\"{&quot;_animation&quot;:&quot;fadeInDown&quot;}\" data-widget_type=\"text-editor.default\">\n\t\t\t\t\t\t\t\t\t<p>Carmatec Inc est une soci\u00e9t\u00e9 de conception Web op\u00e9rant \u00e0 Dallas, au Texas, qui propose un portefeuille complet de services de conception et de d\u00e9veloppement de pr\u00e9sence Web et mobile pour les entreprises, le cloud, les services informatiques g\u00e9r\u00e9s, le marketing Internet et l&#039;automatisation du marketing aux entreprises de toutes tailles op\u00e9rant dans tous les secteurs.<\/p><p>Quel que soit le stade d&#039;exploitation de votre entreprise, notre \u00e9quipe de concepteurs Web experts et de sp\u00e9cialistes du marketing Internet vous propose des conceptions Web uniques aliment\u00e9es par des pratiques marketing percutantes pour faire passer votre pr\u00e9sence sur le Web au niveau sup\u00e9rieur. Cela vous aide non seulement \u00e0 augmenter efficacement la client\u00e8le de votre entreprise, mais vous aide \u00e9galement \u00e0 \u00e9tablir une pr\u00e9sence m\u00e9morable sur le Web, conduisant \u00e0 un rappel plus fort pour votre marque.<\/p>\t\t\t\t\t\t\t\t<\/div>\n\t\t\t\t\t<\/div>\n\t\t<\/div>\n\t\t\t\t<div class=\"elementor-column elementor-col-50 elementor-inner-column elementor-element elementor-element-6ead5a8\" data-id=\"6ead5a8\" data-element_type=\"column\" data-e-type=\"column\">\n\t\t\t<div class=\"elementor-widget-wrap elementor-element-populated\">\n\t\t\t\t\t\t<div class=\"elementor-element elementor-element-984a085 elementor-invisible elementor-widget elementor-widget-image\" data-id=\"984a085\" data-element_type=\"widget\" data-e-type=\"widget\" data-settings=\"{&quot;_animation&quot;:&quot;zoomIn&quot;}\" data-widget_type=\"image.default\">\n\t\t\t\t\t\t\t\t\t\t\t\t\t\t\t<img decoding=\"async\" width=\"675\" height=\"635\" src=\"https:\/\/www.carmatec.com\/wp-content\/uploads\/2022\/02\/types-course-1.jpg\" class=\"attachment-large size-large wp-image-26241\" alt=\"types-cours-1\" srcset=\"https:\/\/www.carmatec.com\/wp-content\/uploads\/2022\/02\/types-course-1.jpg 675w, https:\/\/www.carmatec.com\/wp-content\/uploads\/2022\/02\/types-course-1-300x282.jpg 300w\" sizes=\"(max-width: 675px) 100vw, 675px\" \/>\t\t\t\t\t\t\t\t\t\t\t\t\t\t\t<\/div>\n\t\t\t\t\t<\/div>\n\t\t<\/div>\n\t\t\t\t\t<\/div>\n\t\t<\/section>\n\t\t\t\t<div class=\"elementor-element elementor-element-ed99c83 elementor-widget-divider--view-line elementor-widget elementor-widget-divider\" data-id=\"ed99c83\" data-element_type=\"widget\" data-e-type=\"widget\" data-widget_type=\"divider.default\">\n\t\t\t\t\t\t\t<div class=\"elementor-divider\">\n\t\t\t<span class=\"elementor-divider-separator\">\n\t\t\t\t\t\t<\/span>\n\t\t<\/div>\n\t\t\t\t\t\t<\/div>\n\t\t\t\t<section class=\"elementor-section elementor-inner-section elementor-element elementor-element-8ef114e elementor-section-content-middle elementor-section-boxed elementor-section-height-default elementor-section-height-default\" data-id=\"8ef114e\" data-element_type=\"section\" data-e-type=\"section\">\n\t\t\t\t\t\t<div class=\"elementor-container elementor-column-gap-default\">\n\t\t\t\t\t<div class=\"elementor-column elementor-col-50 elementor-inner-column elementor-element elementor-element-38a74f8\" data-id=\"38a74f8\" data-element_type=\"column\" data-e-type=\"column\">\n\t\t\t<div class=\"elementor-widget-wrap elementor-element-populated\">\n\t\t\t\t\t\t<div class=\"elementor-element elementor-element-ee41f5c elementor-invisible elementor-widget elementor-widget-image\" data-id=\"ee41f5c\" data-element_type=\"widget\" data-e-type=\"widget\" data-settings=\"{&quot;_animation&quot;:&quot;zoomIn&quot;}\" data-widget_type=\"image.default\">\n\t\t\t\t\t\t\t\t\t\t\t\t\t\t\t<img decoding=\"async\" width=\"400\" height=\"400\" src=\"https:\/\/www.carmatec.com\/wp-content\/uploads\/2022\/02\/IT_ecom.png\" class=\"attachment-large size-large wp-image-26242\" alt=\"Ic\u00f4nes\" srcset=\"https:\/\/www.carmatec.com\/wp-content\/uploads\/2022\/02\/IT_ecom.png 400w, https:\/\/www.carmatec.com\/wp-content\/uploads\/2022\/02\/IT_ecom-300x300.png 300w, https:\/\/www.carmatec.com\/wp-content\/uploads\/2022\/02\/IT_ecom-150x150.png 150w\" sizes=\"(max-width: 400px) 100vw, 400px\" \/>\t\t\t\t\t\t\t\t\t\t\t\t\t\t\t<\/div>\n\t\t\t\t\t<\/div>\n\t\t<\/div>\n\t\t\t\t<div class=\"elementor-column elementor-col-50 elementor-inner-column elementor-element elementor-element-b45019d\" data-id=\"b45019d\" data-element_type=\"column\" data-e-type=\"column\">\n\t\t\t<div class=\"elementor-widget-wrap elementor-element-populated\">\n\t\t\t\t\t\t<div class=\"elementor-element elementor-element-e46dc4a elementor-invisible elementor-widget elementor-widget-heading\" data-id=\"e46dc4a\" data-element_type=\"widget\" data-e-type=\"widget\" data-settings=\"{&quot;_animation&quot;:&quot;fadeInDown&quot;}\" data-widget_type=\"heading.default\">\n\t\t\t\t\t<h2 class=\"elementor-heading-title elementor-size-default\">Nous pilotons votre r\u00e9ussite num\u00e9rique<\/h2>\t\t\t\t<\/div>\n\t\t\t\t<div class=\"elementor-element elementor-element-be0678c elementor-invisible elementor-widget elementor-widget-text-editor\" data-id=\"be0678c\" data-element_type=\"widget\" data-e-type=\"widget\" data-settings=\"{&quot;_animation&quot;:&quot;fadeInDown&quot;}\" data-widget_type=\"text-editor.default\">\n\t\t\t\t\t\t\t\t\t<p>Carmatec est une soci\u00e9t\u00e9 de conception de sites Web bien \u00e9tablie qui poss\u00e8de des ann\u00e9es d&#039;exp\u00e9rience dans l&#039;ex\u00e9cution d&#039;un nombre infini de projets de conception de sites Web bas\u00e9s \u00e0 Dallas. Nous comprenons que chaque entreprise est unique, tout comme ses besoins. Notre \u00e9quipe ne croit donc pas en une approche \u00ab\u00a0taille unique\u00a0\u00bb pour ses projets. Des petits magasins locaux aux plus grandes marques mondiales, nous poss\u00e9dons l\u2019exp\u00e9rience de la conception de pr\u00e9sence Web personnalis\u00e9e pour les entreprises de pratiquement tous les secteurs. Nos sp\u00e9cialistes du domaine industriel vous donnent des conseils strat\u00e9giques sur les aspects technologiques et commerciaux de votre entreprise pour vous guider dans la r\u00e9ussite commerciale de votre projet de pr\u00e9sence sur le Web.<\/p><p>Les solutions que nous proposons englobent tout, de la conception Web et mobile au d\u00e9veloppement Web et mobile, en passant par le cloud et le marketing Internet, et tout ce \u00e0 quoi votre entreprise peut penser en passant par chaque phase de construction de sa pr\u00e9sence sur le Web \u00e0 partir de z\u00e9ro.<\/p>\t\t\t\t\t\t\t\t<\/div>\n\t\t\t\t\t<\/div>\n\t\t<\/div>\n\t\t\t\t\t<\/div>\n\t\t<\/section>\n\t\t\t\t\t<\/div>\n\t\t<\/div>\n\t\t\t\t\t<\/div>\n\t\t<\/section>\n\t\t\t\t<section class=\"elementor-section elementor-top-section elementor-element elementor-element-cfce1f6 elementor-section-content-middle elementor-section-boxed elementor-section-height-default elementor-section-height-default\" data-id=\"cfce1f6\" data-element_type=\"section\" data-e-type=\"section\" data-settings=\"{&quot;background_background&quot;:&quot;classic&quot;}\">\n\t\t\t\t\t\t<div class=\"elementor-container elementor-column-gap-default\">\n\t\t\t\t\t<div class=\"elementor-column elementor-col-100 elementor-top-column elementor-element elementor-element-a1829e3\" data-id=\"a1829e3\" data-element_type=\"column\" data-e-type=\"column\">\n\t\t\t<div class=\"elementor-widget-wrap elementor-element-populated\">\n\t\t\t\t\t\t<div class=\"elementor-element elementor-element-3d0a7b6 elementor-invisible elementor-widget elementor-widget-heading\" data-id=\"3d0a7b6\" data-element_type=\"widget\" data-e-type=\"widget\" data-settings=\"{&quot;_animation&quot;:&quot;fadeInDown&quot;}\" data-widget_type=\"heading.default\">\n\t\t\t\t\t<h2 class=\"elementor-heading-title elementor-size-default\">Pourquoi Carmatec en tant qu&#039;entreprise de conception Web pr\u00e9f\u00e9r\u00e9e \u00e0 Dallas<\/h2>\t\t\t\t<\/div>\n\t\t\t\t<div class=\"elementor-element elementor-element-92cc6c3 elementor-invisible elementor-widget elementor-widget-text-editor\" data-id=\"92cc6c3\" data-element_type=\"widget\" data-e-type=\"widget\" data-settings=\"{&quot;_animation&quot;:&quot;fadeIn&quot;}\" data-widget_type=\"text-editor.default\">\n\t\t\t\t\t\t\t\t\t<p>Carmatec est une soci\u00e9t\u00e9 de conception de sites Web qui s&#039;efforce d&#039;innover dans des conceptions qui n&#039;ont pas seulement un attrait cr\u00e9atif, mais qui sont \u00e9galement hautement utilisables. Nos livraisons de projets sont hautement professionnelles et nos services sont guid\u00e9s par le plus haut niveau de normes de service client.<\/p><p>Alors que nous vivons dans un monde inanim\u00e9 qui d\u00e9pend de plus en plus de la technologie, le meilleur des offres de Carmatec est qu&#039;elle vous offre une livraison personnalis\u00e9e de ses solutions technologiques et commerciales intelligentes, con\u00e7ues sur mesure pour r\u00e9pondre \u00e0 vos besoins. Chez Carmatec, m\u00eame si nous comprenons l&#039;importance de services de conception Web de qualit\u00e9 associ\u00e9s \u00e0 un marketing efficace de la pr\u00e9sence Web d&#039;une entreprise, nous appr\u00e9cions \u00e9galement l&#039;importance d&#039;un service client et d&#039;un support client solides. Et cela se refl\u00e8te clairement dans nos offres de services<\/p><p><b>Laissez-nous vous aider \u00e0 en faire plus\u00a0!<\/b>En tant que soci\u00e9t\u00e9 de conception de sites Web privil\u00e9gi\u00e9e par nos clients de Dallas, nous travaillons en \u00e9troite collaboration avec eux pour obtenir davantage en termes de pr\u00e9sence en ligne et d\u00e9velopper une client\u00e8le en ligne plus large pour eux par ce biais. Plus qu&#039;\u00eatre une entreprise cr\u00e9ative et professionnelle, nous op\u00e9rons comme votre partenaire de pr\u00e9sence sur le Web qui comprend votre entreprise de fond en comble, ses collaborateurs, ses processus, ses besoins et ses objectifs. C&#039;est la raison pour laquelle nos clients de Dallas se portent garants de nos services et de la valeur continue que nous g\u00e9n\u00e9rons pour les entreprises de ce domaine. Nous avons r\u00e9cemment \u00e9t\u00e9 reconnus comme l&#039;un des meilleurs d\u00e9veloppeurs Web de Dallas, au Texas.<\/p><p><b>Apporter des id\u00e9es \u00e0 la r\u00e9alit\u00e9 cr\u00e9ative\u00a0!<\/b>Chez Carmatec, nous nous effor\u00e7ons de fournir \u00e0 nos clients des solutions sur mesure qui les aident \u00e0 cr\u00e9er des impressions inoubliables dans l&#039;esprit de leur public. M\u00eame si nous r\u00e9pondons \u00e0 leurs besoins de mani\u00e8re \u00e9conomique, la qualit\u00e9 de nos offres est in\u00e9gal\u00e9e dans l&#039;industrie, cr\u00e9ant ainsi une valeur significative pour nos clients. Plus qu&#039;un simple professionnel des solutions de conception, nous travaillons pour eux en tant que partenaires strat\u00e9giques o\u00f9 nous veillons \u00e0 ce que, m\u00eame si nos conceptions refl\u00e8tent l&#039;image de leur marque de mani\u00e8re r\u00e9aliste, le contenu qui accompagne la conception refl\u00e8te parfaitement la voix de leur marque. Alors que nous nous effor\u00e7ons de les aider \u00e0 obtenir une plus grande visibilit\u00e9 en ligne avec une forte pr\u00e9sence sur les moteurs de recherche et plus de trafic et de visites sur le site Web et les pages de m\u00e9dias sociaux, notre objectif est de g\u00e9n\u00e9rer un retour sur investissement num\u00e9rique plus important. L&#039;essentiel est que tout en donnant des ailes de cr\u00e9ativit\u00e9 \u00e0 leurs conceptions et \u00e0 leur pr\u00e9sence globale sur le Web, nous veillons \u00e9galement \u00e0 ce que le projet reste \u00e9galement sur le terrain, \u00e0 savoir atteindre le succ\u00e8s commercial tout en restant rentable.<\/p><p>En termes plus simples, en tant que soci\u00e9t\u00e9 de conception de sites Web, nous aidons les entreprises de Dallas \u00e0 obtenir des designs visuellement impressionnants, efficacement optimis\u00e9s pour les moteurs de recherche et commercialis\u00e9s avec succ\u00e8s pour obtenir des rendements globaux \u00e9lev\u00e9s.<\/p>\t\t\t\t\t\t\t\t<\/div>\n\t\t\t\t\t<\/div>\n\t\t<\/div>\n\t\t\t\t\t<\/div>\n\t\t<\/section>\n\t\t\t\t<section class=\"elementor-section elementor-top-section elementor-element elementor-element-b6ca3d6 elementor-section-content-middle elementor-section-boxed elementor-section-height-default elementor-section-height-default\" data-id=\"b6ca3d6\" data-element_type=\"section\" data-e-type=\"section\">\n\t\t\t\t\t\t<div class=\"elementor-container elementor-column-gap-default\">\n\t\t\t\t\t<div class=\"elementor-column elementor-col-100 elementor-top-column elementor-element elementor-element-feb4812\" data-id=\"feb4812\" data-element_type=\"column\" data-e-type=\"column\">\n\t\t\t<div class=\"elementor-widget-wrap elementor-element-populated\">\n\t\t\t\t\t\t<div class=\"elementor-element elementor-element-0564f72 elementor-invisible elementor-widget elementor-widget-text-editor\" data-id=\"0564f72\" data-element_type=\"widget\" data-e-type=\"widget\" data-settings=\"{&quot;_animation&quot;:&quot;fadeIn&quot;}\" data-widget_type=\"text-editor.default\">\n\t\t\t\t\t\t\t\t\t<p>En tant que l&#039;une des soci\u00e9t\u00e9s de conception de sites Web les plus recherch\u00e9es \u00e0 Dallas, au Texas, nous \u00e9quipons les entreprises bas\u00e9es \u00e0 Dallas de solutions de pr\u00e9sence Web de bout en bout \u00e0 des tarifs tr\u00e8s abordables. Depuis plus de 15 ans maintenant, nous avons travaill\u00e9 sur des milliers de projets de conception Web pour des entreprises \u0153uvrant dans pratiquement tous les secteurs. Ayant acquis une vaste exp\u00e9rience, nous disposons \u00e9galement d\u2019une solide base dans la commercialisation efficace de votre entreprise en ligne. Cela nous a \u00e9galement amen\u00e9 \u00e0 \u00e9tendre nos services de mani\u00e8re qualitative et \u00e9conomique.<\/p><p>Parcourez notre site Web et prenez le temps de consulter notre portefeuille de travaux, de parcourir les t\u00e9moignages de nos clients et d&#039;explorer la large gamme de conception de sites Web et les services de pr\u00e9sence Web associ\u00e9s avec lesquels nous pouvons vous aider. Puisque notre \u00e9quipe comprend votre entreprise et \u00e9coute patiemment les sp\u00e9cifications de vos besoins, nos offres ne manqueront pas de vous surprendre par la fa\u00e7on dont elles touchent instantan\u00e9ment une corde sensible aupr\u00e8s de votre public cible. Contactez-nous ou demandez-nous de vous contacter pour partager les d\u00e9tails de votre projet et nos experts se feront un plaisir de vous guider dans les prochaines \u00e9tapes.<\/p>\t\t\t\t\t\t\t\t<\/div>\n\t\t\t\t\t<\/div>\n\t\t<\/div>\n\t\t\t\t\t<\/div>\n\t\t<\/section>\n\t\t\t\t<\/div>","protected":false},"excerpt":{"rendered":"<p>Creative Web Design Company In Dallas, Tx Get mobile friendly web designs with a user experience centric approach. Contact us today! Website Design excellence delivered by one of Dallas Top Dev Shops Carmatec Inc is a web design company operating in Dallas, Tx that offers full-service portfolio of design and development of web and mobile [&hellip;]<\/p>\n","protected":false},"author":1,"featured_media":0,"parent":0,"menu_order":0,"comment_status":"closed","ping_status":"closed","template":"","meta":{"footnotes":""},"class_list":["post-26239","page","type-page","status-publish","hentry"],"_links":{"self":[{"href":"https:\/\/www.carmatec.com\/fr_fr\/wp-json\/wp\/v2\/pages\/26239","targetHints":{"allow":["GET"]}}],"collection":[{"href":"https:\/\/www.carmatec.com\/fr_fr\/wp-json\/wp\/v2\/pages"}],"about":[{"href":"https:\/\/www.carmatec.com\/fr_fr\/wp-json\/wp\/v2\/types\/page"}],"author":[{"embeddable":true,"href":"https:\/\/www.carmatec.com\/fr_fr\/wp-json\/wp\/v2\/users\/1"}],"replies":[{"embeddable":true,"href":"https:\/\/www.carmatec.com\/fr_fr\/wp-json\/wp\/v2\/comments?post=26239"}],"version-history":[{"count":3,"href":"https:\/\/www.carmatec.com\/fr_fr\/wp-json\/wp\/v2\/pages\/26239\/revisions"}],"predecessor-version":[{"id":50623,"href":"https:\/\/www.carmatec.com\/fr_fr\/wp-json\/wp\/v2\/pages\/26239\/revisions\/50623"}],"wp:attachment":[{"href":"https:\/\/www.carmatec.com\/fr_fr\/wp-json\/wp\/v2\/media?parent=26239"}],"curies":[{"name":"wp","href":"https:\/\/api.w.org\/{rel}","templated":true}]}}