{"id":26143,"date":"2022-02-08T07:33:41","date_gmt":"2022-02-08T07:33:41","guid":{"rendered":"https:\/\/new.carmatec.com\/?page_id=26143"},"modified":"2026-04-17T06:29:42","modified_gmt":"2026-04-17T06:29:42","slug":"societe-de-services-de-referencement-locale-a-bangalore","status":"publish","type":"page","link":"https:\/\/www.carmatec.com\/fr_fr\/search-engine-optimization-services\/local-seo-services-company-in-bangalore\/","title":{"rendered":"Services de r\u00e9f\u00e9rencement local \u00e0 Bangalore"},"content":{"rendered":"<div data-elementor-type=\"wp-page\" data-elementor-id=\"26143\" class=\"elementor elementor-26143\" data-elementor-post-type=\"page\">\n\t\t\t\t\t\t<section class=\"elementor-section elementor-top-section elementor-element elementor-element-5fcb4226 elementor-section-height-min-height elementor-section-boxed elementor-section-height-default elementor-section-items-middle\" data-id=\"5fcb4226\" data-element_type=\"section\" data-e-type=\"section\" data-settings=\"{&quot;background_background&quot;:&quot;classic&quot;,&quot;shape_divider_bottom&quot;:&quot;waves&quot;}\">\n\t\t\t\t\t<div class=\"elementor-shape elementor-shape-bottom\" aria-hidden=\"true\" data-negative=\"false\">\n\t\t\t<svg xmlns=\"http:\/\/www.w3.org\/2000\/svg\" viewbox=\"0 0 1000 100\" preserveaspectratio=\"none\">\n\t<path class=\"elementor-shape-fill\" d=\"M421.9,6.5c22.6-2.5,51.5,0.4,75.5,5.3c23.6,4.9,70.9,23.5,100.5,35.7c75.8,32.2,133.7,44.5,192.6,49.7\tc23.6,2.1,48.7,3.5,103.4-2.5c54.7-6,106.2-25.6,106.2-25.6V0H0v30.3c0,0,72,32.6,158.4,30.5c39.2-0.7,92.8-6.7,134-22.4\tc21.2-8.1,52.2-18.2,79.7-24.2C399.3,7.9,411.6,7.5,421.9,6.5z\"\/>\n<\/svg>\t\t<\/div>\n\t\t\t\t\t<div class=\"elementor-container elementor-column-gap-default\">\n\t\t\t\t\t<div class=\"elementor-column elementor-col-50 elementor-top-column elementor-element elementor-element-7a4f5ed0\" data-id=\"7a4f5ed0\" data-element_type=\"column\" data-e-type=\"column\">\n\t\t\t<div class=\"elementor-widget-wrap elementor-element-populated\">\n\t\t\t\t\t\t<div class=\"elementor-element elementor-element-3ee8ef7f elementor-widget elementor-widget-heading\" data-id=\"3ee8ef7f\" data-element_type=\"widget\" data-e-type=\"widget\" data-widget_type=\"heading.default\">\n\t\t\t\t\t<h1 class=\"elementor-heading-title elementor-size-default\">SERVICES DE R\u00c9F\u00c9RENCEMENT LOCAL \u00c0 BANGALORE<\/h1>\t\t\t\t<\/div>\n\t\t\t\t<div class=\"elementor-element elementor-element-6f0ea78b elementor-widget elementor-widget-heading\" data-id=\"6f0ea78b\" data-element_type=\"widget\" data-e-type=\"widget\" data-widget_type=\"heading.default\">\n\t\t\t\t\t<p class=\"elementor-heading-title elementor-size-default\">Vous recherchez des SERVICES de r\u00e9f\u00e9rencement local \u00e0 BANGALORE\u00a0? Le r\u00e9f\u00e9rencement local est exceptionnellement conseill\u00e9 aussi bien pour les petites entreprises que pour les organisations multi-sites.<\/p>\t\t\t\t<\/div>\n\t\t\t\t<div class=\"elementor-element elementor-element-27ae4868 elementor-align-left elementor-mobile-align-left elementor-widget__width-auto elementor-invisible elementor-widget elementor-widget-button\" data-id=\"27ae4868\" data-element_type=\"widget\" data-e-type=\"widget\" data-settings=\"{&quot;_animation&quot;:&quot;zoomIn&quot;}\" data-widget_type=\"button.default\">\n\t\t\t\t\t\t\t\t\t\t<a class=\"elementor-button elementor-button-link elementor-size-sm\" href=\"https:\/\/www.carmatec.com\/fr_fr\/contactez-nous\/\">\n\t\t\t\t\t\t<span class=\"elementor-button-content-wrapper\">\n\t\t\t\t\t\t\t\t\t<span class=\"elementor-button-text\">Contactez-nous<\/span>\n\t\t\t\t\t<\/span>\n\t\t\t\t\t<\/a>\n\t\t\t\t\t\t\t\t<\/div>\n\t\t\t\t\t<\/div>\n\t\t<\/div>\n\t\t\t\t<div class=\"elementor-column elementor-col-50 elementor-top-column elementor-element elementor-element-5b91be61 elementor-hidden-mobile\" data-id=\"5b91be61\" data-element_type=\"column\" data-e-type=\"column\">\n\t\t\t<div class=\"elementor-widget-wrap\">\n\t\t\t\t\t\t\t<\/div>\n\t\t<\/div>\n\t\t\t\t\t<\/div>\n\t\t<\/section>\n\t\t\t\t<section class=\"elementor-section elementor-inner-section elementor-element elementor-element-127c0e8b elementor-section-content-top elementor-section-boxed elementor-section-height-default elementor-section-height-default\" data-id=\"127c0e8b\" data-element_type=\"section\" data-e-type=\"section\">\n\t\t\t\t\t\t<div class=\"elementor-container elementor-column-gap-default\">\n\t\t\t\t\t<div class=\"elementor-column elementor-col-100 elementor-inner-column elementor-element elementor-element-6ae4947c\" data-id=\"6ae4947c\" data-element_type=\"column\" data-e-type=\"column\">\n\t\t\t<div class=\"elementor-widget-wrap elementor-element-populated\">\n\t\t\t\t\t\t<div class=\"elementor-element elementor-element-d4431ca elementor-invisible elementor-widget elementor-widget-heading\" data-id=\"d4431ca\" data-element_type=\"widget\" data-e-type=\"widget\" data-settings=\"{&quot;_animation&quot;:&quot;fadeInDown&quot;}\" data-widget_type=\"heading.default\">\n\t\t\t\t\t<h2 class=\"elementor-heading-title elementor-size-default\">Services de r\u00e9f\u00e9rencement local les plus fiables \u00e0 Bangalore<\/h2>\t\t\t\t<\/div>\n\t\t\t\t<div class=\"elementor-element elementor-element-2cf1403f elementor-invisible elementor-widget elementor-widget-text-editor\" data-id=\"2cf1403f\" data-element_type=\"widget\" data-e-type=\"widget\" data-settings=\"{&quot;_animation&quot;:&quot;fadeInDown&quot;}\" data-widget_type=\"text-editor.default\">\n\t\t\t\t\t\t\t\t\t<p>Les services d&#039;optimisation de la recherche locale (services de r\u00e9f\u00e9rencement local) aident \u00e0 augmenter la visibilit\u00e9 et la port\u00e9e de votre entreprise en attirant votre public cible via des listes locales. Si vous avez une entreprise locale et que vous avez besoin d&#039;un trafic local pertinent vers votre site via des termes de classement local qui mettront votre entreprise \u00e0 la port\u00e9e de la client\u00e8le cible locale de votre march\u00e9.<\/p><p>Gr\u00e2ce \u00e0 notre approche, votre site Web sera correctement cibl\u00e9 en fonction de votre audience, ce qui am\u00e9liorera encore votre visibilit\u00e9 et votre port\u00e9e. Notre \u00e9quipe SEO maintient vos fiches d&#039;entreprise en ligne pr\u00e9cises et optimis\u00e9es pour les clients potentiels et offre un acc\u00e8s facile \u00e0 vos informations et \u00e0 l&#039;emplacement de votre entreprise.<\/p><p>Comme le Haut\u00a0<strong><a href=\"https:\/\/www.carmatec.com\/fr_fr\/services-doptimisation-des-moteurs-de-recherche\/societe-de-referencement-a-bangalore\/\">Soci\u00e9t\u00e9 de r\u00e9f\u00e9rencement \u00e0 Bangalore<\/a><\/strong>\u00a0nous veillons \u00e9galement \u00e0 ce que votre entreprise apparaisse non seulement sur les ordinateurs de bureau, mais \u00e9galement sur les appareils mobiles. Notre objectif est d&#039;apporter un trafic local exceptionnel \u00e0 vos annonces en plus du trafic local de vos concurrents. Gr\u00e2ce \u00e0 notre approche, votre site Web sera correctement cibl\u00e9 en fonction de votre public cible, ce qui augmentera consid\u00e9rablement la visibilit\u00e9 de votre marque.<\/p>\t\t\t\t\t\t\t\t<\/div>\n\t\t\t\t\t<\/div>\n\t\t<\/div>\n\t\t\t\t\t<\/div>\n\t\t<\/section>\n\t\t\t\t<section class=\"elementor-section elementor-top-section elementor-element elementor-element-489c6dcf elementor-section-boxed elementor-section-height-default elementor-section-height-default\" data-id=\"489c6dcf\" data-element_type=\"section\" data-e-type=\"section\" data-settings=\"{&quot;background_background&quot;:&quot;classic&quot;}\">\n\t\t\t\t\t\t<div class=\"elementor-container elementor-column-gap-default\">\n\t\t\t\t\t<div class=\"elementor-column elementor-col-100 elementor-top-column elementor-element elementor-element-18331a0f\" data-id=\"18331a0f\" data-element_type=\"column\" data-e-type=\"column\">\n\t\t\t<div class=\"elementor-widget-wrap elementor-element-populated\">\n\t\t\t\t\t\t<div class=\"elementor-element elementor-element-7cbefd4f elementor-invisible elementor-widget elementor-widget-heading\" data-id=\"7cbefd4f\" data-element_type=\"widget\" data-e-type=\"widget\" data-settings=\"{&quot;_animation&quot;:&quot;fadeInDown&quot;}\" data-widget_type=\"heading.default\">\n\t\t\t\t\t<h2 class=\"elementor-heading-title elementor-size-default\">Nos services de r\u00e9f\u00e9rencement local \u00e0 Bangalore comprennent<\/h2>\t\t\t\t<\/div>\n\t\t\t\t<div class=\"elementor-element elementor-element-0f144ea elementor-invisible elementor-widget elementor-widget-text-editor\" data-id=\"0f144ea\" data-element_type=\"widget\" data-e-type=\"widget\" data-settings=\"{&quot;_animation&quot;:&quot;fadeInDown&quot;}\" data-widget_type=\"text-editor.default\">\n\t\t\t\t\t\t\t\t\t<p>Ce qui distingue nos services de r\u00e9f\u00e9rencement local des autres marques, c&#039;est notre responsabilit\u00e9 de fournir \u00e0 100% des r\u00e9ponses sur mesure \u00e0 chacune des requ\u00eates de nos clients li\u00e9es \u00e0 leurs performances en mati\u00e8re d&#039;annonces locales. Loin des id\u00e9es SEO toutes faites, nous faisons tout pour r\u00e9pondre aux exigences de nos clients.<\/p>\t\t\t\t\t\t\t\t<\/div>\n\t\t\t\t<section class=\"elementor-section elementor-inner-section elementor-element elementor-element-6622b62e elementor-section-boxed elementor-section-height-default elementor-section-height-default\" data-id=\"6622b62e\" data-element_type=\"section\" data-e-type=\"section\">\n\t\t\t\t\t\t<div class=\"elementor-container elementor-column-gap-default\">\n\t\t\t\t\t<div class=\"elementor-column elementor-col-33 elementor-inner-column elementor-element elementor-element-6040df20\" data-id=\"6040df20\" data-element_type=\"column\" data-e-type=\"column\">\n\t\t\t<div class=\"elementor-widget-wrap elementor-element-populated\">\n\t\t\t\t\t\t<div class=\"elementor-element elementor-element-fdce292 elementor-position-top elementor-widget elementor-widget-image-box\" data-id=\"fdce292\" data-element_type=\"widget\" data-e-type=\"widget\" data-widget_type=\"image-box.default\">\n\t\t\t\t\t<div class=\"elementor-image-box-wrapper\"><figure class=\"elementor-image-box-img\"><img decoding=\"async\" width=\"200\" height=\"150\" src=\"https:\/\/www.carmatec.com\/wp-content\/uploads\/2022\/01\/career1.png\" class=\"attachment-full size-full wp-image-22427\" alt=\"ic\u00f4ne\" \/><\/figure><div class=\"elementor-image-box-content\"><h3 class=\"elementor-image-box-title\">Listes Google Maps<\/h3><p class=\"elementor-image-box-description\">Ma liste Google Maps garantit les prospects les plus qualifi\u00e9s, ce qui peut contribuer \u00e0 la visibilit\u00e9 de la marque et, \u00e0 son tour, am\u00e9liorer le retour sur investissement.<\/p><\/div><\/div>\t\t\t\t<\/div>\n\t\t\t\t\t<\/div>\n\t\t<\/div>\n\t\t\t\t<div class=\"elementor-column elementor-col-33 elementor-inner-column elementor-element elementor-element-1a16785b\" data-id=\"1a16785b\" data-element_type=\"column\" data-e-type=\"column\">\n\t\t\t<div class=\"elementor-widget-wrap elementor-element-populated\">\n\t\t\t\t\t\t<div class=\"elementor-element elementor-element-74116952 elementor-position-top elementor-widget elementor-widget-image-box\" data-id=\"74116952\" data-element_type=\"widget\" data-e-type=\"widget\" data-widget_type=\"image-box.default\">\n\t\t\t\t\t<div class=\"elementor-image-box-wrapper\"><figure class=\"elementor-image-box-img\"><img decoding=\"async\" width=\"200\" height=\"150\" src=\"https:\/\/www.carmatec.com\/wp-content\/uploads\/2022\/01\/career_3.png\" class=\"attachment-full size-full wp-image-22431\" alt=\"ic\u00f4ne\" \/><\/figure><div class=\"elementor-image-box-content\"><h3 class=\"elementor-image-box-title\">Services de localisation<\/h3><p class=\"elementor-image-box-description\">Nous avons tendance \u00e0 am\u00e9liorer chaque partie de vos pages Web avec des r\u00e9f\u00e9rences et des avis de votre choix.<\/p><\/div><\/div>\t\t\t\t<\/div>\n\t\t\t\t\t<\/div>\n\t\t<\/div>\n\t\t\t\t<div class=\"elementor-column elementor-col-33 elementor-inner-column elementor-element elementor-element-6d5c8b4e\" data-id=\"6d5c8b4e\" data-element_type=\"column\" data-e-type=\"column\">\n\t\t\t<div class=\"elementor-widget-wrap elementor-element-populated\">\n\t\t\t\t\t\t<div class=\"elementor-element elementor-element-d1776c4 elementor-position-top elementor-widget elementor-widget-image-box\" data-id=\"d1776c4\" data-element_type=\"widget\" data-e-type=\"widget\" data-widget_type=\"image-box.default\">\n\t\t\t\t\t<div class=\"elementor-image-box-wrapper\"><figure class=\"elementor-image-box-img\"><img decoding=\"async\" width=\"512\" height=\"512\" src=\"https:\/\/www.carmatec.com\/wp-content\/uploads\/2022\/01\/Carmatec-01.svg\" class=\"attachment-full size-full wp-image-21781\" alt=\"Ic\u00f4ne de d\u00e9veloppement d&#039;applications mobiles\" \/><\/figure><div class=\"elementor-image-box-content\"><h3 class=\"elementor-image-box-title\">T\u00e9moignages et critiques<\/h3><p class=\"elementor-image-box-description\">La confirmation sociale peut \u00eatre utilis\u00e9e pour produire une opinion positive de votre entreprise et am\u00e9liorer vos performances SEO.<\/p><\/div><\/div>\t\t\t\t<\/div>\n\t\t\t\t\t<\/div>\n\t\t<\/div>\n\t\t\t\t\t<\/div>\n\t\t<\/section>\n\t\t\t\t<section class=\"elementor-section elementor-inner-section elementor-element elementor-element-73c838e5 elementor-section-boxed elementor-section-height-default elementor-section-height-default\" data-id=\"73c838e5\" data-element_type=\"section\" data-e-type=\"section\">\n\t\t\t\t\t\t<div class=\"elementor-container elementor-column-gap-default\">\n\t\t\t\t\t<div class=\"elementor-column elementor-col-50 elementor-inner-column elementor-element elementor-element-367c1f18\" data-id=\"367c1f18\" data-element_type=\"column\" data-e-type=\"column\">\n\t\t\t<div class=\"elementor-widget-wrap elementor-element-populated\">\n\t\t\t\t\t\t<div class=\"elementor-element elementor-element-4e7d339f elementor-position-top elementor-widget elementor-widget-image-box\" data-id=\"4e7d339f\" data-element_type=\"widget\" data-e-type=\"widget\" data-widget_type=\"image-box.default\">\n\t\t\t\t\t<div class=\"elementor-image-box-wrapper\"><figure class=\"elementor-image-box-img\"><img decoding=\"async\" width=\"150\" height=\"150\" src=\"https:\/\/www.carmatec.com\/wp-content\/uploads\/2022\/02\/portability-1499938-1270899-150x150-1.png\" class=\"attachment-full size-full wp-image-25931\" alt=\"ic\u00f4ne\" \/><\/figure><div class=\"elementor-image-box-content\"><h3 class=\"elementor-image-box-title\">Citations et mentions<\/h3><p class=\"elementor-image-box-description\">Chaque fois que votre image ou votre entreprise est r\u00e9f\u00e9renc\u00e9e ailleurs, votre cr\u00e9dibilit\u00e9 et votre visibilit\u00e9 montent en fl\u00e8che.<\/p><\/div><\/div>\t\t\t\t<\/div>\n\t\t\t\t\t<\/div>\n\t\t<\/div>\n\t\t\t\t<div class=\"elementor-column elementor-col-50 elementor-inner-column elementor-element elementor-element-5eae317b\" data-id=\"5eae317b\" data-element_type=\"column\" data-e-type=\"column\">\n\t\t\t<div class=\"elementor-widget-wrap elementor-element-populated\">\n\t\t\t\t\t\t<div class=\"elementor-element elementor-element-1efc9ea5 elementor-position-top elementor-widget elementor-widget-image-box\" data-id=\"1efc9ea5\" data-element_type=\"widget\" data-e-type=\"widget\" data-widget_type=\"image-box.default\">\n\t\t\t\t\t<div class=\"elementor-image-box-wrapper\"><figure class=\"elementor-image-box-img\"><img decoding=\"async\" width=\"150\" height=\"150\" src=\"https:\/\/www.carmatec.com\/wp-content\/uploads\/2022\/02\/1004765-150x150-1.png\" class=\"attachment-full size-full wp-image-25947\" alt=\"ic\u00f4ne\" \/><\/figure><div class=\"elementor-image-box-content\"><h3 class=\"elementor-image-box-title\">Cr\u00e9ation de liens<\/h3><p class=\"elementor-image-box-description\">De m\u00eame, les backlinks situ\u00e9s sur des sites d\u2019autorit\u00e9 peuvent am\u00e9liorer consid\u00e9rablement le profil et l\u2019autorit\u00e9 SEO de vos pages Web.<\/p><\/div><\/div>\t\t\t\t<\/div>\n\t\t\t\t\t<\/div>\n\t\t<\/div>\n\t\t\t\t\t<\/div>\n\t\t<\/section>\n\t\t\t\t<div class=\"elementor-element elementor-element-770d476c elementor-hidden-mobile elementor-widget elementor-widget-spacer\" data-id=\"770d476c\" data-element_type=\"widget\" data-e-type=\"widget\" data-widget_type=\"spacer.default\">\n\t\t\t\t\t\t\t<div class=\"elementor-spacer\">\n\t\t\t<div class=\"elementor-spacer-inner\"><\/div>\n\t\t<\/div>\n\t\t\t\t\t\t<\/div>\n\t\t\t\t\t<\/div>\n\t\t<\/div>\n\t\t\t\t\t<\/div>\n\t\t<\/section>\n\t\t\t\t<\/div>","protected":false},"excerpt":{"rendered":"<p>LOCAL SEO SERVICES IN BANGALORE Looking for the Local SEO SERVICES IN BANGALORE? Local SEO is exceptionally advised for both small companies as well as multi-location organizations. Contact us Most Trusted Local SEO Services in Bangalore Local Search Optimization Services (Local SEO Services) helps in increasing the visibility and reach of your business by driving [&hellip;]<\/p>\n","protected":false},"author":1,"featured_media":0,"parent":24279,"menu_order":0,"comment_status":"closed","ping_status":"closed","template":"","meta":{"footnotes":""},"class_list":["post-26143","page","type-page","status-publish","hentry"],"_links":{"self":[{"href":"https:\/\/www.carmatec.com\/fr_fr\/wp-json\/wp\/v2\/pages\/26143","targetHints":{"allow":["GET"]}}],"collection":[{"href":"https:\/\/www.carmatec.com\/fr_fr\/wp-json\/wp\/v2\/pages"}],"about":[{"href":"https:\/\/www.carmatec.com\/fr_fr\/wp-json\/wp\/v2\/types\/page"}],"author":[{"embeddable":true,"href":"https:\/\/www.carmatec.com\/fr_fr\/wp-json\/wp\/v2\/users\/1"}],"replies":[{"embeddable":true,"href":"https:\/\/www.carmatec.com\/fr_fr\/wp-json\/wp\/v2\/comments?post=26143"}],"version-history":[{"count":4,"href":"https:\/\/www.carmatec.com\/fr_fr\/wp-json\/wp\/v2\/pages\/26143\/revisions"}],"predecessor-version":[{"id":52289,"href":"https:\/\/www.carmatec.com\/fr_fr\/wp-json\/wp\/v2\/pages\/26143\/revisions\/52289"}],"up":[{"embeddable":true,"href":"https:\/\/www.carmatec.com\/fr_fr\/wp-json\/wp\/v2\/pages\/24279"}],"wp:attachment":[{"href":"https:\/\/www.carmatec.com\/fr_fr\/wp-json\/wp\/v2\/media?parent=26143"}],"curies":[{"name":"wp","href":"https:\/\/api.w.org\/{rel}","templated":true}]}}