{"id":23906,"date":"2022-01-27T10:43:44","date_gmt":"2022-01-27T10:43:44","guid":{"rendered":"https:\/\/new.carmatec.com\/?page_id=23906"},"modified":"2026-02-17T04:42:51","modified_gmt":"2026-02-17T04:42:51","slug":"services-de-conseil-en-nuage","status":"publish","type":"page","link":"https:\/\/www.carmatec.com\/fr_fr\/cloud-consulting-services\/","title":{"rendered":"Services de conseil en nuage"},"content":{"rendered":"<div data-elementor-type=\"wp-page\" data-elementor-id=\"23906\" class=\"elementor elementor-23906\" data-elementor-post-type=\"page\">\n\t\t\t\t\t\t<section class=\"elementor-section elementor-top-section elementor-element elementor-element-7c909139 elementor-section-height-min-height elementor-section-boxed elementor-section-height-default elementor-section-items-middle\" data-id=\"7c909139\" data-element_type=\"section\" data-e-type=\"section\" data-settings=\"{&quot;background_background&quot;:&quot;classic&quot;,&quot;shape_divider_bottom&quot;:&quot;waves&quot;}\">\n\t\t\t\t\t<div class=\"elementor-shape elementor-shape-bottom\" aria-hidden=\"true\" data-negative=\"false\">\n\t\t\t<svg xmlns=\"http:\/\/www.w3.org\/2000\/svg\" viewbox=\"0 0 1000 100\" preserveaspectratio=\"none\">\n\t<path class=\"elementor-shape-fill\" d=\"M421.9,6.5c22.6-2.5,51.5,0.4,75.5,5.3c23.6,4.9,70.9,23.5,100.5,35.7c75.8,32.2,133.7,44.5,192.6,49.7\tc23.6,2.1,48.7,3.5,103.4-2.5c54.7-6,106.2-25.6,106.2-25.6V0H0v30.3c0,0,72,32.6,158.4,30.5c39.2-0.7,92.8-6.7,134-22.4\tc21.2-8.1,52.2-18.2,79.7-24.2C399.3,7.9,411.6,7.5,421.9,6.5z\"\/>\n<\/svg>\t\t<\/div>\n\t\t\t\t\t<div class=\"elementor-container elementor-column-gap-default\">\n\t\t\t\t\t<div class=\"elementor-column elementor-col-50 elementor-top-column elementor-element elementor-element-64160c3\" data-id=\"64160c3\" data-element_type=\"column\" data-e-type=\"column\">\n\t\t\t<div class=\"elementor-widget-wrap elementor-element-populated\">\n\t\t\t\t\t\t<div class=\"elementor-element elementor-element-75d9b839 elementor-widget elementor-widget-heading\" data-id=\"75d9b839\" data-element_type=\"widget\" data-e-type=\"widget\" data-widget_type=\"heading.default\">\n\t\t\t\t\t<h2 class=\"elementor-heading-title elementor-size-default\">Services de conseil cloud pour les entreprises<\/h2>\t\t\t\t<\/div>\n\t\t\t\t<div class=\"elementor-element elementor-element-13a61744 elementor-widget elementor-widget-heading\" data-id=\"13a61744\" data-element_type=\"widget\" data-e-type=\"widget\" data-widget_type=\"heading.default\">\n\t\t\t\t\t<p class=\"elementor-heading-title elementor-size-default\">\nGagnez la confiance dont vous avez tant besoin en \u00e9tablissant avec nous une feuille de route pour g\u00e9rer avec nous une migration, un d\u00e9veloppement, une int\u00e9gration et une administration r\u00e9ussies vers le cloud.<\/p>\t\t\t\t<\/div>\n\t\t\t\t\t<\/div>\n\t\t<\/div>\n\t\t\t\t<div class=\"elementor-column elementor-col-50 elementor-top-column elementor-element elementor-element-525f1055 elementor-hidden-mobile\" data-id=\"525f1055\" data-element_type=\"column\" data-e-type=\"column\">\n\t\t\t<div class=\"elementor-widget-wrap\">\n\t\t\t\t\t\t\t<\/div>\n\t\t<\/div>\n\t\t\t\t\t<\/div>\n\t\t<\/section>\n\t\t\t\t<section class=\"elementor-section elementor-top-section elementor-element elementor-element-afba1a2 elementor-section-content-middle elementor-section-boxed elementor-section-height-default elementor-section-height-default\" data-id=\"afba1a2\" data-element_type=\"section\" data-e-type=\"section\">\n\t\t\t\t\t\t<div class=\"elementor-container elementor-column-gap-default\">\n\t\t\t\t\t<div class=\"elementor-column elementor-col-33 elementor-top-column elementor-element elementor-element-2611fc3\" data-id=\"2611fc3\" data-element_type=\"column\" data-e-type=\"column\">\n\t\t\t<div class=\"elementor-widget-wrap elementor-element-populated\">\n\t\t\t\t\t\t<div class=\"elementor-element elementor-element-0400011 elementor-invisible elementor-widget elementor-widget-heading\" data-id=\"0400011\" data-element_type=\"widget\" data-e-type=\"widget\" data-settings=\"{&quot;_animation&quot;:&quot;fadeInDown&quot;}\" data-widget_type=\"heading.default\">\n\t\t\t\t\t<h1 class=\"elementor-heading-title elementor-size-default\">Services de conseil en nuage<\/h1>\t\t\t\t<\/div>\n\t\t\t\t<div class=\"elementor-element elementor-element-d2f0e1b elementor-invisible elementor-widget elementor-widget-text-editor\" data-id=\"d2f0e1b\" data-element_type=\"widget\" data-e-type=\"widget\" data-settings=\"{&quot;_animation&quot;:&quot;fadeInDown&quot;}\" data-widget_type=\"text-editor.default\">\n\t\t\t\t\t\t\t\t\t<p><span style=\"font-weight: 400;\">Le Cloud Computing en tant que paradigme modifie fondamentalement l&#039;art et la science des affaires en ligne et repr\u00e9sente une profonde transformation de l&#039;infrastructure informatique. Il permet aux organisations de fonctionner efficacement, offre \u00e9volutivit\u00e9 et r\u00e9activit\u00e9, et stimule la croissance et les revenus.<\/span><\/p><p><span style=\"font-weight: 400;\">Carmatec travaille avec nos clients pour \u00e9valuer leur ad\u00e9quation au cloud et les aide \u00e0 choisir la bonne plateforme pour r\u00e9pondre \u00e0 leurs besoins. Nos principaux atouts sont de permettre \u00e0 nos clients d&#039;analyser le quotient de pr\u00e9paration au cloud et d&#039;adopter les technologies cloud via des mod\u00e8les de maturit\u00e9 bien d\u00e9finis. Nous avons une exp\u00e9rience \u00e9prouv\u00e9e en mati\u00e8re de mise en \u0153uvre informatique r\u00e9ussie.<\/span><\/p><ul><li style=\"font-weight: 400;\" aria-level=\"1\"><span style=\"font-weight: 400;\">Utilisation efficace des ressources informatiques<\/span><\/li><li style=\"font-weight: 400;\" aria-level=\"1\"><span style=\"font-weight: 400;\">Analyser le retour sur investissement de l&#039;adoption du cloud<\/span><\/li><li style=\"font-weight: 400;\" aria-level=\"1\"><span style=\"font-weight: 400;\">R\u00e9duire l&#039;utilisation de l&#039;espace du centre de donn\u00e9es<\/span><\/li><li style=\"font-weight: 400;\" aria-level=\"1\"><span style=\"font-weight: 400;\">Gestion et mises \u00e0 niveau centralis\u00e9es<\/span><\/li><li style=\"font-weight: 400;\" aria-level=\"1\"><span style=\"font-weight: 400;\">D\u00e9ploiement cloud plus rapide<\/span><\/li><\/ul>\t\t\t\t\t\t\t\t<\/div>\n\t\t\t\t\t<\/div>\n\t\t<\/div>\n\t\t\t\t<div class=\"elementor-column elementor-col-33 elementor-top-column elementor-element elementor-element-520eabb\" data-id=\"520eabb\" data-element_type=\"column\" data-e-type=\"column\">\n\t\t\t<div class=\"elementor-widget-wrap\">\n\t\t\t\t\t\t\t<\/div>\n\t\t<\/div>\n\t\t\t\t<div class=\"elementor-column elementor-col-33 elementor-top-column elementor-element elementor-element-f88bea6\" data-id=\"f88bea6\" data-element_type=\"column\" data-e-type=\"column\">\n\t\t\t<div class=\"elementor-widget-wrap elementor-element-populated\">\n\t\t\t\t\t\t<div class=\"elementor-element elementor-element-784c883 elementor-widget elementor-widget-image\" data-id=\"784c883\" data-element_type=\"widget\" data-e-type=\"widget\" data-widget_type=\"image.default\">\n\t\t\t\t\t\t\t\t\t\t\t\t\t\t\t<img decoding=\"async\" width=\"510\" height=\"348\" src=\"https:\/\/www.carmatec.com\/wp-content\/uploads\/2022\/01\/cloud_maturity_model.png\" class=\"attachment-large size-large wp-image-23912\" alt=\"cloud_maturity_model\" srcset=\"https:\/\/www.carmatec.com\/wp-content\/uploads\/2022\/01\/cloud_maturity_model.png 510w, https:\/\/www.carmatec.com\/wp-content\/uploads\/2022\/01\/cloud_maturity_model-300x205.png 300w\" sizes=\"(max-width: 510px) 100vw, 510px\" \/>\t\t\t\t\t\t\t\t\t\t\t\t\t\t\t<\/div>\n\t\t\t\t\t<\/div>\n\t\t<\/div>\n\t\t\t\t\t<\/div>\n\t\t<\/section>\n\t\t\t\t<section class=\"elementor-section elementor-top-section elementor-element elementor-element-27b4417 elementor-section-boxed elementor-section-height-default elementor-section-height-default\" data-id=\"27b4417\" data-element_type=\"section\" data-e-type=\"section\">\n\t\t\t\t\t\t<div class=\"elementor-container elementor-column-gap-default\">\n\t\t\t\t\t<div class=\"elementor-column elementor-col-50 elementor-top-column elementor-element elementor-element-7c4a391\" data-id=\"7c4a391\" data-element_type=\"column\" data-e-type=\"column\">\n\t\t\t<div class=\"elementor-widget-wrap elementor-element-populated\">\n\t\t\t\t\t\t<div class=\"elementor-element elementor-element-bf12c9c elementor-invisible elementor-widget elementor-widget-heading\" data-id=\"bf12c9c\" data-element_type=\"widget\" data-e-type=\"widget\" data-settings=\"{&quot;_animation&quot;:&quot;fadeInDown&quot;}\" data-widget_type=\"heading.default\">\n\t\t\t\t\t<h2 class=\"elementor-heading-title elementor-size-default\">Notre processus<\/h2>\t\t\t\t<\/div>\n\t\t\t\t<div class=\"elementor-element elementor-element-7c70990 elementor-widget elementor-widget-image\" data-id=\"7c70990\" data-element_type=\"widget\" data-e-type=\"widget\" data-widget_type=\"image.default\">\n\t\t\t\t\t\t\t\t\t\t\t\t\t\t\t<img decoding=\"async\" width=\"506\" height=\"362\" src=\"https:\/\/www.carmatec.com\/wp-content\/uploads\/2022\/01\/process1.png\" class=\"attachment-large size-large wp-image-23919\" alt=\"processus1\" srcset=\"https:\/\/www.carmatec.com\/wp-content\/uploads\/2022\/01\/process1.png 506w, https:\/\/www.carmatec.com\/wp-content\/uploads\/2022\/01\/process1-300x215.png 300w\" sizes=\"(max-width: 506px) 100vw, 506px\" \/>\t\t\t\t\t\t\t\t\t\t\t\t\t\t\t<\/div>\n\t\t\t\t\t<\/div>\n\t\t<\/div>\n\t\t\t\t<div class=\"elementor-column elementor-col-50 elementor-top-column elementor-element elementor-element-72242f8\" data-id=\"72242f8\" data-element_type=\"column\" data-e-type=\"column\">\n\t\t\t<div class=\"elementor-widget-wrap elementor-element-populated\">\n\t\t\t\t\t\t<div class=\"elementor-element elementor-element-1b06f94 elementor-invisible elementor-widget elementor-widget-heading\" data-id=\"1b06f94\" data-element_type=\"widget\" data-e-type=\"widget\" data-settings=\"{&quot;_animation&quot;:&quot;fadeInDown&quot;}\" data-widget_type=\"heading.default\">\n\t\t\t\t\t<h2 class=\"elementor-heading-title elementor-size-default\">Consultation sur la mise en \u0153uvre du cloud<\/h2>\t\t\t\t<\/div>\n\t\t\t\t<div class=\"elementor-element elementor-element-2cbeda8 elementor-invisible elementor-widget elementor-widget-text-editor\" data-id=\"2cbeda8\" data-element_type=\"widget\" data-e-type=\"widget\" data-settings=\"{&quot;_animation&quot;:&quot;fadeInDown&quot;}\" data-widget_type=\"text-editor.default\">\n\t\t\t\t\t\t\t\t\t<p>Notre cadre de mise en \u0153uvre Agile est con\u00e7u pour r\u00e9soudre vos probl\u00e8mes commerciaux \u00e9tape par \u00e9tape gr\u00e2ce aux meilleures pratiques cloud. Suivre ce mod\u00e8le nous aide \u00e0 produire des r\u00e9sultats concrets tout en \u00e9liminant les risques du projet.<br><\/p>\n<p><span style=\"font-weight: 400;\">Les capacit\u00e9s d\u2019infrastructure \u00e9lastiques et autonomes sont parfaitement int\u00e9gr\u00e9es \u00e0 leur environnement d\u2019entreprise traditionnel. \u00c7a a l\u2019air bien, non ? Carmatec vous aide \u00e0 \u00e9tablir et \u00e0 migrer vers une fondation cloud. Ceci comprend:<\/span><\/p>\n<ul>\n<li style=\"font-weight: 400;\" aria-level=\"1\"><span style=\"font-weight: 400;\">Impl\u00e9mentation d&#039;infrastructures de cloud priv\u00e9, priv\u00e9 virtuel et hybride\u00a0: Citrix Xen, VMWare, OpenStack, CloudStack, Amazon EC2 et Rackspace.<\/span><\/li>\n<li style=\"font-weight: 400;\" aria-level=\"1\"><span style=\"font-weight: 400;\">Migration des applications depuis des plateformes d\u00e9di\u00e9es et de virtualisation vers une plateforme cloud.<\/span><\/li>\n<li style=\"font-weight: 400;\" aria-level=\"1\"><span style=\"font-weight: 400;\">Migration des plateformes de virtualisation vers les plateformes cloud.<\/span><\/li>\n<\/ul>\t\t\t\t\t\t\t\t<\/div>\n\t\t\t\t\t<\/div>\n\t\t<\/div>\n\t\t\t\t\t<\/div>\n\t\t<\/section>\n\t\t\t\t<section class=\"elementor-section elementor-top-section elementor-element elementor-element-fc1eb41 elementor-section-boxed elementor-section-height-default elementor-section-height-default\" data-id=\"fc1eb41\" data-element_type=\"section\" data-e-type=\"section\">\n\t\t\t\t\t\t<div class=\"elementor-container elementor-column-gap-default\">\n\t\t\t\t\t<div class=\"elementor-column elementor-col-50 elementor-top-column elementor-element elementor-element-9ea45e0\" data-id=\"9ea45e0\" data-element_type=\"column\" data-e-type=\"column\">\n\t\t\t<div class=\"elementor-widget-wrap elementor-element-populated\">\n\t\t\t\t\t\t<div class=\"elementor-element elementor-element-e942171 elementor-invisible elementor-widget elementor-widget-heading\" data-id=\"e942171\" data-element_type=\"widget\" data-e-type=\"widget\" data-settings=\"{&quot;_animation&quot;:&quot;fadeInDown&quot;}\" data-widget_type=\"heading.default\">\n\t\t\t\t\t<h3 class=\"elementor-heading-title elementor-size-default\">Avantages commerciaux du conseil cloud<\/h3>\t\t\t\t<\/div>\n\t\t\t\t<div class=\"elementor-element elementor-element-191398d elementor-invisible elementor-widget elementor-widget-text-editor\" data-id=\"191398d\" data-element_type=\"widget\" data-e-type=\"widget\" data-settings=\"{&quot;_animation&quot;:&quot;fadeInDown&quot;}\" data-widget_type=\"text-editor.default\">\n\t\t\t\t\t\t\t\t\t<ul><li><span style=\"font-weight: 400;\">Obtenez une compr\u00e9hension plus approfondie de votre pr\u00e9paration au cloud<\/span><\/li><li><span style=\"font-weight: 400;\">Co\u00fbts logiciels r\u00e9duits<\/span><\/li><li><span style=\"font-weight: 400;\">Fiabilit\u00e9 et \u00e9volutivit\u00e9<\/span><\/li><li><span style=\"font-weight: 400;\">Des op\u00e9rations am\u00e9lior\u00e9es et du temps pour l\u2019innovation<\/span><\/li><li><span style=\"font-weight: 400;\">Meilleure utilisation des ressources<\/span><\/li><li><span style=\"font-weight: 400;\">Obtenez une personnalisation et une automatisation transparentes des solutions Cloud<\/span><\/li><\/ul>\t\t\t\t\t\t\t\t<\/div>\n\t\t\t\t\t<\/div>\n\t\t<\/div>\n\t\t\t\t<div class=\"elementor-column elementor-col-50 elementor-top-column elementor-element elementor-element-23f31ba\" data-id=\"23f31ba\" data-element_type=\"column\" data-e-type=\"column\">\n\t\t\t<div class=\"elementor-widget-wrap elementor-element-populated\">\n\t\t\t\t\t\t<div class=\"elementor-element elementor-element-e3053bb elementor-invisible elementor-widget elementor-widget-heading\" data-id=\"e3053bb\" data-element_type=\"widget\" data-e-type=\"widget\" data-settings=\"{&quot;_animation&quot;:&quot;fadeInDown&quot;}\" data-widget_type=\"heading.default\">\n\t\t\t\t\t<h3 class=\"elementor-heading-title elementor-size-default\">Avantage Carmatec<\/h3>\t\t\t\t<\/div>\n\t\t\t\t<div class=\"elementor-element elementor-element-4498fb0 elementor-invisible elementor-widget elementor-widget-text-editor\" data-id=\"4498fb0\" data-element_type=\"widget\" data-e-type=\"widget\" data-settings=\"{&quot;_animation&quot;:&quot;fadeInDown&quot;}\" data-widget_type=\"text-editor.default\">\n\t\t\t\t\t\t\t\t\t<ul><li style=\"font-weight: 400;\" aria-level=\"1\"><span style=\"font-weight: 400;\">Fournisseur de d\u00e9ploiement rapide pour tous les services cloud.<\/span><\/li><li style=\"font-weight: 400;\" aria-level=\"1\"><span style=\"font-weight: 400;\">Possibilit\u00e9s r\u00e9duites de complications et de d\u00e9s\u00e9quilibres \u2013 nous \u00e9vitons de traiter avec plusieurs fournisseurs, technologies, applications, approvisionnement des utilisateurs, s\u00e9curit\u00e9, identit\u00e9, etc.<\/span><\/li><li style=\"font-weight: 400;\" aria-level=\"1\"><span style=\"font-weight: 400;\">La mise en \u0153uvre \u00e9tape par \u00e9tape est beaucoup plus simple et rapide : nous comprenons mieux votre entreprise.<\/span><\/li><\/ul>\t\t\t\t\t\t\t\t<\/div>\n\t\t\t\t\t<\/div>\n\t\t<\/div>\n\t\t\t\t\t<\/div>\n\t\t<\/section>\n\t\t\t\t<section class=\"elementor-section elementor-top-section elementor-element elementor-element-d5b34c8 elementor-section-boxed elementor-section-height-default elementor-section-height-default\" data-id=\"d5b34c8\" data-element_type=\"section\" data-e-type=\"section\" data-settings=\"{&quot;background_background&quot;:&quot;classic&quot;}\">\n\t\t\t\t\t\t<div class=\"elementor-container elementor-column-gap-default\">\n\t\t\t\t\t<div class=\"elementor-column elementor-col-100 elementor-top-column elementor-element elementor-element-573f58b\" data-id=\"573f58b\" data-element_type=\"column\" data-e-type=\"column\">\n\t\t\t<div class=\"elementor-widget-wrap elementor-element-populated\">\n\t\t\t\t\t\t<div class=\"elementor-element elementor-element-851a960 elementor-invisible elementor-widget elementor-widget-heading\" data-id=\"851a960\" data-element_type=\"widget\" data-e-type=\"widget\" data-settings=\"{&quot;_animation&quot;:&quot;fadeInDown&quot;}\" data-widget_type=\"heading.default\">\n\t\t\t\t\t<h3 class=\"elementor-heading-title elementor-size-default\">Nos autres services de consultation<\/h3>\t\t\t\t<\/div>\n\t\t\t\t<div class=\"elementor-element elementor-element-b31bab7 elementor-widget elementor-widget-spacer\" data-id=\"b31bab7\" data-element_type=\"widget\" data-e-type=\"widget\" data-widget_type=\"spacer.default\">\n\t\t\t\t\t\t\t<div class=\"elementor-spacer\">\n\t\t\t<div class=\"elementor-spacer-inner\"><\/div>\n\t\t<\/div>\n\t\t\t\t\t\t<\/div>\n\t\t\t\t<section class=\"elementor-section elementor-inner-section elementor-element elementor-element-bda72bc elementor-section-boxed elementor-section-height-default elementor-section-height-default\" data-id=\"bda72bc\" data-element_type=\"section\" data-e-type=\"section\">\n\t\t\t\t\t\t<div class=\"elementor-container elementor-column-gap-default\">\n\t\t\t\t\t<div class=\"elementor-column elementor-col-33 elementor-inner-column elementor-element elementor-element-ffca89d\" data-id=\"ffca89d\" data-element_type=\"column\" data-e-type=\"column\">\n\t\t\t<div class=\"elementor-widget-wrap elementor-element-populated\">\n\t\t\t\t\t\t<div class=\"elementor-element elementor-element-51ffe77 elementor-widget elementor-widget-heading\" data-id=\"51ffe77\" data-element_type=\"widget\" data-e-type=\"widget\" data-widget_type=\"heading.default\">\n\t\t\t\t\t<h4 class=\"elementor-heading-title elementor-size-default\">D\u00e9veloppement de logiciels<\/h4>\t\t\t\t<\/div>\n\t\t\t\t<div class=\"elementor-element elementor-element-03a83f2 elementor-widget elementor-widget-text-editor\" data-id=\"03a83f2\" data-element_type=\"widget\" data-e-type=\"widget\" data-widget_type=\"text-editor.default\">\n\t\t\t\t\t\t\t\t\t<ul><li style=\"font-weight: 400;\" aria-level=\"2\"><span style=\"font-weight: 400;\">Analyse commerciale<\/span><\/li><li style=\"font-weight: 400;\" aria-level=\"2\"><span style=\"font-weight: 400;\">Automatisation des processus<\/span><\/li><li style=\"font-weight: 400;\" aria-level=\"2\"><span style=\"font-weight: 400;\">Extensions d&#039;applications et mobiles<\/span><\/li><li style=\"font-weight: 400;\" aria-level=\"2\"><span style=\"font-weight: 400;\">Int\u00e9gration d&#039;API<\/span><\/li><li style=\"font-weight: 400;\" aria-level=\"2\"><span style=\"font-weight: 400;\">D\u00e9ploiement sur le Cloud<\/span><\/li><\/ul>\t\t\t\t\t\t\t\t<\/div>\n\t\t\t\t\t<\/div>\n\t\t<\/div>\n\t\t\t\t<div class=\"elementor-column elementor-col-33 elementor-inner-column elementor-element elementor-element-5da95fd\" data-id=\"5da95fd\" data-element_type=\"column\" data-e-type=\"column\">\n\t\t\t<div class=\"elementor-widget-wrap elementor-element-populated\">\n\t\t\t\t\t\t<div class=\"elementor-element elementor-element-1d5e42c elementor-widget elementor-widget-heading\" data-id=\"1d5e42c\" data-element_type=\"widget\" data-e-type=\"widget\" data-widget_type=\"heading.default\">\n\t\t\t\t\t<h4 class=\"elementor-heading-title elementor-size-default\">D\u00e9veloppement d&#039;applications SaaS<\/h4>\t\t\t\t<\/div>\n\t\t\t\t<div class=\"elementor-element elementor-element-d69c392 elementor-widget elementor-widget-text-editor\" data-id=\"d69c392\" data-element_type=\"widget\" data-e-type=\"widget\" data-widget_type=\"text-editor.default\">\n\t\t\t\t\t\t\t\t\t<ul><li style=\"font-weight: 400;\" aria-level=\"2\"><span style=\"font-weight: 400;\">Conception d&#039;architecture SaaS<\/span><\/li><li style=\"font-weight: 400;\" aria-level=\"2\"><span style=\"font-weight: 400;\">D\u00e9veloppement en ROR\/CakePHP<\/span><\/li><li style=\"font-weight: 400;\" aria-level=\"2\"><span style=\"font-weight: 400;\">Int\u00e9gration d&#039;API avec des applications tierces<\/span><\/li><li style=\"font-weight: 400;\" aria-level=\"2\"><span style=\"font-weight: 400;\">D\u00e9ploiement sur le Cloud<\/span><\/li><\/ul>\t\t\t\t\t\t\t\t<\/div>\n\t\t\t\t\t<\/div>\n\t\t<\/div>\n\t\t\t\t<div class=\"elementor-column elementor-col-33 elementor-inner-column elementor-element elementor-element-23ede44\" data-id=\"23ede44\" data-element_type=\"column\" data-e-type=\"column\">\n\t\t\t<div class=\"elementor-widget-wrap elementor-element-populated\">\n\t\t\t\t\t\t<div class=\"elementor-element elementor-element-f9ed0e1 elementor-widget elementor-widget-heading\" data-id=\"f9ed0e1\" data-element_type=\"widget\" data-e-type=\"widget\" data-widget_type=\"heading.default\">\n\t\t\t\t\t<h4 class=\"elementor-heading-title elementor-size-default\">Solutions cloud<\/h4>\t\t\t\t<\/div>\n\t\t\t\t<div class=\"elementor-element elementor-element-4b80332 elementor-widget elementor-widget-text-editor\" data-id=\"4b80332\" data-element_type=\"widget\" data-e-type=\"widget\" data-widget_type=\"text-editor.default\">\n\t\t\t\t\t\t\t\t\t<ul><li style=\"font-weight: 400;\" aria-level=\"2\"><span style=\"font-weight: 400;\">Architecture cloud<\/span><\/li><li style=\"font-weight: 400;\" aria-level=\"2\"><span style=\"font-weight: 400;\">Consolidation du serveur<\/span><\/li><li style=\"font-weight: 400;\" aria-level=\"2\"><span style=\"font-weight: 400;\">Virtualisation du stockage<\/span><\/li><li style=\"font-weight: 400;\" aria-level=\"2\"><span style=\"font-weight: 400;\">Configurations de cloud priv\u00e9 et hybride<\/span><\/li><li style=\"font-weight: 400;\" aria-level=\"2\"><span style=\"font-weight: 400;\">D\u00e9ploiement d&#039;applications sur le cloud<\/span><\/li><\/ul>\t\t\t\t\t\t\t\t<\/div>\n\t\t\t\t\t<\/div>\n\t\t<\/div>\n\t\t\t\t\t<\/div>\n\t\t<\/section>\n\t\t\t\t<div class=\"elementor-element elementor-element-559b717 elementor-hidden-mobile elementor-widget elementor-widget-spacer\" data-id=\"559b717\" data-element_type=\"widget\" data-e-type=\"widget\" data-widget_type=\"spacer.default\">\n\t\t\t\t\t\t\t<div class=\"elementor-spacer\">\n\t\t\t<div class=\"elementor-spacer-inner\"><\/div>\n\t\t<\/div>\n\t\t\t\t\t\t<\/div>\n\t\t\t\t\t<\/div>\n\t\t<\/div>\n\t\t\t\t\t<\/div>\n\t\t<\/section>\n\t\t\t\t<section class=\"elementor-section elementor-top-section elementor-element elementor-element-eb31c43 elementor-section-boxed elementor-section-height-default elementor-section-height-default\" data-id=\"eb31c43\" data-element_type=\"section\" data-e-type=\"section\">\n\t\t\t\t\t\t<div class=\"elementor-container elementor-column-gap-default\">\n\t\t\t\t\t<div class=\"elementor-column elementor-col-100 elementor-top-column elementor-element elementor-element-a6ab0b6\" data-id=\"a6ab0b6\" data-element_type=\"column\" data-e-type=\"column\">\n\t\t\t<div class=\"elementor-widget-wrap elementor-element-populated\">\n\t\t\t\t\t\t<div class=\"elementor-element elementor-element-e91e1de elementor-invisible elementor-widget elementor-widget-heading\" data-id=\"e91e1de\" data-element_type=\"widget\" data-e-type=\"widget\" data-settings=\"{&quot;_animation&quot;:&quot;fadeInDown&quot;}\" data-widget_type=\"heading.default\">\n\t\t\t\t\t<h3 class=\"elementor-heading-title elementor-size-default\">Nos partenaires technologiques<\/h3>\t\t\t\t<\/div>\n\t\t\t\t<div class=\"elementor-element elementor-element-c230f05 elementor-widget elementor-widget-spacer\" data-id=\"c230f05\" data-element_type=\"widget\" data-e-type=\"widget\" data-widget_type=\"spacer.default\">\n\t\t\t\t\t\t\t<div class=\"elementor-spacer\">\n\t\t\t<div class=\"elementor-spacer-inner\"><\/div>\n\t\t<\/div>\n\t\t\t\t\t\t<\/div>\n\t\t\t\t<div class=\"elementor-element elementor-element-88c8fad elementor-invisible elementor-widget elementor-widget-image\" data-id=\"88c8fad\" data-element_type=\"widget\" data-e-type=\"widget\" data-settings=\"{&quot;_animation&quot;:&quot;zoomIn&quot;}\" data-widget_type=\"image.default\">\n\t\t\t\t\t\t\t\t\t\t\t\t\t\t\t<img decoding=\"async\" width=\"1080\" height=\"78\" src=\"https:\/\/www.carmatec.com\/wp-content\/uploads\/2022\/01\/tech_logo.png\" class=\"attachment-full size-full wp-image-23933\" alt=\"logo_tech\" srcset=\"https:\/\/www.carmatec.com\/wp-content\/uploads\/2022\/01\/tech_logo.png 1080w, https:\/\/www.carmatec.com\/wp-content\/uploads\/2022\/01\/tech_logo-300x22.png 300w, https:\/\/www.carmatec.com\/wp-content\/uploads\/2022\/01\/tech_logo-1024x74.png 1024w, https:\/\/www.carmatec.com\/wp-content\/uploads\/2022\/01\/tech_logo-768x55.png 768w\" sizes=\"(max-width: 1080px) 100vw, 1080px\" \/>\t\t\t\t\t\t\t\t\t\t\t\t\t\t\t<\/div>\n\t\t\t\t\t<\/div>\n\t\t<\/div>\n\t\t\t\t\t<\/div>\n\t\t<\/section>\n\t\t\t\t<\/div>","protected":false},"excerpt":{"rendered":"<p>Cloud Consulting Services for Businesses Gain much-needed confidence by setting up a road map for managing successful cloud migration, development, integration, and administration with us. Cloud Consulting Services Cloud Computing as a paradigm is fundamentally altering the art and science of doing business online and represents a profound transformation in IT infrastructure. It enables organizations [&hellip;]<\/p>\n","protected":false},"author":1,"featured_media":0,"parent":0,"menu_order":0,"comment_status":"closed","ping_status":"closed","template":"","meta":{"footnotes":""},"class_list":["post-23906","page","type-page","status-publish","hentry"],"_links":{"self":[{"href":"https:\/\/www.carmatec.com\/fr_fr\/wp-json\/wp\/v2\/pages\/23906","targetHints":{"allow":["GET"]}}],"collection":[{"href":"https:\/\/www.carmatec.com\/fr_fr\/wp-json\/wp\/v2\/pages"}],"about":[{"href":"https:\/\/www.carmatec.com\/fr_fr\/wp-json\/wp\/v2\/types\/page"}],"author":[{"embeddable":true,"href":"https:\/\/www.carmatec.com\/fr_fr\/wp-json\/wp\/v2\/users\/1"}],"replies":[{"embeddable":true,"href":"https:\/\/www.carmatec.com\/fr_fr\/wp-json\/wp\/v2\/comments?post=23906"}],"version-history":[{"count":3,"href":"https:\/\/www.carmatec.com\/fr_fr\/wp-json\/wp\/v2\/pages\/23906\/revisions"}],"predecessor-version":[{"id":50611,"href":"https:\/\/www.carmatec.com\/fr_fr\/wp-json\/wp\/v2\/pages\/23906\/revisions\/50611"}],"wp:attachment":[{"href":"https:\/\/www.carmatec.com\/fr_fr\/wp-json\/wp\/v2\/media?parent=23906"}],"curies":[{"name":"wp","href":"https:\/\/api.w.org\/{rel}","templated":true}]}}