{"id":30601,"date":"2022-08-27T10:11:17","date_gmt":"2022-08-27T10:11:17","guid":{"rendered":"https:\/\/new.carmatec.com\/?page_id=30601"},"modified":"2026-02-17T04:42:23","modified_gmt":"2026-02-17T04:42:23","slug":"kettera-sovelluskehitys","status":"publish","type":"page","link":"https:\/\/www.carmatec.com\/fi\/agile-application-development\/","title":{"rendered":"Ketter\u00e4 sovelluskehitys"},"content":{"rendered":"<div data-elementor-type=\"wp-page\" data-elementor-id=\"30601\" class=\"elementor elementor-30601\" data-elementor-post-type=\"page\">\n\t\t\t\t\t\t<section class=\"elementor-section elementor-top-section elementor-element elementor-element-7c909139 elementor-section-height-min-height elementor-section-boxed elementor-section-height-default elementor-section-items-middle\" data-id=\"7c909139\" data-element_type=\"section\" data-e-type=\"section\" data-settings=\"{&quot;background_background&quot;:&quot;classic&quot;,&quot;shape_divider_bottom&quot;:&quot;waves&quot;}\">\n\t\t\t\t\t<div class=\"elementor-shape elementor-shape-bottom\" aria-hidden=\"true\" data-negative=\"false\">\n\t\t\t<svg xmlns=\"http:\/\/www.w3.org\/2000\/svg\" viewbox=\"0 0 1000 100\" preserveaspectratio=\"none\">\n\t<path class=\"elementor-shape-fill\" d=\"M421.9,6.5c22.6-2.5,51.5,0.4,75.5,5.3c23.6,4.9,70.9,23.5,100.5,35.7c75.8,32.2,133.7,44.5,192.6,49.7\tc23.6,2.1,48.7,3.5,103.4-2.5c54.7-6,106.2-25.6,106.2-25.6V0H0v30.3c0,0,72,32.6,158.4,30.5c39.2-0.7,92.8-6.7,134-22.4\tc21.2-8.1,52.2-18.2,79.7-24.2C399.3,7.9,411.6,7.5,421.9,6.5z\"\/>\n<\/svg>\t\t<\/div>\n\t\t\t\t\t<div class=\"elementor-container elementor-column-gap-default\">\n\t\t\t\t\t<div class=\"elementor-column elementor-col-50 elementor-top-column elementor-element elementor-element-64160c3\" data-id=\"64160c3\" data-element_type=\"column\" data-e-type=\"column\">\n\t\t\t<div class=\"elementor-widget-wrap elementor-element-populated\">\n\t\t\t\t\t\t<div class=\"elementor-element elementor-element-75d9b839 elementor-widget elementor-widget-heading\" data-id=\"75d9b839\" data-element_type=\"widget\" data-e-type=\"widget\" data-widget_type=\"heading.default\">\n\t\t\t\t\t<h2 class=\"elementor-heading-title elementor-size-default\">Ketter\u00e4 sovelluskehitys<\/h2>\t\t\t\t<\/div>\n\t\t\t\t<div class=\"elementor-element elementor-element-13a61744 elementor-widget elementor-widget-heading\" data-id=\"13a61744\" data-element_type=\"widget\" data-e-type=\"widget\" data-widget_type=\"heading.default\">\n\t\t\t\t\t<p class=\"elementor-heading-title elementor-size-default\">Rakenna vankkoja ja skaalautuvia liiketoimintaratkaisuja kanssamme.<\/p>\t\t\t\t<\/div>\n\t\t\t\t\t<\/div>\n\t\t<\/div>\n\t\t\t\t<div class=\"elementor-column elementor-col-50 elementor-top-column elementor-element elementor-element-525f1055 elementor-hidden-mobile\" data-id=\"525f1055\" data-element_type=\"column\" data-e-type=\"column\">\n\t\t\t<div class=\"elementor-widget-wrap\">\n\t\t\t\t\t\t\t<\/div>\n\t\t<\/div>\n\t\t\t\t\t<\/div>\n\t\t<\/section>\n\t\t\t\t<section class=\"elementor-section elementor-top-section elementor-element elementor-element-afba1a2 elementor-section-content-middle elementor-section-boxed elementor-section-height-default elementor-section-height-default\" data-id=\"afba1a2\" data-element_type=\"section\" data-e-type=\"section\">\n\t\t\t\t\t\t<div class=\"elementor-container elementor-column-gap-default\">\n\t\t\t\t\t<div class=\"elementor-column elementor-col-33 elementor-top-column elementor-element elementor-element-2611fc3\" data-id=\"2611fc3\" data-element_type=\"column\" data-e-type=\"column\">\n\t\t\t<div class=\"elementor-widget-wrap elementor-element-populated\">\n\t\t\t\t\t\t<div class=\"elementor-element elementor-element-0400011 elementor-invisible elementor-widget elementor-widget-heading\" data-id=\"0400011\" data-element_type=\"widget\" data-e-type=\"widget\" data-settings=\"{&quot;_animation&quot;:&quot;fadeInDown&quot;}\" data-widget_type=\"heading.default\">\n\t\t\t\t\t<h1 class=\"elementor-heading-title elementor-size-default\">Ketter\u00e4 sovelluskehitys<\/h1>\t\t\t\t<\/div>\n\t\t\t\t<div class=\"elementor-element elementor-element-d2f0e1b elementor-invisible elementor-widget elementor-widget-text-editor\" data-id=\"d2f0e1b\" data-element_type=\"widget\" data-e-type=\"widget\" data-settings=\"{&quot;_animation&quot;:&quot;fadeInDown&quot;}\" data-widget_type=\"text-editor.default\">\n\t\t\t\t\t\t\t\t\t<p>Nykyp\u00e4iv\u00e4n ostajakeskeiseen ja eritt\u00e4in kilpailukykyiseen markkinavetoiseen maailmaan suunniteltu ketter\u00e4 kehitys tarjoaa ketter\u00e4t puitteet, joissa kehitet\u00e4\u00e4n jatkuvasti teknisi\u00e4 ja toiminnallisia asetuksia ja keskityt\u00e4\u00e4n liiketoiminta-arvon nopeaan tuottamiseen. Nopeasti muuttuvassa liiketoimintaymp\u00e4rist\u00f6ss\u00e4 ei ole ep\u00e4ilyst\u00e4k\u00e4\u00e4n siit\u00e4, ett\u00e4 ketter\u00e4 kehitys on oikea tapa toimia. Nopeasti muuttuvat markkinaolosuhteet vaativat yrityksi\u00e4 lyhent\u00e4m\u00e4\u00e4n toimitussyklej\u00e4 ja reagoimaan entist\u00e4 paremmin asiakkaiden odotuksiin. Ketter\u00e4 prosessi integroi ohjelmistokehityksen saumattomasti t\u00e4h\u00e4n malliin sopivaksi ja suunnittelee lyhyempi\u00e4 sprintti- ja tuotteen elinkaaria. 1-4 viikon sprintit, p\u00e4ivitt\u00e4iset kokoontumiset, jatkuva sprinttien suunnittelu, tarkistukset ja palaute tekev\u00e4t ohjelmistokehitysprosessista eritt\u00e4in tehokkaan, tuottavan ja tiukasti valvotun. Meid\u00e4n\u00a0<em>ketter\u00e4t sovelluskehityspalvelut<\/em>\u00a0tuovat n\u00e4kyvyytt\u00e4, parempia tuloja, nopeampaa markkinoille saattamista, parempaa riskienhallintaa, joustavuutta, kustannusten hallintaa ja asiakastyytyv\u00e4isyytt\u00e4.<\/p>\t\t\t\t\t\t\t\t<\/div>\n\t\t\t\t\t<\/div>\n\t\t<\/div>\n\t\t\t\t<div class=\"elementor-column elementor-col-33 elementor-top-column elementor-element elementor-element-520eabb\" data-id=\"520eabb\" data-element_type=\"column\" data-e-type=\"column\">\n\t\t\t<div class=\"elementor-widget-wrap\">\n\t\t\t\t\t\t\t<\/div>\n\t\t<\/div>\n\t\t\t\t<div class=\"elementor-column elementor-col-33 elementor-top-column elementor-element elementor-element-f88bea6\" data-id=\"f88bea6\" data-element_type=\"column\" data-e-type=\"column\">\n\t\t\t<div class=\"elementor-widget-wrap elementor-element-populated\">\n\t\t\t\t\t\t<div class=\"elementor-element elementor-element-784c883 elementor-widget elementor-widget-image\" data-id=\"784c883\" data-element_type=\"widget\" data-e-type=\"widget\" data-widget_type=\"image.default\">\n\t\t\t\t\t\t\t\t\t\t\t\t\t\t\t<img decoding=\"async\" width=\"320\" height=\"234\" src=\"https:\/\/www.carmatec.com\/wp-content\/uploads\/2022\/08\/agile_benefits.png\" class=\"attachment-large size-large wp-image-30609\" alt=\"ketter\u00e4t_edut\" srcset=\"https:\/\/www.carmatec.com\/wp-content\/uploads\/2022\/08\/agile_benefits.png 320w, https:\/\/www.carmatec.com\/wp-content\/uploads\/2022\/08\/agile_benefits-300x219.png 300w\" sizes=\"(max-width: 320px) 100vw, 320px\" \/>\t\t\t\t\t\t\t\t\t\t\t\t\t\t\t<\/div>\n\t\t\t\t\t<\/div>\n\t\t<\/div>\n\t\t\t\t\t<\/div>\n\t\t<\/section>\n\t\t\t\t<section class=\"elementor-section elementor-top-section elementor-element elementor-element-c75b2ea elementor-section-boxed elementor-section-height-default elementor-section-height-default\" data-id=\"c75b2ea\" data-element_type=\"section\" data-e-type=\"section\">\n\t\t\t\t\t\t<div class=\"elementor-container elementor-column-gap-default\">\n\t\t\t\t\t<div class=\"elementor-column elementor-col-100 elementor-top-column elementor-element elementor-element-1e65850\" data-id=\"1e65850\" data-element_type=\"column\" data-e-type=\"column\">\n\t\t\t<div class=\"elementor-widget-wrap elementor-element-populated\">\n\t\t\t\t\t\t<div class=\"elementor-element elementor-element-e0c5024 elementor-invisible elementor-widget elementor-widget-heading\" data-id=\"e0c5024\" data-element_type=\"widget\" data-e-type=\"widget\" data-settings=\"{&quot;_animation&quot;:&quot;fadeInDown&quot;}\" data-widget_type=\"heading.default\">\n\t\t\t\t\t<h2 class=\"elementor-heading-title elementor-size-default\">Miten lis\u00e4\u00e4mme liiketoimintahy\u00f6tyj\u00e4si ketter\u00e4n mallin avulla?<\/h2>\t\t\t\t<\/div>\n\t\t\t\t<section class=\"elementor-section elementor-inner-section elementor-element elementor-element-e6b5141 elementor-section-boxed elementor-section-height-default elementor-section-height-default\" data-id=\"e6b5141\" data-element_type=\"section\" data-e-type=\"section\">\n\t\t\t\t\t\t<div class=\"elementor-container elementor-column-gap-default\">\n\t\t\t\t\t<div class=\"elementor-column elementor-col-50 elementor-inner-column elementor-element elementor-element-d016ae6\" data-id=\"d016ae6\" data-element_type=\"column\" data-e-type=\"column\">\n\t\t\t<div class=\"elementor-widget-wrap elementor-element-populated\">\n\t\t\t\t\t\t<div class=\"elementor-element elementor-element-42505a0 elementor-position-left elementor-vertical-align-top elementor-widget elementor-widget-image-box\" data-id=\"42505a0\" data-element_type=\"widget\" data-e-type=\"widget\" data-widget_type=\"image-box.default\">\n\t\t\t\t\t<div class=\"elementor-image-box-wrapper\"><figure class=\"elementor-image-box-img\"><img decoding=\"async\" width=\"72\" height=\"72\" src=\"https:\/\/www.carmatec.com\/wp-content\/uploads\/2022\/08\/icons_internet-marketing7.png\" class=\"attachment-full size-full wp-image-30610\" alt=\"icons_internet-marketing7\" \/><\/figure><div class=\"elementor-image-box-content\"><h3 class=\"elementor-image-box-title\">Tulojen tuottaminen - <\/h3><p class=\"elementor-image-box-description\">Tulonmuodostussykli alkaa heti, kun tuote saadaan markkinoille. Mit\u00e4 nopeammin lanseeraat tuotteen, sit\u00e4 nopeammin voit alkaa tuottaa tuloja. Koska ketteriss\u00e4 toiminnoissa keskityt\u00e4\u00e4n liiketoimintaratkaisujen nopeaan ja tihe\u00e4\u00e4n toimittamiseen, organisaatiot voivat aloittaa arvokkaiden ratkaisujen tarjoamisen heti toisin kuin perinteisill\u00e4 menetelmill\u00e4. Markkinoille tuloaikojen lyhent\u00e4minen kasvattaa voittojasi.<\/p><\/div><\/div>\t\t\t\t<\/div>\n\t\t\t\t<div class=\"elementor-element elementor-element-a947c1c elementor-position-left elementor-vertical-align-top elementor-widget elementor-widget-image-box\" data-id=\"a947c1c\" data-element_type=\"widget\" data-e-type=\"widget\" data-widget_type=\"image-box.default\">\n\t\t\t\t\t<div class=\"elementor-image-box-wrapper\"><figure class=\"elementor-image-box-img\"><img decoding=\"async\" width=\"72\" height=\"72\" src=\"https:\/\/www.carmatec.com\/wp-content\/uploads\/2022\/08\/icons_internet-marketing7.png\" class=\"attachment-full size-full wp-image-30610\" alt=\"icons_internet-marketing7\" \/><\/figure><div class=\"elementor-image-box-content\"><h3 class=\"elementor-image-box-title\">N\u00e4kyvyys\/l\u00e4pin\u00e4kyvyys -<\/h3><p class=\"elementor-image-box-description\">Ketter\u00e4 l\u00e4hestymistapa parantaa n\u00e4kyvyytt\u00e4, koska sidosryhm\u00e4t ovat mukana koko toimitusprosessin ajan. Se mahdollistaa asiakkaiden laajemman osallistumisen projektin suunnitteluun. Prosessi varmistaa my\u00f6s, ett\u00e4 asiakkaat ovat jatkuvasti yhteydess\u00e4 tuotteeseen sen ollessa ty\u00f6n alla, mik\u00e4 edist\u00e4\u00e4 avoimuutta.<\/p><\/div><\/div>\t\t\t\t<\/div>\n\t\t\t\t<div class=\"elementor-element elementor-element-f5f05af elementor-position-left elementor-vertical-align-top elementor-widget elementor-widget-image-box\" data-id=\"f5f05af\" data-element_type=\"widget\" data-e-type=\"widget\" data-widget_type=\"image-box.default\">\n\t\t\t\t\t<div class=\"elementor-image-box-wrapper\"><figure class=\"elementor-image-box-img\"><img decoding=\"async\" width=\"72\" height=\"72\" src=\"https:\/\/www.carmatec.com\/wp-content\/uploads\/2022\/08\/icons_internet-marketing7.png\" class=\"attachment-full size-full wp-image-30610\" alt=\"icons_internet-marketing7\" \/><\/figure><div class=\"elementor-image-box-content\"><h3 class=\"elementor-image-box-title\">Kustannusten valvonta - <\/h3><p class=\"elementor-image-box-description\">Skaalautumisen ja parantamisen kustannuksia voidaan hallita asteittain, mik\u00e4 helpottaa investointeja liiketoimintaan.<\/p><\/div><\/div>\t\t\t\t<\/div>\n\t\t\t\t<div class=\"elementor-element elementor-element-4febd26 elementor-position-left elementor-vertical-align-top elementor-widget elementor-widget-image-box\" data-id=\"4febd26\" data-element_type=\"widget\" data-e-type=\"widget\" data-widget_type=\"image-box.default\">\n\t\t\t\t\t<div class=\"elementor-image-box-wrapper\"><figure class=\"elementor-image-box-img\"><img decoding=\"async\" width=\"72\" height=\"72\" src=\"https:\/\/www.carmatec.com\/wp-content\/uploads\/2022\/08\/icons_internet-marketing7.png\" class=\"attachment-full size-full wp-image-30610\" alt=\"icons_internet-marketing7\" \/><\/figure><div class=\"elementor-image-box-content\"><h3 class=\"elementor-image-box-title\">Asiakastyytyv\u00e4isyys - <\/h3><p class=\"elementor-image-box-description\">Yrityksen omistajan aktiivinen osallistuminen lis\u00e4\u00e4 asiakastyytyv\u00e4isyytt\u00e4 ja varmistaa my\u00f6s jatkuvan palautekierteen. Yrityspuolella asiakaspalautteet voidaan integroida nopeasti alustaan tai toimia niiden perusteella, mik\u00e4 auttaa yrityksi\u00e4 pysym\u00e4\u00e4n eritt\u00e4in reagoivina.<\/p><\/div><\/div>\t\t\t\t<\/div>\n\t\t\t\t\t<\/div>\n\t\t<\/div>\n\t\t\t\t<div class=\"elementor-column elementor-col-50 elementor-inner-column elementor-element elementor-element-227b049\" data-id=\"227b049\" data-element_type=\"column\" data-e-type=\"column\">\n\t\t\t<div class=\"elementor-widget-wrap elementor-element-populated\">\n\t\t\t\t\t\t<div class=\"elementor-element elementor-element-c68b12d elementor-position-left elementor-vertical-align-top elementor-widget elementor-widget-image-box\" data-id=\"c68b12d\" data-element_type=\"widget\" data-e-type=\"widget\" data-widget_type=\"image-box.default\">\n\t\t\t\t\t<div class=\"elementor-image-box-wrapper\"><figure class=\"elementor-image-box-img\"><img decoding=\"async\" width=\"72\" height=\"72\" src=\"https:\/\/www.carmatec.com\/wp-content\/uploads\/2022\/08\/icons_internet-marketing7.png\" class=\"attachment-full size-full wp-image-30610\" alt=\"icons_internet-marketing7\" \/><\/figure><div class=\"elementor-image-box-content\"><h3 class=\"elementor-image-box-title\">Go-to-Market - <\/h3><p class=\"elementor-image-box-description\">Jos haluat olla markkinajohtaja yrityksess\u00e4si, ajasta tulee ratkaiseva tekij\u00e4. Ketter\u00e4 kehitys mahdollistaa inkrementaalisen toimitusmallin, ja p\u00e4\u00e4set markkinoille nopeammin.<\/p><\/div><\/div>\t\t\t\t<\/div>\n\t\t\t\t<div class=\"elementor-element elementor-element-11e625e elementor-position-left elementor-vertical-align-top elementor-widget elementor-widget-image-box\" data-id=\"11e625e\" data-element_type=\"widget\" data-e-type=\"widget\" data-widget_type=\"image-box.default\">\n\t\t\t\t\t<div class=\"elementor-image-box-wrapper\"><figure class=\"elementor-image-box-img\"><img decoding=\"async\" width=\"72\" height=\"72\" src=\"https:\/\/www.carmatec.com\/wp-content\/uploads\/2022\/08\/icons_internet-marketing7.png\" class=\"attachment-full size-full wp-image-30610\" alt=\"icons_internet-marketing7\" \/><\/figure><div class=\"elementor-image-box-content\"><h3 class=\"elementor-image-box-title\">Joustavuus \/ ketteryys -<\/h3><p class=\"elementor-image-box-description\">Ketter\u00e4 malli perustuu n\u00e4ihin k\u00e4sitteisiin, ja se auttaa yrityksi\u00e4 pysym\u00e4\u00e4n ketterin\u00e4 asiakkaiden tarpeiden mukaan. Hanke valmistuu ennalta m\u00e4\u00e4ritellyiss\u00e4 osissa, jotka k\u00e4yd\u00e4\u00e4n l\u00e4pi asiakkaiden kanssa ennen ratkaisun seuraavaan vaiheeseen siirtymist\u00e4, mik\u00e4 antaa enemm\u00e4n joustavuutta, kun on kyse hankkeen k\u00e4\u00e4nt\u00e4misest\u00e4 toiseen suuntaan tai kurssin korjaamisesta, jos jokin menee pieleen.<\/p><\/div><\/div>\t\t\t\t<\/div>\n\t\t\t\t<div class=\"elementor-element elementor-element-7017014 elementor-position-left elementor-vertical-align-top elementor-widget elementor-widget-image-box\" data-id=\"7017014\" data-element_type=\"widget\" data-e-type=\"widget\" data-widget_type=\"image-box.default\">\n\t\t\t\t\t<div class=\"elementor-image-box-wrapper\"><figure class=\"elementor-image-box-img\"><img decoding=\"async\" width=\"72\" height=\"72\" src=\"https:\/\/www.carmatec.com\/wp-content\/uploads\/2022\/08\/icons_internet-marketing7.png\" class=\"attachment-full size-full wp-image-30610\" alt=\"icons_internet-marketing7\" \/><\/figure><div class=\"elementor-image-box-content\"><h3 class=\"elementor-image-box-title\">Riskienhallinta - <\/h3><p class=\"elementor-image-box-description\">Lis\u00e4\u00e4ntynyt n\u00e4kyvyys, ennustettavuus, sidosryhmien sitoutuminen ja ketter\u00e4n l\u00e4hestymistavan kustannushy\u00f6dyt auttavat merkitt\u00e4v\u00e4sti v\u00e4hent\u00e4m\u00e4\u00e4n liiketoimintariskej\u00e4.<\/p><\/div><\/div>\t\t\t\t<\/div>\n\t\t\t\t<div class=\"elementor-element elementor-element-4fa4385 elementor-position-left elementor-vertical-align-top elementor-widget elementor-widget-image-box\" data-id=\"4fa4385\" data-element_type=\"widget\" data-e-type=\"widget\" data-widget_type=\"image-box.default\">\n\t\t\t\t\t<div class=\"elementor-image-box-wrapper\"><figure class=\"elementor-image-box-img\"><img decoding=\"async\" width=\"72\" height=\"72\" src=\"https:\/\/www.carmatec.com\/wp-content\/uploads\/2022\/08\/icons_internet-marketing7.png\" class=\"attachment-full size-full wp-image-30610\" alt=\"icons_internet-marketing7\" \/><\/figure><div class=\"elementor-image-box-content\"><h3 class=\"elementor-image-box-title\">Laadunvalvonta<\/h3><p class=\"elementor-image-box-description\">Yksi ketter\u00e4n kehityksen keskeisist\u00e4 periaatteista on, ett\u00e4 testaus on integroitu koko elinkaaren ajaksi, mik\u00e4 mahdollistaa tuotteen s\u00e4\u00e4nn\u00f6llisen tarkastelun ja sen mukauttamisen asiakkaiden tarpeisiin. Puutteet voidaan havaita ja niihin voidaan reagoida ennen aikataulua.<\/p><\/div><\/div>\t\t\t\t<\/div>\n\t\t\t\t\t<\/div>\n\t\t<\/div>\n\t\t\t\t\t<\/div>\n\t\t<\/section>\n\t\t\t\t\t<\/div>\n\t\t<\/div>\n\t\t\t\t\t<\/div>\n\t\t<\/section>\n\t\t\t\t<section class=\"elementor-section elementor-top-section elementor-element elementor-element-27b4417 elementor-section-boxed elementor-section-height-default elementor-section-height-default\" data-id=\"27b4417\" data-element_type=\"section\" data-e-type=\"section\">\n\t\t\t\t\t\t<div class=\"elementor-container elementor-column-gap-default\">\n\t\t\t\t\t<div class=\"elementor-column elementor-col-50 elementor-top-column elementor-element elementor-element-7c4a391\" data-id=\"7c4a391\" data-element_type=\"column\" data-e-type=\"column\">\n\t\t\t<div class=\"elementor-widget-wrap elementor-element-populated\">\n\t\t\t\t\t\t<div class=\"elementor-element elementor-element-bf12c9c elementor-invisible elementor-widget elementor-widget-heading\" data-id=\"bf12c9c\" data-element_type=\"widget\" data-e-type=\"widget\" data-settings=\"{&quot;_animation&quot;:&quot;fadeInDown&quot;}\" data-widget_type=\"heading.default\">\n\t\t\t\t\t<h2 class=\"elementor-heading-title elementor-size-default\">Ketter\u00e4n projektin elinkaari<\/h2>\t\t\t\t<\/div>\n\t\t\t\t<div class=\"elementor-element elementor-element-7c70990 elementor-widget elementor-widget-image\" data-id=\"7c70990\" data-element_type=\"widget\" data-e-type=\"widget\" data-widget_type=\"image.default\">\n\t\t\t\t\t\t\t\t\t\t\t\t\t\t\t<img decoding=\"async\" width=\"510\" height=\"434\" src=\"https:\/\/www.carmatec.com\/wp-content\/uploads\/2022\/08\/agile_workflow1.png\" class=\"attachment-large size-large wp-image-30614\" alt=\"ketter\u00e4_ty\u00f6nkulku1\" srcset=\"https:\/\/www.carmatec.com\/wp-content\/uploads\/2022\/08\/agile_workflow1.png 510w, https:\/\/www.carmatec.com\/wp-content\/uploads\/2022\/08\/agile_workflow1-300x255.png 300w\" sizes=\"(max-width: 510px) 100vw, 510px\" \/>\t\t\t\t\t\t\t\t\t\t\t\t\t\t\t<\/div>\n\t\t\t\t<div class=\"elementor-element elementor-element-691f082 elementor-widget elementor-widget-spacer\" data-id=\"691f082\" data-element_type=\"widget\" data-e-type=\"widget\" data-widget_type=\"spacer.default\">\n\t\t\t\t\t\t\t<div class=\"elementor-spacer\">\n\t\t\t<div class=\"elementor-spacer-inner\"><\/div>\n\t\t<\/div>\n\t\t\t\t\t\t<\/div>\n\t\t\t\t<div class=\"elementor-element elementor-element-bfcb89b elementor-widget elementor-widget-image\" data-id=\"bfcb89b\" data-element_type=\"widget\" data-e-type=\"widget\" data-widget_type=\"image.default\">\n\t\t\t\t\t\t\t\t\t\t\t\t\t\t\t\t<a href=\"https:\/\/www.carmatec.com\/fi\/portfolio\/\">\n\t\t\t\t\t\t\t<img decoding=\"async\" width=\"510\" height=\"100\" src=\"https:\/\/www.carmatec.com\/wp-content\/uploads\/2022\/08\/view-portfolio.jpg\" class=\"attachment-full size-full wp-image-30617\" alt=\"view-portfolio\" srcset=\"https:\/\/www.carmatec.com\/wp-content\/uploads\/2022\/08\/view-portfolio.jpg 510w, https:\/\/www.carmatec.com\/wp-content\/uploads\/2022\/08\/view-portfolio-300x59.jpg 300w\" sizes=\"(max-width: 510px) 100vw, 510px\" \/>\t\t\t\t\t\t\t\t<\/a>\n\t\t\t\t\t\t\t\t\t\t\t\t\t\t\t<\/div>\n\t\t\t\t\t<\/div>\n\t\t<\/div>\n\t\t\t\t<div class=\"elementor-column elementor-col-50 elementor-top-column elementor-element elementor-element-9a118b2\" data-id=\"9a118b2\" data-element_type=\"column\" data-e-type=\"column\">\n\t\t\t<div class=\"elementor-widget-wrap elementor-element-populated\">\n\t\t\t\t\t\t<div class=\"elementor-element elementor-element-8c07843 elementor-invisible elementor-widget elementor-widget-heading\" data-id=\"8c07843\" data-element_type=\"widget\" data-e-type=\"widget\" data-settings=\"{&quot;_animation&quot;:&quot;fadeInDown&quot;}\" data-widget_type=\"heading.default\">\n\t\t\t\t\t<h2 class=\"elementor-heading-title elementor-size-default\">Vertailu<\/h2>\t\t\t\t<\/div>\n\t\t\t\t<div class=\"elementor-element elementor-element-df7c2d9 elementor-widget elementor-widget-image\" data-id=\"df7c2d9\" data-element_type=\"widget\" data-e-type=\"widget\" data-widget_type=\"image.default\">\n\t\t\t\t\t\t\t\t\t\t\t\t\t\t\t<img decoding=\"async\" width=\"510\" height=\"500\" src=\"https:\/\/www.carmatec.com\/wp-content\/uploads\/2022\/08\/agile_comparision.png\" class=\"attachment-large size-large wp-image-30616\" alt=\"ketter\u00e4_vertailu\" srcset=\"https:\/\/www.carmatec.com\/wp-content\/uploads\/2022\/08\/agile_comparision.png 510w, https:\/\/www.carmatec.com\/wp-content\/uploads\/2022\/08\/agile_comparision-300x294.png 300w\" sizes=\"(max-width: 510px) 100vw, 510px\" \/>\t\t\t\t\t\t\t\t\t\t\t\t\t\t\t<\/div>\n\t\t\t\t<div class=\"elementor-element elementor-element-824cee8 elementor-widget elementor-widget-image\" data-id=\"824cee8\" data-element_type=\"widget\" data-e-type=\"widget\" data-widget_type=\"image.default\">\n\t\t\t\t\t\t\t\t\t\t\t\t\t\t\t\t<a href=\"https:\/\/www.carmatec.com\/fi\/tapaustutkimus\/\">\n\t\t\t\t\t\t\t<img decoding=\"async\" width=\"510\" height=\"100\" src=\"https:\/\/www.carmatec.com\/wp-content\/uploads\/2022\/08\/view-casestudy.jpg\" class=\"attachment-large size-large wp-image-30624\" alt=\"view-case study\" srcset=\"https:\/\/www.carmatec.com\/wp-content\/uploads\/2022\/08\/view-casestudy.jpg 510w, https:\/\/www.carmatec.com\/wp-content\/uploads\/2022\/08\/view-casestudy-300x59.jpg 300w\" sizes=\"(max-width: 510px) 100vw, 510px\" \/>\t\t\t\t\t\t\t\t<\/a>\n\t\t\t\t\t\t\t\t\t\t\t\t\t\t\t<\/div>\n\t\t\t\t\t<\/div>\n\t\t<\/div>\n\t\t\t\t\t<\/div>\n\t\t<\/section>\n\t\t\t\t<\/div>","protected":false},"excerpt":{"rendered":"<p>Agile Application Development Build robust and scalable business solutions with us Agile Application Development Designed for today\u2019s buyer-centric, highly competitive market-driven world, Agile development, essentially, provide a nimble framework, with continually developing technical and functional setting and focus on the rapid delivery of business value. In a fast changing business environment, there is no doubt [&hellip;]<\/p>\n","protected":false},"author":1,"featured_media":0,"parent":0,"menu_order":0,"comment_status":"closed","ping_status":"closed","template":"","meta":{"footnotes":""},"class_list":["post-30601","page","type-page","status-publish","hentry"],"_links":{"self":[{"href":"https:\/\/www.carmatec.com\/fi\/wp-json\/wp\/v2\/pages\/30601","targetHints":{"allow":["GET"]}}],"collection":[{"href":"https:\/\/www.carmatec.com\/fi\/wp-json\/wp\/v2\/pages"}],"about":[{"href":"https:\/\/www.carmatec.com\/fi\/wp-json\/wp\/v2\/types\/page"}],"author":[{"embeddable":true,"href":"https:\/\/www.carmatec.com\/fi\/wp-json\/wp\/v2\/users\/1"}],"replies":[{"embeddable":true,"href":"https:\/\/www.carmatec.com\/fi\/wp-json\/wp\/v2\/comments?post=30601"}],"version-history":[{"count":3,"href":"https:\/\/www.carmatec.com\/fi\/wp-json\/wp\/v2\/pages\/30601\/revisions"}],"predecessor-version":[{"id":50602,"href":"https:\/\/www.carmatec.com\/fi\/wp-json\/wp\/v2\/pages\/30601\/revisions\/50602"}],"wp:attachment":[{"href":"https:\/\/www.carmatec.com\/fi\/wp-json\/wp\/v2\/media?parent=30601"}],"curies":[{"name":"wp","href":"https:\/\/api.w.org\/{rel}","templated":true}]}}