{"id":3,"date":"2021-12-10T06:19:44","date_gmt":"2021-12-10T06:19:44","guid":{"rendered":"https:\/\/new.carmatec.com\/?page_id=3"},"modified":"2023-07-28T13:39:44","modified_gmt":"2023-07-28T13:39:44","slug":"tietosuojakaytanto","status":"publish","type":"page","link":"https:\/\/www.carmatec.com\/fi\/privacy-policy\/","title":{"rendered":"Tietosuojak\u00e4yt\u00e4nt\u00f6"},"content":{"rendered":"<div data-elementor-type=\"wp-page\" data-elementor-id=\"3\" class=\"elementor elementor-3\" data-elementor-post-type=\"page\">\n\t\t\t\t\t\t<section class=\"elementor-section elementor-top-section elementor-element elementor-element-2d503556 elementor-section-height-min-height elementor-section-boxed elementor-section-height-default elementor-section-items-middle\" data-id=\"2d503556\" data-element_type=\"section\" data-e-type=\"section\" data-settings=\"{&quot;background_background&quot;:&quot;classic&quot;,&quot;shape_divider_bottom&quot;:&quot;waves&quot;}\">\n\t\t\t\t\t<div class=\"elementor-shape elementor-shape-bottom\" aria-hidden=\"true\" data-negative=\"false\">\n\t\t\t<svg xmlns=\"http:\/\/www.w3.org\/2000\/svg\" viewbox=\"0 0 1000 100\" preserveaspectratio=\"none\">\n\t<path class=\"elementor-shape-fill\" d=\"M421.9,6.5c22.6-2.5,51.5,0.4,75.5,5.3c23.6,4.9,70.9,23.5,100.5,35.7c75.8,32.2,133.7,44.5,192.6,49.7\tc23.6,2.1,48.7,3.5,103.4-2.5c54.7-6,106.2-25.6,106.2-25.6V0H0v30.3c0,0,72,32.6,158.4,30.5c39.2-0.7,92.8-6.7,134-22.4\tc21.2-8.1,52.2-18.2,79.7-24.2C399.3,7.9,411.6,7.5,421.9,6.5z\"\/>\n<\/svg>\t\t<\/div>\n\t\t\t\t\t<div class=\"elementor-container elementor-column-gap-default\">\n\t\t\t\t\t<div class=\"elementor-column elementor-col-50 elementor-top-column elementor-element elementor-element-46c0a86e\" data-id=\"46c0a86e\" data-element_type=\"column\" data-e-type=\"column\">\n\t\t\t<div class=\"elementor-widget-wrap elementor-element-populated\">\n\t\t\t\t\t\t<div class=\"elementor-element elementor-element-27ffc72e elementor-widget elementor-widget-heading\" data-id=\"27ffc72e\" data-element_type=\"widget\" data-e-type=\"widget\" data-widget_type=\"heading.default\">\n\t\t\t\t\t<h1 class=\"elementor-heading-title elementor-size-default\">TIETOSUOJAK\u00c4YT\u00c4NT\u00d6<\/h1>\t\t\t\t<\/div>\n\t\t\t\t\t<\/div>\n\t\t<\/div>\n\t\t\t\t<div class=\"elementor-column elementor-col-50 elementor-top-column elementor-element elementor-element-4efa979e elementor-hidden-mobile\" data-id=\"4efa979e\" data-element_type=\"column\" data-e-type=\"column\">\n\t\t\t<div class=\"elementor-widget-wrap\">\n\t\t\t\t\t\t\t<\/div>\n\t\t<\/div>\n\t\t\t\t\t<\/div>\n\t\t<\/section>\n\t\t\t\t<section class=\"elementor-section elementor-top-section elementor-element elementor-element-61248af2 elementor-section-boxed elementor-section-height-default elementor-section-height-default\" data-id=\"61248af2\" data-element_type=\"section\" data-e-type=\"section\">\n\t\t\t\t\t\t<div class=\"elementor-container elementor-column-gap-default\">\n\t\t\t\t\t<div class=\"elementor-column elementor-col-100 elementor-top-column elementor-element elementor-element-5f5ae431\" data-id=\"5f5ae431\" data-element_type=\"column\" data-e-type=\"column\">\n\t\t\t<div class=\"elementor-widget-wrap elementor-element-populated\">\n\t\t\t\t\t\t<div class=\"elementor-element elementor-element-7517073c elementor-widget elementor-widget-text-editor\" data-id=\"7517073c\" data-element_type=\"widget\" data-e-type=\"widget\" data-widget_type=\"text-editor.default\">\n\t\t\t\t\t\t\t\t\t<p><\/p>\n<div>\n<h2 class=\"wp-block-heading\">Sitoumuksemme tietosuojaan.<\/h2>\n<p>Tervetuloa Carmatecin verkkosivuille (&quot;Sivusto&quot;). T\u00e4ss\u00e4 k\u00e4yt\u00e4nn\u00f6ss\u00e4 termit &quot;me&quot;, &quot;me&quot;, &quot;meid\u00e4n&quot;, &quot;yrityksemme&quot; ja &quot;Yritys&quot; viittaavat Carmateciin ja kaikkiin tyt\u00e4ryhti\u00f6ihimme. &quot;Sin\u00e4&quot; viittaa sinuun t\u00e4m\u00e4n sivuston k\u00e4ytt\u00e4j\u00e4n\u00e4. T\u00e4ss\u00e4 osiossa selitet\u00e4\u00e4n k\u00e4yt\u00e4nt\u00f6mme, joka koskee kaikkia henkil\u00f6tietoja, joita saatat antaa meille vieraillessasi verkkosivustollamme. Tietosuojak\u00e4yt\u00e4nt\u00f6mme (&quot;politiikka&quot;) kehitettiin jatkeeksi sitoutumistamme yhdist\u00e4\u00e4 korkealaatuiset tuotteet ja palvelut korkeimpaan rehellisyyteen asioidessamme asiakkaidemme ja kumppaneidemme kanssa. T\u00e4m\u00e4 k\u00e4yt\u00e4nt\u00f6 on suunniteltu auttamaan sinua ymm\u00e4rt\u00e4m\u00e4\u00e4n, kuinka ker\u00e4\u00e4mme, k\u00e4yt\u00e4mme ja suojaamme meille antamiasi henkil\u00f6tietoja, ja auttamaan sinua tekem\u00e4\u00e4n tietoisia p\u00e4\u00e4t\u00f6ksi\u00e4 k\u00e4ytt\u00e4ess\u00e4si Sivustoamme sek\u00e4 tuotteitamme ja palveluitamme. T\u00e4t\u00e4 lausuntoa arvioidaan jatkuvasti uusien teknologioiden, liiketoimintak\u00e4yt\u00e4nt\u00f6jen ja asiakkaidemme tarpeiden perusteella.<\/p>\n<\/div>\n<div>\n<h2>Sinun suostumuksesi.<\/h2>\n<p>K\u00e4ytt\u00e4m\u00e4ll\u00e4 t\u00e4t\u00e4 sivustoa hyv\u00e4ksyt henkil\u00f6tietojesi ker\u00e4\u00e4misen ja k\u00e4yt\u00f6n t\u00e4ss\u00e4 tietosuojak\u00e4yt\u00e4nn\u00f6ss\u00e4 kuvatulla tavalla. Yrityksen tietosuojak\u00e4yt\u00e4nt\u00f6 koskee yksil\u00f6it\u00e4, ja pid\u00e4t\u00e4mme oikeuden muuttaa t\u00e4t\u00e4 tietosuojak\u00e4yt\u00e4nt\u00f6\u00e4 ja siihen liittyvi\u00e4 menettelyj\u00e4 milloin tahansa.<\/p>\n<\/div>\n<div>\n<h2>Asiakastietojen ker\u00e4\u00e4minen, k\u00e4ytt\u00f6 ja s\u00e4ilytt\u00e4minen.<\/h2>\n<p>Kun vierailet sivustollamme, voit antaa meille kahdenlaisia tietoja:<br \/><b>1)<\/b>\u00a0henkil\u00f6kohtaiset tiedot, jotka olet tietoisesti p\u00e4\u00e4tt\u00e4nyt paljastaa ja jotka ker\u00e4t\u00e4\u00e4n yksil\u00f6llisesti; ja<br \/><b>2)\u00a0<\/b>verkkosivusto k\u00e4ytt\u00e4\u00e4 koottuja tietoja, kun sin\u00e4 ja muut selaat Sivustoamme.<\/p>\n<\/div>\n<div>\n<div>\n<h2>Tietoturva:<\/h2>\n<p>Varmistamme tietojesi turvallisuuden yll\u00e4pit\u00e4m\u00e4ll\u00e4 niit\u00e4 eritt\u00e4in turvallisissa ymp\u00e4rist\u00f6iss\u00e4, jotka on suojattu vankilla turvamenetelmill\u00e4.<\/p>\n<h3>1. Henkil\u00f6tiedot \u2013 K\u00e4yt\u00e4mme meille antamiasi tietoja.<\/h3>\n<h4>A. Yleinen k\u00e4yt\u00e4nt\u00f6<\/h4>\n<p>Yleisesti ottaen k\u00e4yt\u00e4mme henkil\u00f6tietoja liiketoimintamme hallinnointiin, asiakaspalveluun sek\u00e4 muiden tuotteiden ja palveluiden tarjoamiseen asiakkaillemme ja mahdollisille asiakkaillemme. Joskus saatamme my\u00f6s k\u00e4ytt\u00e4\u00e4 ker\u00e4\u00e4mi\u00e4mme tietoja ilmoittaaksemme sinulle t\u00e4rkeist\u00e4 muutoksista sivustollamme, uusista palveluista ja erikoistarjouksista, joita uskomme pit\u00e4v\u00e4n arvokkaina. Listat, joita k\u00e4ytet\u00e4\u00e4n l\u00e4hett\u00e4m\u00e4\u00e4n sinulle tuote- ja palvelutarjouksia, on kehitetty ja hallinnoitu perinteisten yritysstandardidemme mukaisesti, jotka on suunniteltu turvaamaan asiakkaidemme henkil\u00f6tietojen turvallisuus ja yksityisyys. Jos et halua saada n\u00e4it\u00e4 tarjouksia, l\u00e4het\u00e4 s\u00e4hk\u00f6postia osoitteeseen unsubscribe@carmatec.com.<\/p>\n<h4><b>B.<\/b>\u00a0luottokortin tiedot<\/h4>\n<p>Jos p\u00e4\u00e4t\u00e4t ostaa tuotteita tai palveluita Yritykselt\u00e4 tai kumppaneiltamme, saatat joutua antamaan henkil\u00f6kohtaisia tietoja ja valtuutuksen saadaksesi tietoja erilaisista luottopalveluista. Saatat joutua antamaan esimerkiksi seuraavat tiedot:<\/p>\n<p>Nimi<br \/>Postitusosoite<br \/>S\u00e4hk\u00f6postiosoite<br \/>Luottokortin numero<br \/>Koti- ja\/tai yrityksen puhelinnumero Muut henkil\u00f6tiedot<br \/>S\u00e4hk\u00f6postitiedot<\/p>\n<h4><b>C.<\/b>\u00a0S\u00e4hk\u00f6posti.<\/h4>\n<p>Jos p\u00e4\u00e4t\u00e4t olla kanssamme s\u00e4hk\u00f6postitse, voimme s\u00e4ilytt\u00e4\u00e4 s\u00e4hk\u00f6postisi sis\u00e4ll\u00f6n ja vastauksemme, jotta voimme k\u00e4sitell\u00e4 tehokkaammin mahdollisia jatkokysymyksi\u00e4si.<\/p>\n<h4><b>D.<\/b>\u00a0Online-sovellukset.<\/h4>\n<p>Kun haet Sivustolla tilej\u00e4 tai palveluita, annat henkil\u00f6tietoja, joita tarvitsemme hakemuksesi k\u00e4sittelyyn. Yritys ja tyt\u00e4ryhti\u00f6mme voivat s\u00e4ilytt\u00e4\u00e4 meille antamasi tiedot sek\u00e4 ulkopuolisista l\u00e4hteist\u00e4 ker\u00e4\u00e4m\u00e4mme tiedot, jotta voimme tarjota sinulle tilej\u00e4 ja palveluita, jotka liittyv\u00e4t taloudellisiin tarpeisiisi.<\/p>\n<h4><b>E.\u00a0<\/b>Online-kyselyt.<\/h4>\n<p>Tietoja, jotka annat Yritykselle online-kyselyiden ja Sivuston kampanjoiden kautta, k\u00e4ytet\u00e4\u00e4n sis\u00e4iseen markkinointiin, mukaan lukien uusien palveluiden ja sivuston tietojen kehitt\u00e4miseen.<\/p>\n<h3><b>2.<\/b>\u00a0Web-sivuston k\u00e4ytt\u00f6tiedot.<\/h3>\n<p>Muiden kaupallisten verkkosivustojen tapaan sivustomme k\u00e4ytt\u00e4\u00e4 standarditekniikkaa, jota kutsutaan &quot;ev\u00e4steiksi&quot; ja verkkopalvelinlokeiksi ker\u00e4t\u00e4kseen tietoja siit\u00e4, miten Sivustoamme k\u00e4ytet\u00e4\u00e4n.<\/p>\n<h4><b>A.<\/b>\u00a0Mit\u00e4 ev\u00e4steet ovat?<\/h4>\n<p>\u201dEv\u00e4steet\u201d ovat verkkoselainohjelmiston ominaisuus, jonka avulla web-palvelimet voivat tunnistaa tietokoneen, jota k\u00e4ytet\u00e4\u00e4n verkkosivustolle. Ne ovat pieni\u00e4 tietopaloja, jotka k\u00e4ytt\u00e4j\u00e4n verkkoselain tallentaa k\u00e4ytt\u00e4j\u00e4n kiintolevylle. Ev\u00e4steiden ja verkkopalvelinlokien avulla ker\u00e4tyt tiedot voivat sis\u00e4lt\u00e4\u00e4 tietoja, kuten k\u00e4yntien p\u00e4iv\u00e4m\u00e4\u00e4r\u00e4t ja kellonajat, katsotut sivut, Sivustolla vietetty aika ja juuri ennen Sivustoamme ja juuri sen j\u00e4lkeen vieraillut verkkosivustot. Ev\u00e4steet voivat muistaa, mit\u00e4 tietoja k\u00e4ytt\u00e4j\u00e4 k\u00e4ytt\u00e4\u00e4 yhdell\u00e4 verkkosivulla yksinkertaistaakseen saman k\u00e4ytt\u00e4j\u00e4n my\u00f6hemp\u00e4\u00e4 vuorovaikutusta kyseisen verkkosivuston kanssa tai k\u00e4ytt\u00e4\u00e4kseen tietoja yksinkertaistaakseen k\u00e4ytt\u00e4j\u00e4n tapahtumia asiaan liittyvill\u00e4 verkkosivuilla. T\u00e4m\u00e4 helpottaa k\u00e4ytt\u00e4j\u00e4n siirtymist\u00e4 verkkosivulta verkkosivulle ja kaupallisten tapahtumien suorittamista Internetin kautta. Ev\u00e4steiden pit\u00e4isi tehd\u00e4 verkkokokemuksestasi helpompaa ja yksil\u00f6llisemp\u00e4\u00e4.<\/p>\n<h4><b>B.<\/b>\u00a0Kuinka k\u00e4yt\u00e4mme ev\u00e4steist\u00e4 ker\u00e4\u00e4mi\u00e4mme tietoja.<\/h4>\n<p>K\u00e4yt\u00e4mme verkkosivujen selainohjelmistoty\u00f6kaluja, kuten ev\u00e4steit\u00e4 ja verkkopalvelinlokeja, ker\u00e4t\u00e4ksemme tietoa Sivustomme k\u00e4ytt\u00e4jien selaustoiminnasta parantaaksemme jatkuvasti Sivustoamme ja palvellaksemme paremmin asiakkaitamme. N\u00e4m\u00e4 tiedot auttavat meit\u00e4 suunnittelemaan ja j\u00e4rjest\u00e4m\u00e4\u00e4n verkkosivumme mahdollisimman k\u00e4ytt\u00e4j\u00e4yst\u00e4v\u00e4llisell\u00e4 tavalla ja parantamaan jatkuvasti sivustoamme vastaamaan paremmin asiakkaidemme ja mahdollisten asiakkaidemme tarpeita. Emme k\u00e4yt\u00e4 n\u00e4it\u00e4 tekniikoita yksil\u00f6llisen s\u00e4hk\u00f6postiosoitteesi tai henkil\u00f6kohtaisten tietojen ker\u00e4\u00e4miseen, vaikka ne antavat meille mahdollisuuden l\u00e4hett\u00e4\u00e4 sinulle kohdennettuja online-bannerimainoksia tai muita vastaavia vastauksia.<\/p>\n<h3>3. Tietojen luovuttaminen.<\/h3>\n<h4><b>A.<\/b>\u00a0Yleisesti<\/h4>\n<p>Voimme tarjota koottuja tietoja asiakkaistamme, myynnist\u00e4mme, sivuston liikennemalleista ja niihin liittyvist\u00e4 Sivuston tiedoista tyt\u00e4ryhti\u00f6illemme tai hyv\u00e4maineisille kolmansille osapuolille, mutta n\u00e4m\u00e4 tiedot eiv\u00e4t sis\u00e4ll\u00e4 henkil\u00f6tietoja, ellei t\u00e4ss\u00e4 tietosuojak\u00e4yt\u00e4nn\u00f6ss\u00e4 toisin mainita.<\/p>\n<h4><b>B.<\/b>\u00a0Laillisesti pakotettu tietojen luovuttaminen.<\/h4>\n<p>Saatamme luovuttaa tietoja lain mukaan, toisin sanoen, kun uskomme hyv\u00e4ss\u00e4 uskossa, ett\u00e4 laki vaatii sit\u00e4 tai laillisten oikeuksiemme suojelemiseksi.<\/p>\n<h4><b>C.\u00a0<\/b>Tietojen jakaminen tyt\u00e4ryhti\u00f6iden kanssa.<\/h4>\n<p>Ajoittain saatat huomata sivustollamme ulkopuolisten yritysten tarjouksia. Ryhdymme toimenpiteisiin valitaksemme tuote- tai palveluntarjoajat, jotka ovat vastuullisia ja tarjoavat asiakkailleen tietosuojan. Emme kuitenkaan voi emmek\u00e4 ota kantaa n\u00e4iden yritysten k\u00e4yt\u00e4nt\u00f6ihin ja k\u00e4yt\u00e4nt\u00f6ihin.<\/p>\n<p><em>Teemme yhteisty\u00f6t\u00e4 Microsoft Clarityn ja Microsoft Advertisingin kanssa vangitaksemme, kuinka k\u00e4yt\u00e4t verkkosivustoamme ja olet vuorovaikutuksessa sen kanssa k\u00e4ytt\u00e4ytymismittareiden, l\u00e4mp\u00f6karttojen ja istunnon toiston avulla parantaaksemme ja markkinoidaksemme tuotteitamme\/palveluitamme. Verkkosivuston k\u00e4ytt\u00f6tiedot ker\u00e4t\u00e4\u00e4n k\u00e4ytt\u00e4m\u00e4ll\u00e4 ensimm\u00e4isen ja kolmannen osapuolen ev\u00e4steit\u00e4 ja muita seurantatekniikoita tuotteiden\/palvelujen ja verkkotoiminnan suosion m\u00e4\u00e4ritt\u00e4miseksi. Lis\u00e4ksi k\u00e4yt\u00e4mme n\u00e4it\u00e4 tietoja sivuston optimointiin, petos-\/turvallisuustarkoituksiin ja mainontaan.<\/em><\/p>\n<h4><b>D.<\/b>\u00a0Tietojen jakaminen strategisten kumppaneiden kanssa.<\/h4>\n<p>Voimme solmia strategisia markkinointiliittoutumia tai kumppanuuksia kolmansien osapuolten kanssa, joille voidaan antaa p\u00e4\u00e4sy henkil\u00f6kohtaisiin tietoihisi, mukaan lukien nimesi, osoitteesi, puhelinnumerosi ja s\u00e4hk\u00f6postiosoitteesi, jotta voimme tarjota sinulle tietoja tuotteista ja palveluista, joiden uskomme kiinnostavan. sinulle. Strategisten markkinointiliittoutumien tai kumppanuuksien yhteydess\u00e4 s\u00e4ilyt\u00e4mme kaikki omistusoikeudet tietoihin, emmek\u00e4 jaa henkil\u00f6kohtaisia taloustietojasi koskevia tietoja.\u00a0<\/p>\n<h3>4. Ty\u00f6ntekij\u00f6iden p\u00e4\u00e4sy, koulutus ja odotukset.<\/h3>\n<p>Yrityksemme arvot, eettiset standardit, politiikkamme ja k\u00e4yt\u00e4nt\u00f6mme ovat sitoutuneet asiakastietojen suojaamiseen. Yleisesti liiketoimintak\u00e4yt\u00e4nt\u00f6mme rajoittavat ty\u00f6ntekij\u00f6iden p\u00e4\u00e4sy\u00e4 luottamuksellisiin tietoihin ja rajoittavat t\u00e4llaisten tietojen k\u00e4yt\u00f6n ja luovuttamisen valtuutetuille henkil\u00f6ille, prosesseille ja tapahtumille.<\/p>\n<h3><b>5.<\/b>\u00a0Muut sivustollemme linkitetyt verkkosivustot.<\/h3>\n<p>Emme ole vastuussa k\u00e4yt\u00e4nn\u00f6ist\u00e4, joita noudattavat sivustomme linkitettyjen tai sivustoiltamme linkitettyjen verkkosivustojen k\u00e4yt\u00e4nt\u00f6 tai niiden sis\u00e4lt\u00e4m\u00e4 tieto tai sis\u00e4lt\u00f6. Usein linkkej\u00e4 muille web-sivustoille tarjotaan vain viittauksina tietoihin aiheista, jotka voivat olla hy\u00f6dyllisi\u00e4 sivustomme k\u00e4ytt\u00e4jille.<\/p>\n<p>Muista, ett\u00e4 kun k\u00e4yt\u00e4t linkki\u00e4 siirty\u00e4ksesi sivustoltamme toiselle verkkosivustolle, tietosuojak\u00e4yt\u00e4nt\u00f6mme ei ole en\u00e4\u00e4 voimassa. Selaaminen ja vuorovaikutus mill\u00e4 tahansa muulla verkkosivustolla, mukaan lukien verkkosivustot, joissa on linkki sivustoomme, ovat kyseisen verkkosivuston omien s\u00e4\u00e4nt\u00f6jen ja k\u00e4yt\u00e4nt\u00f6jen alaisia. Lue n\u00e4m\u00e4 s\u00e4\u00e4nn\u00f6t ja k\u00e4yt\u00e4nn\u00f6t ennen kuin jatkat.<\/p>\n<h3><b>6.<\/b>\u00a0Lasten yksityisyys.<\/h3>\n<p>Sivustoamme ei ole tarkoitettu lasten k\u00e4ytt\u00f6\u00f6n. Emme tietoisesti markkinoi lapsille tai pyyd\u00e4 tietoja heilt\u00e4.<\/p>\n<p>Lis\u00e4tietoja t\u00e4m\u00e4n sivuston k\u00e4ytt\u00f6\u00e4 koskevista ehdoista on YHTI\u00d6N k\u00e4ytt\u00f6ehtosopimuksessa.<\/p>\n<\/div>\n<\/div>\n<p><\/p>\t\t\t\t\t\t\t\t<\/div>\n\t\t\t\t\t<\/div>\n\t\t<\/div>\n\t\t\t\t\t<\/div>\n\t\t<\/section>\n\t\t\t\t<\/div>","protected":false},"excerpt":{"rendered":"<p>PRIVACY POLICY Our Commitment to Privacy. Welcome to Carmatec\u00a0website (the \u201dSite\u201d). For the purposes of this Policy, the terms \u201cwe\u201d, \u201cus\u201d, \u201cour\u201d, \u201cCompany\u201d and, \u201cCompany\u201d refer to Carmatec, and all of our affiliates. \u201dYou\u201d refers to you, as a user of this site. Explained in this section is our policy regarding any personal information you [&hellip;]<\/p>\n","protected":false},"author":1,"featured_media":0,"parent":0,"menu_order":0,"comment_status":"closed","ping_status":"closed","template":"","meta":{"footnotes":""},"class_list":["post-3","page","type-page","status-publish","hentry"],"_links":{"self":[{"href":"https:\/\/www.carmatec.com\/fi\/wp-json\/wp\/v2\/pages\/3","targetHints":{"allow":["GET"]}}],"collection":[{"href":"https:\/\/www.carmatec.com\/fi\/wp-json\/wp\/v2\/pages"}],"about":[{"href":"https:\/\/www.carmatec.com\/fi\/wp-json\/wp\/v2\/types\/page"}],"author":[{"embeddable":true,"href":"https:\/\/www.carmatec.com\/fi\/wp-json\/wp\/v2\/users\/1"}],"replies":[{"embeddable":true,"href":"https:\/\/www.carmatec.com\/fi\/wp-json\/wp\/v2\/comments?post=3"}],"version-history":[{"count":1,"href":"https:\/\/www.carmatec.com\/fi\/wp-json\/wp\/v2\/pages\/3\/revisions"}],"predecessor-version":[{"id":52019,"href":"https:\/\/www.carmatec.com\/fi\/wp-json\/wp\/v2\/pages\/3\/revisions\/52019"}],"wp:attachment":[{"href":"https:\/\/www.carmatec.com\/fi\/wp-json\/wp\/v2\/media?parent=3"}],"curies":[{"name":"wp","href":"https:\/\/api.w.org\/{rel}","templated":true}]}}