{"id":26143,"date":"2022-02-08T07:33:41","date_gmt":"2022-02-08T07:33:41","guid":{"rendered":"https:\/\/new.carmatec.com\/?page_id=26143"},"modified":"2026-04-17T06:29:42","modified_gmt":"2026-04-17T06:29:42","slug":"paikallinen-seo-palveluyritys-bangaloressa","status":"publish","type":"page","link":"https:\/\/www.carmatec.com\/fi\/search-engine-optimization-services\/local-seo-services-company-in-bangalore\/","title":{"rendered":"Paikalliset SEO-palvelut Bangaloressa"},"content":{"rendered":"<div data-elementor-type=\"wp-page\" data-elementor-id=\"26143\" class=\"elementor elementor-26143\" data-elementor-post-type=\"page\">\n\t\t\t\t\t\t<section class=\"elementor-section elementor-top-section elementor-element elementor-element-5fcb4226 elementor-section-height-min-height elementor-section-boxed elementor-section-height-default elementor-section-items-middle\" data-id=\"5fcb4226\" data-element_type=\"section\" data-e-type=\"section\" data-settings=\"{&quot;background_background&quot;:&quot;classic&quot;,&quot;shape_divider_bottom&quot;:&quot;waves&quot;}\">\n\t\t\t\t\t<div class=\"elementor-shape elementor-shape-bottom\" aria-hidden=\"true\" data-negative=\"false\">\n\t\t\t<svg xmlns=\"http:\/\/www.w3.org\/2000\/svg\" viewbox=\"0 0 1000 100\" preserveaspectratio=\"none\">\n\t<path class=\"elementor-shape-fill\" d=\"M421.9,6.5c22.6-2.5,51.5,0.4,75.5,5.3c23.6,4.9,70.9,23.5,100.5,35.7c75.8,32.2,133.7,44.5,192.6,49.7\tc23.6,2.1,48.7,3.5,103.4-2.5c54.7-6,106.2-25.6,106.2-25.6V0H0v30.3c0,0,72,32.6,158.4,30.5c39.2-0.7,92.8-6.7,134-22.4\tc21.2-8.1,52.2-18.2,79.7-24.2C399.3,7.9,411.6,7.5,421.9,6.5z\"\/>\n<\/svg>\t\t<\/div>\n\t\t\t\t\t<div class=\"elementor-container elementor-column-gap-default\">\n\t\t\t\t\t<div class=\"elementor-column elementor-col-50 elementor-top-column elementor-element elementor-element-7a4f5ed0\" data-id=\"7a4f5ed0\" data-element_type=\"column\" data-e-type=\"column\">\n\t\t\t<div class=\"elementor-widget-wrap elementor-element-populated\">\n\t\t\t\t\t\t<div class=\"elementor-element elementor-element-3ee8ef7f elementor-widget elementor-widget-heading\" data-id=\"3ee8ef7f\" data-element_type=\"widget\" data-e-type=\"widget\" data-widget_type=\"heading.default\">\n\t\t\t\t\t<h1 class=\"elementor-heading-title elementor-size-default\">PAIKALLISET SEO-PALVELUT BANGALORESSA<\/h1>\t\t\t\t<\/div>\n\t\t\t\t<div class=\"elementor-element elementor-element-6f0ea78b elementor-widget elementor-widget-heading\" data-id=\"6f0ea78b\" data-element_type=\"widget\" data-e-type=\"widget\" data-widget_type=\"heading.default\">\n\t\t\t\t\t<p class=\"elementor-heading-title elementor-size-default\">Etsitk\u00f6 paikallisia SEO-PALVELUJA BANGALORESTA? Paikallista hakukoneoptimointia suositellaan poikkeuksellisesti niin pienille yrityksille kuin monitoimiorganisaatioille.<\/p>\t\t\t\t<\/div>\n\t\t\t\t<div class=\"elementor-element elementor-element-27ae4868 elementor-align-left elementor-mobile-align-left elementor-widget__width-auto elementor-invisible elementor-widget elementor-widget-button\" data-id=\"27ae4868\" data-element_type=\"widget\" data-e-type=\"widget\" data-settings=\"{&quot;_animation&quot;:&quot;zoomIn&quot;}\" data-widget_type=\"button.default\">\n\t\t\t\t\t\t\t\t\t\t<a class=\"elementor-button elementor-button-link elementor-size-sm\" href=\"https:\/\/www.carmatec.com\/fi\/ota-meihin-yhteytta\/\">\n\t\t\t\t\t\t<span class=\"elementor-button-content-wrapper\">\n\t\t\t\t\t\t\t\t\t<span class=\"elementor-button-text\">Ota meihin yhteytt\u00e4<\/span>\n\t\t\t\t\t<\/span>\n\t\t\t\t\t<\/a>\n\t\t\t\t\t\t\t\t<\/div>\n\t\t\t\t\t<\/div>\n\t\t<\/div>\n\t\t\t\t<div class=\"elementor-column elementor-col-50 elementor-top-column elementor-element elementor-element-5b91be61 elementor-hidden-mobile\" data-id=\"5b91be61\" data-element_type=\"column\" data-e-type=\"column\">\n\t\t\t<div class=\"elementor-widget-wrap\">\n\t\t\t\t\t\t\t<\/div>\n\t\t<\/div>\n\t\t\t\t\t<\/div>\n\t\t<\/section>\n\t\t\t\t<section class=\"elementor-section elementor-inner-section elementor-element elementor-element-127c0e8b elementor-section-content-top elementor-section-boxed elementor-section-height-default elementor-section-height-default\" data-id=\"127c0e8b\" data-element_type=\"section\" data-e-type=\"section\">\n\t\t\t\t\t\t<div class=\"elementor-container elementor-column-gap-default\">\n\t\t\t\t\t<div class=\"elementor-column elementor-col-100 elementor-inner-column elementor-element elementor-element-6ae4947c\" data-id=\"6ae4947c\" data-element_type=\"column\" data-e-type=\"column\">\n\t\t\t<div class=\"elementor-widget-wrap elementor-element-populated\">\n\t\t\t\t\t\t<div class=\"elementor-element elementor-element-d4431ca elementor-invisible elementor-widget elementor-widget-heading\" data-id=\"d4431ca\" data-element_type=\"widget\" data-e-type=\"widget\" data-settings=\"{&quot;_animation&quot;:&quot;fadeInDown&quot;}\" data-widget_type=\"heading.default\">\n\t\t\t\t\t<h2 class=\"elementor-heading-title elementor-size-default\">Luotetuimmat paikalliset SEO-palvelut Bangaloressa<\/h2>\t\t\t\t<\/div>\n\t\t\t\t<div class=\"elementor-element elementor-element-2cf1403f elementor-invisible elementor-widget elementor-widget-text-editor\" data-id=\"2cf1403f\" data-element_type=\"widget\" data-e-type=\"widget\" data-settings=\"{&quot;_animation&quot;:&quot;fadeInDown&quot;}\" data-widget_type=\"text-editor.default\">\n\t\t\t\t\t\t\t\t\t<p>Paikalliset hakuoptimointipalvelut (paikalliset SEO-palvelut) auttavat lis\u00e4\u00e4m\u00e4\u00e4n yrityksesi n\u00e4kyvyytt\u00e4 ja tavoittavuutta ohjaamalla kohdeyleis\u00f6si paikallisten listausten kautta. Jos sinulla on paikallinen yritys ja tarvitset paikallista relevanttia liikennett\u00e4 sivustollesi paikallisten sijoitusehtojen avulla, mik\u00e4 tuo yrityksesi markkinoiden paikallisen kohdeasiakkaan demografisen ulottuvuuden.<\/p><p>L\u00e4hestymistapamme avulla sivustosi kohdistetaan oikein yleis\u00f6si mukaan, mik\u00e4 parantaa entisest\u00e4\u00e4n n\u00e4kyvyytt\u00e4si ja kattavuuttasi. SEO-tiimimme pit\u00e4\u00e4 online-yritystietosi t\u00e4sm\u00e4llisin\u00e4 ja optimoituina potentiaalisia asiakkaita varten ja tarjoaa helpon p\u00e4\u00e4syn tietoihisi ja yrityksesi sijaintiin.<\/p><p>Huippuna\u00a0<strong><a href=\"https:\/\/www.carmatec.com\/fi\/hakukoneoptimointipalvelut\/seo-yritys-bangaloressa\/\">SEO-yritys Bangaloressa<\/a><\/strong>\u00a0varmistamme my\u00f6s, ett\u00e4 yrityksesi ei n\u00e4y vain p\u00f6yt\u00e4tietokoneissa, vaan my\u00f6s mobiililaitteissa. Tavoitteemme on tuoda erinomaista paikallista liikennett\u00e4 yritystietoihisi paikallisen liikenteen kilpailijoiden lis\u00e4ksi. L\u00e4hestymistapamme avulla sivustosi kohdistetaan oikein kohdeyleis\u00f6si mukaan, mik\u00e4 lis\u00e4\u00e4 merkitt\u00e4v\u00e4sti br\u00e4ndisi n\u00e4kyvyytt\u00e4.<\/p>\t\t\t\t\t\t\t\t<\/div>\n\t\t\t\t\t<\/div>\n\t\t<\/div>\n\t\t\t\t\t<\/div>\n\t\t<\/section>\n\t\t\t\t<section class=\"elementor-section elementor-top-section elementor-element elementor-element-489c6dcf elementor-section-boxed elementor-section-height-default elementor-section-height-default\" data-id=\"489c6dcf\" data-element_type=\"section\" data-e-type=\"section\" data-settings=\"{&quot;background_background&quot;:&quot;classic&quot;}\">\n\t\t\t\t\t\t<div class=\"elementor-container elementor-column-gap-default\">\n\t\t\t\t\t<div class=\"elementor-column elementor-col-100 elementor-top-column elementor-element elementor-element-18331a0f\" data-id=\"18331a0f\" data-element_type=\"column\" data-e-type=\"column\">\n\t\t\t<div class=\"elementor-widget-wrap elementor-element-populated\">\n\t\t\t\t\t\t<div class=\"elementor-element elementor-element-7cbefd4f elementor-invisible elementor-widget elementor-widget-heading\" data-id=\"7cbefd4f\" data-element_type=\"widget\" data-e-type=\"widget\" data-settings=\"{&quot;_animation&quot;:&quot;fadeInDown&quot;}\" data-widget_type=\"heading.default\">\n\t\t\t\t\t<h2 class=\"elementor-heading-title elementor-size-default\">Paikalliset SEO-palvelumme Bangaloressa sis\u00e4lt\u00e4v\u00e4t<\/h2>\t\t\t\t<\/div>\n\t\t\t\t<div class=\"elementor-element elementor-element-0f144ea elementor-invisible elementor-widget elementor-widget-text-editor\" data-id=\"0f144ea\" data-element_type=\"widget\" data-e-type=\"widget\" data-settings=\"{&quot;_animation&quot;:&quot;fadeInDown&quot;}\" data-widget_type=\"text-editor.default\">\n\t\t\t\t\t\t\t\t\t<p>Se, mik\u00e4 erottaa paikalliset SEO-palvelumme muista br\u00e4ndeist\u00e4, on meid\u00e4n velvollisuutemme vastata 100%:n r\u00e4\u00e4t\u00e4l\u00f6ityihin kysymyksiin jokaiseen asiakkaamme kyselyyn, joka liittyy heid\u00e4n paikallisten listausten suorituskykyyn. Kaukana off-the-rack SEO-ideoista teemme kaikkemme t\u00e4ytt\u00e4\u00e4ksemme asiakkaidemme vaatimukset.<\/p>\t\t\t\t\t\t\t\t<\/div>\n\t\t\t\t<section class=\"elementor-section elementor-inner-section elementor-element elementor-element-6622b62e elementor-section-boxed elementor-section-height-default elementor-section-height-default\" data-id=\"6622b62e\" data-element_type=\"section\" data-e-type=\"section\">\n\t\t\t\t\t\t<div class=\"elementor-container elementor-column-gap-default\">\n\t\t\t\t\t<div class=\"elementor-column elementor-col-33 elementor-inner-column elementor-element elementor-element-6040df20\" data-id=\"6040df20\" data-element_type=\"column\" data-e-type=\"column\">\n\t\t\t<div class=\"elementor-widget-wrap elementor-element-populated\">\n\t\t\t\t\t\t<div class=\"elementor-element elementor-element-fdce292 elementor-position-top elementor-widget elementor-widget-image-box\" data-id=\"fdce292\" data-element_type=\"widget\" data-e-type=\"widget\" data-widget_type=\"image-box.default\">\n\t\t\t\t\t<div class=\"elementor-image-box-wrapper\"><figure class=\"elementor-image-box-img\"><img decoding=\"async\" width=\"200\" height=\"150\" src=\"https:\/\/www.carmatec.com\/wp-content\/uploads\/2022\/01\/career1.png\" class=\"attachment-full size-full wp-image-22427\" alt=\"kuvake\" \/><\/figure><div class=\"elementor-image-box-content\"><h3 class=\"elementor-image-box-title\">Google Maps -tiedot<\/h3><p class=\"elementor-image-box-description\">Google Maps -listaukseni takaavat p\u00e4tevimm\u00e4t liidit, jotka voivat parantaa br\u00e4ndin n\u00e4kyvyytt\u00e4 ja mik\u00e4 puolestaan parantaa sijoitetun p\u00e4\u00e4oman tuottoprosenttia.<\/p><\/div><\/div>\t\t\t\t<\/div>\n\t\t\t\t\t<\/div>\n\t\t<\/div>\n\t\t\t\t<div class=\"elementor-column elementor-col-33 elementor-inner-column elementor-element elementor-element-1a16785b\" data-id=\"1a16785b\" data-element_type=\"column\" data-e-type=\"column\">\n\t\t\t<div class=\"elementor-widget-wrap elementor-element-populated\">\n\t\t\t\t\t\t<div class=\"elementor-element elementor-element-74116952 elementor-position-top elementor-widget elementor-widget-image-box\" data-id=\"74116952\" data-element_type=\"widget\" data-e-type=\"widget\" data-widget_type=\"image-box.default\">\n\t\t\t\t\t<div class=\"elementor-image-box-wrapper\"><figure class=\"elementor-image-box-img\"><img decoding=\"async\" width=\"200\" height=\"150\" src=\"https:\/\/www.carmatec.com\/wp-content\/uploads\/2022\/01\/career_3.png\" class=\"attachment-full size-full wp-image-22431\" alt=\"kuvake\" \/><\/figure><div class=\"elementor-image-box-content\"><h3 class=\"elementor-image-box-title\">Lokalisointipalvelut<\/h3><p class=\"elementor-image-box-description\">Meill\u00e4 on tapana parantaa Web-sivujesi jokaista osaa viittauksilla ja ilmoituksilla valitsemasi.<\/p><\/div><\/div>\t\t\t\t<\/div>\n\t\t\t\t\t<\/div>\n\t\t<\/div>\n\t\t\t\t<div class=\"elementor-column elementor-col-33 elementor-inner-column elementor-element elementor-element-6d5c8b4e\" data-id=\"6d5c8b4e\" data-element_type=\"column\" data-e-type=\"column\">\n\t\t\t<div class=\"elementor-widget-wrap elementor-element-populated\">\n\t\t\t\t\t\t<div class=\"elementor-element elementor-element-d1776c4 elementor-position-top elementor-widget elementor-widget-image-box\" data-id=\"d1776c4\" data-element_type=\"widget\" data-e-type=\"widget\" data-widget_type=\"image-box.default\">\n\t\t\t\t\t<div class=\"elementor-image-box-wrapper\"><figure class=\"elementor-image-box-img\"><img decoding=\"async\" width=\"512\" height=\"512\" src=\"https:\/\/www.carmatec.com\/wp-content\/uploads\/2022\/01\/Carmatec-01.svg\" class=\"attachment-full size-full wp-image-21781\" alt=\"Mobiilisovelluskehityskuvake\" \/><\/figure><div class=\"elementor-image-box-content\"><h3 class=\"elementor-image-box-title\">Kokemuksia ja arvosteluja<\/h3><p class=\"elementor-image-box-description\">Sosiaalista vahvistusta voidaan k\u00e4ytt\u00e4\u00e4 luomaan positiivinen mielipide yrityksest\u00e4si ja parantamaan SEO-suorituskyky\u00e4si.<\/p><\/div><\/div>\t\t\t\t<\/div>\n\t\t\t\t\t<\/div>\n\t\t<\/div>\n\t\t\t\t\t<\/div>\n\t\t<\/section>\n\t\t\t\t<section class=\"elementor-section elementor-inner-section elementor-element elementor-element-73c838e5 elementor-section-boxed elementor-section-height-default elementor-section-height-default\" data-id=\"73c838e5\" data-element_type=\"section\" data-e-type=\"section\">\n\t\t\t\t\t\t<div class=\"elementor-container elementor-column-gap-default\">\n\t\t\t\t\t<div class=\"elementor-column elementor-col-50 elementor-inner-column elementor-element elementor-element-367c1f18\" data-id=\"367c1f18\" data-element_type=\"column\" data-e-type=\"column\">\n\t\t\t<div class=\"elementor-widget-wrap elementor-element-populated\">\n\t\t\t\t\t\t<div class=\"elementor-element elementor-element-4e7d339f elementor-position-top elementor-widget elementor-widget-image-box\" data-id=\"4e7d339f\" data-element_type=\"widget\" data-e-type=\"widget\" data-widget_type=\"image-box.default\">\n\t\t\t\t\t<div class=\"elementor-image-box-wrapper\"><figure class=\"elementor-image-box-img\"><img decoding=\"async\" width=\"150\" height=\"150\" src=\"https:\/\/www.carmatec.com\/wp-content\/uploads\/2022\/02\/portability-1499938-1270899-150x150-1.png\" class=\"attachment-full size-full wp-image-25931\" alt=\"kuvake\" \/><\/figure><div class=\"elementor-image-box-content\"><h3 class=\"elementor-image-box-title\">Lainaukset ja maininnat<\/h3><p class=\"elementor-image-box-description\">Joka kerta kun kuvasi tai yritykseesi viitataan jossain muualla, uskottavuutesi ja n\u00e4kyvyytesi nousevat pilviin.<\/p><\/div><\/div>\t\t\t\t<\/div>\n\t\t\t\t\t<\/div>\n\t\t<\/div>\n\t\t\t\t<div class=\"elementor-column elementor-col-50 elementor-inner-column elementor-element elementor-element-5eae317b\" data-id=\"5eae317b\" data-element_type=\"column\" data-e-type=\"column\">\n\t\t\t<div class=\"elementor-widget-wrap elementor-element-populated\">\n\t\t\t\t\t\t<div class=\"elementor-element elementor-element-1efc9ea5 elementor-position-top elementor-widget elementor-widget-image-box\" data-id=\"1efc9ea5\" data-element_type=\"widget\" data-e-type=\"widget\" data-widget_type=\"image-box.default\">\n\t\t\t\t\t<div class=\"elementor-image-box-wrapper\"><figure class=\"elementor-image-box-img\"><img decoding=\"async\" width=\"150\" height=\"150\" src=\"https:\/\/www.carmatec.com\/wp-content\/uploads\/2022\/02\/1004765-150x150-1.png\" class=\"attachment-full size-full wp-image-25947\" alt=\"kuvake\" \/><\/figure><div class=\"elementor-image-box-content\"><h3 class=\"elementor-image-box-title\">Linkin rakentaminen<\/h3><p class=\"elementor-image-box-description\">Samoin viranomaissivustoilla sijaitsevat paluulinkit voivat parantaa merkitt\u00e4v\u00e4sti verkkosivujesi SEO-profiilia ja auktoriteettia.<\/p><\/div><\/div>\t\t\t\t<\/div>\n\t\t\t\t\t<\/div>\n\t\t<\/div>\n\t\t\t\t\t<\/div>\n\t\t<\/section>\n\t\t\t\t<div class=\"elementor-element elementor-element-770d476c elementor-hidden-mobile elementor-widget elementor-widget-spacer\" data-id=\"770d476c\" data-element_type=\"widget\" data-e-type=\"widget\" data-widget_type=\"spacer.default\">\n\t\t\t\t\t\t\t<div class=\"elementor-spacer\">\n\t\t\t<div class=\"elementor-spacer-inner\"><\/div>\n\t\t<\/div>\n\t\t\t\t\t\t<\/div>\n\t\t\t\t\t<\/div>\n\t\t<\/div>\n\t\t\t\t\t<\/div>\n\t\t<\/section>\n\t\t\t\t<\/div>","protected":false},"excerpt":{"rendered":"<p>LOCAL SEO SERVICES IN BANGALORE Looking for the Local SEO SERVICES IN BANGALORE? Local SEO is exceptionally advised for both small companies as well as multi-location organizations. Contact us Most Trusted Local SEO Services in Bangalore Local Search Optimization Services (Local SEO Services) helps in increasing the visibility and reach of your business by driving [&hellip;]<\/p>\n","protected":false},"author":1,"featured_media":0,"parent":24279,"menu_order":0,"comment_status":"closed","ping_status":"closed","template":"","meta":{"footnotes":""},"class_list":["post-26143","page","type-page","status-publish","hentry"],"_links":{"self":[{"href":"https:\/\/www.carmatec.com\/fi\/wp-json\/wp\/v2\/pages\/26143","targetHints":{"allow":["GET"]}}],"collection":[{"href":"https:\/\/www.carmatec.com\/fi\/wp-json\/wp\/v2\/pages"}],"about":[{"href":"https:\/\/www.carmatec.com\/fi\/wp-json\/wp\/v2\/types\/page"}],"author":[{"embeddable":true,"href":"https:\/\/www.carmatec.com\/fi\/wp-json\/wp\/v2\/users\/1"}],"replies":[{"embeddable":true,"href":"https:\/\/www.carmatec.com\/fi\/wp-json\/wp\/v2\/comments?post=26143"}],"version-history":[{"count":4,"href":"https:\/\/www.carmatec.com\/fi\/wp-json\/wp\/v2\/pages\/26143\/revisions"}],"predecessor-version":[{"id":52289,"href":"https:\/\/www.carmatec.com\/fi\/wp-json\/wp\/v2\/pages\/26143\/revisions\/52289"}],"up":[{"embeddable":true,"href":"https:\/\/www.carmatec.com\/fi\/wp-json\/wp\/v2\/pages\/24279"}],"wp:attachment":[{"href":"https:\/\/www.carmatec.com\/fi\/wp-json\/wp\/v2\/media?parent=26143"}],"curies":[{"name":"wp","href":"https:\/\/api.w.org\/{rel}","templated":true}]}}