{"id":30601,"date":"2022-08-27T10:11:17","date_gmt":"2022-08-27T10:11:17","guid":{"rendered":"https:\/\/new.carmatec.com\/?page_id=30601"},"modified":"2026-02-17T04:42:23","modified_gmt":"2026-02-17T04:42:23","slug":"desarrollo-agil-de-aplicaciones","status":"publish","type":"page","link":"https:\/\/www.carmatec.com\/es_mx\/agile-application-development\/","title":{"rendered":"Desarrollo \u00e1gil de aplicaciones"},"content":{"rendered":"<div data-elementor-type=\"wp-page\" data-elementor-id=\"30601\" class=\"elementor elementor-30601\" data-elementor-post-type=\"page\">\n\t\t\t\t\t\t<section class=\"elementor-section elementor-top-section elementor-element elementor-element-7c909139 elementor-section-height-min-height elementor-section-boxed elementor-section-height-default elementor-section-items-middle\" data-id=\"7c909139\" data-element_type=\"section\" data-e-type=\"section\" data-settings=\"{&quot;background_background&quot;:&quot;classic&quot;,&quot;shape_divider_bottom&quot;:&quot;waves&quot;}\">\n\t\t\t\t\t<div class=\"elementor-shape elementor-shape-bottom\" aria-hidden=\"true\" data-negative=\"false\">\n\t\t\t<svg xmlns=\"http:\/\/www.w3.org\/2000\/svg\" viewbox=\"0 0 1000 100\" preserveaspectratio=\"none\">\n\t<path class=\"elementor-shape-fill\" d=\"M421.9,6.5c22.6-2.5,51.5,0.4,75.5,5.3c23.6,4.9,70.9,23.5,100.5,35.7c75.8,32.2,133.7,44.5,192.6,49.7\tc23.6,2.1,48.7,3.5,103.4-2.5c54.7-6,106.2-25.6,106.2-25.6V0H0v30.3c0,0,72,32.6,158.4,30.5c39.2-0.7,92.8-6.7,134-22.4\tc21.2-8.1,52.2-18.2,79.7-24.2C399.3,7.9,411.6,7.5,421.9,6.5z\"\/>\n<\/svg>\t\t<\/div>\n\t\t\t\t\t<div class=\"elementor-container elementor-column-gap-default\">\n\t\t\t\t\t<div class=\"elementor-column elementor-col-50 elementor-top-column elementor-element elementor-element-64160c3\" data-id=\"64160c3\" data-element_type=\"column\" data-e-type=\"column\">\n\t\t\t<div class=\"elementor-widget-wrap elementor-element-populated\">\n\t\t\t\t\t\t<div class=\"elementor-element elementor-element-75d9b839 elementor-widget elementor-widget-heading\" data-id=\"75d9b839\" data-element_type=\"widget\" data-e-type=\"widget\" data-widget_type=\"heading.default\">\n\t\t\t\t\t<h2 class=\"elementor-heading-title elementor-size-default\">Desarrollo \u00e1gil de aplicaciones<\/h2>\t\t\t\t<\/div>\n\t\t\t\t<div class=\"elementor-element elementor-element-13a61744 elementor-widget elementor-widget-heading\" data-id=\"13a61744\" data-element_type=\"widget\" data-e-type=\"widget\" data-widget_type=\"heading.default\">\n\t\t\t\t\t<p class=\"elementor-heading-title elementor-size-default\">Construya soluciones comerciales s\u00f3lidas y escalables con nosotros<\/p>\t\t\t\t<\/div>\n\t\t\t\t\t<\/div>\n\t\t<\/div>\n\t\t\t\t<div class=\"elementor-column elementor-col-50 elementor-top-column elementor-element elementor-element-525f1055 elementor-hidden-mobile\" data-id=\"525f1055\" data-element_type=\"column\" data-e-type=\"column\">\n\t\t\t<div class=\"elementor-widget-wrap\">\n\t\t\t\t\t\t\t<\/div>\n\t\t<\/div>\n\t\t\t\t\t<\/div>\n\t\t<\/section>\n\t\t\t\t<section class=\"elementor-section elementor-top-section elementor-element elementor-element-afba1a2 elementor-section-content-middle elementor-section-boxed elementor-section-height-default elementor-section-height-default\" data-id=\"afba1a2\" data-element_type=\"section\" data-e-type=\"section\">\n\t\t\t\t\t\t<div class=\"elementor-container elementor-column-gap-default\">\n\t\t\t\t\t<div class=\"elementor-column elementor-col-33 elementor-top-column elementor-element elementor-element-2611fc3\" data-id=\"2611fc3\" data-element_type=\"column\" data-e-type=\"column\">\n\t\t\t<div class=\"elementor-widget-wrap elementor-element-populated\">\n\t\t\t\t\t\t<div class=\"elementor-element elementor-element-0400011 elementor-invisible elementor-widget elementor-widget-heading\" data-id=\"0400011\" data-element_type=\"widget\" data-e-type=\"widget\" data-settings=\"{&quot;_animation&quot;:&quot;fadeInDown&quot;}\" data-widget_type=\"heading.default\">\n\t\t\t\t\t<h1 class=\"elementor-heading-title elementor-size-default\">Desarrollo \u00e1gil de aplicaciones<\/h1>\t\t\t\t<\/div>\n\t\t\t\t<div class=\"elementor-element elementor-element-d2f0e1b elementor-invisible elementor-widget elementor-widget-text-editor\" data-id=\"d2f0e1b\" data-element_type=\"widget\" data-e-type=\"widget\" data-settings=\"{&quot;_animation&quot;:&quot;fadeInDown&quot;}\" data-widget_type=\"text-editor.default\">\n\t\t\t\t\t\t\t\t\t<p>Dise\u00f1ado para el mundo actual impulsado por el mercado, altamente competitivo y centrado en el comprador, el desarrollo \u00e1gil, esencialmente, proporciona un marco \u00e1gil, con un entorno t\u00e9cnico y funcional en continuo desarrollo y un enfoque en la entrega r\u00e1pida de valor comercial. En un entorno empresarial que cambia r\u00e1pidamente, no hay duda de que Agile es el camino a seguir. Las condiciones del mercado que cambian r\u00e1pidamente exigen que las empresas acorten los ciclos de entrega y respondan mejor a las expectativas de los clientes. El proceso Agile integra a la perfecci\u00f3n el desarrollo de software para adaptarse a este modelo, planificar sprints m\u00e1s cortos y ciclos de vida del producto. Los sprints de 1 a 4 semanas, las reuniones diarias, la planificaci\u00f3n continua de sprints, las revisiones y la retroalimentaci\u00f3n hacen que el proceso de desarrollo de software sea altamente eficiente, productivo y estrictamente controlado. Nuestro\u00a0<em>servicios \u00e1giles de desarrollo de aplicaciones<\/em>\u00a0aportar visibilidad, mejores ingresos, velocidad de comercializaci\u00f3n, mejor gesti\u00f3n de riesgos, flexibilidad, control de costes y satisfacci\u00f3n del cliente.<\/p>\t\t\t\t\t\t\t\t<\/div>\n\t\t\t\t\t<\/div>\n\t\t<\/div>\n\t\t\t\t<div class=\"elementor-column elementor-col-33 elementor-top-column elementor-element elementor-element-520eabb\" data-id=\"520eabb\" data-element_type=\"column\" data-e-type=\"column\">\n\t\t\t<div class=\"elementor-widget-wrap\">\n\t\t\t\t\t\t\t<\/div>\n\t\t<\/div>\n\t\t\t\t<div class=\"elementor-column elementor-col-33 elementor-top-column elementor-element elementor-element-f88bea6\" data-id=\"f88bea6\" data-element_type=\"column\" data-e-type=\"column\">\n\t\t\t<div class=\"elementor-widget-wrap elementor-element-populated\">\n\t\t\t\t\t\t<div class=\"elementor-element elementor-element-784c883 elementor-widget elementor-widget-image\" data-id=\"784c883\" data-element_type=\"widget\" data-e-type=\"widget\" data-widget_type=\"image.default\">\n\t\t\t\t\t\t\t\t\t\t\t\t\t\t\t<img decoding=\"async\" width=\"320\" height=\"234\" src=\"https:\/\/www.carmatec.com\/wp-content\/uploads\/2022\/08\/agile_benefits.png\" class=\"attachment-large size-large wp-image-30609\" alt=\"beneficios_\u00e1giles\" srcset=\"https:\/\/www.carmatec.com\/wp-content\/uploads\/2022\/08\/agile_benefits.png 320w, https:\/\/www.carmatec.com\/wp-content\/uploads\/2022\/08\/agile_benefits-300x219.png 300w\" sizes=\"(max-width: 320px) 100vw, 320px\" \/>\t\t\t\t\t\t\t\t\t\t\t\t\t\t\t<\/div>\n\t\t\t\t\t<\/div>\n\t\t<\/div>\n\t\t\t\t\t<\/div>\n\t\t<\/section>\n\t\t\t\t<section class=\"elementor-section elementor-top-section elementor-element elementor-element-c75b2ea elementor-section-boxed elementor-section-height-default elementor-section-height-default\" data-id=\"c75b2ea\" data-element_type=\"section\" data-e-type=\"section\">\n\t\t\t\t\t\t<div class=\"elementor-container elementor-column-gap-default\">\n\t\t\t\t\t<div class=\"elementor-column elementor-col-100 elementor-top-column elementor-element elementor-element-1e65850\" data-id=\"1e65850\" data-element_type=\"column\" data-e-type=\"column\">\n\t\t\t<div class=\"elementor-widget-wrap elementor-element-populated\">\n\t\t\t\t\t\t<div class=\"elementor-element elementor-element-e0c5024 elementor-invisible elementor-widget elementor-widget-heading\" data-id=\"e0c5024\" data-element_type=\"widget\" data-e-type=\"widget\" data-settings=\"{&quot;_animation&quot;:&quot;fadeInDown&quot;}\" data-widget_type=\"heading.default\">\n\t\t\t\t\t<h2 class=\"elementor-heading-title elementor-size-default\">C\u00f3mo aumentamos los beneficios de tu negocio a trav\u00e9s del Modelo \u00c1gil<\/h2>\t\t\t\t<\/div>\n\t\t\t\t<section class=\"elementor-section elementor-inner-section elementor-element elementor-element-e6b5141 elementor-section-boxed elementor-section-height-default elementor-section-height-default\" data-id=\"e6b5141\" data-element_type=\"section\" data-e-type=\"section\">\n\t\t\t\t\t\t<div class=\"elementor-container elementor-column-gap-default\">\n\t\t\t\t\t<div class=\"elementor-column elementor-col-50 elementor-inner-column elementor-element elementor-element-d016ae6\" data-id=\"d016ae6\" data-element_type=\"column\" data-e-type=\"column\">\n\t\t\t<div class=\"elementor-widget-wrap elementor-element-populated\">\n\t\t\t\t\t\t<div class=\"elementor-element elementor-element-42505a0 elementor-position-left elementor-vertical-align-top elementor-widget elementor-widget-image-box\" data-id=\"42505a0\" data-element_type=\"widget\" data-e-type=\"widget\" data-widget_type=\"image-box.default\">\n\t\t\t\t\t<div class=\"elementor-image-box-wrapper\"><figure class=\"elementor-image-box-img\"><img decoding=\"async\" width=\"72\" height=\"72\" src=\"https:\/\/www.carmatec.com\/wp-content\/uploads\/2022\/08\/icons_internet-marketing7.png\" class=\"attachment-full size-full wp-image-30610\" alt=\"iconos_marketing-internet7\" \/><\/figure><div class=\"elementor-image-box-content\"><h3 class=\"elementor-image-box-title\">Generaci\u00f3n de ingresos - <\/h3><p class=\"elementor-image-box-description\">El ciclo de generaci\u00f3n de ingresos comienza tan pronto como se puede llevar el producto al mercado. Cuanto m\u00e1s r\u00e1pido lances, antes comenzar\u00e1s a generar ingresos. Dado que las funciones \u00e1giles se centran en la entrega r\u00e1pida y frecuente de soluciones comerciales, las organizaciones pueden comenzar a brindar soluciones valiosas de inmediato en lugar de hacerlo con los m\u00e9todos tradicionales. La reducci\u00f3n del tiempo de comercializaci\u00f3n aumenta sus ganancias.<\/p><\/div><\/div>\t\t\t\t<\/div>\n\t\t\t\t<div class=\"elementor-element elementor-element-a947c1c elementor-position-left elementor-vertical-align-top elementor-widget elementor-widget-image-box\" data-id=\"a947c1c\" data-element_type=\"widget\" data-e-type=\"widget\" data-widget_type=\"image-box.default\">\n\t\t\t\t\t<div class=\"elementor-image-box-wrapper\"><figure class=\"elementor-image-box-img\"><img decoding=\"async\" width=\"72\" height=\"72\" src=\"https:\/\/www.carmatec.com\/wp-content\/uploads\/2022\/08\/icons_internet-marketing7.png\" class=\"attachment-full size-full wp-image-30610\" alt=\"iconos_marketing-internet7\" \/><\/figure><div class=\"elementor-image-box-content\"><h3 class=\"elementor-image-box-title\">Visibilidad\/Transparencia \u2013<\/h3><p class=\"elementor-image-box-description\">Agile promueve una mejor visibilidad ya que las partes interesadas participan durante todo el proceso de entrega. Permite un mayor nivel de participaci\u00f3n del cliente en la planificaci\u00f3n del proyecto. Este proceso tambi\u00e9n garantiza que los clientes est\u00e9n continuamente en contacto con el producto mientras se trabaja en progreso para promover la transparencia.<\/p><\/div><\/div>\t\t\t\t<\/div>\n\t\t\t\t<div class=\"elementor-element elementor-element-f5f05af elementor-position-left elementor-vertical-align-top elementor-widget elementor-widget-image-box\" data-id=\"f5f05af\" data-element_type=\"widget\" data-e-type=\"widget\" data-widget_type=\"image-box.default\">\n\t\t\t\t\t<div class=\"elementor-image-box-wrapper\"><figure class=\"elementor-image-box-img\"><img decoding=\"async\" width=\"72\" height=\"72\" src=\"https:\/\/www.carmatec.com\/wp-content\/uploads\/2022\/08\/icons_internet-marketing7.png\" class=\"attachment-full size-full wp-image-30610\" alt=\"iconos_marketing-internet7\" \/><\/figure><div class=\"elementor-image-box-content\"><h3 class=\"elementor-image-box-title\">Control de costos \u2013 <\/h3><p class=\"elementor-image-box-description\">El costo de escalar y mejorar se puede controlar incrementalmente, lo que facilita la inversi\u00f3n en el negocio.<\/p><\/div><\/div>\t\t\t\t<\/div>\n\t\t\t\t<div class=\"elementor-element elementor-element-4febd26 elementor-position-left elementor-vertical-align-top elementor-widget elementor-widget-image-box\" data-id=\"4febd26\" data-element_type=\"widget\" data-e-type=\"widget\" data-widget_type=\"image-box.default\">\n\t\t\t\t\t<div class=\"elementor-image-box-wrapper\"><figure class=\"elementor-image-box-img\"><img decoding=\"async\" width=\"72\" height=\"72\" src=\"https:\/\/www.carmatec.com\/wp-content\/uploads\/2022\/08\/icons_internet-marketing7.png\" class=\"attachment-full size-full wp-image-30610\" alt=\"iconos_marketing-internet7\" \/><\/figure><div class=\"elementor-image-box-content\"><h3 class=\"elementor-image-box-title\">La satisfacci\u00f3n del cliente - <\/h3><p class=\"elementor-image-box-description\">La participaci\u00f3n activa del propietario de la empresa aumenta la satisfacci\u00f3n del cliente y garantiza que tambi\u00e9n exista un circuito de retroalimentaci\u00f3n continuo. En el lado empresarial, los comentarios de los clientes pueden integrarse r\u00e1pidamente a la plataforma o aplicarse en consecuencia, lo que ayuda a las empresas a mantener una alta capacidad de respuesta.<\/p><\/div><\/div>\t\t\t\t<\/div>\n\t\t\t\t\t<\/div>\n\t\t<\/div>\n\t\t\t\t<div class=\"elementor-column elementor-col-50 elementor-inner-column elementor-element elementor-element-227b049\" data-id=\"227b049\" data-element_type=\"column\" data-e-type=\"column\">\n\t\t\t<div class=\"elementor-widget-wrap elementor-element-populated\">\n\t\t\t\t\t\t<div class=\"elementor-element elementor-element-c68b12d elementor-position-left elementor-vertical-align-top elementor-widget elementor-widget-image-box\" data-id=\"c68b12d\" data-element_type=\"widget\" data-e-type=\"widget\" data-widget_type=\"image-box.default\">\n\t\t\t\t\t<div class=\"elementor-image-box-wrapper\"><figure class=\"elementor-image-box-img\"><img decoding=\"async\" width=\"72\" height=\"72\" src=\"https:\/\/www.carmatec.com\/wp-content\/uploads\/2022\/08\/icons_internet-marketing7.png\" class=\"attachment-full size-full wp-image-30610\" alt=\"iconos_marketing-internet7\" \/><\/figure><div class=\"elementor-image-box-content\"><h3 class=\"elementor-image-box-title\">Ir al mercado - <\/h3><p class=\"elementor-image-box-description\">Si quieres ser l\u00edder del mercado en tu negocio, el tiempo se convierte en un factor crucial. El modelo de entrega incremental es posible con el desarrollo \u00e1gil y podr\u00e1 llegar al mercado m\u00e1s r\u00e1pido.<\/p><\/div><\/div>\t\t\t\t<\/div>\n\t\t\t\t<div class=\"elementor-element elementor-element-11e625e elementor-position-left elementor-vertical-align-top elementor-widget elementor-widget-image-box\" data-id=\"11e625e\" data-element_type=\"widget\" data-e-type=\"widget\" data-widget_type=\"image-box.default\">\n\t\t\t\t\t<div class=\"elementor-image-box-wrapper\"><figure class=\"elementor-image-box-img\"><img decoding=\"async\" width=\"72\" height=\"72\" src=\"https:\/\/www.carmatec.com\/wp-content\/uploads\/2022\/08\/icons_internet-marketing7.png\" class=\"attachment-full size-full wp-image-30610\" alt=\"iconos_marketing-internet7\" \/><\/figure><div class=\"elementor-image-box-content\"><h3 class=\"elementor-image-box-title\">Flexibilidad\/Agilidad \u2013<\/h3><p class=\"elementor-image-box-description\">El modelo \u00e1gil se basa en estos conceptos y facilita en gran medida que las empresas se mantengan \u00e1giles ante las necesidades de los clientes. El proyecto se termina en partes predeterminadas que luego se revisan con los clientes antes de continuar con la siguiente etapa de soluci\u00f3n, lo que brinda una mayor sensaci\u00f3n de flexibilidad cuando se trata de girar un proyecto en otra direcci\u00f3n o corregir el rumbo si algo sale mal.<\/p><\/div><\/div>\t\t\t\t<\/div>\n\t\t\t\t<div class=\"elementor-element elementor-element-7017014 elementor-position-left elementor-vertical-align-top elementor-widget elementor-widget-image-box\" data-id=\"7017014\" data-element_type=\"widget\" data-e-type=\"widget\" data-widget_type=\"image-box.default\">\n\t\t\t\t\t<div class=\"elementor-image-box-wrapper\"><figure class=\"elementor-image-box-img\"><img decoding=\"async\" width=\"72\" height=\"72\" src=\"https:\/\/www.carmatec.com\/wp-content\/uploads\/2022\/08\/icons_internet-marketing7.png\" class=\"attachment-full size-full wp-image-30610\" alt=\"iconos_marketing-internet7\" \/><\/figure><div class=\"elementor-image-box-content\"><h3 class=\"elementor-image-box-title\">Gesti\u00f3n de riesgos - <\/h3><p class=\"elementor-image-box-description\">La mayor visibilidad, previsibilidad, participaci\u00f3n de las partes interesadas y los beneficios de costos de Agile ayudan considerablemente a mitigar los riesgos comerciales.<\/p><\/div><\/div>\t\t\t\t<\/div>\n\t\t\t\t<div class=\"elementor-element elementor-element-4fa4385 elementor-position-left elementor-vertical-align-top elementor-widget elementor-widget-image-box\" data-id=\"4fa4385\" data-element_type=\"widget\" data-e-type=\"widget\" data-widget_type=\"image-box.default\">\n\t\t\t\t\t<div class=\"elementor-image-box-wrapper\"><figure class=\"elementor-image-box-img\"><img decoding=\"async\" width=\"72\" height=\"72\" src=\"https:\/\/www.carmatec.com\/wp-content\/uploads\/2022\/08\/icons_internet-marketing7.png\" class=\"attachment-full size-full wp-image-30610\" alt=\"iconos_marketing-internet7\" \/><\/figure><div class=\"elementor-image-box-content\"><h3 class=\"elementor-image-box-title\">Control de calidad<\/h3><p class=\"elementor-image-box-description\">Uno de los principios clave de Agile es que las pruebas se integran a lo largo del ciclo de vida, lo que permite una inspecci\u00f3n peri\u00f3dica del producto y su alineaci\u00f3n con las necesidades del cliente. Las brechas se pueden detectar y actuar antes de lo previsto.<\/p><\/div><\/div>\t\t\t\t<\/div>\n\t\t\t\t\t<\/div>\n\t\t<\/div>\n\t\t\t\t\t<\/div>\n\t\t<\/section>\n\t\t\t\t\t<\/div>\n\t\t<\/div>\n\t\t\t\t\t<\/div>\n\t\t<\/section>\n\t\t\t\t<section class=\"elementor-section elementor-top-section elementor-element elementor-element-27b4417 elementor-section-boxed elementor-section-height-default elementor-section-height-default\" data-id=\"27b4417\" data-element_type=\"section\" data-e-type=\"section\">\n\t\t\t\t\t\t<div class=\"elementor-container elementor-column-gap-default\">\n\t\t\t\t\t<div class=\"elementor-column elementor-col-50 elementor-top-column elementor-element elementor-element-7c4a391\" data-id=\"7c4a391\" data-element_type=\"column\" data-e-type=\"column\">\n\t\t\t<div class=\"elementor-widget-wrap elementor-element-populated\">\n\t\t\t\t\t\t<div class=\"elementor-element elementor-element-bf12c9c elementor-invisible elementor-widget elementor-widget-heading\" data-id=\"bf12c9c\" data-element_type=\"widget\" data-e-type=\"widget\" data-settings=\"{&quot;_animation&quot;:&quot;fadeInDown&quot;}\" data-widget_type=\"heading.default\">\n\t\t\t\t\t<h2 class=\"elementor-heading-title elementor-size-default\">Ciclo de vida \u00e1gil del proyecto<\/h2>\t\t\t\t<\/div>\n\t\t\t\t<div class=\"elementor-element elementor-element-7c70990 elementor-widget elementor-widget-image\" data-id=\"7c70990\" data-element_type=\"widget\" data-e-type=\"widget\" data-widget_type=\"image.default\">\n\t\t\t\t\t\t\t\t\t\t\t\t\t\t\t<img decoding=\"async\" width=\"510\" height=\"434\" src=\"https:\/\/www.carmatec.com\/wp-content\/uploads\/2022\/08\/agile_workflow1.png\" class=\"attachment-large size-large wp-image-30614\" alt=\"flujo de trabajo \u00e1gil1\" srcset=\"https:\/\/www.carmatec.com\/wp-content\/uploads\/2022\/08\/agile_workflow1.png 510w, https:\/\/www.carmatec.com\/wp-content\/uploads\/2022\/08\/agile_workflow1-300x255.png 300w\" sizes=\"(max-width: 510px) 100vw, 510px\" \/>\t\t\t\t\t\t\t\t\t\t\t\t\t\t\t<\/div>\n\t\t\t\t<div class=\"elementor-element elementor-element-691f082 elementor-widget elementor-widget-spacer\" data-id=\"691f082\" data-element_type=\"widget\" data-e-type=\"widget\" data-widget_type=\"spacer.default\">\n\t\t\t\t\t\t\t<div class=\"elementor-spacer\">\n\t\t\t<div class=\"elementor-spacer-inner\"><\/div>\n\t\t<\/div>\n\t\t\t\t\t\t<\/div>\n\t\t\t\t<div class=\"elementor-element elementor-element-bfcb89b elementor-widget elementor-widget-image\" data-id=\"bfcb89b\" data-element_type=\"widget\" data-e-type=\"widget\" data-widget_type=\"image.default\">\n\t\t\t\t\t\t\t\t\t\t\t\t\t\t\t\t<a href=\"https:\/\/www.carmatec.com\/es_mx\/portafolio\/\">\n\t\t\t\t\t\t\t<img decoding=\"async\" width=\"510\" height=\"100\" src=\"https:\/\/www.carmatec.com\/wp-content\/uploads\/2022\/08\/view-portfolio.jpg\" class=\"attachment-full size-full wp-image-30617\" alt=\"ver-portafolio\" srcset=\"https:\/\/www.carmatec.com\/wp-content\/uploads\/2022\/08\/view-portfolio.jpg 510w, https:\/\/www.carmatec.com\/wp-content\/uploads\/2022\/08\/view-portfolio-300x59.jpg 300w\" sizes=\"(max-width: 510px) 100vw, 510px\" \/>\t\t\t\t\t\t\t\t<\/a>\n\t\t\t\t\t\t\t\t\t\t\t\t\t\t\t<\/div>\n\t\t\t\t\t<\/div>\n\t\t<\/div>\n\t\t\t\t<div class=\"elementor-column elementor-col-50 elementor-top-column elementor-element elementor-element-9a118b2\" data-id=\"9a118b2\" data-element_type=\"column\" data-e-type=\"column\">\n\t\t\t<div class=\"elementor-widget-wrap elementor-element-populated\">\n\t\t\t\t\t\t<div class=\"elementor-element elementor-element-8c07843 elementor-invisible elementor-widget elementor-widget-heading\" data-id=\"8c07843\" data-element_type=\"widget\" data-e-type=\"widget\" data-settings=\"{&quot;_animation&quot;:&quot;fadeInDown&quot;}\" data-widget_type=\"heading.default\">\n\t\t\t\t\t<h2 class=\"elementor-heading-title elementor-size-default\">Comparaci\u00f3n<\/h2>\t\t\t\t<\/div>\n\t\t\t\t<div class=\"elementor-element elementor-element-df7c2d9 elementor-widget elementor-widget-image\" data-id=\"df7c2d9\" data-element_type=\"widget\" data-e-type=\"widget\" data-widget_type=\"image.default\">\n\t\t\t\t\t\t\t\t\t\t\t\t\t\t\t<img decoding=\"async\" width=\"510\" height=\"500\" src=\"https:\/\/www.carmatec.com\/wp-content\/uploads\/2022\/08\/agile_comparision.png\" class=\"attachment-large size-large wp-image-30616\" alt=\"comparaci\u00f3n_\u00e1gil\" srcset=\"https:\/\/www.carmatec.com\/wp-content\/uploads\/2022\/08\/agile_comparision.png 510w, https:\/\/www.carmatec.com\/wp-content\/uploads\/2022\/08\/agile_comparision-300x294.png 300w\" sizes=\"(max-width: 510px) 100vw, 510px\" \/>\t\t\t\t\t\t\t\t\t\t\t\t\t\t\t<\/div>\n\t\t\t\t<div class=\"elementor-element elementor-element-824cee8 elementor-widget elementor-widget-image\" data-id=\"824cee8\" data-element_type=\"widget\" data-e-type=\"widget\" data-widget_type=\"image.default\">\n\t\t\t\t\t\t\t\t\t\t\t\t\t\t\t\t<a href=\"https:\/\/www.carmatec.com\/es_mx\/caso-de-estudio\/\">\n\t\t\t\t\t\t\t<img decoding=\"async\" width=\"510\" height=\"100\" src=\"https:\/\/www.carmatec.com\/wp-content\/uploads\/2022\/08\/view-casestudy.jpg\" class=\"attachment-large size-large wp-image-30624\" alt=\"ver-estudio de caso\" srcset=\"https:\/\/www.carmatec.com\/wp-content\/uploads\/2022\/08\/view-casestudy.jpg 510w, https:\/\/www.carmatec.com\/wp-content\/uploads\/2022\/08\/view-casestudy-300x59.jpg 300w\" sizes=\"(max-width: 510px) 100vw, 510px\" \/>\t\t\t\t\t\t\t\t<\/a>\n\t\t\t\t\t\t\t\t\t\t\t\t\t\t\t<\/div>\n\t\t\t\t\t<\/div>\n\t\t<\/div>\n\t\t\t\t\t<\/div>\n\t\t<\/section>\n\t\t\t\t<\/div>","protected":false},"excerpt":{"rendered":"<p>Agile Application Development Build robust and scalable business solutions with us Agile Application Development Designed for today\u2019s buyer-centric, highly competitive market-driven world, Agile development, essentially, provide a nimble framework, with continually developing technical and functional setting and focus on the rapid delivery of business value. In a fast changing business environment, there is no doubt [&hellip;]<\/p>\n","protected":false},"author":1,"featured_media":0,"parent":0,"menu_order":0,"comment_status":"closed","ping_status":"closed","template":"","meta":{"footnotes":""},"class_list":["post-30601","page","type-page","status-publish","hentry"],"_links":{"self":[{"href":"https:\/\/www.carmatec.com\/es_mx\/wp-json\/wp\/v2\/pages\/30601","targetHints":{"allow":["GET"]}}],"collection":[{"href":"https:\/\/www.carmatec.com\/es_mx\/wp-json\/wp\/v2\/pages"}],"about":[{"href":"https:\/\/www.carmatec.com\/es_mx\/wp-json\/wp\/v2\/types\/page"}],"author":[{"embeddable":true,"href":"https:\/\/www.carmatec.com\/es_mx\/wp-json\/wp\/v2\/users\/1"}],"replies":[{"embeddable":true,"href":"https:\/\/www.carmatec.com\/es_mx\/wp-json\/wp\/v2\/comments?post=30601"}],"version-history":[{"count":3,"href":"https:\/\/www.carmatec.com\/es_mx\/wp-json\/wp\/v2\/pages\/30601\/revisions"}],"predecessor-version":[{"id":50602,"href":"https:\/\/www.carmatec.com\/es_mx\/wp-json\/wp\/v2\/pages\/30601\/revisions\/50602"}],"wp:attachment":[{"href":"https:\/\/www.carmatec.com\/es_mx\/wp-json\/wp\/v2\/media?parent=30601"}],"curies":[{"name":"wp","href":"https:\/\/api.w.org\/{rel}","templated":true}]}}