{"id":26239,"date":"2022-02-13T08:02:39","date_gmt":"2022-02-13T08:02:39","guid":{"rendered":"https:\/\/new.carmatec.com\/?page_id=26239"},"modified":"2026-02-17T04:46:24","modified_gmt":"2026-02-17T04:46:24","slug":"empresa-de-diseno-web-creativo-en-dallas-tx","status":"publish","type":"page","link":"https:\/\/www.carmatec.com\/es_mx\/empresa-de-diseno-web-creativo-en-dallas-tx\/","title":{"rendered":"Empresa de dise\u00f1o web creativo en Dallas, Tx"},"content":{"rendered":"<div data-elementor-type=\"wp-page\" data-elementor-id=\"26239\" class=\"elementor elementor-26239\" data-elementor-post-type=\"page\">\n\t\t\t\t\t\t<section class=\"elementor-section elementor-top-section elementor-element elementor-element-5eb8bbc0 elementor-section-height-min-height elementor-section-boxed elementor-section-height-default elementor-section-items-middle\" data-id=\"5eb8bbc0\" data-element_type=\"section\" data-e-type=\"section\" data-settings=\"{&quot;background_background&quot;:&quot;classic&quot;,&quot;shape_divider_bottom&quot;:&quot;waves&quot;}\">\n\t\t\t\t\t<div class=\"elementor-shape elementor-shape-bottom\" aria-hidden=\"true\" data-negative=\"false\">\n\t\t\t<svg xmlns=\"http:\/\/www.w3.org\/2000\/svg\" viewbox=\"0 0 1000 100\" preserveaspectratio=\"none\">\n\t<path class=\"elementor-shape-fill\" d=\"M421.9,6.5c22.6-2.5,51.5,0.4,75.5,5.3c23.6,4.9,70.9,23.5,100.5,35.7c75.8,32.2,133.7,44.5,192.6,49.7\tc23.6,2.1,48.7,3.5,103.4-2.5c54.7-6,106.2-25.6,106.2-25.6V0H0v30.3c0,0,72,32.6,158.4,30.5c39.2-0.7,92.8-6.7,134-22.4\tc21.2-8.1,52.2-18.2,79.7-24.2C399.3,7.9,411.6,7.5,421.9,6.5z\"\/>\n<\/svg>\t\t<\/div>\n\t\t\t\t\t<div class=\"elementor-container elementor-column-gap-default\">\n\t\t\t\t\t<div class=\"elementor-column elementor-col-50 elementor-top-column elementor-element elementor-element-193a2ac5\" data-id=\"193a2ac5\" data-element_type=\"column\" data-e-type=\"column\">\n\t\t\t<div class=\"elementor-widget-wrap elementor-element-populated\">\n\t\t\t\t\t\t<div class=\"elementor-element elementor-element-99f1e53 elementor-widget elementor-widget-heading\" data-id=\"99f1e53\" data-element_type=\"widget\" data-e-type=\"widget\" data-widget_type=\"heading.default\">\n\t\t\t\t<div class=\"elementor-widget-container\">\n\t\t\t\t\t<h1 class=\"elementor-heading-title elementor-size-default\">Empresa de dise\u00f1o web creativo en Dallas, Tx<\/h1>\t\t\t\t<\/div>\n\t\t\t\t<\/div>\n\t\t\t\t<div class=\"elementor-element elementor-element-13f5cfed elementor-widget elementor-widget-heading\" data-id=\"13f5cfed\" data-element_type=\"widget\" data-e-type=\"widget\" data-widget_type=\"heading.default\">\n\t\t\t\t<div class=\"elementor-widget-container\">\n\t\t\t\t\t<p class=\"elementor-heading-title elementor-size-default\">Obtenga dise\u00f1os web optimizados para dispositivos m\u00f3viles con un enfoque centrado en la experiencia del usuario. \u00a1P\u00f3ngase en contacto con nosotros hoy!<\/p>\t\t\t\t<\/div>\n\t\t\t\t<\/div>\n\t\t\t\t\t<\/div>\n\t\t<\/div>\n\t\t\t\t<div class=\"elementor-column elementor-col-50 elementor-top-column elementor-element elementor-element-2ca0e52b elementor-hidden-mobile\" data-id=\"2ca0e52b\" data-element_type=\"column\" data-e-type=\"column\">\n\t\t\t<div class=\"elementor-widget-wrap\">\n\t\t\t\t\t\t\t<\/div>\n\t\t<\/div>\n\t\t\t\t\t<\/div>\n\t\t<\/section>\n\t\t\t\t<section class=\"elementor-section elementor-top-section elementor-element elementor-element-735d0761 elementor-section-content-middle elementor-section-boxed elementor-section-height-default elementor-section-height-default\" data-id=\"735d0761\" data-element_type=\"section\" data-e-type=\"section\">\n\t\t\t\t\t\t<div class=\"elementor-container elementor-column-gap-default\">\n\t\t\t\t\t<div class=\"elementor-column elementor-col-100 elementor-top-column elementor-element elementor-element-4e2f83c4\" data-id=\"4e2f83c4\" data-element_type=\"column\" data-e-type=\"column\">\n\t\t\t<div class=\"elementor-widget-wrap elementor-element-populated\">\n\t\t\t\t\t\t<section class=\"elementor-section elementor-inner-section elementor-element elementor-element-11d48b5 elementor-section-content-middle elementor-section-boxed elementor-section-height-default elementor-section-height-default\" data-id=\"11d48b5\" data-element_type=\"section\" data-e-type=\"section\">\n\t\t\t\t\t\t<div class=\"elementor-container elementor-column-gap-default\">\n\t\t\t\t\t<div class=\"elementor-column elementor-col-50 elementor-inner-column elementor-element elementor-element-390b078\" data-id=\"390b078\" data-element_type=\"column\" data-e-type=\"column\">\n\t\t\t<div class=\"elementor-widget-wrap elementor-element-populated\">\n\t\t\t\t\t\t<div class=\"elementor-element elementor-element-242b10a0 elementor-invisible elementor-widget elementor-widget-heading\" data-id=\"242b10a0\" data-element_type=\"widget\" data-e-type=\"widget\" data-settings=\"{&quot;_animation&quot;:&quot;fadeInDown&quot;}\" data-widget_type=\"heading.default\">\n\t\t\t\t<div class=\"elementor-widget-container\">\n\t\t\t\t\t<h2 class=\"elementor-heading-title elementor-size-default\">Excelencia en dise\u00f1o de sitios web brindada por una de las principales tiendas de desarrollo de Dallas<\/h2>\t\t\t\t<\/div>\n\t\t\t\t<\/div>\n\t\t\t\t<div class=\"elementor-element elementor-element-5afd4e5c elementor-invisible elementor-widget elementor-widget-text-editor\" data-id=\"5afd4e5c\" data-element_type=\"widget\" data-e-type=\"widget\" data-settings=\"{&quot;_animation&quot;:&quot;fadeInDown&quot;}\" data-widget_type=\"text-editor.default\">\n\t\t\t\t<div class=\"elementor-widget-container\">\n\t\t\t\t\t\t\t\t\t<p>Carmatec Inc es una empresa de dise\u00f1o web que opera en Dallas, Tx, que ofrece una cartera de servicios completos de dise\u00f1o y desarrollo de presencia web y m\u00f3vil para empresas, nube, servicios de TI administrados, marketing en Internet y automatizaci\u00f3n de marketing para empresas de todos los tama\u00f1os que operan en todas las industrias.<\/p><p>Independientemente de la etapa de operaci\u00f3n de su negocio, nuestro equipo de expertos dise\u00f1adores web y especialistas en marketing de Internet le brindan dise\u00f1os web \u00fanicos impulsados por pr\u00e1cticas de marketing impactantes para llevar su presencia web al siguiente nivel. Esto no solo lo ayudar\u00e1 de manera efectiva a aumentar la base de clientes de su negocio, sino que tambi\u00e9n lo ayudar\u00e1 a construir una presencia memorable en la web, lo que generar\u00e1 un mayor recuerdo de su marca.<\/p>\t\t\t\t\t\t\t\t<\/div>\n\t\t\t\t<\/div>\n\t\t\t\t\t<\/div>\n\t\t<\/div>\n\t\t\t\t<div class=\"elementor-column elementor-col-50 elementor-inner-column elementor-element elementor-element-6ead5a8\" data-id=\"6ead5a8\" data-element_type=\"column\" data-e-type=\"column\">\n\t\t\t<div class=\"elementor-widget-wrap elementor-element-populated\">\n\t\t\t\t\t\t<div class=\"elementor-element elementor-element-984a085 elementor-invisible elementor-widget elementor-widget-image\" data-id=\"984a085\" data-element_type=\"widget\" data-e-type=\"widget\" data-settings=\"{&quot;_animation&quot;:&quot;zoomIn&quot;}\" data-widget_type=\"image.default\">\n\t\t\t\t<div class=\"elementor-widget-container\">\n\t\t\t\t\t\t\t\t\t\t\t\t\t\t\t<img decoding=\"async\" width=\"675\" height=\"635\" src=\"https:\/\/www.carmatec.com\/wp-content\/uploads\/2022\/02\/types-course-1.jpg\" class=\"attachment-large size-large wp-image-26241\" alt=\"tipos-curso-1\" srcset=\"https:\/\/www.carmatec.com\/wp-content\/uploads\/2022\/02\/types-course-1.jpg 675w, https:\/\/www.carmatec.com\/wp-content\/uploads\/2022\/02\/types-course-1-300x282.jpg 300w\" sizes=\"(max-width: 675px) 100vw, 675px\" \/>\t\t\t\t\t\t\t\t\t\t\t\t\t\t\t<\/div>\n\t\t\t\t<\/div>\n\t\t\t\t\t<\/div>\n\t\t<\/div>\n\t\t\t\t\t<\/div>\n\t\t<\/section>\n\t\t\t\t<div class=\"elementor-element elementor-element-ed99c83 elementor-widget-divider--view-line elementor-widget elementor-widget-divider\" data-id=\"ed99c83\" data-element_type=\"widget\" data-e-type=\"widget\" data-widget_type=\"divider.default\">\n\t\t\t\t<div class=\"elementor-widget-container\">\n\t\t\t\t\t\t\t<div class=\"elementor-divider\">\n\t\t\t<span class=\"elementor-divider-separator\">\n\t\t\t\t\t\t<\/span>\n\t\t<\/div>\n\t\t\t\t\t\t<\/div>\n\t\t\t\t<\/div>\n\t\t\t\t<section class=\"elementor-section elementor-inner-section elementor-element elementor-element-8ef114e elementor-section-content-middle elementor-section-boxed elementor-section-height-default elementor-section-height-default\" data-id=\"8ef114e\" data-element_type=\"section\" data-e-type=\"section\">\n\t\t\t\t\t\t<div class=\"elementor-container elementor-column-gap-default\">\n\t\t\t\t\t<div class=\"elementor-column elementor-col-50 elementor-inner-column elementor-element elementor-element-38a74f8\" data-id=\"38a74f8\" data-element_type=\"column\" data-e-type=\"column\">\n\t\t\t<div class=\"elementor-widget-wrap elementor-element-populated\">\n\t\t\t\t\t\t<div class=\"elementor-element elementor-element-ee41f5c elementor-invisible elementor-widget elementor-widget-image\" data-id=\"ee41f5c\" data-element_type=\"widget\" data-e-type=\"widget\" data-settings=\"{&quot;_animation&quot;:&quot;zoomIn&quot;}\" data-widget_type=\"image.default\">\n\t\t\t\t<div class=\"elementor-widget-container\">\n\t\t\t\t\t\t\t\t\t\t\t\t\t\t\t<img decoding=\"async\" width=\"400\" height=\"400\" src=\"https:\/\/www.carmatec.com\/wp-content\/uploads\/2022\/02\/IT_ecom.png\" class=\"attachment-large size-large wp-image-26242\" alt=\"iconos\" srcset=\"https:\/\/www.carmatec.com\/wp-content\/uploads\/2022\/02\/IT_ecom.png 400w, https:\/\/www.carmatec.com\/wp-content\/uploads\/2022\/02\/IT_ecom-300x300.png 300w, https:\/\/www.carmatec.com\/wp-content\/uploads\/2022\/02\/IT_ecom-150x150.png 150w\" sizes=\"(max-width: 400px) 100vw, 400px\" \/>\t\t\t\t\t\t\t\t\t\t\t\t\t\t\t<\/div>\n\t\t\t\t<\/div>\n\t\t\t\t\t<\/div>\n\t\t<\/div>\n\t\t\t\t<div class=\"elementor-column elementor-col-50 elementor-inner-column elementor-element elementor-element-b45019d\" data-id=\"b45019d\" data-element_type=\"column\" data-e-type=\"column\">\n\t\t\t<div class=\"elementor-widget-wrap elementor-element-populated\">\n\t\t\t\t\t\t<div class=\"elementor-element elementor-element-e46dc4a elementor-invisible elementor-widget elementor-widget-heading\" data-id=\"e46dc4a\" data-element_type=\"widget\" data-e-type=\"widget\" data-settings=\"{&quot;_animation&quot;:&quot;fadeInDown&quot;}\" data-widget_type=\"heading.default\">\n\t\t\t\t<div class=\"elementor-widget-container\">\n\t\t\t\t\t<h2 class=\"elementor-heading-title elementor-size-default\">Impulsamos tu \u00e9xito digital<\/h2>\t\t\t\t<\/div>\n\t\t\t\t<\/div>\n\t\t\t\t<div class=\"elementor-element elementor-element-be0678c elementor-invisible elementor-widget elementor-widget-text-editor\" data-id=\"be0678c\" data-element_type=\"widget\" data-e-type=\"widget\" data-settings=\"{&quot;_animation&quot;:&quot;fadeInDown&quot;}\" data-widget_type=\"text-editor.default\">\n\t\t\t\t<div class=\"elementor-widget-container\">\n\t\t\t\t\t\t\t\t\t<p>Carmatec es una empresa de dise\u00f1o web bien establecida que tiene a\u00f1os de experiencia en la ejecuci\u00f3n de un sinf\u00edn de proyectos de dise\u00f1o web con sede en Dallas. Entendemos que cada negocio es \u00fanico y tambi\u00e9n lo son sus necesidades. Por lo tanto, nuestro equipo no cree en un enfoque \u00fanico para sus proyectos. Desde peque\u00f1as tiendas locales hasta las marcas m\u00e1s grandes a nivel mundial, tenemos la experiencia en el dise\u00f1o de presencia web personalizada para empresas de pr\u00e1cticamente todos los sectores. Nuestros especialistas en el dominio de la industria imparten consultas estrat\u00e9gicas sobre los aspectos tecnol\u00f3gicos y comerciales de su negocio para guiarlo a trav\u00e9s del \u00e9xito comercial de su proyecto de presencia web.<\/p><p>Las soluciones que ofrecemos abarcan todo, desde dise\u00f1o web y m\u00f3vil hasta desarrollo web y m\u00f3vil, nube, marketing en Internet y todo lo que su empresa pueda imaginar mientras pasa por cada fase de construcci\u00f3n de su presencia web desde cero.<\/p>\t\t\t\t\t\t\t\t<\/div>\n\t\t\t\t<\/div>\n\t\t\t\t\t<\/div>\n\t\t<\/div>\n\t\t\t\t\t<\/div>\n\t\t<\/section>\n\t\t\t\t\t<\/div>\n\t\t<\/div>\n\t\t\t\t\t<\/div>\n\t\t<\/section>\n\t\t\t\t<section class=\"elementor-section elementor-top-section elementor-element elementor-element-cfce1f6 elementor-section-content-middle elementor-section-boxed elementor-section-height-default elementor-section-height-default\" data-id=\"cfce1f6\" data-element_type=\"section\" data-e-type=\"section\" data-settings=\"{&quot;background_background&quot;:&quot;classic&quot;}\">\n\t\t\t\t\t\t<div class=\"elementor-container elementor-column-gap-default\">\n\t\t\t\t\t<div class=\"elementor-column elementor-col-100 elementor-top-column elementor-element elementor-element-a1829e3\" data-id=\"a1829e3\" data-element_type=\"column\" data-e-type=\"column\">\n\t\t\t<div class=\"elementor-widget-wrap elementor-element-populated\">\n\t\t\t\t\t\t<div class=\"elementor-element elementor-element-3d0a7b6 elementor-invisible elementor-widget elementor-widget-heading\" data-id=\"3d0a7b6\" data-element_type=\"widget\" data-e-type=\"widget\" data-settings=\"{&quot;_animation&quot;:&quot;fadeInDown&quot;}\" data-widget_type=\"heading.default\">\n\t\t\t\t<div class=\"elementor-widget-container\">\n\t\t\t\t\t<h2 class=\"elementor-heading-title elementor-size-default\">Por qu\u00e9 Carmatec es una empresa de dise\u00f1o web preferida en Dallas<\/h2>\t\t\t\t<\/div>\n\t\t\t\t<\/div>\n\t\t\t\t<div class=\"elementor-element elementor-element-92cc6c3 elementor-invisible elementor-widget elementor-widget-text-editor\" data-id=\"92cc6c3\" data-element_type=\"widget\" data-e-type=\"widget\" data-settings=\"{&quot;_animation&quot;:&quot;fadeIn&quot;}\" data-widget_type=\"text-editor.default\">\n\t\t\t\t<div class=\"elementor-widget-container\">\n\t\t\t\t\t\t\t\t\t<p>Carmatec es una empresa de dise\u00f1o web que se esfuerza por innovar en dise\u00f1os que no s\u00f3lo tengan un atractivo creativo sino que tambi\u00e9n sean muy utilizables. La entrega de nuestros proyectos es altamente profesional y nuestros servicios est\u00e1n impulsados por el m\u00e1s alto nivel de est\u00e1ndares de servicio al cliente.<\/p><p>Si bien vivimos en un mundo inanimado que depende cada vez m\u00e1s de la tecnolog\u00eda, la mejor parte de las ofertas de Carmatec es que le brinda una entrega personalizada de sus soluciones inteligentes de tecnolog\u00eda y negocios dise\u00f1adas a la medida para satisfacer sus necesidades. En Carmatec, si bien entendemos la importancia de los servicios de dise\u00f1o web de calidad junto con el marketing eficaz de la presencia web de una empresa, apreciamos igualmente la importancia de un s\u00f3lido servicio y soporte al cliente. Y esto se refleja claramente en nuestra oferta de servicios.<\/p><p><b>\u00a1Perm\u00edtanos ayudarle a lograr m\u00e1s!<\/b>Como empresa de dise\u00f1o web preferida por nuestros clientes en Dallas, trabajamos estrechamente con ellos para lograr m\u00e1s en t\u00e9rminos de su presencia en l\u00ednea y desarrollar una base de clientes m\u00e1s grande para ellos en l\u00ednea por este medio. M\u00e1s que simplemente ser una empresa creativa y profesional, operamos como sus socios de presencia web que comprenden su negocio por dentro y por fuera, su gente, sus procesos, sus necesidades y sus objetivos. Esta es la raz\u00f3n por la que nuestros clientes en Dallas avalan nuestros servicios y el valor continuo que hemos estado generando para las empresas en esta \u00e1rea; recientemente hemos sido reconocidos como uno de los principales desarrolladores web en Dallas, Texas.<\/p><p><b>\u00a1Llevando ideas a la realidad creativa!<\/b>En Carmatec, nos esforzamos por ofrecer a nuestros clientes soluciones personalizadas que les ayuden a crear impresiones inolvidables en la mente de su audiencia. Si bien atendemos sus necesidades de manera econ\u00f3mica, la calidad de nuestra oferta no tiene comparaci\u00f3n en la industria, lo que crea un valor significativo para nuestros clientes. M\u00e1s que un simple profesional de soluciones de dise\u00f1o, trabajamos para ellos como sus socios estrat\u00e9gicos, donde nos aseguramos de que, si bien nuestros dise\u00f1os reflejan la imagen de su marca de manera realista, el contenido que acompa\u00f1a al dise\u00f1o refleja perfectamente la voz de su marca. Si bien trabajamos para ayudarlos a lograr una mayor exposici\u00f3n en l\u00ednea con una fuerte presencia en los motores de b\u00fasqueda y m\u00e1s tr\u00e1fico y visitas en el sitio web y las p\u00e1ginas de redes sociales, nuestro objetivo es generar un mayor retorno de su inversi\u00f3n digital. La conclusi\u00f3n es que, si bien damos alas de creatividad a sus dise\u00f1os y presencia general en la web, tambi\u00e9n nos aseguramos de que el proyecto se mantenga en la realidad de lograr el \u00e9xito comercial y seguir siendo rentable.<\/p><p>En t\u00e9rminos m\u00e1s simples, nosotros, como empresa de dise\u00f1o web, ayudamos a las empresas de Dallas a obtener dise\u00f1os visualmente impresionantes, optimizados eficazmente para los motores de b\u00fasqueda y comercializados con \u00e9xito para lograr altos rendimientos generales.<\/p>\t\t\t\t\t\t\t\t<\/div>\n\t\t\t\t<\/div>\n\t\t\t\t\t<\/div>\n\t\t<\/div>\n\t\t\t\t\t<\/div>\n\t\t<\/section>\n\t\t\t\t<section class=\"elementor-section elementor-top-section elementor-element elementor-element-b6ca3d6 elementor-section-content-middle elementor-section-boxed elementor-section-height-default elementor-section-height-default\" data-id=\"b6ca3d6\" data-element_type=\"section\" data-e-type=\"section\">\n\t\t\t\t\t\t<div class=\"elementor-container elementor-column-gap-default\">\n\t\t\t\t\t<div class=\"elementor-column elementor-col-100 elementor-top-column elementor-element elementor-element-feb4812\" data-id=\"feb4812\" data-element_type=\"column\" data-e-type=\"column\">\n\t\t\t<div class=\"elementor-widget-wrap elementor-element-populated\">\n\t\t\t\t\t\t<div class=\"elementor-element elementor-element-0564f72 elementor-invisible elementor-widget elementor-widget-text-editor\" data-id=\"0564f72\" data-element_type=\"widget\" data-e-type=\"widget\" data-settings=\"{&quot;_animation&quot;:&quot;fadeIn&quot;}\" data-widget_type=\"text-editor.default\">\n\t\t\t\t<div class=\"elementor-widget-container\">\n\t\t\t\t\t\t\t\t\t<p>Como una de las empresas de dise\u00f1o web m\u00e1s solicitadas en Dallas, Tx, equipamos a las empresas con sede en Dallas con soluciones de presencia web de extremo a extremo a precios muy asequibles. Desde hace m\u00e1s de 15 a\u00f1os, hemos trabajado en miles de proyectos de dise\u00f1o web para empresas que trabajan pr\u00e1cticamente en todos los sectores. Habiendo adquirido esta vasta experiencia, tambi\u00e9n tenemos una s\u00f3lida base en la comercializaci\u00f3n efectiva de su negocio en l\u00ednea. Esto tambi\u00e9n nos ha llevado a ampliar nuestros servicios de forma cualitativa y econ\u00f3mica.<\/p><p>Navegue por nuestro sitio web y t\u00f3mese el tiempo para ver nuestra cartera de trabajos, revise los testimonios de nuestros clientes y explore la amplia gama de dise\u00f1o web y los servicios aliados de presencia web con los que podemos ayudarlo. Dado que nuestro equipo comprende su negocio y escucha pacientemente las especificaciones de sus necesidades, nuestras ofertas seguramente lo sorprender\u00e1n por la forma en que tocan instant\u00e1neamente la fibra sensible de su p\u00fablico objetivo. Cont\u00e1ctenos o p\u00eddanos que lo contactemos para compartir los detalles de su proyecto y nuestros expertos estar\u00e1n encantados de guiarlo en los pr\u00f3ximos pasos.<\/p>\t\t\t\t\t\t\t\t<\/div>\n\t\t\t\t<\/div>\n\t\t\t\t\t<\/div>\n\t\t<\/div>\n\t\t\t\t\t<\/div>\n\t\t<\/section>\n\t\t\t\t<\/div>","protected":false},"excerpt":{"rendered":"<p>Creative Web Design Company In Dallas, Tx Get mobile friendly web designs with a user experience centric approach. Contact us today! Website Design excellence delivered by one of Dallas Top Dev Shops Carmatec Inc is a web design company operating in Dallas, Tx that offers full-service portfolio of design and development of web and mobile [&hellip;]<\/p>","protected":false},"author":1,"featured_media":0,"parent":0,"menu_order":0,"comment_status":"closed","ping_status":"closed","template":"","meta":{"footnotes":""},"class_list":["post-26239","page","type-page","status-publish","hentry"],"_links":{"self":[{"href":"https:\/\/www.carmatec.com\/es_mx\/wp-json\/wp\/v2\/pages\/26239","targetHints":{"allow":["GET"]}}],"collection":[{"href":"https:\/\/www.carmatec.com\/es_mx\/wp-json\/wp\/v2\/pages"}],"about":[{"href":"https:\/\/www.carmatec.com\/es_mx\/wp-json\/wp\/v2\/types\/page"}],"author":[{"embeddable":true,"href":"https:\/\/www.carmatec.com\/es_mx\/wp-json\/wp\/v2\/users\/1"}],"replies":[{"embeddable":true,"href":"https:\/\/www.carmatec.com\/es_mx\/wp-json\/wp\/v2\/comments?post=26239"}],"version-history":[{"count":3,"href":"https:\/\/www.carmatec.com\/es_mx\/wp-json\/wp\/v2\/pages\/26239\/revisions"}],"predecessor-version":[{"id":50623,"href":"https:\/\/www.carmatec.com\/es_mx\/wp-json\/wp\/v2\/pages\/26239\/revisions\/50623"}],"wp:attachment":[{"href":"https:\/\/www.carmatec.com\/es_mx\/wp-json\/wp\/v2\/media?parent=26239"}],"curies":[{"name":"wp","href":"https:\/\/api.w.org\/{rel}","templated":true}]}}