{"id":26143,"date":"2022-02-08T07:33:41","date_gmt":"2022-02-08T07:33:41","guid":{"rendered":"https:\/\/new.carmatec.com\/?page_id=26143"},"modified":"2026-04-17T06:29:42","modified_gmt":"2026-04-17T06:29:42","slug":"empresa-local-de-servicios-de-seo-en-bangalore","status":"publish","type":"page","link":"https:\/\/www.carmatec.com\/es_mx\/search-engine-optimization-services\/local-seo-services-company-in-bangalore\/","title":{"rendered":"Servicios locales de SEO en Bangalore"},"content":{"rendered":"<div data-elementor-type=\"wp-page\" data-elementor-id=\"26143\" class=\"elementor elementor-26143\" data-elementor-post-type=\"page\">\n\t\t\t\t\t\t<section class=\"elementor-section elementor-top-section elementor-element elementor-element-5fcb4226 elementor-section-height-min-height elementor-section-boxed elementor-section-height-default elementor-section-items-middle\" data-id=\"5fcb4226\" data-element_type=\"section\" data-e-type=\"section\" data-settings=\"{&quot;background_background&quot;:&quot;classic&quot;,&quot;shape_divider_bottom&quot;:&quot;waves&quot;}\">\n\t\t\t\t\t<div class=\"elementor-shape elementor-shape-bottom\" aria-hidden=\"true\" data-negative=\"false\">\n\t\t\t<svg xmlns=\"http:\/\/www.w3.org\/2000\/svg\" viewbox=\"0 0 1000 100\" preserveaspectratio=\"none\">\n\t<path class=\"elementor-shape-fill\" d=\"M421.9,6.5c22.6-2.5,51.5,0.4,75.5,5.3c23.6,4.9,70.9,23.5,100.5,35.7c75.8,32.2,133.7,44.5,192.6,49.7\tc23.6,2.1,48.7,3.5,103.4-2.5c54.7-6,106.2-25.6,106.2-25.6V0H0v30.3c0,0,72,32.6,158.4,30.5c39.2-0.7,92.8-6.7,134-22.4\tc21.2-8.1,52.2-18.2,79.7-24.2C399.3,7.9,411.6,7.5,421.9,6.5z\"\/>\n<\/svg>\t\t<\/div>\n\t\t\t\t\t<div class=\"elementor-container elementor-column-gap-default\">\n\t\t\t\t\t<div class=\"elementor-column elementor-col-50 elementor-top-column elementor-element elementor-element-7a4f5ed0\" data-id=\"7a4f5ed0\" data-element_type=\"column\" data-e-type=\"column\">\n\t\t\t<div class=\"elementor-widget-wrap elementor-element-populated\">\n\t\t\t\t\t\t<div class=\"elementor-element elementor-element-3ee8ef7f elementor-widget elementor-widget-heading\" data-id=\"3ee8ef7f\" data-element_type=\"widget\" data-e-type=\"widget\" data-widget_type=\"heading.default\">\n\t\t\t\t\t<h1 class=\"elementor-heading-title elementor-size-default\">SERVICIOS DE SEO LOCALES EN BANGALORE<\/h1>\t\t\t\t<\/div>\n\t\t\t\t<div class=\"elementor-element elementor-element-6f0ea78b elementor-widget elementor-widget-heading\" data-id=\"6f0ea78b\" data-element_type=\"widget\" data-e-type=\"widget\" data-widget_type=\"heading.default\">\n\t\t\t\t\t<p class=\"elementor-heading-title elementor-size-default\">\u00bfBusca SERVICIOS DE SEO locales en BANGALORE? El SEO local es especialmente recomendable tanto para peque\u00f1as empresas como para organizaciones con m\u00faltiples ubicaciones.<\/p>\t\t\t\t<\/div>\n\t\t\t\t<div class=\"elementor-element elementor-element-27ae4868 elementor-align-left elementor-mobile-align-left elementor-widget__width-auto elementor-invisible elementor-widget elementor-widget-button\" data-id=\"27ae4868\" data-element_type=\"widget\" data-e-type=\"widget\" data-settings=\"{&quot;_animation&quot;:&quot;zoomIn&quot;}\" data-widget_type=\"button.default\">\n\t\t\t\t\t\t\t\t\t\t<a class=\"elementor-button elementor-button-link elementor-size-sm\" href=\"https:\/\/www.carmatec.com\/es_mx\/contactenos\/\">\n\t\t\t\t\t\t<span class=\"elementor-button-content-wrapper\">\n\t\t\t\t\t\t\t\t\t<span class=\"elementor-button-text\">Cont\u00e1ctenos<\/span>\n\t\t\t\t\t<\/span>\n\t\t\t\t\t<\/a>\n\t\t\t\t\t\t\t\t<\/div>\n\t\t\t\t\t<\/div>\n\t\t<\/div>\n\t\t\t\t<div class=\"elementor-column elementor-col-50 elementor-top-column elementor-element elementor-element-5b91be61 elementor-hidden-mobile\" data-id=\"5b91be61\" data-element_type=\"column\" data-e-type=\"column\">\n\t\t\t<div class=\"elementor-widget-wrap\">\n\t\t\t\t\t\t\t<\/div>\n\t\t<\/div>\n\t\t\t\t\t<\/div>\n\t\t<\/section>\n\t\t\t\t<section class=\"elementor-section elementor-inner-section elementor-element elementor-element-127c0e8b elementor-section-content-top elementor-section-boxed elementor-section-height-default elementor-section-height-default\" data-id=\"127c0e8b\" data-element_type=\"section\" data-e-type=\"section\">\n\t\t\t\t\t\t<div class=\"elementor-container elementor-column-gap-default\">\n\t\t\t\t\t<div class=\"elementor-column elementor-col-100 elementor-inner-column elementor-element elementor-element-6ae4947c\" data-id=\"6ae4947c\" data-element_type=\"column\" data-e-type=\"column\">\n\t\t\t<div class=\"elementor-widget-wrap elementor-element-populated\">\n\t\t\t\t\t\t<div class=\"elementor-element elementor-element-d4431ca elementor-invisible elementor-widget elementor-widget-heading\" data-id=\"d4431ca\" data-element_type=\"widget\" data-e-type=\"widget\" data-settings=\"{&quot;_animation&quot;:&quot;fadeInDown&quot;}\" data-widget_type=\"heading.default\">\n\t\t\t\t\t<h2 class=\"elementor-heading-title elementor-size-default\">Los servicios de SEO locales m\u00e1s confiables en Bangalore<\/h2>\t\t\t\t<\/div>\n\t\t\t\t<div class=\"elementor-element elementor-element-2cf1403f elementor-invisible elementor-widget elementor-widget-text-editor\" data-id=\"2cf1403f\" data-element_type=\"widget\" data-e-type=\"widget\" data-settings=\"{&quot;_animation&quot;:&quot;fadeInDown&quot;}\" data-widget_type=\"text-editor.default\">\n\t\t\t\t\t\t\t\t\t<p>Los servicios de optimizaci\u00f3n de b\u00fasqueda local (servicios de SEO local) ayudan a aumentar la visibilidad y el alcance de su negocio al dirigir su p\u00fablico objetivo a trav\u00e9s de listados locales. Si tiene una empresa local y necesita tr\u00e1fico local relevante a su sitio a trav\u00e9s de t\u00e9rminos de clasificaci\u00f3n local que pondr\u00e1n a su empresa al alcance del grupo demogr\u00e1fico de clientes objetivo local en su mercado.<\/p><p>Con nuestro enfoque, su sitio web estar\u00e1 correctamente orientado seg\u00fan su audiencia, lo que mejorar\u00e1 a\u00fan m\u00e1s su visibilidad y alcance. Nuestro equipo de SEO mantiene sus listados de empresas en l\u00ednea precisos y optimizados para clientes potenciales y brinda f\u00e1cil acceso a su informaci\u00f3n y la ubicaci\u00f3n de su empresa.<\/p><p>Como la cima\u00a0<strong><a href=\"https:\/\/www.carmatec.com\/es_mx\/servicios-de-optimizacion-de-motores-de-busqueda\/empresa-de-seo-en-bangalore\/\">Empresa de SEO en Bangalore<\/a><\/strong>\u00a0Tambi\u00e9n nos aseguramos de que su empresa no solo aparezca en computadoras de escritorio sino tambi\u00e9n en dispositivos m\u00f3viles. Nuestro objetivo es atraer un tr\u00e1fico local excepcional a sus listados por encima del tr\u00e1fico local de sus competidores. Con nuestro enfoque, su sitio web estar\u00e1 correctamente orientado seg\u00fan su p\u00fablico objetivo, lo que aumentar\u00e1 significativamente la visibilidad de su marca.<\/p>\t\t\t\t\t\t\t\t<\/div>\n\t\t\t\t\t<\/div>\n\t\t<\/div>\n\t\t\t\t\t<\/div>\n\t\t<\/section>\n\t\t\t\t<section class=\"elementor-section elementor-top-section elementor-element elementor-element-489c6dcf elementor-section-boxed elementor-section-height-default elementor-section-height-default\" data-id=\"489c6dcf\" data-element_type=\"section\" data-e-type=\"section\" data-settings=\"{&quot;background_background&quot;:&quot;classic&quot;}\">\n\t\t\t\t\t\t<div class=\"elementor-container elementor-column-gap-default\">\n\t\t\t\t\t<div class=\"elementor-column elementor-col-100 elementor-top-column elementor-element elementor-element-18331a0f\" data-id=\"18331a0f\" data-element_type=\"column\" data-e-type=\"column\">\n\t\t\t<div class=\"elementor-widget-wrap elementor-element-populated\">\n\t\t\t\t\t\t<div class=\"elementor-element elementor-element-7cbefd4f elementor-invisible elementor-widget elementor-widget-heading\" data-id=\"7cbefd4f\" data-element_type=\"widget\" data-e-type=\"widget\" data-settings=\"{&quot;_animation&quot;:&quot;fadeInDown&quot;}\" data-widget_type=\"heading.default\">\n\t\t\t\t\t<h2 class=\"elementor-heading-title elementor-size-default\">Nuestros servicios de SEO local en Bangalore incluyen<\/h2>\t\t\t\t<\/div>\n\t\t\t\t<div class=\"elementor-element elementor-element-0f144ea elementor-invisible elementor-widget elementor-widget-text-editor\" data-id=\"0f144ea\" data-element_type=\"widget\" data-e-type=\"widget\" data-settings=\"{&quot;_animation&quot;:&quot;fadeInDown&quot;}\" data-widget_type=\"text-editor.default\">\n\t\t\t\t\t\t\t\t\t<p>Lo que distingue a nuestros servicios de SEO local de otras marcas es nuestra responsabilidad de brindar respuestas personalizadas a 100% para las consultas de cada uno de nuestros clientes relacionadas con su desempe\u00f1o en los listados locales. Lejos de las ideas de SEO est\u00e1ndar, hacemos todo lo posible para satisfacer las necesidades de nuestros clientes.<\/p>\t\t\t\t\t\t\t\t<\/div>\n\t\t\t\t<section class=\"elementor-section elementor-inner-section elementor-element elementor-element-6622b62e elementor-section-boxed elementor-section-height-default elementor-section-height-default\" data-id=\"6622b62e\" data-element_type=\"section\" data-e-type=\"section\">\n\t\t\t\t\t\t<div class=\"elementor-container elementor-column-gap-default\">\n\t\t\t\t\t<div class=\"elementor-column elementor-col-33 elementor-inner-column elementor-element elementor-element-6040df20\" data-id=\"6040df20\" data-element_type=\"column\" data-e-type=\"column\">\n\t\t\t<div class=\"elementor-widget-wrap elementor-element-populated\">\n\t\t\t\t\t\t<div class=\"elementor-element elementor-element-fdce292 elementor-position-top elementor-widget elementor-widget-image-box\" data-id=\"fdce292\" data-element_type=\"widget\" data-e-type=\"widget\" data-widget_type=\"image-box.default\">\n\t\t\t\t\t<div class=\"elementor-image-box-wrapper\"><figure class=\"elementor-image-box-img\"><img decoding=\"async\" width=\"200\" height=\"150\" src=\"https:\/\/www.carmatec.com\/wp-content\/uploads\/2022\/01\/career1.png\" class=\"attachment-full size-full wp-image-22427\" alt=\"icono\" \/><\/figure><div class=\"elementor-image-box-content\"><h3 class=\"elementor-image-box-title\">Listados de Google Maps<\/h3><p class=\"elementor-image-box-description\">Mi listado de Google Maps garantiza los clientes potenciales m\u00e1s calificados, lo que puede ayudar a la visibilidad de la marca y, a su vez, mejora el ROI.<\/p><\/div><\/div>\t\t\t\t<\/div>\n\t\t\t\t\t<\/div>\n\t\t<\/div>\n\t\t\t\t<div class=\"elementor-column elementor-col-33 elementor-inner-column elementor-element elementor-element-1a16785b\" data-id=\"1a16785b\" data-element_type=\"column\" data-e-type=\"column\">\n\t\t\t<div class=\"elementor-widget-wrap elementor-element-populated\">\n\t\t\t\t\t\t<div class=\"elementor-element elementor-element-74116952 elementor-position-top elementor-widget elementor-widget-image-box\" data-id=\"74116952\" data-element_type=\"widget\" data-e-type=\"widget\" data-widget_type=\"image-box.default\">\n\t\t\t\t\t<div class=\"elementor-image-box-wrapper\"><figure class=\"elementor-image-box-img\"><img decoding=\"async\" width=\"200\" height=\"150\" src=\"https:\/\/www.carmatec.com\/wp-content\/uploads\/2022\/01\/career_3.png\" class=\"attachment-full size-full wp-image-22431\" alt=\"icono\" \/><\/figure><div class=\"elementor-image-box-content\"><h3 class=\"elementor-image-box-title\">Servicios de localizaci\u00f3n<\/h3><p class=\"elementor-image-box-description\">Tendemos a mejorar cada parte de sus p\u00e1ginas web con referencias y avisos de su elecci\u00f3n.<\/p><\/div><\/div>\t\t\t\t<\/div>\n\t\t\t\t\t<\/div>\n\t\t<\/div>\n\t\t\t\t<div class=\"elementor-column elementor-col-33 elementor-inner-column elementor-element elementor-element-6d5c8b4e\" data-id=\"6d5c8b4e\" data-element_type=\"column\" data-e-type=\"column\">\n\t\t\t<div class=\"elementor-widget-wrap elementor-element-populated\">\n\t\t\t\t\t\t<div class=\"elementor-element elementor-element-d1776c4 elementor-position-top elementor-widget elementor-widget-image-box\" data-id=\"d1776c4\" data-element_type=\"widget\" data-e-type=\"widget\" data-widget_type=\"image-box.default\">\n\t\t\t\t\t<div class=\"elementor-image-box-wrapper\"><figure class=\"elementor-image-box-img\"><img decoding=\"async\" width=\"512\" height=\"512\" src=\"https:\/\/www.carmatec.com\/wp-content\/uploads\/2022\/01\/Carmatec-01.svg\" class=\"attachment-full size-full wp-image-21781\" alt=\"Icono de desarrollo de aplicaciones m\u00f3viles\" \/><\/figure><div class=\"elementor-image-box-content\"><h3 class=\"elementor-image-box-title\">Testimonios y rese\u00f1as<\/h3><p class=\"elementor-image-box-description\">La confirmaci\u00f3n social se puede utilizar para generar una opini\u00f3n positiva sobre su negocio y mejorar su rendimiento de SEO.<\/p><\/div><\/div>\t\t\t\t<\/div>\n\t\t\t\t\t<\/div>\n\t\t<\/div>\n\t\t\t\t\t<\/div>\n\t\t<\/section>\n\t\t\t\t<section class=\"elementor-section elementor-inner-section elementor-element elementor-element-73c838e5 elementor-section-boxed elementor-section-height-default elementor-section-height-default\" data-id=\"73c838e5\" data-element_type=\"section\" data-e-type=\"section\">\n\t\t\t\t\t\t<div class=\"elementor-container elementor-column-gap-default\">\n\t\t\t\t\t<div class=\"elementor-column elementor-col-50 elementor-inner-column elementor-element elementor-element-367c1f18\" data-id=\"367c1f18\" data-element_type=\"column\" data-e-type=\"column\">\n\t\t\t<div class=\"elementor-widget-wrap elementor-element-populated\">\n\t\t\t\t\t\t<div class=\"elementor-element elementor-element-4e7d339f elementor-position-top elementor-widget elementor-widget-image-box\" data-id=\"4e7d339f\" data-element_type=\"widget\" data-e-type=\"widget\" data-widget_type=\"image-box.default\">\n\t\t\t\t\t<div class=\"elementor-image-box-wrapper\"><figure class=\"elementor-image-box-img\"><img decoding=\"async\" width=\"150\" height=\"150\" src=\"https:\/\/www.carmatec.com\/wp-content\/uploads\/2022\/02\/portability-1499938-1270899-150x150-1.png\" class=\"attachment-full size-full wp-image-25931\" alt=\"icono\" \/><\/figure><div class=\"elementor-image-box-content\"><h3 class=\"elementor-image-box-title\">Citas y menciones<\/h3><p class=\"elementor-image-box-description\">Cada vez que se hace referencia a su imagen o negocio en alg\u00fan otro lugar, su credibilidad y visibilidad se disparan.<\/p><\/div><\/div>\t\t\t\t<\/div>\n\t\t\t\t\t<\/div>\n\t\t<\/div>\n\t\t\t\t<div class=\"elementor-column elementor-col-50 elementor-inner-column elementor-element elementor-element-5eae317b\" data-id=\"5eae317b\" data-element_type=\"column\" data-e-type=\"column\">\n\t\t\t<div class=\"elementor-widget-wrap elementor-element-populated\">\n\t\t\t\t\t\t<div class=\"elementor-element elementor-element-1efc9ea5 elementor-position-top elementor-widget elementor-widget-image-box\" data-id=\"1efc9ea5\" data-element_type=\"widget\" data-e-type=\"widget\" data-widget_type=\"image-box.default\">\n\t\t\t\t\t<div class=\"elementor-image-box-wrapper\"><figure class=\"elementor-image-box-img\"><img decoding=\"async\" width=\"150\" height=\"150\" src=\"https:\/\/www.carmatec.com\/wp-content\/uploads\/2022\/02\/1004765-150x150-1.png\" class=\"attachment-full size-full wp-image-25947\" alt=\"icono\" \/><\/figure><div class=\"elementor-image-box-content\"><h3 class=\"elementor-image-box-title\">Construcci\u00f3n de enlaces<\/h3><p class=\"elementor-image-box-description\">Del mismo modo, los v\u00ednculos de retroceso situados en sitios de autoridad pueden mejorar significativamente el perfil y la autoridad SEO de su p\u00e1gina web.<\/p><\/div><\/div>\t\t\t\t<\/div>\n\t\t\t\t\t<\/div>\n\t\t<\/div>\n\t\t\t\t\t<\/div>\n\t\t<\/section>\n\t\t\t\t<div class=\"elementor-element elementor-element-770d476c elementor-hidden-mobile elementor-widget elementor-widget-spacer\" data-id=\"770d476c\" data-element_type=\"widget\" data-e-type=\"widget\" data-widget_type=\"spacer.default\">\n\t\t\t\t\t\t\t<div class=\"elementor-spacer\">\n\t\t\t<div class=\"elementor-spacer-inner\"><\/div>\n\t\t<\/div>\n\t\t\t\t\t\t<\/div>\n\t\t\t\t\t<\/div>\n\t\t<\/div>\n\t\t\t\t\t<\/div>\n\t\t<\/section>\n\t\t\t\t<\/div>","protected":false},"excerpt":{"rendered":"<p>LOCAL SEO SERVICES IN BANGALORE Looking for the Local SEO SERVICES IN BANGALORE? Local SEO is exceptionally advised for both small companies as well as multi-location organizations. Contact us Most Trusted Local SEO Services in Bangalore Local Search Optimization Services (Local SEO Services) helps in increasing the visibility and reach of your business by driving [&hellip;]<\/p>\n","protected":false},"author":1,"featured_media":0,"parent":24279,"menu_order":0,"comment_status":"closed","ping_status":"closed","template":"","meta":{"footnotes":""},"class_list":["post-26143","page","type-page","status-publish","hentry"],"_links":{"self":[{"href":"https:\/\/www.carmatec.com\/es_mx\/wp-json\/wp\/v2\/pages\/26143","targetHints":{"allow":["GET"]}}],"collection":[{"href":"https:\/\/www.carmatec.com\/es_mx\/wp-json\/wp\/v2\/pages"}],"about":[{"href":"https:\/\/www.carmatec.com\/es_mx\/wp-json\/wp\/v2\/types\/page"}],"author":[{"embeddable":true,"href":"https:\/\/www.carmatec.com\/es_mx\/wp-json\/wp\/v2\/users\/1"}],"replies":[{"embeddable":true,"href":"https:\/\/www.carmatec.com\/es_mx\/wp-json\/wp\/v2\/comments?post=26143"}],"version-history":[{"count":4,"href":"https:\/\/www.carmatec.com\/es_mx\/wp-json\/wp\/v2\/pages\/26143\/revisions"}],"predecessor-version":[{"id":52289,"href":"https:\/\/www.carmatec.com\/es_mx\/wp-json\/wp\/v2\/pages\/26143\/revisions\/52289"}],"up":[{"embeddable":true,"href":"https:\/\/www.carmatec.com\/es_mx\/wp-json\/wp\/v2\/pages\/24279"}],"wp:attachment":[{"href":"https:\/\/www.carmatec.com\/es_mx\/wp-json\/wp\/v2\/media?parent=26143"}],"curies":[{"name":"wp","href":"https:\/\/api.w.org\/{rel}","templated":true}]}}