{"id":30601,"date":"2022-08-27T10:11:17","date_gmt":"2022-08-27T10:11:17","guid":{"rendered":"https:\/\/new.carmatec.com\/?page_id=30601"},"modified":"2026-02-17T04:42:23","modified_gmt":"2026-02-17T04:42:23","slug":"agile-anwendungsentwicklung","status":"publish","type":"page","link":"https:\/\/www.carmatec.com\/de\/agile-application-development\/","title":{"rendered":"Agile Anwendungsentwicklung"},"content":{"rendered":"<div data-elementor-type=\"wp-page\" data-elementor-id=\"30601\" class=\"elementor elementor-30601\" data-elementor-post-type=\"page\">\n\t\t\t\t\t\t<section class=\"elementor-section elementor-top-section elementor-element elementor-element-7c909139 elementor-section-height-min-height elementor-section-boxed elementor-section-height-default elementor-section-items-middle\" data-id=\"7c909139\" data-element_type=\"section\" data-e-type=\"section\" data-settings=\"{&quot;background_background&quot;:&quot;classic&quot;,&quot;shape_divider_bottom&quot;:&quot;waves&quot;}\">\n\t\t\t\t\t<div class=\"elementor-shape elementor-shape-bottom\" aria-hidden=\"true\" data-negative=\"false\">\n\t\t\t<svg xmlns=\"http:\/\/www.w3.org\/2000\/svg\" viewbox=\"0 0 1000 100\" preserveaspectratio=\"none\">\n\t<path class=\"elementor-shape-fill\" d=\"M421.9,6.5c22.6-2.5,51.5,0.4,75.5,5.3c23.6,4.9,70.9,23.5,100.5,35.7c75.8,32.2,133.7,44.5,192.6,49.7\tc23.6,2.1,48.7,3.5,103.4-2.5c54.7-6,106.2-25.6,106.2-25.6V0H0v30.3c0,0,72,32.6,158.4,30.5c39.2-0.7,92.8-6.7,134-22.4\tc21.2-8.1,52.2-18.2,79.7-24.2C399.3,7.9,411.6,7.5,421.9,6.5z\"\/>\n<\/svg>\t\t<\/div>\n\t\t\t\t\t<div class=\"elementor-container elementor-column-gap-default\">\n\t\t\t\t\t<div class=\"elementor-column elementor-col-50 elementor-top-column elementor-element elementor-element-64160c3\" data-id=\"64160c3\" data-element_type=\"column\" data-e-type=\"column\">\n\t\t\t<div class=\"elementor-widget-wrap elementor-element-populated\">\n\t\t\t\t\t\t<div class=\"elementor-element elementor-element-75d9b839 elementor-widget elementor-widget-heading\" data-id=\"75d9b839\" data-element_type=\"widget\" data-e-type=\"widget\" data-widget_type=\"heading.default\">\n\t\t\t\t\t<h2 class=\"elementor-heading-title elementor-size-default\">Agile Anwendungsentwicklung<\/h2>\t\t\t\t<\/div>\n\t\t\t\t<div class=\"elementor-element elementor-element-13a61744 elementor-widget elementor-widget-heading\" data-id=\"13a61744\" data-element_type=\"widget\" data-e-type=\"widget\" data-widget_type=\"heading.default\">\n\t\t\t\t\t<p class=\"elementor-heading-title elementor-size-default\">Erstellen Sie mit uns robuste und skalierbare Gesch\u00e4ftsl\u00f6sungen<\/p>\t\t\t\t<\/div>\n\t\t\t\t\t<\/div>\n\t\t<\/div>\n\t\t\t\t<div class=\"elementor-column elementor-col-50 elementor-top-column elementor-element elementor-element-525f1055 elementor-hidden-mobile\" data-id=\"525f1055\" data-element_type=\"column\" data-e-type=\"column\">\n\t\t\t<div class=\"elementor-widget-wrap\">\n\t\t\t\t\t\t\t<\/div>\n\t\t<\/div>\n\t\t\t\t\t<\/div>\n\t\t<\/section>\n\t\t\t\t<section class=\"elementor-section elementor-top-section elementor-element elementor-element-afba1a2 elementor-section-content-middle elementor-section-boxed elementor-section-height-default elementor-section-height-default\" data-id=\"afba1a2\" data-element_type=\"section\" data-e-type=\"section\">\n\t\t\t\t\t\t<div class=\"elementor-container elementor-column-gap-default\">\n\t\t\t\t\t<div class=\"elementor-column elementor-col-33 elementor-top-column elementor-element elementor-element-2611fc3\" data-id=\"2611fc3\" data-element_type=\"column\" data-e-type=\"column\">\n\t\t\t<div class=\"elementor-widget-wrap elementor-element-populated\">\n\t\t\t\t\t\t<div class=\"elementor-element elementor-element-0400011 elementor-invisible elementor-widget elementor-widget-heading\" data-id=\"0400011\" data-element_type=\"widget\" data-e-type=\"widget\" data-settings=\"{&quot;_animation&quot;:&quot;fadeInDown&quot;}\" data-widget_type=\"heading.default\">\n\t\t\t\t\t<h1 class=\"elementor-heading-title elementor-size-default\">Agile Anwendungsentwicklung<\/h1>\t\t\t\t<\/div>\n\t\t\t\t<div class=\"elementor-element elementor-element-d2f0e1b elementor-invisible elementor-widget elementor-widget-text-editor\" data-id=\"d2f0e1b\" data-element_type=\"widget\" data-e-type=\"widget\" data-settings=\"{&quot;_animation&quot;:&quot;fadeInDown&quot;}\" data-widget_type=\"text-editor.default\">\n\t\t\t\t\t\t\t\t\t<p>Die agile Entwicklung wurde f\u00fcr die heutige k\u00e4uferzentrierte, stark wettbewerbsorientierte Welt entwickelt und bietet im Wesentlichen einen flexiblen Rahmen mit einer sich st\u00e4ndig weiterentwickelnden technischen und funktionalen Umgebung und einem Fokus auf die schnelle Bereitstellung von Gesch\u00e4ftswerten. In einem sich schnell ver\u00e4ndernden Gesch\u00e4ftsumfeld besteht kein Zweifel daran, dass Agile der richtige Weg ist. Sich schnell \u00e4ndernde Marktbedingungen erfordern von Unternehmen, ihre Lieferzyklen zu verk\u00fcrzen und besser auf die Erwartungen der Kunden einzugehen. Der agile Prozess integriert die Softwareentwicklung nahtlos, um diesem Modell zu entsprechen und k\u00fcrzere Sprint- und Produktlebenszyklen zu planen. Die ein- bis vierw\u00f6chigen Sprints, t\u00e4glichen Stand-ups, kontinuierliche Sprintplanung, \u00dcberpr\u00fcfungen und Feedback machen den Softwareentwicklungsprozess \u00e4u\u00dferst effizient, produktiv und streng kontrolliert. Unser\u00a0<em>Agile Anwendungsentwicklungsdienste<\/em>\u00a0sorgen f\u00fcr Transparenz, bessere Ums\u00e4tze, schnellere Markteinf\u00fchrung, besseres Risikomanagement, Flexibilit\u00e4t, Kostenkontrolle und Kundenzufriedenheit.<\/p>\t\t\t\t\t\t\t\t<\/div>\n\t\t\t\t\t<\/div>\n\t\t<\/div>\n\t\t\t\t<div class=\"elementor-column elementor-col-33 elementor-top-column elementor-element elementor-element-520eabb\" data-id=\"520eabb\" data-element_type=\"column\" data-e-type=\"column\">\n\t\t\t<div class=\"elementor-widget-wrap\">\n\t\t\t\t\t\t\t<\/div>\n\t\t<\/div>\n\t\t\t\t<div class=\"elementor-column elementor-col-33 elementor-top-column elementor-element elementor-element-f88bea6\" data-id=\"f88bea6\" data-element_type=\"column\" data-e-type=\"column\">\n\t\t\t<div class=\"elementor-widget-wrap elementor-element-populated\">\n\t\t\t\t\t\t<div class=\"elementor-element elementor-element-784c883 elementor-widget elementor-widget-image\" data-id=\"784c883\" data-element_type=\"widget\" data-e-type=\"widget\" data-widget_type=\"image.default\">\n\t\t\t\t\t\t\t\t\t\t\t\t\t\t\t<img decoding=\"async\" width=\"320\" height=\"234\" src=\"https:\/\/www.carmatec.com\/wp-content\/uploads\/2022\/08\/agile_benefits.png\" class=\"attachment-large size-large wp-image-30609\" alt=\"agile_benefits\" srcset=\"https:\/\/www.carmatec.com\/wp-content\/uploads\/2022\/08\/agile_benefits.png 320w, https:\/\/www.carmatec.com\/wp-content\/uploads\/2022\/08\/agile_benefits-300x219.png 300w\" sizes=\"(max-width: 320px) 100vw, 320px\" \/>\t\t\t\t\t\t\t\t\t\t\t\t\t\t\t<\/div>\n\t\t\t\t\t<\/div>\n\t\t<\/div>\n\t\t\t\t\t<\/div>\n\t\t<\/section>\n\t\t\t\t<section class=\"elementor-section elementor-top-section elementor-element elementor-element-c75b2ea elementor-section-boxed elementor-section-height-default elementor-section-height-default\" data-id=\"c75b2ea\" data-element_type=\"section\" data-e-type=\"section\">\n\t\t\t\t\t\t<div class=\"elementor-container elementor-column-gap-default\">\n\t\t\t\t\t<div class=\"elementor-column elementor-col-100 elementor-top-column elementor-element elementor-element-1e65850\" data-id=\"1e65850\" data-element_type=\"column\" data-e-type=\"column\">\n\t\t\t<div class=\"elementor-widget-wrap elementor-element-populated\">\n\t\t\t\t\t\t<div class=\"elementor-element elementor-element-e0c5024 elementor-invisible elementor-widget elementor-widget-heading\" data-id=\"e0c5024\" data-element_type=\"widget\" data-e-type=\"widget\" data-settings=\"{&quot;_animation&quot;:&quot;fadeInDown&quot;}\" data-widget_type=\"heading.default\">\n\t\t\t\t\t<h2 class=\"elementor-heading-title elementor-size-default\">Wie wir Ihren Gesch\u00e4ftsnutzen durch das Agile-Modell steigern<\/h2>\t\t\t\t<\/div>\n\t\t\t\t<section class=\"elementor-section elementor-inner-section elementor-element elementor-element-e6b5141 elementor-section-boxed elementor-section-height-default elementor-section-height-default\" data-id=\"e6b5141\" data-element_type=\"section\" data-e-type=\"section\">\n\t\t\t\t\t\t<div class=\"elementor-container elementor-column-gap-default\">\n\t\t\t\t\t<div class=\"elementor-column elementor-col-50 elementor-inner-column elementor-element elementor-element-d016ae6\" data-id=\"d016ae6\" data-element_type=\"column\" data-e-type=\"column\">\n\t\t\t<div class=\"elementor-widget-wrap elementor-element-populated\">\n\t\t\t\t\t\t<div class=\"elementor-element elementor-element-42505a0 elementor-position-left elementor-vertical-align-top elementor-widget elementor-widget-image-box\" data-id=\"42505a0\" data-element_type=\"widget\" data-e-type=\"widget\" data-widget_type=\"image-box.default\">\n\t\t\t\t\t<div class=\"elementor-image-box-wrapper\"><figure class=\"elementor-image-box-img\"><img decoding=\"async\" width=\"72\" height=\"72\" src=\"https:\/\/www.carmatec.com\/wp-content\/uploads\/2022\/08\/icons_internet-marketing7.png\" class=\"attachment-full size-full wp-image-30610\" alt=\"icons_internet-marketing7\" \/><\/figure><div class=\"elementor-image-box-content\"><h3 class=\"elementor-image-box-title\">Umsatzgenerierung - <\/h3><p class=\"elementor-image-box-description\">Der Umsatzgenerierungszyklus beginnt bereits, sobald Sie das Produkt auf den Markt bringen k\u00f6nnen. Je schneller Sie starten, desto eher beginnen Sie, Einnahmen zu generieren. Da sich agile Funktionen auf die schnelle und h\u00e4ufige Bereitstellung von Gesch\u00e4ftsl\u00f6sungen konzentrieren, k\u00f6nnen Unternehmen im Gegensatz zu herk\u00f6mmlichen Methoden sofort mit der Bereitstellung wertvoller L\u00f6sungen beginnen. Eine k\u00fcrzere Markteinf\u00fchrungszeit steigert Ihren Gewinn.<\/p><\/div><\/div>\t\t\t\t<\/div>\n\t\t\t\t<div class=\"elementor-element elementor-element-a947c1c elementor-position-left elementor-vertical-align-top elementor-widget elementor-widget-image-box\" data-id=\"a947c1c\" data-element_type=\"widget\" data-e-type=\"widget\" data-widget_type=\"image-box.default\">\n\t\t\t\t\t<div class=\"elementor-image-box-wrapper\"><figure class=\"elementor-image-box-img\"><img decoding=\"async\" width=\"72\" height=\"72\" src=\"https:\/\/www.carmatec.com\/wp-content\/uploads\/2022\/08\/icons_internet-marketing7.png\" class=\"attachment-full size-full wp-image-30610\" alt=\"icons_internet-marketing7\" \/><\/figure><div class=\"elementor-image-box-content\"><h3 class=\"elementor-image-box-title\">Sichtbarkeit\/Transparenz \u2013<\/h3><p class=\"elementor-image-box-description\">Agile f\u00f6rdert eine bessere Sichtbarkeit, da die Stakeholder w\u00e4hrend des gesamten Lieferprozesses einbezogen werden. Es erm\u00f6glicht eine st\u00e4rkere Beteiligung des Kunden an der Projektplanung. Dieser Prozess stellt au\u00dferdem sicher, dass Kunden kontinuierlich mit dem Produkt in Kontakt bleiben, w\u00e4hrend es in Arbeit ist, und f\u00f6rdert so die Transparenz.<\/p><\/div><\/div>\t\t\t\t<\/div>\n\t\t\t\t<div class=\"elementor-element elementor-element-f5f05af elementor-position-left elementor-vertical-align-top elementor-widget elementor-widget-image-box\" data-id=\"f5f05af\" data-element_type=\"widget\" data-e-type=\"widget\" data-widget_type=\"image-box.default\">\n\t\t\t\t\t<div class=\"elementor-image-box-wrapper\"><figure class=\"elementor-image-box-img\"><img decoding=\"async\" width=\"72\" height=\"72\" src=\"https:\/\/www.carmatec.com\/wp-content\/uploads\/2022\/08\/icons_internet-marketing7.png\" class=\"attachment-full size-full wp-image-30610\" alt=\"icons_internet-marketing7\" \/><\/figure><div class=\"elementor-image-box-content\"><h3 class=\"elementor-image-box-title\">Kostenkontrolle - <\/h3><p class=\"elementor-image-box-description\">Die Kosten f\u00fcr die Skalierung und Verbesserung k\u00f6nnen schrittweise kontrolliert werden, was es einfacher macht, in das Unternehmen zu investieren.<\/p><\/div><\/div>\t\t\t\t<\/div>\n\t\t\t\t<div class=\"elementor-element elementor-element-4febd26 elementor-position-left elementor-vertical-align-top elementor-widget elementor-widget-image-box\" data-id=\"4febd26\" data-element_type=\"widget\" data-e-type=\"widget\" data-widget_type=\"image-box.default\">\n\t\t\t\t\t<div class=\"elementor-image-box-wrapper\"><figure class=\"elementor-image-box-img\"><img decoding=\"async\" width=\"72\" height=\"72\" src=\"https:\/\/www.carmatec.com\/wp-content\/uploads\/2022\/08\/icons_internet-marketing7.png\" class=\"attachment-full size-full wp-image-30610\" alt=\"icons_internet-marketing7\" \/><\/figure><div class=\"elementor-image-box-content\"><h3 class=\"elementor-image-box-title\">Kundenzufriedenheit - <\/h3><p class=\"elementor-image-box-description\">Durch die aktive Einbindung des Gesch\u00e4ftsinhabers wird die Kundenzufriedenheit erh\u00f6ht und eine kontinuierliche Feedbackschleife gew\u00e4hrleistet. Auf gesch\u00e4ftlicher Seite k\u00f6nnen Kundenr\u00fcckmeldungen schnell in die Plattform integriert oder darauf reagiert werden, was Unternehmen dabei hilft, \u00e4u\u00dferst reaktionsf\u00e4hig zu bleiben.<\/p><\/div><\/div>\t\t\t\t<\/div>\n\t\t\t\t\t<\/div>\n\t\t<\/div>\n\t\t\t\t<div class=\"elementor-column elementor-col-50 elementor-inner-column elementor-element elementor-element-227b049\" data-id=\"227b049\" data-element_type=\"column\" data-e-type=\"column\">\n\t\t\t<div class=\"elementor-widget-wrap elementor-element-populated\">\n\t\t\t\t\t\t<div class=\"elementor-element elementor-element-c68b12d elementor-position-left elementor-vertical-align-top elementor-widget elementor-widget-image-box\" data-id=\"c68b12d\" data-element_type=\"widget\" data-e-type=\"widget\" data-widget_type=\"image-box.default\">\n\t\t\t\t\t<div class=\"elementor-image-box-wrapper\"><figure class=\"elementor-image-box-img\"><img decoding=\"async\" width=\"72\" height=\"72\" src=\"https:\/\/www.carmatec.com\/wp-content\/uploads\/2022\/08\/icons_internet-marketing7.png\" class=\"attachment-full size-full wp-image-30610\" alt=\"icons_internet-marketing7\" \/><\/figure><div class=\"elementor-image-box-content\"><h3 class=\"elementor-image-box-title\">Zum Markt gehen - <\/h3><p class=\"elementor-image-box-description\">Wenn Sie in Ihrem Unternehmen Marktf\u00fchrer sein wollen, ist Zeit ein entscheidender Faktor. Mit der agilen Entwicklung ist ein inkrementelles Bereitstellungsmodell m\u00f6glich, sodass Sie schneller auf den Markt kommen.<\/p><\/div><\/div>\t\t\t\t<\/div>\n\t\t\t\t<div class=\"elementor-element elementor-element-11e625e elementor-position-left elementor-vertical-align-top elementor-widget elementor-widget-image-box\" data-id=\"11e625e\" data-element_type=\"widget\" data-e-type=\"widget\" data-widget_type=\"image-box.default\">\n\t\t\t\t\t<div class=\"elementor-image-box-wrapper\"><figure class=\"elementor-image-box-img\"><img decoding=\"async\" width=\"72\" height=\"72\" src=\"https:\/\/www.carmatec.com\/wp-content\/uploads\/2022\/08\/icons_internet-marketing7.png\" class=\"attachment-full size-full wp-image-30610\" alt=\"icons_internet-marketing7\" \/><\/figure><div class=\"elementor-image-box-content\"><h3 class=\"elementor-image-box-title\">Flexibilit\u00e4t\/Agilit\u00e4t \u2013<\/h3><p class=\"elementor-image-box-description\">Das agile Modell basiert auf diesen Konzepten und erleichtert es den Unternehmen erheblich, agil auf die Bed\u00fcrfnisse der Kunden einzugehen. Das Projekt wird in vorab festgelegten Abschnitten abgeschlossen, die dann mit den Kunden besprochen werden, bevor mit der n\u00e4chsten L\u00f6sungsphase fortgefahren wird. Dies bietet ein gr\u00f6\u00dferes Gef\u00fchl der Flexibilit\u00e4t, wenn es darum geht, ein Projekt in eine andere Richtung zu lenken oder Kurskorrekturen vorzunehmen, wenn etwas schief geht.<\/p><\/div><\/div>\t\t\t\t<\/div>\n\t\t\t\t<div class=\"elementor-element elementor-element-7017014 elementor-position-left elementor-vertical-align-top elementor-widget elementor-widget-image-box\" data-id=\"7017014\" data-element_type=\"widget\" data-e-type=\"widget\" data-widget_type=\"image-box.default\">\n\t\t\t\t\t<div class=\"elementor-image-box-wrapper\"><figure class=\"elementor-image-box-img\"><img decoding=\"async\" width=\"72\" height=\"72\" src=\"https:\/\/www.carmatec.com\/wp-content\/uploads\/2022\/08\/icons_internet-marketing7.png\" class=\"attachment-full size-full wp-image-30610\" alt=\"icons_internet-marketing7\" \/><\/figure><div class=\"elementor-image-box-content\"><h3 class=\"elementor-image-box-title\">Risikomanagement - <\/h3><p class=\"elementor-image-box-description\">Die erh\u00f6hte Sichtbarkeit, Vorhersehbarkeit, Einbindung der Stakeholder und die Kostenvorteile von Agile tragen erheblich zur Minderung von Gesch\u00e4ftsrisiken bei.<\/p><\/div><\/div>\t\t\t\t<\/div>\n\t\t\t\t<div class=\"elementor-element elementor-element-4fa4385 elementor-position-left elementor-vertical-align-top elementor-widget elementor-widget-image-box\" data-id=\"4fa4385\" data-element_type=\"widget\" data-e-type=\"widget\" data-widget_type=\"image-box.default\">\n\t\t\t\t\t<div class=\"elementor-image-box-wrapper\"><figure class=\"elementor-image-box-img\"><img decoding=\"async\" width=\"72\" height=\"72\" src=\"https:\/\/www.carmatec.com\/wp-content\/uploads\/2022\/08\/icons_internet-marketing7.png\" class=\"attachment-full size-full wp-image-30610\" alt=\"icons_internet-marketing7\" \/><\/figure><div class=\"elementor-image-box-content\"><h3 class=\"elementor-image-box-title\">Qualit\u00e4tskontrolle<\/h3><p class=\"elementor-image-box-description\">Eines der Schl\u00fcsselprinzipien von Agile besteht darin, dass Tests \u00fcber den gesamten Lebenszyklus hinweg integriert werden, was eine regelm\u00e4\u00dfige \u00dcberpr\u00fcfung des Produkts und seine Ausrichtung auf die Kundenbed\u00fcrfnisse erm\u00f6glicht. L\u00fccken k\u00f6nnen vorzeitig erkannt und behoben werden.<\/p><\/div><\/div>\t\t\t\t<\/div>\n\t\t\t\t\t<\/div>\n\t\t<\/div>\n\t\t\t\t\t<\/div>\n\t\t<\/section>\n\t\t\t\t\t<\/div>\n\t\t<\/div>\n\t\t\t\t\t<\/div>\n\t\t<\/section>\n\t\t\t\t<section class=\"elementor-section elementor-top-section elementor-element elementor-element-27b4417 elementor-section-boxed elementor-section-height-default elementor-section-height-default\" data-id=\"27b4417\" data-element_type=\"section\" data-e-type=\"section\">\n\t\t\t\t\t\t<div class=\"elementor-container elementor-column-gap-default\">\n\t\t\t\t\t<div class=\"elementor-column elementor-col-50 elementor-top-column elementor-element elementor-element-7c4a391\" data-id=\"7c4a391\" data-element_type=\"column\" data-e-type=\"column\">\n\t\t\t<div class=\"elementor-widget-wrap elementor-element-populated\">\n\t\t\t\t\t\t<div class=\"elementor-element elementor-element-bf12c9c elementor-invisible elementor-widget elementor-widget-heading\" data-id=\"bf12c9c\" data-element_type=\"widget\" data-e-type=\"widget\" data-settings=\"{&quot;_animation&quot;:&quot;fadeInDown&quot;}\" data-widget_type=\"heading.default\">\n\t\t\t\t\t<h2 class=\"elementor-heading-title elementor-size-default\">Agile Projektlebenszyklus<\/h2>\t\t\t\t<\/div>\n\t\t\t\t<div class=\"elementor-element elementor-element-7c70990 elementor-widget elementor-widget-image\" data-id=\"7c70990\" data-element_type=\"widget\" data-e-type=\"widget\" data-widget_type=\"image.default\">\n\t\t\t\t\t\t\t\t\t\t\t\t\t\t\t<img decoding=\"async\" width=\"510\" height=\"434\" src=\"https:\/\/www.carmatec.com\/wp-content\/uploads\/2022\/08\/agile_workflow1.png\" class=\"attachment-large size-large wp-image-30614\" alt=\"agile_workflow1\" srcset=\"https:\/\/www.carmatec.com\/wp-content\/uploads\/2022\/08\/agile_workflow1.png 510w, https:\/\/www.carmatec.com\/wp-content\/uploads\/2022\/08\/agile_workflow1-300x255.png 300w\" sizes=\"(max-width: 510px) 100vw, 510px\" \/>\t\t\t\t\t\t\t\t\t\t\t\t\t\t\t<\/div>\n\t\t\t\t<div class=\"elementor-element elementor-element-691f082 elementor-widget elementor-widget-spacer\" data-id=\"691f082\" data-element_type=\"widget\" data-e-type=\"widget\" data-widget_type=\"spacer.default\">\n\t\t\t\t\t\t\t<div class=\"elementor-spacer\">\n\t\t\t<div class=\"elementor-spacer-inner\"><\/div>\n\t\t<\/div>\n\t\t\t\t\t\t<\/div>\n\t\t\t\t<div class=\"elementor-element elementor-element-bfcb89b elementor-widget elementor-widget-image\" data-id=\"bfcb89b\" data-element_type=\"widget\" data-e-type=\"widget\" data-widget_type=\"image.default\">\n\t\t\t\t\t\t\t\t\t\t\t\t\t\t\t\t<a href=\"https:\/\/www.carmatec.com\/de\/portfolio\/\">\n\t\t\t\t\t\t\t<img decoding=\"async\" width=\"510\" height=\"100\" src=\"https:\/\/www.carmatec.com\/wp-content\/uploads\/2022\/08\/view-portfolio.jpg\" class=\"attachment-full size-full wp-image-30617\" alt=\"view-portfolio\" srcset=\"https:\/\/www.carmatec.com\/wp-content\/uploads\/2022\/08\/view-portfolio.jpg 510w, https:\/\/www.carmatec.com\/wp-content\/uploads\/2022\/08\/view-portfolio-300x59.jpg 300w\" sizes=\"(max-width: 510px) 100vw, 510px\" \/>\t\t\t\t\t\t\t\t<\/a>\n\t\t\t\t\t\t\t\t\t\t\t\t\t\t\t<\/div>\n\t\t\t\t\t<\/div>\n\t\t<\/div>\n\t\t\t\t<div class=\"elementor-column elementor-col-50 elementor-top-column elementor-element elementor-element-9a118b2\" data-id=\"9a118b2\" data-element_type=\"column\" data-e-type=\"column\">\n\t\t\t<div class=\"elementor-widget-wrap elementor-element-populated\">\n\t\t\t\t\t\t<div class=\"elementor-element elementor-element-8c07843 elementor-invisible elementor-widget elementor-widget-heading\" data-id=\"8c07843\" data-element_type=\"widget\" data-e-type=\"widget\" data-settings=\"{&quot;_animation&quot;:&quot;fadeInDown&quot;}\" data-widget_type=\"heading.default\">\n\t\t\t\t\t<h2 class=\"elementor-heading-title elementor-size-default\">Vergleich<\/h2>\t\t\t\t<\/div>\n\t\t\t\t<div class=\"elementor-element elementor-element-df7c2d9 elementor-widget elementor-widget-image\" data-id=\"df7c2d9\" data-element_type=\"widget\" data-e-type=\"widget\" data-widget_type=\"image.default\">\n\t\t\t\t\t\t\t\t\t\t\t\t\t\t\t<img decoding=\"async\" width=\"510\" height=\"500\" src=\"https:\/\/www.carmatec.com\/wp-content\/uploads\/2022\/08\/agile_comparision.png\" class=\"attachment-large size-large wp-image-30616\" alt=\"agile_vergleich\" srcset=\"https:\/\/www.carmatec.com\/wp-content\/uploads\/2022\/08\/agile_comparision.png 510w, https:\/\/www.carmatec.com\/wp-content\/uploads\/2022\/08\/agile_comparision-300x294.png 300w\" sizes=\"(max-width: 510px) 100vw, 510px\" \/>\t\t\t\t\t\t\t\t\t\t\t\t\t\t\t<\/div>\n\t\t\t\t<div class=\"elementor-element elementor-element-824cee8 elementor-widget elementor-widget-image\" data-id=\"824cee8\" data-element_type=\"widget\" data-e-type=\"widget\" data-widget_type=\"image.default\">\n\t\t\t\t\t\t\t\t\t\t\t\t\t\t\t\t<a href=\"https:\/\/www.carmatec.com\/de\/fallstudie\/\">\n\t\t\t\t\t\t\t<img decoding=\"async\" width=\"510\" height=\"100\" src=\"https:\/\/www.carmatec.com\/wp-content\/uploads\/2022\/08\/view-casestudy.jpg\" class=\"attachment-large size-large wp-image-30624\" alt=\"Fallstudie ansehen\" srcset=\"https:\/\/www.carmatec.com\/wp-content\/uploads\/2022\/08\/view-casestudy.jpg 510w, https:\/\/www.carmatec.com\/wp-content\/uploads\/2022\/08\/view-casestudy-300x59.jpg 300w\" sizes=\"(max-width: 510px) 100vw, 510px\" \/>\t\t\t\t\t\t\t\t<\/a>\n\t\t\t\t\t\t\t\t\t\t\t\t\t\t\t<\/div>\n\t\t\t\t\t<\/div>\n\t\t<\/div>\n\t\t\t\t\t<\/div>\n\t\t<\/section>\n\t\t\t\t<\/div>","protected":false},"excerpt":{"rendered":"<p>Agile Application Development Build robust and scalable business solutions with us Agile Application Development Designed for today\u2019s buyer-centric, highly competitive market-driven world, Agile development, essentially, provide a nimble framework, with continually developing technical and functional setting and focus on the rapid delivery of business value. In a fast changing business environment, there is no doubt [&hellip;]<\/p>\n","protected":false},"author":1,"featured_media":0,"parent":0,"menu_order":0,"comment_status":"closed","ping_status":"closed","template":"","meta":{"footnotes":""},"class_list":["post-30601","page","type-page","status-publish","hentry"],"_links":{"self":[{"href":"https:\/\/www.carmatec.com\/de\/wp-json\/wp\/v2\/pages\/30601","targetHints":{"allow":["GET"]}}],"collection":[{"href":"https:\/\/www.carmatec.com\/de\/wp-json\/wp\/v2\/pages"}],"about":[{"href":"https:\/\/www.carmatec.com\/de\/wp-json\/wp\/v2\/types\/page"}],"author":[{"embeddable":true,"href":"https:\/\/www.carmatec.com\/de\/wp-json\/wp\/v2\/users\/1"}],"replies":[{"embeddable":true,"href":"https:\/\/www.carmatec.com\/de\/wp-json\/wp\/v2\/comments?post=30601"}],"version-history":[{"count":3,"href":"https:\/\/www.carmatec.com\/de\/wp-json\/wp\/v2\/pages\/30601\/revisions"}],"predecessor-version":[{"id":50602,"href":"https:\/\/www.carmatec.com\/de\/wp-json\/wp\/v2\/pages\/30601\/revisions\/50602"}],"wp:attachment":[{"href":"https:\/\/www.carmatec.com\/de\/wp-json\/wp\/v2\/media?parent=30601"}],"curies":[{"name":"wp","href":"https:\/\/api.w.org\/{rel}","templated":true}]}}