{"id":26239,"date":"2022-02-13T08:02:39","date_gmt":"2022-02-13T08:02:39","guid":{"rendered":"https:\/\/new.carmatec.com\/?page_id=26239"},"modified":"2026-02-17T04:46:24","modified_gmt":"2026-02-17T04:46:24","slug":"kreatives-webdesign-unternehmen-in-dallas-texas","status":"publish","type":"page","link":"https:\/\/www.carmatec.com\/de\/creative-web-design-company-in-dallas-tx\/","title":{"rendered":"Kreatives Webdesign-Unternehmen in Dallas, Tx"},"content":{"rendered":"<div data-elementor-type=\"wp-page\" data-elementor-id=\"26239\" class=\"elementor elementor-26239\" data-elementor-post-type=\"page\">\n\t\t\t\t\t\t<section class=\"elementor-section elementor-top-section elementor-element elementor-element-5eb8bbc0 elementor-section-height-min-height elementor-section-boxed elementor-section-height-default elementor-section-items-middle\" data-id=\"5eb8bbc0\" data-element_type=\"section\" data-e-type=\"section\" data-settings=\"{&quot;background_background&quot;:&quot;classic&quot;,&quot;shape_divider_bottom&quot;:&quot;waves&quot;}\">\n\t\t\t\t\t<div class=\"elementor-shape elementor-shape-bottom\" aria-hidden=\"true\" data-negative=\"false\">\n\t\t\t<svg xmlns=\"http:\/\/www.w3.org\/2000\/svg\" viewbox=\"0 0 1000 100\" preserveaspectratio=\"none\">\n\t<path class=\"elementor-shape-fill\" d=\"M421.9,6.5c22.6-2.5,51.5,0.4,75.5,5.3c23.6,4.9,70.9,23.5,100.5,35.7c75.8,32.2,133.7,44.5,192.6,49.7\tc23.6,2.1,48.7,3.5,103.4-2.5c54.7-6,106.2-25.6,106.2-25.6V0H0v30.3c0,0,72,32.6,158.4,30.5c39.2-0.7,92.8-6.7,134-22.4\tc21.2-8.1,52.2-18.2,79.7-24.2C399.3,7.9,411.6,7.5,421.9,6.5z\"\/>\n<\/svg>\t\t<\/div>\n\t\t\t\t\t<div class=\"elementor-container elementor-column-gap-default\">\n\t\t\t\t\t<div class=\"elementor-column elementor-col-50 elementor-top-column elementor-element elementor-element-193a2ac5\" data-id=\"193a2ac5\" data-element_type=\"column\" data-e-type=\"column\">\n\t\t\t<div class=\"elementor-widget-wrap elementor-element-populated\">\n\t\t\t\t\t\t<div class=\"elementor-element elementor-element-99f1e53 elementor-widget elementor-widget-heading\" data-id=\"99f1e53\" data-element_type=\"widget\" data-e-type=\"widget\" data-widget_type=\"heading.default\">\n\t\t\t\t\t<h1 class=\"elementor-heading-title elementor-size-default\">Kreatives Webdesign-Unternehmen in Dallas, Tx<\/h1>\t\t\t\t<\/div>\n\t\t\t\t<div class=\"elementor-element elementor-element-13f5cfed elementor-widget elementor-widget-heading\" data-id=\"13f5cfed\" data-element_type=\"widget\" data-e-type=\"widget\" data-widget_type=\"heading.default\">\n\t\t\t\t\t<p class=\"elementor-heading-title elementor-size-default\">Erhalten Sie mobilfreundliche Webdesigns mit einem auf das Benutzererlebnis ausgerichteten Ansatz. Kontaktiere uns heute!<\/p>\t\t\t\t<\/div>\n\t\t\t\t\t<\/div>\n\t\t<\/div>\n\t\t\t\t<div class=\"elementor-column elementor-col-50 elementor-top-column elementor-element elementor-element-2ca0e52b elementor-hidden-mobile\" data-id=\"2ca0e52b\" data-element_type=\"column\" data-e-type=\"column\">\n\t\t\t<div class=\"elementor-widget-wrap\">\n\t\t\t\t\t\t\t<\/div>\n\t\t<\/div>\n\t\t\t\t\t<\/div>\n\t\t<\/section>\n\t\t\t\t<section class=\"elementor-section elementor-top-section elementor-element elementor-element-735d0761 elementor-section-content-middle elementor-section-boxed elementor-section-height-default elementor-section-height-default\" data-id=\"735d0761\" data-element_type=\"section\" data-e-type=\"section\">\n\t\t\t\t\t\t<div class=\"elementor-container elementor-column-gap-default\">\n\t\t\t\t\t<div class=\"elementor-column elementor-col-100 elementor-top-column elementor-element elementor-element-4e2f83c4\" data-id=\"4e2f83c4\" data-element_type=\"column\" data-e-type=\"column\">\n\t\t\t<div class=\"elementor-widget-wrap elementor-element-populated\">\n\t\t\t\t\t\t<section class=\"elementor-section elementor-inner-section elementor-element elementor-element-11d48b5 elementor-section-content-middle elementor-section-boxed elementor-section-height-default elementor-section-height-default\" data-id=\"11d48b5\" data-element_type=\"section\" data-e-type=\"section\">\n\t\t\t\t\t\t<div class=\"elementor-container elementor-column-gap-default\">\n\t\t\t\t\t<div class=\"elementor-column elementor-col-50 elementor-inner-column elementor-element elementor-element-390b078\" data-id=\"390b078\" data-element_type=\"column\" data-e-type=\"column\">\n\t\t\t<div class=\"elementor-widget-wrap elementor-element-populated\">\n\t\t\t\t\t\t<div class=\"elementor-element elementor-element-242b10a0 elementor-invisible elementor-widget elementor-widget-heading\" data-id=\"242b10a0\" data-element_type=\"widget\" data-e-type=\"widget\" data-settings=\"{&quot;_animation&quot;:&quot;fadeInDown&quot;}\" data-widget_type=\"heading.default\">\n\t\t\t\t\t<h2 class=\"elementor-heading-title elementor-size-default\">Exzellentes Website-Design, bereitgestellt von einem der Dallas Top Dev Shops<\/h2>\t\t\t\t<\/div>\n\t\t\t\t<div class=\"elementor-element elementor-element-5afd4e5c elementor-invisible elementor-widget elementor-widget-text-editor\" data-id=\"5afd4e5c\" data-element_type=\"widget\" data-e-type=\"widget\" data-settings=\"{&quot;_animation&quot;:&quot;fadeInDown&quot;}\" data-widget_type=\"text-editor.default\">\n\t\t\t\t\t\t\t\t\t<p>Carmatec Inc. ist ein Webdesign-Unternehmen mit Sitz in Dallas, Texas, das branchen\u00fcbergreifend t\u00e4tigen Unternehmen jeder Gr\u00f6\u00dfe ein Full-Service-Portfolio aus Design und Entwicklung von Web- und Mobilpr\u00e4senzen f\u00fcr Unternehmen, Cloud, verwalteten IT-Diensten, Internetmarketing und Marketingautomatisierung bietet.<\/p><p>Unabh\u00e4ngig von der Betriebsphase Ihres Unternehmens liefert Ihnen unser Team aus erfahrenen Webdesignern und Internet-Vermarktern einmalige Webdesigns, die auf wirkungsvollen Marketingpraktiken basieren, um Ihre Webpr\u00e4senz auf die n\u00e4chste Stufe zu heben. Dies tr\u00e4gt nicht nur effektiv dazu bei, den Kundenstamm Ihres Unternehmens zu vergr\u00f6\u00dfern, sondern hilft Ihnen auch dabei, eine einpr\u00e4gsame Pr\u00e4senz im Internet aufzubauen, was zu einer st\u00e4rkeren Erinnerung an Ihre Marke f\u00fchrt.<\/p>\t\t\t\t\t\t\t\t<\/div>\n\t\t\t\t\t<\/div>\n\t\t<\/div>\n\t\t\t\t<div class=\"elementor-column elementor-col-50 elementor-inner-column elementor-element elementor-element-6ead5a8\" data-id=\"6ead5a8\" data-element_type=\"column\" data-e-type=\"column\">\n\t\t\t<div class=\"elementor-widget-wrap elementor-element-populated\">\n\t\t\t\t\t\t<div class=\"elementor-element elementor-element-984a085 elementor-invisible elementor-widget elementor-widget-image\" data-id=\"984a085\" data-element_type=\"widget\" data-e-type=\"widget\" data-settings=\"{&quot;_animation&quot;:&quot;zoomIn&quot;}\" data-widget_type=\"image.default\">\n\t\t\t\t\t\t\t\t\t\t\t\t\t\t\t<img decoding=\"async\" width=\"675\" height=\"635\" src=\"https:\/\/www.carmatec.com\/wp-content\/uploads\/2022\/02\/types-course-1.jpg\" class=\"attachment-large size-large wp-image-26241\" alt=\"Typen-Kurs-1\" srcset=\"https:\/\/www.carmatec.com\/wp-content\/uploads\/2022\/02\/types-course-1.jpg 675w, https:\/\/www.carmatec.com\/wp-content\/uploads\/2022\/02\/types-course-1-300x282.jpg 300w\" sizes=\"(max-width: 675px) 100vw, 675px\" \/>\t\t\t\t\t\t\t\t\t\t\t\t\t\t\t<\/div>\n\t\t\t\t\t<\/div>\n\t\t<\/div>\n\t\t\t\t\t<\/div>\n\t\t<\/section>\n\t\t\t\t<div class=\"elementor-element elementor-element-ed99c83 elementor-widget-divider--view-line elementor-widget elementor-widget-divider\" data-id=\"ed99c83\" data-element_type=\"widget\" data-e-type=\"widget\" data-widget_type=\"divider.default\">\n\t\t\t\t\t\t\t<div class=\"elementor-divider\">\n\t\t\t<span class=\"elementor-divider-separator\">\n\t\t\t\t\t\t<\/span>\n\t\t<\/div>\n\t\t\t\t\t\t<\/div>\n\t\t\t\t<section class=\"elementor-section elementor-inner-section elementor-element elementor-element-8ef114e elementor-section-content-middle elementor-section-boxed elementor-section-height-default elementor-section-height-default\" data-id=\"8ef114e\" data-element_type=\"section\" data-e-type=\"section\">\n\t\t\t\t\t\t<div class=\"elementor-container elementor-column-gap-default\">\n\t\t\t\t\t<div class=\"elementor-column elementor-col-50 elementor-inner-column elementor-element elementor-element-38a74f8\" data-id=\"38a74f8\" data-element_type=\"column\" data-e-type=\"column\">\n\t\t\t<div class=\"elementor-widget-wrap elementor-element-populated\">\n\t\t\t\t\t\t<div class=\"elementor-element elementor-element-ee41f5c elementor-invisible elementor-widget elementor-widget-image\" data-id=\"ee41f5c\" data-element_type=\"widget\" data-e-type=\"widget\" data-settings=\"{&quot;_animation&quot;:&quot;zoomIn&quot;}\" data-widget_type=\"image.default\">\n\t\t\t\t\t\t\t\t\t\t\t\t\t\t\t<img decoding=\"async\" width=\"400\" height=\"400\" src=\"https:\/\/www.carmatec.com\/wp-content\/uploads\/2022\/02\/IT_ecom.png\" class=\"attachment-large size-large wp-image-26242\" alt=\"Symbole\" srcset=\"https:\/\/www.carmatec.com\/wp-content\/uploads\/2022\/02\/IT_ecom.png 400w, https:\/\/www.carmatec.com\/wp-content\/uploads\/2022\/02\/IT_ecom-300x300.png 300w, https:\/\/www.carmatec.com\/wp-content\/uploads\/2022\/02\/IT_ecom-150x150.png 150w\" sizes=\"(max-width: 400px) 100vw, 400px\" \/>\t\t\t\t\t\t\t\t\t\t\t\t\t\t\t<\/div>\n\t\t\t\t\t<\/div>\n\t\t<\/div>\n\t\t\t\t<div class=\"elementor-column elementor-col-50 elementor-inner-column elementor-element elementor-element-b45019d\" data-id=\"b45019d\" data-element_type=\"column\" data-e-type=\"column\">\n\t\t\t<div class=\"elementor-widget-wrap elementor-element-populated\">\n\t\t\t\t\t\t<div class=\"elementor-element elementor-element-e46dc4a elementor-invisible elementor-widget elementor-widget-heading\" data-id=\"e46dc4a\" data-element_type=\"widget\" data-e-type=\"widget\" data-settings=\"{&quot;_animation&quot;:&quot;fadeInDown&quot;}\" data-widget_type=\"heading.default\">\n\t\t\t\t\t<h2 class=\"elementor-heading-title elementor-size-default\">Wir treiben Ihren digitalen Erfolg voran<\/h2>\t\t\t\t<\/div>\n\t\t\t\t<div class=\"elementor-element elementor-element-be0678c elementor-invisible elementor-widget elementor-widget-text-editor\" data-id=\"be0678c\" data-element_type=\"widget\" data-e-type=\"widget\" data-settings=\"{&quot;_animation&quot;:&quot;fadeInDown&quot;}\" data-widget_type=\"text-editor.default\">\n\t\t\t\t\t\t\t\t\t<p>Carmatec ist ein etabliertes Webdesign-Unternehmen, das \u00fcber jahrelange Erfahrung in der Durchf\u00fchrung unz\u00e4hliger Webdesign-Projekte mit Sitz in Dallas verf\u00fcgt. Wir verstehen, dass jedes Unternehmen einzigartig ist und dass auch seine Bed\u00fcrfnisse einzigartig sind. Unser Team glaubt daher nicht an einen einheitlichen Ansatz f\u00fcr seine Projekte. Von kleinen lokalen Gesch\u00e4ften bis hin zu den gr\u00f6\u00dften globalen Marken verf\u00fcgen wir \u00fcber die Erfahrung in der Gestaltung ma\u00dfgeschneiderter Webpr\u00e4senzen f\u00fcr Unternehmen aus nahezu allen Branchen. Unsere Branchenspezialisten bieten strategische Beratung zu den technisch-gesch\u00e4ftlichen Aspekten Ihres Unternehmens, um Sie zum kommerziellen Erfolg Ihres Webpr\u00e4senzprojekts zu f\u00fchren.<\/p><p>Die von uns gelieferten L\u00f6sungen umfassen alles von Web- und Mobildesign \u00fcber Web- und Mobilentwicklung bis hin zu Cloud- und Internetmarketing und alles, woran Ihr Unternehmen denken kann, w\u00e4hrend es jede Phase des Aufbaus seiner Webpr\u00e4senz von Grund auf durchl\u00e4uft.<\/p>\t\t\t\t\t\t\t\t<\/div>\n\t\t\t\t\t<\/div>\n\t\t<\/div>\n\t\t\t\t\t<\/div>\n\t\t<\/section>\n\t\t\t\t\t<\/div>\n\t\t<\/div>\n\t\t\t\t\t<\/div>\n\t\t<\/section>\n\t\t\t\t<section class=\"elementor-section elementor-top-section elementor-element elementor-element-cfce1f6 elementor-section-content-middle elementor-section-boxed elementor-section-height-default elementor-section-height-default\" data-id=\"cfce1f6\" data-element_type=\"section\" data-e-type=\"section\" data-settings=\"{&quot;background_background&quot;:&quot;classic&quot;}\">\n\t\t\t\t\t\t<div class=\"elementor-container elementor-column-gap-default\">\n\t\t\t\t\t<div class=\"elementor-column elementor-col-100 elementor-top-column elementor-element elementor-element-a1829e3\" data-id=\"a1829e3\" data-element_type=\"column\" data-e-type=\"column\">\n\t\t\t<div class=\"elementor-widget-wrap elementor-element-populated\">\n\t\t\t\t\t\t<div class=\"elementor-element elementor-element-3d0a7b6 elementor-invisible elementor-widget elementor-widget-heading\" data-id=\"3d0a7b6\" data-element_type=\"widget\" data-e-type=\"widget\" data-settings=\"{&quot;_animation&quot;:&quot;fadeInDown&quot;}\" data-widget_type=\"heading.default\">\n\t\t\t\t\t<h2 class=\"elementor-heading-title elementor-size-default\">Warum Carmatec ein bevorzugtes Webdesign-Unternehmen in Dallas ist<\/h2>\t\t\t\t<\/div>\n\t\t\t\t<div class=\"elementor-element elementor-element-92cc6c3 elementor-invisible elementor-widget elementor-widget-text-editor\" data-id=\"92cc6c3\" data-element_type=\"widget\" data-e-type=\"widget\" data-settings=\"{&quot;_animation&quot;:&quot;fadeIn&quot;}\" data-widget_type=\"text-editor.default\">\n\t\t\t\t\t\t\t\t\t<p>Carmatec ist ein Webdesign-Unternehmen, das nach innovativen Designs strebt, die nicht nur einen kreativen Reiz haben, sondern auch \u00e4u\u00dferst benutzerfreundlich sind. Unsere Projektabwicklungen sind hochprofessionell und unsere Dienstleistungen basieren auf den h\u00f6chsten Standards im Kundenservice.<\/p><p>W\u00e4hrend wir in einer unbelebten Welt leben, die zunehmend von Technologie abh\u00e4ngig ist, besteht das Beste an den Angeboten von Carmatec darin, dass es Ihnen eine personalisierte Bereitstellung seiner intelligenten Technologie-Business-L\u00f6sungen bietet, die ma\u00dfgeschneidert auf Ihre Bed\u00fcrfnisse zugeschnitten sind. W\u00e4hrend wir bei Carmatec die Bedeutung hochwertiger Webdesign-Dienstleistungen in Verbindung mit der effektiven Vermarktung der Webpr\u00e4senz eines Unternehmens verstehen, wissen wir gleicherma\u00dfen die Bedeutung eines starken Kundendienstes und Supports zu sch\u00e4tzen. Und das spiegelt sich deutlich in unserem Leistungsangebot wider<\/p><p><b>Lassen Sie uns Ihnen helfen, mehr zu erreichen!<\/b>Als bevorzugtes Webdesign-Unternehmen unserer Kunden in Dallas arbeiten wir eng mit ihnen zusammen, um ihre Online-Pr\u00e4senz zu steigern und auf diese Weise einen gr\u00f6\u00dferen Kundenstamm f\u00fcr sie online aufzubauen. Wir sind nicht nur ein kreatives und professionelles Unternehmen, sondern agieren auch als Ihr Webpr\u00e4senzpartner, der Ihr Unternehmen in- und auswendig versteht, seine Mitarbeiter, seine Prozesse, seine Bed\u00fcrfnisse und seine Ziele. Aus diesem Grund b\u00fcrgen unsere Kunden in Dallas f\u00fcr unsere Dienstleistungen und f\u00fcr den kontinuierlichen Mehrwert, den wir f\u00fcr Unternehmen in diesem Bereich generieren. Wir wurden k\u00fcrzlich als einer der besten Webentwickler in Dallas, Texas, ausgezeichnet.<\/p><p><b>Ideen in kreative Realit\u00e4t umsetzen!<\/b>Bei Carmatec sind wir bestrebt, unseren Kunden ma\u00dfgeschneiderte L\u00f6sungen zu bieten, die ihnen helfen, unvergessliche Eindr\u00fccke bei ihrem Publikum zu hinterlassen. W\u00e4hrend wir auf budgetfreundliche Weise auf ihre Bed\u00fcrfnisse eingehen, ist die Qualit\u00e4t unserer Angebote branchenweit einzigartig und schafft einen erheblichen Mehrwert f\u00fcr unsere Kunden. Wir sind mehr als nur ein Profi f\u00fcr Designl\u00f6sungen, wir arbeiten f\u00fcr sie als Strategiepartner und stellen sicher, dass unsere Designs zwar das Image ihrer Marke realistisch widerspiegeln, der Inhaltstext, der das Design begleitet, jedoch die Stimme ihrer Marke perfekt widerspiegelt. W\u00e4hrend wir daran arbeiten, ihnen durch eine starke Pr\u00e4senz in den Suchmaschinen und mehr Verkehr und Besuchen auf der Website und den Social-Media-Seiten dabei zu helfen, eine gr\u00f6\u00dfere Online-Pr\u00e4senz zu erreichen, ist es unser Ziel, eine h\u00f6here Rendite f\u00fcr ihre digitalen Investitionen zu erzielen. Das Fazit ist, dass wir ihren Designs und der gesamten Webpr\u00e4senz zwar kreative Fl\u00fcgel verleihen, aber auch daf\u00fcr sorgen, dass das Projekt auf dem Boden der Tatsachen bleibt, kommerziellen Erfolg zu erzielen und profitabel zu bleiben.<\/p><p>Einfacher ausgedr\u00fcckt helfen wir als Webdesign-Unternehmen Unternehmen in Dallas dabei, Designs zu erhalten, die optisch beeindruckend sind, effektiv f\u00fcr Suchmaschinen optimiert und erfolgreich vermarktet werden, um insgesamt hohe Renditen zu erzielen.<\/p>\t\t\t\t\t\t\t\t<\/div>\n\t\t\t\t\t<\/div>\n\t\t<\/div>\n\t\t\t\t\t<\/div>\n\t\t<\/section>\n\t\t\t\t<section class=\"elementor-section elementor-top-section elementor-element elementor-element-b6ca3d6 elementor-section-content-middle elementor-section-boxed elementor-section-height-default elementor-section-height-default\" data-id=\"b6ca3d6\" data-element_type=\"section\" data-e-type=\"section\">\n\t\t\t\t\t\t<div class=\"elementor-container elementor-column-gap-default\">\n\t\t\t\t\t<div class=\"elementor-column elementor-col-100 elementor-top-column elementor-element elementor-element-feb4812\" data-id=\"feb4812\" data-element_type=\"column\" data-e-type=\"column\">\n\t\t\t<div class=\"elementor-widget-wrap elementor-element-populated\">\n\t\t\t\t\t\t<div class=\"elementor-element elementor-element-0564f72 elementor-invisible elementor-widget elementor-widget-text-editor\" data-id=\"0564f72\" data-element_type=\"widget\" data-e-type=\"widget\" data-settings=\"{&quot;_animation&quot;:&quot;fadeIn&quot;}\" data-widget_type=\"text-editor.default\">\n\t\t\t\t\t\t\t\t\t<p>Als eines der gefragtesten Webdesign-Unternehmen in Dallas, Texas, statten wir die in Dallas ans\u00e4ssigen Unternehmen mit End-to-End-Webpr\u00e4senzl\u00f6sungen zu \u00e4u\u00dferst erschwinglichen Preisen aus. Seit \u00fcber 15 Jahren haben wir an Tausenden von Webdesign-Projekten f\u00fcr Unternehmen praktisch aller Branchen gearbeitet. Aufgrund dieser umfangreichen Erfahrung verf\u00fcgen wir auch \u00fcber ein starkes Standbein bei der effektiven Online-Vermarktung Ihres Unternehmens. Es hat uns auch dazu gef\u00fchrt, unsere Dienstleistungen sowohl qualitativ als auch budgetschonend zu erweitern.<\/p><p>Durchst\u00f6bern Sie unsere Website und nehmen Sie sich Zeit, einen Blick auf unser Arbeitsportfolio zu werfen, die Erfahrungsberichte unserer Kunden durchzugehen und das breite Spektrum an Webdesign und die damit verbundenen Webpr\u00e4senzdienste zu erkunden, mit denen wir Sie unterst\u00fctzen k\u00f6nnen. Da unser Team Ihr Gesch\u00e4ft versteht und geduldig auf Ihre Anforderungsspezifikationen h\u00f6rt, werden Sie unsere Angebote mit der Art und Weise, wie sie bei Ihrer Zielgruppe sofort ankommen, mit Sicherheit in Erstaunen versetzen. Kontaktieren Sie uns oder lassen Sie sich von uns kontaktieren, um Ihre Projektdetails mitzuteilen. Unsere Experten unterst\u00fctzen Sie gerne bei den n\u00e4chsten Schritten.<\/p>\t\t\t\t\t\t\t\t<\/div>\n\t\t\t\t\t<\/div>\n\t\t<\/div>\n\t\t\t\t\t<\/div>\n\t\t<\/section>\n\t\t\t\t<\/div>","protected":false},"excerpt":{"rendered":"<p>Creative Web Design Company In Dallas, Tx Get mobile friendly web designs with a user experience centric approach. Contact us today! Website Design excellence delivered by one of Dallas Top Dev Shops Carmatec Inc is a web design company operating in Dallas, Tx that offers full-service portfolio of design and development of web and mobile [&hellip;]<\/p>\n","protected":false},"author":1,"featured_media":0,"parent":0,"menu_order":0,"comment_status":"closed","ping_status":"closed","template":"","meta":{"footnotes":""},"class_list":["post-26239","page","type-page","status-publish","hentry"],"_links":{"self":[{"href":"https:\/\/www.carmatec.com\/de\/wp-json\/wp\/v2\/pages\/26239","targetHints":{"allow":["GET"]}}],"collection":[{"href":"https:\/\/www.carmatec.com\/de\/wp-json\/wp\/v2\/pages"}],"about":[{"href":"https:\/\/www.carmatec.com\/de\/wp-json\/wp\/v2\/types\/page"}],"author":[{"embeddable":true,"href":"https:\/\/www.carmatec.com\/de\/wp-json\/wp\/v2\/users\/1"}],"replies":[{"embeddable":true,"href":"https:\/\/www.carmatec.com\/de\/wp-json\/wp\/v2\/comments?post=26239"}],"version-history":[{"count":3,"href":"https:\/\/www.carmatec.com\/de\/wp-json\/wp\/v2\/pages\/26239\/revisions"}],"predecessor-version":[{"id":50623,"href":"https:\/\/www.carmatec.com\/de\/wp-json\/wp\/v2\/pages\/26239\/revisions\/50623"}],"wp:attachment":[{"href":"https:\/\/www.carmatec.com\/de\/wp-json\/wp\/v2\/media?parent=26239"}],"curies":[{"name":"wp","href":"https:\/\/api.w.org\/{rel}","templated":true}]}}