{"id":23906,"date":"2022-01-27T10:43:44","date_gmt":"2022-01-27T10:43:44","guid":{"rendered":"https:\/\/new.carmatec.com\/?page_id=23906"},"modified":"2026-02-17T04:42:51","modified_gmt":"2026-02-17T04:42:51","slug":"cloud-beratungsdienste","status":"publish","type":"page","link":"https:\/\/www.carmatec.com\/de\/cloud-consulting-services\/","title":{"rendered":"Cloud-Beratungsdienste"},"content":{"rendered":"<div data-elementor-type=\"wp-page\" data-elementor-id=\"23906\" class=\"elementor elementor-23906\" data-elementor-post-type=\"page\">\n\t\t\t\t\t\t<section class=\"elementor-section elementor-top-section elementor-element elementor-element-7c909139 elementor-section-height-min-height elementor-section-boxed elementor-section-height-default elementor-section-items-middle\" data-id=\"7c909139\" data-element_type=\"section\" data-e-type=\"section\" data-settings=\"{&quot;background_background&quot;:&quot;classic&quot;,&quot;shape_divider_bottom&quot;:&quot;waves&quot;}\">\n\t\t\t\t\t<div class=\"elementor-shape elementor-shape-bottom\" aria-hidden=\"true\" data-negative=\"false\">\n\t\t\t<svg xmlns=\"http:\/\/www.w3.org\/2000\/svg\" viewbox=\"0 0 1000 100\" preserveaspectratio=\"none\">\n\t<path class=\"elementor-shape-fill\" d=\"M421.9,6.5c22.6-2.5,51.5,0.4,75.5,5.3c23.6,4.9,70.9,23.5,100.5,35.7c75.8,32.2,133.7,44.5,192.6,49.7\tc23.6,2.1,48.7,3.5,103.4-2.5c54.7-6,106.2-25.6,106.2-25.6V0H0v30.3c0,0,72,32.6,158.4,30.5c39.2-0.7,92.8-6.7,134-22.4\tc21.2-8.1,52.2-18.2,79.7-24.2C399.3,7.9,411.6,7.5,421.9,6.5z\"\/>\n<\/svg>\t\t<\/div>\n\t\t\t\t\t<div class=\"elementor-container elementor-column-gap-default\">\n\t\t\t\t\t<div class=\"elementor-column elementor-col-50 elementor-top-column elementor-element elementor-element-64160c3\" data-id=\"64160c3\" data-element_type=\"column\" data-e-type=\"column\">\n\t\t\t<div class=\"elementor-widget-wrap elementor-element-populated\">\n\t\t\t\t\t\t<div class=\"elementor-element elementor-element-75d9b839 elementor-widget elementor-widget-heading\" data-id=\"75d9b839\" data-element_type=\"widget\" data-e-type=\"widget\" data-widget_type=\"heading.default\">\n\t\t\t\t\t<h2 class=\"elementor-heading-title elementor-size-default\">Cloud-Beratungsdienste f\u00fcr Unternehmen<\/h2>\t\t\t\t<\/div>\n\t\t\t\t<div class=\"elementor-element elementor-element-13a61744 elementor-widget elementor-widget-heading\" data-id=\"13a61744\" data-element_type=\"widget\" data-e-type=\"widget\" data-widget_type=\"heading.default\">\n\t\t\t\t\t<p class=\"elementor-heading-title elementor-size-default\">\nGewinnen Sie das dringend ben\u00f6tigte Vertrauen, indem Sie mit uns einen Fahrplan f\u00fcr die erfolgreiche Verwaltung der Cloud-Migration, -Entwicklung, -Integration und -Verwaltung erstellen.<\/p>\t\t\t\t<\/div>\n\t\t\t\t\t<\/div>\n\t\t<\/div>\n\t\t\t\t<div class=\"elementor-column elementor-col-50 elementor-top-column elementor-element elementor-element-525f1055 elementor-hidden-mobile\" data-id=\"525f1055\" data-element_type=\"column\" data-e-type=\"column\">\n\t\t\t<div class=\"elementor-widget-wrap\">\n\t\t\t\t\t\t\t<\/div>\n\t\t<\/div>\n\t\t\t\t\t<\/div>\n\t\t<\/section>\n\t\t\t\t<section class=\"elementor-section elementor-top-section elementor-element elementor-element-afba1a2 elementor-section-content-middle elementor-section-boxed elementor-section-height-default elementor-section-height-default\" data-id=\"afba1a2\" data-element_type=\"section\" data-e-type=\"section\">\n\t\t\t\t\t\t<div class=\"elementor-container elementor-column-gap-default\">\n\t\t\t\t\t<div class=\"elementor-column elementor-col-33 elementor-top-column elementor-element elementor-element-2611fc3\" data-id=\"2611fc3\" data-element_type=\"column\" data-e-type=\"column\">\n\t\t\t<div class=\"elementor-widget-wrap elementor-element-populated\">\n\t\t\t\t\t\t<div class=\"elementor-element elementor-element-0400011 elementor-invisible elementor-widget elementor-widget-heading\" data-id=\"0400011\" data-element_type=\"widget\" data-e-type=\"widget\" data-settings=\"{&quot;_animation&quot;:&quot;fadeInDown&quot;}\" data-widget_type=\"heading.default\">\n\t\t\t\t\t<h1 class=\"elementor-heading-title elementor-size-default\">Cloud-Beratungsdienste<\/h1>\t\t\t\t<\/div>\n\t\t\t\t<div class=\"elementor-element elementor-element-d2f0e1b elementor-invisible elementor-widget elementor-widget-text-editor\" data-id=\"d2f0e1b\" data-element_type=\"widget\" data-e-type=\"widget\" data-settings=\"{&quot;_animation&quot;:&quot;fadeInDown&quot;}\" data-widget_type=\"text-editor.default\">\n\t\t\t\t\t\t\t\t\t<p><span style=\"font-weight: 400;\">Cloud Computing als Paradigma ver\u00e4ndert die Kunst und Wissenschaft der Online-Gesch\u00e4ftsabwicklung grundlegend und stellt einen tiefgreifenden Wandel in der IT-Infrastruktur dar. Es erm\u00f6glicht Unternehmen einen effizienten Betrieb, bietet Skalierbarkeit und Reaktionsf\u00e4higkeit und f\u00f6rdert Wachstum und Umsatz.<\/span><\/p><p><span style=\"font-weight: 400;\">Carmatec arbeitet mit unseren Kunden zusammen, um deren Eignung f\u00fcr die Cloud zu beurteilen und ihnen bei der Auswahl der richtigen Plattform f\u00fcr ihre Anforderungen zu helfen. Unsere Hauptst\u00e4rke besteht darin, unseren Kunden die Analyse des Cloud-Bereitschaftsquotienten und die Einf\u00fchrung von Cloud-Technologien durch klar definierte Reifegradmodelle zu erm\u00f6glichen. Wir verf\u00fcgen \u00fcber eine nachgewiesene Erfolgsbilanz bei erfolgreichen IT-Implementierungen.<\/span><\/p><ul><li style=\"font-weight: 400;\" aria-level=\"1\"><span style=\"font-weight: 400;\">Effektive Nutzung von Computerressourcen<\/span><\/li><li style=\"font-weight: 400;\" aria-level=\"1\"><span style=\"font-weight: 400;\">Analyse des ROI der Cloud-Einf\u00fchrung<\/span><\/li><li style=\"font-weight: 400;\" aria-level=\"1\"><span style=\"font-weight: 400;\">Reduzierung der Platzauslastung im Rechenzentrum<\/span><\/li><li style=\"font-weight: 400;\" aria-level=\"1\"><span style=\"font-weight: 400;\">Zentralisierte Verwaltung und Upgrades<\/span><\/li><li style=\"font-weight: 400;\" aria-level=\"1\"><span style=\"font-weight: 400;\">Schnellere Cloud-Bereitstellung<\/span><\/li><\/ul>\t\t\t\t\t\t\t\t<\/div>\n\t\t\t\t\t<\/div>\n\t\t<\/div>\n\t\t\t\t<div class=\"elementor-column elementor-col-33 elementor-top-column elementor-element elementor-element-520eabb\" data-id=\"520eabb\" data-element_type=\"column\" data-e-type=\"column\">\n\t\t\t<div class=\"elementor-widget-wrap\">\n\t\t\t\t\t\t\t<\/div>\n\t\t<\/div>\n\t\t\t\t<div class=\"elementor-column elementor-col-33 elementor-top-column elementor-element elementor-element-f88bea6\" data-id=\"f88bea6\" data-element_type=\"column\" data-e-type=\"column\">\n\t\t\t<div class=\"elementor-widget-wrap elementor-element-populated\">\n\t\t\t\t\t\t<div class=\"elementor-element elementor-element-784c883 elementor-widget elementor-widget-image\" data-id=\"784c883\" data-element_type=\"widget\" data-e-type=\"widget\" data-widget_type=\"image.default\">\n\t\t\t\t\t\t\t\t\t\t\t\t\t\t\t<img decoding=\"async\" width=\"510\" height=\"348\" src=\"https:\/\/www.carmatec.com\/wp-content\/uploads\/2022\/01\/cloud_maturity_model.png\" class=\"attachment-large size-large wp-image-23912\" alt=\"cloud_maturity_model\" srcset=\"https:\/\/www.carmatec.com\/wp-content\/uploads\/2022\/01\/cloud_maturity_model.png 510w, https:\/\/www.carmatec.com\/wp-content\/uploads\/2022\/01\/cloud_maturity_model-300x205.png 300w\" sizes=\"(max-width: 510px) 100vw, 510px\" \/>\t\t\t\t\t\t\t\t\t\t\t\t\t\t\t<\/div>\n\t\t\t\t\t<\/div>\n\t\t<\/div>\n\t\t\t\t\t<\/div>\n\t\t<\/section>\n\t\t\t\t<section class=\"elementor-section elementor-top-section elementor-element elementor-element-27b4417 elementor-section-boxed elementor-section-height-default elementor-section-height-default\" data-id=\"27b4417\" data-element_type=\"section\" data-e-type=\"section\">\n\t\t\t\t\t\t<div class=\"elementor-container elementor-column-gap-default\">\n\t\t\t\t\t<div class=\"elementor-column elementor-col-50 elementor-top-column elementor-element elementor-element-7c4a391\" data-id=\"7c4a391\" data-element_type=\"column\" data-e-type=\"column\">\n\t\t\t<div class=\"elementor-widget-wrap elementor-element-populated\">\n\t\t\t\t\t\t<div class=\"elementor-element elementor-element-bf12c9c elementor-invisible elementor-widget elementor-widget-heading\" data-id=\"bf12c9c\" data-element_type=\"widget\" data-e-type=\"widget\" data-settings=\"{&quot;_animation&quot;:&quot;fadeInDown&quot;}\" data-widget_type=\"heading.default\">\n\t\t\t\t\t<h2 class=\"elementor-heading-title elementor-size-default\">Unser Prozess<\/h2>\t\t\t\t<\/div>\n\t\t\t\t<div class=\"elementor-element elementor-element-7c70990 elementor-widget elementor-widget-image\" data-id=\"7c70990\" data-element_type=\"widget\" data-e-type=\"widget\" data-widget_type=\"image.default\">\n\t\t\t\t\t\t\t\t\t\t\t\t\t\t\t<img decoding=\"async\" width=\"506\" height=\"362\" src=\"https:\/\/www.carmatec.com\/wp-content\/uploads\/2022\/01\/process1.png\" class=\"attachment-large size-large wp-image-23919\" alt=\"Prozess1\" srcset=\"https:\/\/www.carmatec.com\/wp-content\/uploads\/2022\/01\/process1.png 506w, https:\/\/www.carmatec.com\/wp-content\/uploads\/2022\/01\/process1-300x215.png 300w\" sizes=\"(max-width: 506px) 100vw, 506px\" \/>\t\t\t\t\t\t\t\t\t\t\t\t\t\t\t<\/div>\n\t\t\t\t\t<\/div>\n\t\t<\/div>\n\t\t\t\t<div class=\"elementor-column elementor-col-50 elementor-top-column elementor-element elementor-element-72242f8\" data-id=\"72242f8\" data-element_type=\"column\" data-e-type=\"column\">\n\t\t\t<div class=\"elementor-widget-wrap elementor-element-populated\">\n\t\t\t\t\t\t<div class=\"elementor-element elementor-element-1b06f94 elementor-invisible elementor-widget elementor-widget-heading\" data-id=\"1b06f94\" data-element_type=\"widget\" data-e-type=\"widget\" data-settings=\"{&quot;_animation&quot;:&quot;fadeInDown&quot;}\" data-widget_type=\"heading.default\">\n\t\t\t\t\t<h2 class=\"elementor-heading-title elementor-size-default\">Beratung zur Cloud-Implementierung<\/h2>\t\t\t\t<\/div>\n\t\t\t\t<div class=\"elementor-element elementor-element-2cbeda8 elementor-invisible elementor-widget elementor-widget-text-editor\" data-id=\"2cbeda8\" data-element_type=\"widget\" data-e-type=\"widget\" data-settings=\"{&quot;_animation&quot;:&quot;fadeInDown&quot;}\" data-widget_type=\"text-editor.default\">\n\t\t\t\t\t\t\t\t\t<p>Unser Agile-Implementierungs-Framework ist darauf ausgelegt, Ihre Gesch\u00e4ftsprobleme Schritt f\u00fcr Schritt mit den besten Cloud-Praktiken zu l\u00f6sen. Die Befolgung dieses Modells hilft uns, konkrete Ergebnisse zu erzielen und gleichzeitig Projektrisiken zu eliminieren.<br><\/p>\n<p><span style=\"font-weight: 400;\">Elastische, eigenn\u00fctzige Infrastrukturfunktionen werden nahtlos in ihre traditionelle Unternehmensumgebung integriert. H\u00f6rt sich gut an, oder? Carmatec unterst\u00fctzt Sie bei der Einrichtung und Migration einer Cloud-Basis. Das beinhaltet:<\/span><\/p>\n<ul>\n<li style=\"font-weight: 400;\" aria-level=\"1\"><span style=\"font-weight: 400;\">Implementierung privater, virtueller privater und hybrider Cloud-Infrastrukturen: Citrix Xen, VMWare, OpenStack, CloudStack, Amazon EC2 und Rackspace.<\/span><\/li>\n<li style=\"font-weight: 400;\" aria-level=\"1\"><span style=\"font-weight: 400;\">Migration von Anwendungen von dedizierten Plattformen und Virtualisierungsplattformen auf eine Cloud-Plattform.<\/span><\/li>\n<li style=\"font-weight: 400;\" aria-level=\"1\"><span style=\"font-weight: 400;\">Migration von Virtualisierungsplattformen auf Cloud-Plattformen.<\/span><\/li>\n<\/ul>\t\t\t\t\t\t\t\t<\/div>\n\t\t\t\t\t<\/div>\n\t\t<\/div>\n\t\t\t\t\t<\/div>\n\t\t<\/section>\n\t\t\t\t<section class=\"elementor-section elementor-top-section elementor-element elementor-element-fc1eb41 elementor-section-boxed elementor-section-height-default elementor-section-height-default\" data-id=\"fc1eb41\" data-element_type=\"section\" data-e-type=\"section\">\n\t\t\t\t\t\t<div class=\"elementor-container elementor-column-gap-default\">\n\t\t\t\t\t<div class=\"elementor-column elementor-col-50 elementor-top-column elementor-element elementor-element-9ea45e0\" data-id=\"9ea45e0\" data-element_type=\"column\" data-e-type=\"column\">\n\t\t\t<div class=\"elementor-widget-wrap elementor-element-populated\">\n\t\t\t\t\t\t<div class=\"elementor-element elementor-element-e942171 elementor-invisible elementor-widget elementor-widget-heading\" data-id=\"e942171\" data-element_type=\"widget\" data-e-type=\"widget\" data-settings=\"{&quot;_animation&quot;:&quot;fadeInDown&quot;}\" data-widget_type=\"heading.default\">\n\t\t\t\t\t<h3 class=\"elementor-heading-title elementor-size-default\">Gesch\u00e4ftsvorteile von Cloud Consulting<\/h3>\t\t\t\t<\/div>\n\t\t\t\t<div class=\"elementor-element elementor-element-191398d elementor-invisible elementor-widget elementor-widget-text-editor\" data-id=\"191398d\" data-element_type=\"widget\" data-e-type=\"widget\" data-settings=\"{&quot;_animation&quot;:&quot;fadeInDown&quot;}\" data-widget_type=\"text-editor.default\">\n\t\t\t\t\t\t\t\t\t<ul><li><span style=\"font-weight: 400;\">Erhalten Sie ein tieferes Verst\u00e4ndnis Ihrer Cloud-Bereitschaft<\/span><\/li><li><span style=\"font-weight: 400;\">Reduzierte Softwarekosten<\/span><\/li><li><span style=\"font-weight: 400;\">Zuverl\u00e4ssigkeit und Skalierbarkeit<\/span><\/li><li><span style=\"font-weight: 400;\">Verbesserte Abl\u00e4ufe und Zeit f\u00fcr Innovation<\/span><\/li><li><span style=\"font-weight: 400;\">Bessere Ressourcennutzung<\/span><\/li><li><span style=\"font-weight: 400;\">Erzielen Sie eine nahtlose Anpassung und Automatisierung von Cloud-L\u00f6sungen<\/span><\/li><\/ul>\t\t\t\t\t\t\t\t<\/div>\n\t\t\t\t\t<\/div>\n\t\t<\/div>\n\t\t\t\t<div class=\"elementor-column elementor-col-50 elementor-top-column elementor-element elementor-element-23f31ba\" data-id=\"23f31ba\" data-element_type=\"column\" data-e-type=\"column\">\n\t\t\t<div class=\"elementor-widget-wrap elementor-element-populated\">\n\t\t\t\t\t\t<div class=\"elementor-element elementor-element-e3053bb elementor-invisible elementor-widget elementor-widget-heading\" data-id=\"e3053bb\" data-element_type=\"widget\" data-e-type=\"widget\" data-settings=\"{&quot;_animation&quot;:&quot;fadeInDown&quot;}\" data-widget_type=\"heading.default\">\n\t\t\t\t\t<h3 class=\"elementor-heading-title elementor-size-default\">Carmatec-Vorteil<\/h3>\t\t\t\t<\/div>\n\t\t\t\t<div class=\"elementor-element elementor-element-4498fb0 elementor-invisible elementor-widget elementor-widget-text-editor\" data-id=\"4498fb0\" data-element_type=\"widget\" data-e-type=\"widget\" data-settings=\"{&quot;_animation&quot;:&quot;fadeInDown&quot;}\" data-widget_type=\"text-editor.default\">\n\t\t\t\t\t\t\t\t\t<ul><li style=\"font-weight: 400;\" aria-level=\"1\"><span style=\"font-weight: 400;\">Anbieter f\u00fcr schnelle Bereitstellung aller Cloud-Dienste.<\/span><\/li><li style=\"font-weight: 400;\" aria-level=\"1\"><span style=\"font-weight: 400;\">Reduzierte M\u00f6glichkeiten von Komplikationen und Ungleichgewichten \u2013 wir vermeiden den Umgang mit mehreren Anbietern, Technologien, Apps, Benutzerbereitstellung, Sicherheit, Identit\u00e4t usw.<\/span><\/li><li style=\"font-weight: 400;\" aria-level=\"1\"><span style=\"font-weight: 400;\">Die schrittweise Umsetzung ist viel einfacher und schneller \u2013 wir verstehen Ihr Gesch\u00e4ft besser.<\/span><\/li><\/ul>\t\t\t\t\t\t\t\t<\/div>\n\t\t\t\t\t<\/div>\n\t\t<\/div>\n\t\t\t\t\t<\/div>\n\t\t<\/section>\n\t\t\t\t<section class=\"elementor-section elementor-top-section elementor-element elementor-element-d5b34c8 elementor-section-boxed elementor-section-height-default elementor-section-height-default\" data-id=\"d5b34c8\" data-element_type=\"section\" data-e-type=\"section\" data-settings=\"{&quot;background_background&quot;:&quot;classic&quot;}\">\n\t\t\t\t\t\t<div class=\"elementor-container elementor-column-gap-default\">\n\t\t\t\t\t<div class=\"elementor-column elementor-col-100 elementor-top-column elementor-element elementor-element-573f58b\" data-id=\"573f58b\" data-element_type=\"column\" data-e-type=\"column\">\n\t\t\t<div class=\"elementor-widget-wrap elementor-element-populated\">\n\t\t\t\t\t\t<div class=\"elementor-element elementor-element-851a960 elementor-invisible elementor-widget elementor-widget-heading\" data-id=\"851a960\" data-element_type=\"widget\" data-e-type=\"widget\" data-settings=\"{&quot;_animation&quot;:&quot;fadeInDown&quot;}\" data-widget_type=\"heading.default\">\n\t\t\t\t\t<h3 class=\"elementor-heading-title elementor-size-default\">Unsere weiteren Beratungsleistungen<\/h3>\t\t\t\t<\/div>\n\t\t\t\t<div class=\"elementor-element elementor-element-b31bab7 elementor-widget elementor-widget-spacer\" data-id=\"b31bab7\" data-element_type=\"widget\" data-e-type=\"widget\" data-widget_type=\"spacer.default\">\n\t\t\t\t\t\t\t<div class=\"elementor-spacer\">\n\t\t\t<div class=\"elementor-spacer-inner\"><\/div>\n\t\t<\/div>\n\t\t\t\t\t\t<\/div>\n\t\t\t\t<section class=\"elementor-section elementor-inner-section elementor-element elementor-element-bda72bc elementor-section-boxed elementor-section-height-default elementor-section-height-default\" data-id=\"bda72bc\" data-element_type=\"section\" data-e-type=\"section\">\n\t\t\t\t\t\t<div class=\"elementor-container elementor-column-gap-default\">\n\t\t\t\t\t<div class=\"elementor-column elementor-col-33 elementor-inner-column elementor-element elementor-element-ffca89d\" data-id=\"ffca89d\" data-element_type=\"column\" data-e-type=\"column\">\n\t\t\t<div class=\"elementor-widget-wrap elementor-element-populated\">\n\t\t\t\t\t\t<div class=\"elementor-element elementor-element-51ffe77 elementor-widget elementor-widget-heading\" data-id=\"51ffe77\" data-element_type=\"widget\" data-e-type=\"widget\" data-widget_type=\"heading.default\">\n\t\t\t\t\t<h4 class=\"elementor-heading-title elementor-size-default\">Software-Entwicklung<\/h4>\t\t\t\t<\/div>\n\t\t\t\t<div class=\"elementor-element elementor-element-03a83f2 elementor-widget elementor-widget-text-editor\" data-id=\"03a83f2\" data-element_type=\"widget\" data-e-type=\"widget\" data-widget_type=\"text-editor.default\">\n\t\t\t\t\t\t\t\t\t<ul><li style=\"font-weight: 400;\" aria-level=\"2\"><span style=\"font-weight: 400;\">Wirtschaftsanalyse<\/span><\/li><li style=\"font-weight: 400;\" aria-level=\"2\"><span style=\"font-weight: 400;\">Prozessautomatisierung<\/span><\/li><li style=\"font-weight: 400;\" aria-level=\"2\"><span style=\"font-weight: 400;\">Anwendungs- und Mobilerweiterungen<\/span><\/li><li style=\"font-weight: 400;\" aria-level=\"2\"><span style=\"font-weight: 400;\">API-Integration<\/span><\/li><li style=\"font-weight: 400;\" aria-level=\"2\"><span style=\"font-weight: 400;\">Bereitstellung in der Cloud<\/span><\/li><\/ul>\t\t\t\t\t\t\t\t<\/div>\n\t\t\t\t\t<\/div>\n\t\t<\/div>\n\t\t\t\t<div class=\"elementor-column elementor-col-33 elementor-inner-column elementor-element elementor-element-5da95fd\" data-id=\"5da95fd\" data-element_type=\"column\" data-e-type=\"column\">\n\t\t\t<div class=\"elementor-widget-wrap elementor-element-populated\">\n\t\t\t\t\t\t<div class=\"elementor-element elementor-element-1d5e42c elementor-widget elementor-widget-heading\" data-id=\"1d5e42c\" data-element_type=\"widget\" data-e-type=\"widget\" data-widget_type=\"heading.default\">\n\t\t\t\t\t<h4 class=\"elementor-heading-title elementor-size-default\">SaaS-App-Entwicklung<\/h4>\t\t\t\t<\/div>\n\t\t\t\t<div class=\"elementor-element elementor-element-d69c392 elementor-widget elementor-widget-text-editor\" data-id=\"d69c392\" data-element_type=\"widget\" data-e-type=\"widget\" data-widget_type=\"text-editor.default\">\n\t\t\t\t\t\t\t\t\t<ul><li style=\"font-weight: 400;\" aria-level=\"2\"><span style=\"font-weight: 400;\">SaaS-Architekturdesign<\/span><\/li><li style=\"font-weight: 400;\" aria-level=\"2\"><span style=\"font-weight: 400;\">Entwicklung in ROR\/CakePHP<\/span><\/li><li style=\"font-weight: 400;\" aria-level=\"2\"><span style=\"font-weight: 400;\">API-Integration mit Apps von Drittanbietern<\/span><\/li><li style=\"font-weight: 400;\" aria-level=\"2\"><span style=\"font-weight: 400;\">Bereitstellung in der Cloud<\/span><\/li><\/ul>\t\t\t\t\t\t\t\t<\/div>\n\t\t\t\t\t<\/div>\n\t\t<\/div>\n\t\t\t\t<div class=\"elementor-column elementor-col-33 elementor-inner-column elementor-element elementor-element-23ede44\" data-id=\"23ede44\" data-element_type=\"column\" data-e-type=\"column\">\n\t\t\t<div class=\"elementor-widget-wrap elementor-element-populated\">\n\t\t\t\t\t\t<div class=\"elementor-element elementor-element-f9ed0e1 elementor-widget elementor-widget-heading\" data-id=\"f9ed0e1\" data-element_type=\"widget\" data-e-type=\"widget\" data-widget_type=\"heading.default\">\n\t\t\t\t\t<h4 class=\"elementor-heading-title elementor-size-default\">Cloud-L\u00f6sungen<\/h4>\t\t\t\t<\/div>\n\t\t\t\t<div class=\"elementor-element elementor-element-4b80332 elementor-widget elementor-widget-text-editor\" data-id=\"4b80332\" data-element_type=\"widget\" data-e-type=\"widget\" data-widget_type=\"text-editor.default\">\n\t\t\t\t\t\t\t\t\t<ul><li style=\"font-weight: 400;\" aria-level=\"2\"><span style=\"font-weight: 400;\">Cloud-Architektur<\/span><\/li><li style=\"font-weight: 400;\" aria-level=\"2\"><span style=\"font-weight: 400;\">Serverkonsolidierung<\/span><\/li><li style=\"font-weight: 400;\" aria-level=\"2\"><span style=\"font-weight: 400;\">Speichervirtualisierung<\/span><\/li><li style=\"font-weight: 400;\" aria-level=\"2\"><span style=\"font-weight: 400;\">Private und Hybrid-Cloud-Setups<\/span><\/li><li style=\"font-weight: 400;\" aria-level=\"2\"><span style=\"font-weight: 400;\">App-Bereitstellung in der Cloud<\/span><\/li><\/ul>\t\t\t\t\t\t\t\t<\/div>\n\t\t\t\t\t<\/div>\n\t\t<\/div>\n\t\t\t\t\t<\/div>\n\t\t<\/section>\n\t\t\t\t<div class=\"elementor-element elementor-element-559b717 elementor-hidden-mobile elementor-widget elementor-widget-spacer\" data-id=\"559b717\" data-element_type=\"widget\" data-e-type=\"widget\" data-widget_type=\"spacer.default\">\n\t\t\t\t\t\t\t<div class=\"elementor-spacer\">\n\t\t\t<div class=\"elementor-spacer-inner\"><\/div>\n\t\t<\/div>\n\t\t\t\t\t\t<\/div>\n\t\t\t\t\t<\/div>\n\t\t<\/div>\n\t\t\t\t\t<\/div>\n\t\t<\/section>\n\t\t\t\t<section class=\"elementor-section elementor-top-section elementor-element elementor-element-eb31c43 elementor-section-boxed elementor-section-height-default elementor-section-height-default\" data-id=\"eb31c43\" data-element_type=\"section\" data-e-type=\"section\">\n\t\t\t\t\t\t<div class=\"elementor-container elementor-column-gap-default\">\n\t\t\t\t\t<div class=\"elementor-column elementor-col-100 elementor-top-column elementor-element elementor-element-a6ab0b6\" data-id=\"a6ab0b6\" data-element_type=\"column\" data-e-type=\"column\">\n\t\t\t<div class=\"elementor-widget-wrap elementor-element-populated\">\n\t\t\t\t\t\t<div class=\"elementor-element elementor-element-e91e1de elementor-invisible elementor-widget elementor-widget-heading\" data-id=\"e91e1de\" data-element_type=\"widget\" data-e-type=\"widget\" data-settings=\"{&quot;_animation&quot;:&quot;fadeInDown&quot;}\" data-widget_type=\"heading.default\">\n\t\t\t\t\t<h3 class=\"elementor-heading-title elementor-size-default\">Unsere Technologiepartner<\/h3>\t\t\t\t<\/div>\n\t\t\t\t<div class=\"elementor-element elementor-element-c230f05 elementor-widget elementor-widget-spacer\" data-id=\"c230f05\" data-element_type=\"widget\" data-e-type=\"widget\" data-widget_type=\"spacer.default\">\n\t\t\t\t\t\t\t<div class=\"elementor-spacer\">\n\t\t\t<div class=\"elementor-spacer-inner\"><\/div>\n\t\t<\/div>\n\t\t\t\t\t\t<\/div>\n\t\t\t\t<div class=\"elementor-element elementor-element-88c8fad elementor-invisible elementor-widget elementor-widget-image\" data-id=\"88c8fad\" data-element_type=\"widget\" data-e-type=\"widget\" data-settings=\"{&quot;_animation&quot;:&quot;zoomIn&quot;}\" data-widget_type=\"image.default\">\n\t\t\t\t\t\t\t\t\t\t\t\t\t\t\t<img decoding=\"async\" width=\"1080\" height=\"78\" src=\"https:\/\/www.carmatec.com\/wp-content\/uploads\/2022\/01\/tech_logo.png\" class=\"attachment-full size-full wp-image-23933\" alt=\"tech_logo\" srcset=\"https:\/\/www.carmatec.com\/wp-content\/uploads\/2022\/01\/tech_logo.png 1080w, https:\/\/www.carmatec.com\/wp-content\/uploads\/2022\/01\/tech_logo-300x22.png 300w, https:\/\/www.carmatec.com\/wp-content\/uploads\/2022\/01\/tech_logo-1024x74.png 1024w, https:\/\/www.carmatec.com\/wp-content\/uploads\/2022\/01\/tech_logo-768x55.png 768w\" sizes=\"(max-width: 1080px) 100vw, 1080px\" \/>\t\t\t\t\t\t\t\t\t\t\t\t\t\t\t<\/div>\n\t\t\t\t\t<\/div>\n\t\t<\/div>\n\t\t\t\t\t<\/div>\n\t\t<\/section>\n\t\t\t\t<\/div>","protected":false},"excerpt":{"rendered":"<p>Cloud Consulting Services for Businesses Gain much-needed confidence by setting up a road map for managing successful cloud migration, development, integration, and administration with us. Cloud Consulting Services Cloud Computing as a paradigm is fundamentally altering the art and science of doing business online and represents a profound transformation in IT infrastructure. It enables organizations [&hellip;]<\/p>\n","protected":false},"author":1,"featured_media":0,"parent":0,"menu_order":0,"comment_status":"closed","ping_status":"closed","template":"","meta":{"footnotes":""},"class_list":["post-23906","page","type-page","status-publish","hentry"],"_links":{"self":[{"href":"https:\/\/www.carmatec.com\/de\/wp-json\/wp\/v2\/pages\/23906","targetHints":{"allow":["GET"]}}],"collection":[{"href":"https:\/\/www.carmatec.com\/de\/wp-json\/wp\/v2\/pages"}],"about":[{"href":"https:\/\/www.carmatec.com\/de\/wp-json\/wp\/v2\/types\/page"}],"author":[{"embeddable":true,"href":"https:\/\/www.carmatec.com\/de\/wp-json\/wp\/v2\/users\/1"}],"replies":[{"embeddable":true,"href":"https:\/\/www.carmatec.com\/de\/wp-json\/wp\/v2\/comments?post=23906"}],"version-history":[{"count":3,"href":"https:\/\/www.carmatec.com\/de\/wp-json\/wp\/v2\/pages\/23906\/revisions"}],"predecessor-version":[{"id":50611,"href":"https:\/\/www.carmatec.com\/de\/wp-json\/wp\/v2\/pages\/23906\/revisions\/50611"}],"wp:attachment":[{"href":"https:\/\/www.carmatec.com\/de\/wp-json\/wp\/v2\/media?parent=23906"}],"curies":[{"name":"wp","href":"https:\/\/api.w.org\/{rel}","templated":true}]}}